{"id":1888,"date":"2024-04-03T05:45:55","date_gmt":"2024-04-03T05:45:55","guid":{"rendered":"https:\/\/avtomatika.az\/?page_id=1888"},"modified":"2025-11-08T18:02:04","modified_gmt":"2025-11-08T18:02:04","slug":"haqqimizda","status":"publish","type":"page","link":"https:\/\/avtomatika.az\/en\/haqqimizda\/","title":{"rendered":"About us"},"content":{"rendered":"<div data-elementor-type=\"wp-page\" data-elementor-id=\"1888\" class=\"elementor elementor-1888\" data-elementor-post-type=\"page\">\n\t\t\t\t<div class=\"elementor-element elementor-element-3f7e6d3 e-flex e-con-boxed e-con e-parent\" data-id=\"3f7e6d3\" data-element_type=\"container\" data-settings=\"{&quot;background_background&quot;:&quot;classic&quot;}\">\n\t\t\t\t\t<div class=\"e-con-inner\">\n\t\t<div class=\"elementor-element elementor-element-1af715e e-con-full e-flex e-con e-child\" data-id=\"1af715e\" data-element_type=\"container\">\n\t\t\t\t<div class=\"elementor-element elementor-element-51a9ace elementor-widget elementor-widget-heading\" data-id=\"51a9ace\" data-element_type=\"widget\" data-widget_type=\"heading.default\">\n\t\t\t\t<div class=\"elementor-widget-container\">\n\t\t\t\t\t<h2 class=\"elementor-heading-title elementor-size-default\">AvtomatikaAz<\/h2>\t\t\t\t<\/div>\n\t\t\t\t<\/div>\n\t\t\t\t<div class=\"elementor-element elementor-element-8937758 elementor-btn-gradient elementor-widget elementor-widget-button\" data-id=\"8937758\" data-element_type=\"widget\" data-widget_type=\"button.default\">\n\t\t\t\t<div class=\"elementor-widget-container\">\n\t\t\t\t\t\t\t\t\t<div class=\"elementor-button-wrapper\">\n\t\t\t\t\t<a class=\"elementor-button elementor-button-link elementor-size-sm\" href=\"https:\/\/avtomatika.az\/en\/elaqe\/\">\n\t\t\t\t\t\t<span class=\"elementor-button-content-wrapper\">\n\t\t\t\t\t\t\t\t\t<span class=\"elementor-button-text\">Get an offer<\/span>\n\t\t\t\t\t<\/span>\n\t\t\t\t\t<\/a>\n\t\t\t\t<\/div>\n\t\t\t\t\t\t\t\t<\/div>\n\t\t\t\t<\/div>\n\t\t\t\t<\/div>\n\t\t<div class=\"elementor-element elementor-element-d19fb41 e-con-full e-flex e-con e-child\" data-id=\"d19fb41\" data-element_type=\"container\">\n\t\t\t\t<div class=\"elementor-element elementor-element-298dcee elementor-widget elementor-widget-text-editor\" data-id=\"298dcee\" data-element_type=\"widget\" data-widget_type=\"text-editor.default\">\n\t\t\t\t<div class=\"elementor-widget-container\">\n\t\t\t\t\t\t\t\t\t<p>We ensure efficiency by relying on innovation<\/p>\t\t\t\t\t\t\t\t<\/div>\n\t\t\t\t<\/div>\n\t\t\t\t<div class=\"elementor-element elementor-element-092da1e elementor-widget elementor-widget-text-editor\" data-id=\"092da1e\" data-element_type=\"widget\" data-widget_type=\"text-editor.default\">\n\t\t\t\t<div class=\"elementor-widget-container\">\n\t\t\t\t\t\t\t\t\t<p data-start=\"547\" data-end=\"812\"><strong>AvtomatikaAz LLC,<\/strong> We are a leading engineering company in Azerbaijan specializing in industrial automation. Our main activities are related to the automation of production processes, the design of industrial equipment and the sale of spare parts.<\/p><p data-start=\"814\" data-end=\"1111\">We provide complete PLC and SCADA-based solutions for enterprises operating in the construction, chemical, textile and food industries. Our company cooperates with local and foreign manufacturers and provides services in accordance with international quality standards and is an official partner of a number of well-known brands.<\/p>\t\t\t\t\t\t\t\t<\/div>\n\t\t\t\t<\/div>\n\t\t\t\t<\/div>\n\t\t<div class=\"elementor-element elementor-element-dd709bf e-con-full e-flex e-con e-child\" data-id=\"dd709bf\" data-element_type=\"container\">\n\t\t<div class=\"elementor-element elementor-element-b2fd80c e-con-full e-flex e-con e-child\" data-id=\"b2fd80c\" data-element_type=\"container\">\n\t\t\t\t<div class=\"elementor-element elementor-element-a654df9 elementor-absolute elementor-widget elementor-widget-image\" data-id=\"a654df9\" data-element_type=\"widget\" data-settings=\"{&quot;_position&quot;:&quot;absolute&quot;}\" data-widget_type=\"image.default\">\n\t\t\t\t<div class=\"elementor-widget-container\">\n\t\t\t\t\t\t\t\t\t\t\t\t\t\t\t<img fetchpriority=\"high\" decoding=\"async\" width=\"367\" height=\"508\" src=\"https:\/\/avtomatika.az\/wp-content\/uploads\/2025\/11\/avtomatika-team-khanil.jpg\" class=\"attachment-full size-full wp-image-5891\" alt=\"\" srcset=\"https:\/\/avtomatika.az\/wp-content\/uploads\/2025\/11\/avtomatika-team-khanil.jpg 367w, https:\/\/avtomatika.az\/wp-content\/uploads\/2025\/11\/avtomatika-team-khanil-217x300.jpg 217w, https:\/\/avtomatika.az\/wp-content\/uploads\/2025\/11\/avtomatika-team-khanil-9x12.jpg 9w\" sizes=\"(max-width: 367px) 100vw, 367px\" \/>\t\t\t\t\t\t\t\t\t\t\t\t\t\t\t<\/div>\n\t\t\t\t<\/div>\n\t\t\t\t<div class=\"elementor-element elementor-element-c4c065a elementor-widget-divider--view-line elementor-widget elementor-widget-divider\" data-id=\"c4c065a\" data-element_type=\"widget\" data-widget_type=\"divider.default\">\n\t\t\t\t<div class=\"elementor-widget-container\">\n\t\t\t\t\t\t\t<div class=\"elementor-divider\">\n\t\t\t<span class=\"elementor-divider-separator\">\n\t\t\t\t\t\t<\/span>\n\t\t<\/div>\n\t\t\t\t\t\t<\/div>\n\t\t\t\t<\/div>\n\t\t\t\t<div class=\"elementor-element elementor-element-7826563 elementor-widget elementor-widget-heading\" data-id=\"7826563\" data-element_type=\"widget\" data-widget_type=\"heading.default\">\n\t\t\t\t<div class=\"elementor-widget-container\">\n\t\t\t\t\t<div class=\"elementor-heading-title elementor-size-default\">Xalid S\u0259m\u0259dov<\/div>\t\t\t\t<\/div>\n\t\t\t\t<\/div>\n\t\t\t\t<div class=\"elementor-element elementor-element-cdd534e elementor-widget elementor-widget-image\" data-id=\"cdd534e\" data-element_type=\"widget\" data-widget_type=\"image.default\">\n\t\t\t\t<div class=\"elementor-widget-container\">\n\t\t\t\t\t\t\t\t\t\t\t\t\t\t\t<img decoding=\"async\" width=\"118\" height=\"70\" src=\"https:\/\/avtomatika.az\/wp-content\/uploads\/2024\/03\/signature.png\" class=\"attachment-large size-large wp-image-899\" alt=\"\" \/>\t\t\t\t\t\t\t\t\t\t\t\t\t\t\t<\/div>\n\t\t\t\t<\/div>\n\t\t\t\t<\/div>\n\t\t\t\t<\/div>\n\t\t\t\t\t<\/div>\n\t\t\t\t<\/div>\n\t\t<div class=\"elementor-element elementor-element-8fdb80c e-flex e-con-boxed e-con e-parent\" data-id=\"8fdb80c\" data-element_type=\"container\">\n\t\t\t\t\t<div class=\"e-con-inner\">\n\t\t\t\t<div class=\"elementor-element elementor-element-8607591 elementor-widget elementor-widget-heading\" data-id=\"8607591\" data-element_type=\"widget\" data-widget_type=\"heading.default\">\n\t\t\t\t<div class=\"elementor-widget-container\">\n\t\t\t\t\t<h2 class=\"elementor-heading-title elementor-size-default\">How it works:<\/h2>\t\t\t\t<\/div>\n\t\t\t\t<\/div>\n\t\t\t\t\t<\/div>\n\t\t\t\t<\/div>\n\t\t<div class=\"elementor-element elementor-element-50699a7 e-con-full e-flex e-con e-parent\" data-id=\"50699a7\" data-element_type=\"container\">\n\t\t<div class=\"elementor-element elementor-element-320b9fe e-con-full e-flex e-con e-child\" data-id=\"320b9fe\" data-element_type=\"container\" data-settings=\"{&quot;background_background&quot;:&quot;classic&quot;}\">\n\t\t\t\t<div class=\"elementor-element elementor-element-c029acc elementor-gradient-text elementor-widget-mobile__width-initial elementor-widget elementor-widget-heading\" data-id=\"c029acc\" data-element_type=\"widget\" data-widget_type=\"heading.default\">\n\t\t\t\t<div class=\"elementor-widget-container\">\n\t\t\t\t\t<span class=\"elementor-heading-title elementor-size-default\">01.<\/span>\t\t\t\t<\/div>\n\t\t\t\t<\/div>\n\t\t\t\t<div class=\"elementor-element elementor-element-060869a elementor-widget elementor-widget-heading\" data-id=\"060869a\" data-element_type=\"widget\" data-widget_type=\"heading.default\">\n\t\t\t\t<div class=\"elementor-widget-container\">\n\t\t\t\t\t<h5 class=\"elementor-heading-title elementor-size-default\">Automation of production processes<\/h5>\t\t\t\t<\/div>\n\t\t\t\t<\/div>\n\t\t\t\t<div class=\"elementor-element elementor-element-49e7f95 elementor-widget-divider--view-line elementor-widget elementor-widget-divider\" data-id=\"49e7f95\" data-element_type=\"widget\" data-widget_type=\"divider.default\">\n\t\t\t\t<div class=\"elementor-widget-container\">\n\t\t\t\t\t\t\t<div class=\"elementor-divider\">\n\t\t\t<span class=\"elementor-divider-separator\">\n\t\t\t\t\t\t<\/span>\n\t\t<\/div>\n\t\t\t\t\t\t<\/div>\n\t\t\t\t<\/div>\n\t\t\t\t<div class=\"elementor-element elementor-element-5f61b02 elementor-widget elementor-widget-text-editor\" data-id=\"5f61b02\" data-element_type=\"widget\" data-widget_type=\"text-editor.default\">\n\t\t\t\t<div class=\"elementor-widget-container\">\n\t\t\t\t\t\t\t\t\t<p>Full automation of production lines with SCADA and PLC systems, real-time control and data integration with the ERP platform.<\/p>\t\t\t\t\t\t\t\t<\/div>\n\t\t\t\t<\/div>\n\t\t\t\t<div class=\"elementor-element elementor-element-1c69f9e elementor-widget elementor-widget-text-editor\" data-id=\"1c69f9e\" data-element_type=\"widget\" data-widget_type=\"text-editor.default\">\n\t\t\t\t<div class=\"elementor-widget-container\">\n\t\t\t\t\t\t\t\t\t<ul><li>Continuous monitoring of production<\/li><li>Optimization of energy and resource use<\/li><li>Cloud-based reporting system<\/li><\/ul>\t\t\t\t\t\t\t\t<\/div>\n\t\t\t\t<\/div>\n\t\t\t\t<\/div>\n\t\t<div class=\"elementor-element elementor-element-e0dc9dc e-con-full e-flex e-con e-child\" data-id=\"e0dc9dc\" data-element_type=\"container\" data-settings=\"{&quot;background_background&quot;:&quot;classic&quot;}\">\n\t\t\t\t<div class=\"elementor-element elementor-element-10e1854 elementor-gradient-text elementor-widget-mobile__width-initial elementor-widget elementor-widget-heading\" data-id=\"10e1854\" data-element_type=\"widget\" data-widget_type=\"heading.default\">\n\t\t\t\t<div class=\"elementor-widget-container\">\n\t\t\t\t\t<span class=\"elementor-heading-title elementor-size-default\">02.<\/span>\t\t\t\t<\/div>\n\t\t\t\t<\/div>\n\t\t\t\t<div class=\"elementor-element elementor-element-916f5ec elementor-widget elementor-widget-heading\" data-id=\"916f5ec\" data-element_type=\"widget\" data-widget_type=\"heading.default\">\n\t\t\t\t<div class=\"elementor-widget-container\">\n\t\t\t\t\t<h5 class=\"elementor-heading-title elementor-size-default\">Sales of production equipment<\/h5>\t\t\t\t<\/div>\n\t\t\t\t<\/div>\n\t\t\t\t<div class=\"elementor-element elementor-element-0f808b1 elementor-widget-divider--view-line elementor-widget elementor-widget-divider\" data-id=\"0f808b1\" data-element_type=\"widget\" data-widget_type=\"divider.default\">\n\t\t\t\t<div class=\"elementor-widget-container\">\n\t\t\t\t\t\t\t<div class=\"elementor-divider\">\n\t\t\t<span class=\"elementor-divider-separator\">\n\t\t\t\t\t\t<\/span>\n\t\t<\/div>\n\t\t\t\t\t\t<\/div>\n\t\t\t\t<\/div>\n\t\t\t\t<div class=\"elementor-element elementor-element-380b4f4 elementor-widget elementor-widget-text-editor\" data-id=\"380b4f4\" data-element_type=\"widget\" data-widget_type=\"text-editor.default\">\n\t\t\t\t<div class=\"elementor-widget-container\">\n\t\t\t\t\t\t\t\t\t<p>Providing high-quality equipment, electrical cabinets and loadcell-based measurement systems for industrial enterprises.<\/p>\t\t\t\t\t\t\t\t<\/div>\n\t\t\t\t<\/div>\n\t\t\t\t<div class=\"elementor-element elementor-element-5a46c4d elementor-widget elementor-widget-text-editor\" data-id=\"5a46c4d\" data-element_type=\"widget\" data-widget_type=\"text-editor.default\">\n\t\t\t\t<div class=\"elementor-widget-container\">\n\t\t\t\t\t\t\t\t\t<ul><li>Certified and long-lasting equipment<\/li><li>Quick delivery of spare parts<\/li><li>Project-specific technical advice<\/li><\/ul>\t\t\t\t\t\t\t\t<\/div>\n\t\t\t\t<\/div>\n\t\t\t\t<\/div>\n\t\t<div class=\"elementor-element elementor-element-489711e e-con-full e-flex e-con e-child\" data-id=\"489711e\" data-element_type=\"container\" data-settings=\"{&quot;background_background&quot;:&quot;classic&quot;}\">\n\t\t\t\t<div class=\"elementor-element elementor-element-3f8259e elementor-gradient-text elementor-widget-mobile__width-initial elementor-widget elementor-widget-heading\" data-id=\"3f8259e\" data-element_type=\"widget\" data-widget_type=\"heading.default\">\n\t\t\t\t<div class=\"elementor-widget-container\">\n\t\t\t\t\t<span class=\"elementor-heading-title elementor-size-default\">03.<\/span>\t\t\t\t<\/div>\n\t\t\t\t<\/div>\n\t\t\t\t<div class=\"elementor-element elementor-element-0dd6f4f elementor-widget elementor-widget-heading\" data-id=\"0dd6f4f\" data-element_type=\"widget\" data-widget_type=\"heading.default\">\n\t\t\t\t<div class=\"elementor-widget-container\">\n\t\t\t\t\t<h5 class=\"elementor-heading-title elementor-size-default\">Technical service<\/h5>\t\t\t\t<\/div>\n\t\t\t\t<\/div>\n\t\t\t\t<div class=\"elementor-element elementor-element-1738584 elementor-widget-divider--view-line elementor-widget elementor-widget-divider\" data-id=\"1738584\" data-element_type=\"widget\" data-widget_type=\"divider.default\">\n\t\t\t\t<div class=\"elementor-widget-container\">\n\t\t\t\t\t\t\t<div class=\"elementor-divider\">\n\t\t\t<span class=\"elementor-divider-separator\">\n\t\t\t\t\t\t<\/span>\n\t\t<\/div>\n\t\t\t\t\t\t<\/div>\n\t\t\t\t<\/div>\n\t\t\t\t<div class=\"elementor-element elementor-element-44f3b2b elementor-widget elementor-widget-text-editor\" data-id=\"44f3b2b\" data-element_type=\"widget\" data-widget_type=\"text-editor.default\">\n\t\t\t\t<div class=\"elementor-widget-container\">\n\t\t\t\t\t\t\t\t\t<p>Diagnostics, modernization and remote monitoring solutions that ensure the continuous operation of existing systems.<\/p>\t\t\t\t\t\t\t\t<\/div>\n\t\t\t\t<\/div>\n\t\t\t\t<div class=\"elementor-element elementor-element-3a5142b elementor-widget elementor-widget-text-editor\" data-id=\"3a5142b\" data-element_type=\"widget\" data-widget_type=\"text-editor.default\">\n\t\t\t\t<div class=\"elementor-widget-container\">\n\t\t\t\t\t\t\t\t\t<ul><li>Equipment inspection and troubleshooting<\/li><li>IoT-based remote control<\/li><li>Preventive maintenance for uninterrupted operation<\/li><\/ul>\t\t\t\t\t\t\t\t<\/div>\n\t\t\t\t<\/div>\n\t\t\t\t<\/div>\n\t\t\t\t<\/div>\n\t\t<div class=\"elementor-element elementor-element-00a9007 e-flex e-con-boxed e-con e-parent\" data-id=\"00a9007\" data-element_type=\"container\">\n\t\t\t\t\t<div class=\"e-con-inner\">\n\t\t<div class=\"elementor-element elementor-element-b06b99f e-con-full e-flex e-con e-child\" data-id=\"b06b99f\" data-element_type=\"container\">\n\t\t\t\t<div class=\"elementor-element elementor-element-bd5addf elementor-widget elementor-widget-heading\" data-id=\"bd5addf\" data-element_type=\"widget\" data-widget_type=\"heading.default\">\n\t\t\t\t<div class=\"elementor-widget-container\">\n\t\t\t\t\t<h2 class=\"elementor-heading-title elementor-size-default\">Our luck<\/h2>\t\t\t\t<\/div>\n\t\t\t\t<\/div>\n\t\t\t\t<div class=\"elementor-element elementor-element-cfdf842 elementor-widget-divider--view-line elementor-widget elementor-widget-divider\" data-id=\"cfdf842\" data-element_type=\"widget\" data-widget_type=\"divider.default\">\n\t\t\t\t<div class=\"elementor-widget-container\">\n\t\t\t\t\t\t\t<div class=\"elementor-divider\">\n\t\t\t<span class=\"elementor-divider-separator\">\n\t\t\t\t\t\t<\/span>\n\t\t<\/div>\n\t\t\t\t\t\t<\/div>\n\t\t\t\t<\/div>\n\t\t\t\t<div class=\"elementor-element elementor-element-41c138b elementor-widget elementor-widget-text-editor\" data-id=\"41c138b\" data-element_type=\"widget\" data-widget_type=\"text-editor.default\">\n\t\t\t\t<div class=\"elementor-widget-container\">\n\t\t\t\t\t\t\t\t\t<p>Some of the main successes we have achieved in the activities of AvtomatikaAz LLC are as follows:<\/p><ul><li><strong>International Partnership<\/strong>: As the local representative of several international brands, we have established strong partnerships with various brands and product manufacturers.<\/li><li><strong>Industrial Equipment Manufacturing<\/strong>: We have optimized our customers' production processes by providing them with high-quality production equipment in various industries.<\/li><li><strong>Automation Solutions<\/strong>: We have significantly increased the production efficiency of our customers with the solutions we provide in the field of PLC and SCADA systems.<\/li><\/ul>\t\t\t\t\t\t\t\t<\/div>\n\t\t\t\t<\/div>\n\t\t\t\t<div class=\"elementor-element elementor-element-c305af2 elementor-btn-gradient elementor-mobile-align-center elementor-widget elementor-widget-button\" data-id=\"c305af2\" data-element_type=\"widget\" data-widget_type=\"button.default\">\n\t\t\t\t<div class=\"elementor-widget-container\">\n\t\t\t\t\t\t\t\t\t<div class=\"elementor-button-wrapper\">\n\t\t\t\t\t<a class=\"elementor-button elementor-button-link elementor-size-sm\" href=\"#\">\n\t\t\t\t\t\t<span class=\"elementor-button-content-wrapper\">\n\t\t\t\t\t\t\t\t\t<span class=\"elementor-button-text\">More details<\/span>\n\t\t\t\t\t<\/span>\n\t\t\t\t\t<\/a>\n\t\t\t\t<\/div>\n\t\t\t\t\t\t\t\t<\/div>\n\t\t\t\t<\/div>\n\t\t\t\t<\/div>\n\t\t<div class=\"elementor-element elementor-element-32cfd70 e-con-full e-flex e-con e-child\" data-id=\"32cfd70\" data-element_type=\"container\">\n\t\t\t\t<div class=\"elementor-element elementor-element-806b027 elementor-widget elementor-widget-image-carousel\" data-id=\"806b027\" data-element_type=\"widget\" data-settings=\"{&quot;slides_to_show&quot;:&quot;1&quot;,&quot;navigation&quot;:&quot;none&quot;,&quot;autoplay&quot;:&quot;yes&quot;,&quot;pause_on_hover&quot;:&quot;yes&quot;,&quot;pause_on_interaction&quot;:&quot;yes&quot;,&quot;autoplay_speed&quot;:5000,&quot;infinite&quot;:&quot;yes&quot;,&quot;effect&quot;:&quot;slide&quot;,&quot;speed&quot;:500}\" data-widget_type=\"image-carousel.default\">\n\t\t\t\t<div class=\"elementor-widget-container\">\n\t\t\t\t\t\t\t<div class=\"elementor-image-carousel-wrapper swiper\" role=\"region\" aria-roledescription=\"carousel\" aria-label=\"Image Carousel\" dir=\"ltr\">\n\t\t\t<div class=\"elementor-image-carousel swiper-wrapper\" aria-live=\"off\">\n\t\t\t\t\t\t\t\t<div class=\"swiper-slide\" role=\"group\" aria-roledescription=\"slide\" aria-label=\"1 of 1\"><figure class=\"swiper-slide-inner\"><img decoding=\"async\" class=\"swiper-slide-image\" src=\"https:\/\/avtomatika.az\/wp-content\/uploads\/2024\/03\/service2-540x600.jpg\" alt=\"service2\" \/><\/figure><\/div>\t\t\t<\/div>\n\t\t\t\t\t<\/div>\n\t\t\t\t\t\t<\/div>\n\t\t\t\t<\/div>\n\t\t\t\t<\/div>\n\t\t\t\t\t<\/div>\n\t\t\t\t<\/div>\n\t\t\t\t<\/div>","protected":false},"excerpt":{"rendered":"<p>AvtomatikaAz T\u0259klif al \u0130nnovasiyaya g\u00fcv\u0259n\u0259r\u0259k s\u0259m\u0259r\u0259liliyi t\u0259min edirik AvtomatikaAz MMC, Az\u0259rbaycan\u0131n s\u0259naye avtomatla\u015fd\u0131rmas\u0131 sah\u0259sind\u0259 ixtisasla\u015fm\u0131\u015f qabaqc\u0131l m\u00fch\u0259ndislik \u015firk\u0259tidir. \u018fsas f\u0259aliyy\u0259timiz istehsal prosesl\u0259rinin avtomatla\u015fd\u0131r\u0131lmas\u0131, s\u0259naye avadanl\u0131qlar\u0131n\u0131n layih\u0259l\u0259ndirilm\u0259si v\u0259 ehtiyat hiss\u0259l\u0259rinin sat\u0131\u015f\u0131 il\u0259 ba\u011fl\u0131d\u0131r. \u0130n\u015faat, kimya, tekstil v\u0259 qida s\u0259nayesind\u0259 f\u0259aliyy\u0259t g\u00f6st\u0259r\u0259n m\u00fc\u0259ssis\u0259l\u0259r \u00fc\u00e7\u00fcn PLC v\u0259 SCADA \u0259sasl\u0131 tam h\u0259ll\u0259r t\u0259qdim edirik. \u015eirk\u0259timiz yerli v\u0259 xarici istehsal\u00e7\u0131larla<span class=\"more-dots\">&#8230;<\/span> <span class=\"more-tag\"><a class=\"more-link\" href=\"https:\/\/avtomatika.az\/en\/haqqimizda\/\">More details<span class=\"screen-reader-text\"> \"Haqq\u0131m\u0131zda\"<\/span><\/a><\/span><!-- .more-tag --><\/p>","protected":false},"author":1,"featured_media":0,"parent":0,"menu_order":0,"comment_status":"closed","ping_status":"closed","template":"page-templates\/full-width.php","meta":{"footnotes":""},"class_list":["post-1888","page","type-page","status-publish","hentry"],"_links":{"self":[{"href":"https:\/\/avtomatika.az\/en\/wp-json\/wp\/v2\/pages\/1888","targetHints":{"allow":["GET"]}}],"collection":[{"href":"https:\/\/avtomatika.az\/en\/wp-json\/wp\/v2\/pages"}],"about":[{"href":"https:\/\/avtomatika.az\/en\/wp-json\/wp\/v2\/types\/page"}],"author":[{"embeddable":true,"href":"https:\/\/avtomatika.az\/en\/wp-json\/wp\/v2\/users\/1"}],"replies":[{"embeddable":true,"href":"https:\/\/avtomatika.az\/en\/wp-json\/wp\/v2\/comments?post=1888"}],"version-history":[{"count":0,"href":"https:\/\/avtomatika.az\/en\/wp-json\/wp\/v2\/pages\/1888\/revisions"}],"wp:attachment":[{"href":"https:\/\/avtomatika.az\/en\/wp-json\/wp\/v2\/media?parent=1888"}],"curies":[{"name":"wp","href":"https:\/\/api.w.org\/{rel}","templated":true}]}}