{"id":2887,"date":"2024-04-08T08:01:59","date_gmt":"2024-04-08T08:01:59","guid":{"rendered":"https:\/\/avtomatika.az\/?page_id=2887"},"modified":"2025-08-03T22:14:17","modified_gmt":"2025-08-03T22:14:17","slug":"istehsal-proseslerinin-avtomatlasdirilmasi","status":"publish","type":"page","link":"https:\/\/avtomatika.az\/en\/istehsal-proseslerinin-avtomatlasdirilmasi\/","title":{"rendered":"Automation of production processes"},"content":{"rendered":"<div data-elementor-type=\"wp-page\" data-elementor-id=\"2887\" class=\"elementor elementor-2887\" data-elementor-post-type=\"page\">\n\t\t\t\t<div class=\"elementor-element elementor-element-2b1cb41 e-flex e-con-boxed e-con e-parent\" data-id=\"2b1cb41\" data-element_type=\"container\" data-settings=\"{&quot;background_background&quot;:&quot;classic&quot;}\">\n\t\t\t\t\t<div class=\"e-con-inner\">\n\t\t<div class=\"elementor-element elementor-element-05bbf7a e-con-full e-flex e-con e-child\" data-id=\"05bbf7a\" data-element_type=\"container\">\n\t\t\t\t<div class=\"elementor-element elementor-element-da9141a elementor-widget elementor-widget-image\" data-id=\"da9141a\" data-element_type=\"widget\" data-widget_type=\"image.default\">\n\t\t\t\t<div class=\"elementor-widget-container\">\n\t\t\t\t\t\t\t\t\t\t\t\t\t\t\t<img fetchpriority=\"high\" decoding=\"async\" width=\"1024\" height=\"684\" src=\"https:\/\/avtomatika.az\/wp-content\/uploads\/2024\/12\/avtm222-1-1024x684.jpg\" class=\"attachment-large size-large wp-image-3723\" alt=\"\" srcset=\"https:\/\/avtomatika.az\/wp-content\/uploads\/2024\/12\/avtm222-1-1024x684.jpg 1024w, https:\/\/avtomatika.az\/wp-content\/uploads\/2024\/12\/avtm222-1-300x200.jpg 300w, https:\/\/avtomatika.az\/wp-content\/uploads\/2024\/12\/avtm222-1-768x513.jpg 768w, https:\/\/avtomatika.az\/wp-content\/uploads\/2024\/12\/avtm222-1.jpg 1200w\" sizes=\"(max-width: 1024px) 100vw, 1024px\" \/>\t\t\t\t\t\t\t\t\t\t\t\t\t\t\t<\/div>\n\t\t\t\t<\/div>\n\t\t\t\t<div class=\"elementor-element elementor-element-92fd5b5 elementor-widget elementor-widget-heading\" data-id=\"92fd5b5\" data-element_type=\"widget\" data-widget_type=\"heading.default\">\n\t\t\t\t<div class=\"elementor-widget-container\">\n\t\t\t\t\t<h2 class=\"elementor-heading-title elementor-size-default\">Automation of Production Processes<\/h2>\t\t\t\t<\/div>\n\t\t\t\t<\/div>\n\t\t\t\t<div class=\"elementor-element elementor-element-0b0df55 elementor-widget elementor-widget-text-editor\" data-id=\"0b0df55\" data-element_type=\"widget\" data-widget_type=\"text-editor.default\">\n\t\t\t\t<div class=\"elementor-widget-container\">\n\t\t\t\t\t\t\t\t\t<p><strong>AvtomatikaAz MMC<\/strong> As, with our extensive experience in the field of automation of production processes, we help industrial enterprises optimize their work, increase their productivity and reduce operating costs. We provide modern technologies and high-quality solutions to help you manage every stage of production faster, more effectively and more reliably.<\/p>\t\t\t\t\t\t\t\t<\/div>\n\t\t\t\t<\/div>\n\t\t\t\t<div class=\"elementor-element elementor-element-64993ff elementor-widget elementor-widget-text-editor\" data-id=\"64993ff\" data-element_type=\"widget\" data-widget_type=\"text-editor.default\">\n\t\t\t\t<div class=\"elementor-widget-container\">\n\t\t\t\t\t\t\t\t\t<p><strong>AvtomatikaAz MMC<\/strong> As, with our extensive experience in the field of automation of production processes, we help industrial enterprises optimize their work, increase their productivity and reduce operating costs. We provide modern technologies and high-quality solutions to help you manage every stage of production faster, more effectively and more reliably.<\/p><p><strong>Main Directions of Our Services<\/strong><\/p><ol><li><strong> Production Lines and Automation Solutions<\/strong><\/li><\/ol><p>By automating processes at every stage of production, we ensure that your production lines run faster and with fewer errors. Through automation systems, we monitor product quality, increase efficiency, and optimize production processes. Our solutions:<\/p><ul><li><strong>Line Management<\/strong>: We implement modern automation systems to monitor, manage and optimize product flow.<\/li><li><strong>Error Reduction and Quality Monitoring<\/strong>: Thanks to automated systems, we minimize human errors and ensure continuous monitoring of product quality.<\/li><\/ul><ol start=\"2\"><li><strong> PLC (Programmable Logic Controllers) and SCADA Systems<\/strong><\/li><\/ol><p>We use PLC and SCADA systems to effectively manage production processes. These systems allow you to monitor and control various operations of your enterprises in real time.<\/p><ul><li><strong>PLC Systems<\/strong>: We use programmable logic controllers to manage automatic operations. This ensures that the system operates correctly and efficiently.<\/li><li><strong>SCADA Systems<\/strong>: We monitor production with SCADA systems for data collection, analysis, and real-time display. This allows for remote control and optimization.<\/li><\/ul><ol start=\"3\"><li><strong> Manufacturing of Custom Automation Solutions and Equipment<\/strong><\/li><\/ol><p>We develop special automation solutions and equipment for various industries. We carry out the development and installation of customized equipment for both small and large enterprises. Thanks to special automated production equipment:<\/p><ul><li><strong>Daha Y\u00fcks\u0259k S\u00fcr\u0259t v\u0259 Keyfiyy\u0259t<\/strong>With automation, we increase the speed of production processes and ensure that quality is maintained at a high level.<\/li><li><strong>Special Equipment Farm<\/strong>: We provide design and manufacturing of automatic systems and equipment according to the specific needs of each customer.<\/li><\/ul><ol start=\"4\"><li><strong> Spare Parts and Technical Support<\/strong><\/li><\/ol><p>We provide the necessary spare parts for the reliable and continuous operation of your automation systems. As AvtomatikaAz LLC, we help our customers keep their production lines in an optimized state at all times with our supply and technical support services.<\/p><ul><li><strong>Spare Parts<\/strong>: We provide supply of spare parts for production equipment.<\/li><li><strong>Technical Support<\/strong>: We immediately intervene in any problems that arise in your systems, maintaining optimal operating conditions.<\/li><\/ul>\t\t\t\t\t\t\t\t<\/div>\n\t\t\t\t<\/div>\n\t\t<div class=\"elementor-element elementor-element-af7997e e-con-full e-flex e-con e-child\" data-id=\"af7997e\" data-element_type=\"container\">\n\t\t<div class=\"elementor-element elementor-element-7ebcb22 e-con-full e-flex e-con e-child\" data-id=\"7ebcb22\" data-element_type=\"container\">\n\t\t\t\t<div class=\"elementor-element elementor-element-99781aa elementor-widget elementor-widget-image\" data-id=\"99781aa\" data-element_type=\"widget\" data-widget_type=\"image.default\">\n\t\t\t\t<div class=\"elementor-widget-container\">\n\t\t\t\t\t\t\t\t\t\t\t\t\t\t\t<img decoding=\"async\" width=\"1024\" height=\"684\" src=\"https:\/\/avtomatika.az\/wp-content\/uploads\/2024\/12\/atom-8-1024x684.jpg\" class=\"attachment-large size-large wp-image-3717\" alt=\"\" srcset=\"https:\/\/avtomatika.az\/wp-content\/uploads\/2024\/12\/atom-8-1024x684.jpg 1024w, https:\/\/avtomatika.az\/wp-content\/uploads\/2024\/12\/atom-8-300x200.jpg 300w, https:\/\/avtomatika.az\/wp-content\/uploads\/2024\/12\/atom-8-768x513.jpg 768w, https:\/\/avtomatika.az\/wp-content\/uploads\/2024\/12\/atom-8.jpg 1200w\" sizes=\"(max-width: 1024px) 100vw, 1024px\" \/>\t\t\t\t\t\t\t\t\t\t\t\t\t\t\t<\/div>\n\t\t\t\t<\/div>\n\t\t\t\t<\/div>\n\t\t<div class=\"elementor-element elementor-element-52a32f4 e-con-full e-flex e-con e-child\" data-id=\"52a32f4\" data-element_type=\"container\">\n\t\t\t\t<div class=\"elementor-element elementor-element-505c02b elementor-widget elementor-widget-text-editor\" data-id=\"505c02b\" data-element_type=\"widget\" data-widget_type=\"text-editor.default\">\n\t\t\t\t<div class=\"elementor-widget-container\">\n\t\t\t\t\t\t\t\t\t<h4><strong>Benefits of automation<\/strong><\/h4><p>Automation of production processes provides enterprises with many advantages:<\/p>\t\t\t\t\t\t\t\t<\/div>\n\t\t\t\t<\/div>\n\t\t\t\t<div class=\"elementor-element elementor-element-6e6bcbb elementor-align-left elementor-mobile-align-left elementor-icon-list--layout-traditional elementor-list-item-link-full_width elementor-widget elementor-widget-icon-list\" data-id=\"6e6bcbb\" data-element_type=\"widget\" data-widget_type=\"icon-list.default\">\n\t\t\t\t<div class=\"elementor-widget-container\">\n\t\t\t\t\t\t\t<ul class=\"elementor-icon-list-items\">\n\t\t\t\t\t\t\t<li class=\"elementor-icon-list-item\">\n\t\t\t\t\t\t\t\t\t\t\t<span class=\"elementor-icon-list-icon\">\n\t\t\t\t\t\t\t<svg aria-hidden=\"true\" class=\"e-font-icon-svg e-fas-check\" viewbox=\"0 0 512 512\" xmlns=\"http:\/\/www.w3.org\/2000\/svg\"><path d=\"M173.898 439.404l-166.4-166.4c-9.997-9.997-9.997-26.206 0-36.204l36.203-36.204c9.997-9.998 26.207-9.998 36.204 0L192 312.69 432.095 72.596c9.997-9.997 26.207-9.997 36.204 0l36.203 36.204c9.997 9.997 9.997 26.206 0 36.204l-294.4 294.401c-9.998 9.997-26.207 9.997-36.204-.001z\"><\/path><\/svg>\t\t\t\t\t\t<\/span>\n\t\t\t\t\t\t\t\t\t\t<span class=\"elementor-icon-list-text\">Efficiency and time saving<\/span>\n\t\t\t\t\t\t\t\t\t<\/li>\n\t\t\t\t\t\t\t\t<li class=\"elementor-icon-list-item\">\n\t\t\t\t\t\t\t\t\t\t\t<span class=\"elementor-icon-list-icon\">\n\t\t\t\t\t\t\t<svg aria-hidden=\"true\" class=\"e-font-icon-svg e-fas-check\" viewbox=\"0 0 512 512\" xmlns=\"http:\/\/www.w3.org\/2000\/svg\"><path d=\"M173.898 439.404l-166.4-166.4c-9.997-9.997-9.997-26.206 0-36.204l36.203-36.204c9.997-9.998 26.207-9.998 36.204 0L192 312.69 432.095 72.596c9.997-9.997 26.207-9.997 36.204 0l36.203 36.204c9.997 9.997 9.997 26.206 0 36.204l-294.4 294.401c-9.998 9.997-26.207 9.997-36.204-.001z\"><\/path><\/svg>\t\t\t\t\t\t<\/span>\n\t\t\t\t\t\t\t\t\t\t<span class=\"elementor-icon-list-text\">Reduction of human errors<\/span>\n\t\t\t\t\t\t\t\t\t<\/li>\n\t\t\t\t\t\t\t\t<li class=\"elementor-icon-list-item\">\n\t\t\t\t\t\t\t\t\t\t\t<span class=\"elementor-icon-list-icon\">\n\t\t\t\t\t\t\t<svg aria-hidden=\"true\" class=\"e-font-icon-svg e-fas-check\" viewbox=\"0 0 512 512\" xmlns=\"http:\/\/www.w3.org\/2000\/svg\"><path d=\"M173.898 439.404l-166.4-166.4c-9.997-9.997-9.997-26.206 0-36.204l36.203-36.204c9.997-9.998 26.207-9.998 36.204 0L192 312.69 432.095 72.596c9.997-9.997 26.207-9.997 36.204 0l36.203 36.204c9.997 9.997 9.997 26.206 0 36.204l-294.4 294.401c-9.998 9.997-26.207 9.997-36.204-.001z\"><\/path><\/svg>\t\t\t\t\t\t<\/span>\n\t\t\t\t\t\t\t\t\t\t<span class=\"elementor-icon-list-text\">Efficient management<\/span>\n\t\t\t\t\t\t\t\t\t<\/li>\n\t\t\t\t\t\t\t\t<li class=\"elementor-icon-list-item\">\n\t\t\t\t\t\t\t\t\t\t\t<span class=\"elementor-icon-list-icon\">\n\t\t\t\t\t\t\t<svg aria-hidden=\"true\" class=\"e-font-icon-svg e-fas-check\" viewbox=\"0 0 512 512\" xmlns=\"http:\/\/www.w3.org\/2000\/svg\"><path d=\"M173.898 439.404l-166.4-166.4c-9.997-9.997-9.997-26.206 0-36.204l36.203-36.204c9.997-9.998 26.207-9.998 36.204 0L192 312.69 432.095 72.596c9.997-9.997 26.207-9.997 36.204 0l36.203 36.204c9.997 9.997 9.997 26.206 0 36.204l-294.4 294.401c-9.998 9.997-26.207 9.997-36.204-.001z\"><\/path><\/svg>\t\t\t\t\t\t<\/span>\n\t\t\t\t\t\t\t\t\t\t<span class=\"elementor-icon-list-text\">Product quality improvement<\/span>\n\t\t\t\t\t\t\t\t\t<\/li>\n\t\t\t\t\t\t\t\t<li class=\"elementor-icon-list-item\">\n\t\t\t\t\t\t\t\t\t\t\t<span class=\"elementor-icon-list-icon\">\n\t\t\t\t\t\t\t<svg aria-hidden=\"true\" class=\"e-font-icon-svg e-fas-check\" viewbox=\"0 0 512 512\" xmlns=\"http:\/\/www.w3.org\/2000\/svg\"><path d=\"M173.898 439.404l-166.4-166.4c-9.997-9.997-9.997-26.206 0-36.204l36.203-36.204c9.997-9.998 26.207-9.998 36.204 0L192 312.69 432.095 72.596c9.997-9.997 26.207-9.997 36.204 0l36.203 36.204c9.997 9.997 9.997 26.206 0 36.204l-294.4 294.401c-9.998 9.997-26.207 9.997-36.204-.001z\"><\/path><\/svg>\t\t\t\t\t\t<\/span>\n\t\t\t\t\t\t\t\t\t\t<span class=\"elementor-icon-list-text\">Reducing operating costs<\/span>\n\t\t\t\t\t\t\t\t\t<\/li>\n\t\t\t\t\t\t<\/ul>\n\t\t\t\t\t\t<\/div>\n\t\t\t\t<\/div>\n\t\t\t\t<\/div>\n\t\t\t\t<\/div>\n\t\t\t\t<\/div>\n\t\t\t\t\t<\/div>\n\t\t\t\t<\/div>\n\t\t<div class=\"elementor-element elementor-element-5803599 e-flex e-con-boxed e-con e-parent\" data-id=\"5803599\" data-element_type=\"container\">\n\t\t\t\t\t<div class=\"e-con-inner\">\n\t\t\t\t\t<\/div>\n\t\t\t\t<\/div>\n\t\t\t\t<\/div>","protected":false},"excerpt":{"rendered":"<p>\u0130stehsal Prosesl\u0259rinin Avtomatla\u015fd\u0131r\u0131lmas\u0131 AvtomatikaAz MMC olaraq, istehsal prosesl\u0259rinin avtomatla\u015fd\u0131r\u0131lmas\u0131 sah\u0259sind\u0259ki geni\u015f t\u0259cr\u00fcb\u0259mizl\u0259, s\u0259naye m\u00fc\u0259ssis\u0259l\u0259rinin i\u015fini optimalla\u015fd\u0131rma\u011fa, m\u0259hsuldarl\u0131\u011f\u0131n\u0131 art\u0131rma\u011fa v\u0259 \u0259m\u0259liyyat x\u0259rcl\u0259rini azaltma\u011fa k\u00f6m\u0259k edirik. \u0130stehsal\u0131n h\u0259r m\u0259rh\u0259l\u0259sini daha s\u00fcr\u0259tli, daha effektiv v\u0259 daha etibarl\u0131 \u015f\u0259kild\u0259 idar\u0259 etm\u0259yiniz \u00fc\u00e7\u00fcn m\u00fcasir texnologiyalar v\u0259 y\u00fcks\u0259k keyfiyy\u0259tli h\u0259ll\u0259r t\u0259qdim edirik. AvtomatikaAz MMC olaraq, istehsal prosesl\u0259rinin avtomatla\u015fd\u0131r\u0131lmas\u0131 sah\u0259sind\u0259ki geni\u015f t\u0259cr\u00fcb\u0259mizl\u0259,<span class=\"more-dots\">&#8230;<\/span> <span class=\"more-tag\"><a class=\"more-link\" href=\"https:\/\/avtomatika.az\/en\/istehsal-proseslerinin-avtomatlasdirilmasi\/\">More details<span class=\"screen-reader-text\"> \"\u0130stehsal prosesl\u0259rinin avtomatla\u015fd\u0131r\u0131lmas\u0131\"<\/span><\/a><\/span><!-- .more-tag --><\/p>","protected":false},"author":1,"featured_media":0,"parent":0,"menu_order":0,"comment_status":"closed","ping_status":"closed","template":"page-templates\/full-width.php","meta":{"footnotes":""},"class_list":["post-2887","page","type-page","status-publish","hentry"],"_links":{"self":[{"href":"https:\/\/avtomatika.az\/en\/wp-json\/wp\/v2\/pages\/2887","targetHints":{"allow":["GET"]}}],"collection":[{"href":"https:\/\/avtomatika.az\/en\/wp-json\/wp\/v2\/pages"}],"about":[{"href":"https:\/\/avtomatika.az\/en\/wp-json\/wp\/v2\/types\/page"}],"author":[{"embeddable":true,"href":"https:\/\/avtomatika.az\/en\/wp-json\/wp\/v2\/users\/1"}],"replies":[{"embeddable":true,"href":"https:\/\/avtomatika.az\/en\/wp-json\/wp\/v2\/comments?post=2887"}],"version-history":[{"count":0,"href":"https:\/\/avtomatika.az\/en\/wp-json\/wp\/v2\/pages\/2887\/revisions"}],"wp:attachment":[{"href":"https:\/\/avtomatika.az\/en\/wp-json\/wp\/v2\/media?parent=2887"}],"curies":[{"name":"wp","href":"https:\/\/api.w.org\/{rel}","templated":true}]}}