{"id":3493,"date":"2024-08-29T20:27:00","date_gmt":"2024-08-29T20:27:00","guid":{"rendered":"https:\/\/avtomatika.az\/?page_id=3493"},"modified":"2025-08-03T21:29:58","modified_gmt":"2025-08-03T21:29:58","slug":"reqemsallasma","status":"publish","type":"page","link":"https:\/\/avtomatika.az\/en\/reqemsallasma\/","title":{"rendered":"Digitalization"},"content":{"rendered":"<div data-elementor-type=\"wp-page\" data-elementor-id=\"3493\" class=\"elementor elementor-3493\" data-elementor-post-type=\"page\">\n\t\t\t\t<div class=\"elementor-element elementor-element-2b1cb41 e-flex e-con-boxed e-con e-parent\" data-id=\"2b1cb41\" data-element_type=\"container\" data-settings=\"{&quot;background_background&quot;:&quot;classic&quot;}\">\n\t\t\t\t\t<div class=\"e-con-inner\">\n\t\t<div class=\"elementor-element elementor-element-05bbf7a e-con-full e-flex e-con e-child\" data-id=\"05bbf7a\" data-element_type=\"container\">\n\t\t\t\t<div class=\"elementor-element elementor-element-da9141a elementor-widget elementor-widget-image\" data-id=\"da9141a\" data-element_type=\"widget\" data-widget_type=\"image.default\">\n\t\t\t\t<div class=\"elementor-widget-container\">\n\t\t\t\t\t\t\t\t\t\t\t\t\t\t\t<img fetchpriority=\"high\" decoding=\"async\" width=\"1024\" height=\"684\" src=\"https:\/\/avtomatika.az\/wp-content\/uploads\/2024\/12\/avtm222-1-1024x684.jpg\" class=\"attachment-large size-large wp-image-3723\" alt=\"\" srcset=\"https:\/\/avtomatika.az\/wp-content\/uploads\/2024\/12\/avtm222-1-1024x684.jpg 1024w, https:\/\/avtomatika.az\/wp-content\/uploads\/2024\/12\/avtm222-1-300x200.jpg 300w, https:\/\/avtomatika.az\/wp-content\/uploads\/2024\/12\/avtm222-1-768x513.jpg 768w, https:\/\/avtomatika.az\/wp-content\/uploads\/2024\/12\/avtm222-1.jpg 1200w\" sizes=\"(max-width: 1024px) 100vw, 1024px\" \/>\t\t\t\t\t\t\t\t\t\t\t\t\t\t\t<\/div>\n\t\t\t\t<\/div>\n\t\t\t\t<div class=\"elementor-element elementor-element-92fd5b5 elementor-widget elementor-widget-heading\" data-id=\"92fd5b5\" data-element_type=\"widget\" data-widget_type=\"heading.default\">\n\t\t\t\t<div class=\"elementor-widget-container\">\n\t\t\t\t\t<h2 class=\"elementor-heading-title elementor-size-default\">Digitalization<\/h2>\t\t\t\t<\/div>\n\t\t\t\t<\/div>\n\t\t\t\t<div class=\"elementor-element elementor-element-0b0df55 elementor-widget elementor-widget-text-editor\" data-id=\"0b0df55\" data-element_type=\"widget\" data-widget_type=\"text-editor.default\">\n\t\t\t\t<div class=\"elementor-widget-container\">\n\t\t\t\t\t\t\t\t\t<p>AvtomatikaAz MMC olaraq, m\u00fc\u0259ssis\u0259l\u0259rin r\u0259q\u0259msal transformasiyas\u0131n\u0131 t\u0259min etm\u0259k \u00fc\u00e7\u00fcn innovativ h\u0259ll\u0259r t\u0259qdim edirik. R\u0259q\u0259msalla\u015fma xidm\u0259tl\u0259rimiz m\u00fc\u0259ssis\u0259l\u0259rd\u0259 i\u015f prosesl\u0259rinin optimalla\u015fd\u0131r\u0131lmas\u0131n\u0131, m\u0259lumatlar\u0131n d\u0259qiq v\u0259 tez bir zamanda toplanmas\u0131n\u0131, idar\u0259 olunmas\u0131n\u0131 v\u0259 t\u0259hlil edilm\u0259sini m\u00fcmk\u00fcn edir.<\/p>\t\t\t\t\t\t\t\t<\/div>\n\t\t\t\t<\/div>\n\t\t<div class=\"elementor-element elementor-element-af7997e e-con-full e-flex e-con e-child\" data-id=\"af7997e\" data-element_type=\"container\">\n\t\t<div class=\"elementor-element elementor-element-7ebcb22 e-con-full e-flex e-con e-child\" data-id=\"7ebcb22\" data-element_type=\"container\">\n\t\t\t\t<div class=\"elementor-element elementor-element-99781aa elementor-widget elementor-widget-image\" data-id=\"99781aa\" data-element_type=\"widget\" data-widget_type=\"image.default\">\n\t\t\t\t<div class=\"elementor-widget-container\">\n\t\t\t\t\t\t\t\t\t\t\t\t\t\t\t<img decoding=\"async\" width=\"600\" height=\"600\" src=\"https:\/\/avtomatika.az\/wp-content\/uploads\/2024\/12\/svatt-1-600x600.jpg\" class=\"attachment-oktan-square size-oktan-square wp-image-3710\" alt=\"\" srcset=\"https:\/\/avtomatika.az\/wp-content\/uploads\/2024\/12\/svatt-1-600x600.jpg 600w, https:\/\/avtomatika.az\/wp-content\/uploads\/2024\/12\/svatt-1-150x150.jpg 150w\" sizes=\"(max-width: 600px) 100vw, 600px\" \/>\t\t\t\t\t\t\t\t\t\t\t\t\t\t\t<\/div>\n\t\t\t\t<\/div>\n\t\t\t\t<div class=\"elementor-element elementor-element-4e2da12 elementor-widget elementor-widget-image\" data-id=\"4e2da12\" data-element_type=\"widget\" data-widget_type=\"image.default\">\n\t\t\t\t<div class=\"elementor-widget-container\">\n\t\t\t\t\t\t\t\t\t\t\t\t\t\t\t<img decoding=\"async\" width=\"600\" height=\"600\" src=\"https:\/\/avtomatika.az\/wp-content\/uploads\/2024\/12\/atom-8-600x600.jpg\" class=\"attachment-oktan-square size-oktan-square wp-image-3717\" alt=\"\" srcset=\"https:\/\/avtomatika.az\/wp-content\/uploads\/2024\/12\/atom-8-600x600.jpg 600w, https:\/\/avtomatika.az\/wp-content\/uploads\/2024\/12\/atom-8-150x150.jpg 150w\" sizes=\"(max-width: 600px) 100vw, 600px\" \/>\t\t\t\t\t\t\t\t\t\t\t\t\t\t\t<\/div>\n\t\t\t\t<\/div>\n\t\t\t\t<\/div>\n\t\t<div class=\"elementor-element elementor-element-52a32f4 e-con-full e-flex e-con e-child\" data-id=\"52a32f4\" data-element_type=\"container\">\n\t\t\t\t<div class=\"elementor-element elementor-element-16f0aa0 elementor-widget elementor-widget-heading\" data-id=\"16f0aa0\" data-element_type=\"widget\" data-widget_type=\"heading.default\">\n\t\t\t\t<div class=\"elementor-widget-container\">\n\t\t\t\t\t<h3 class=\"elementor-heading-title elementor-size-default\">Xidm\u0259tl\u0259rimiz\u0259 daxildir:<\/h3>\t\t\t\t<\/div>\n\t\t\t\t<\/div>\n\t\t\t\t<div class=\"elementor-element elementor-element-b1456b3 elementor-widget elementor-widget-text-editor\" data-id=\"b1456b3\" data-element_type=\"widget\" data-widget_type=\"text-editor.default\">\n\t\t\t\t<div class=\"elementor-widget-container\">\n\t\t\t\t\t\t\t\t\t<ul><li><strong>Prosesl\u0259rin R\u0259q\u0259msalla\u015fd\u0131r\u0131lmas\u0131:<\/strong> \u0130stehsal v\u0259 idar\u0259etm\u0259 prosesl\u0259rinin \u0259n son texnologiyalar vasit\u0259sil\u0259 avtomatla\u015fd\u0131r\u0131lmas\u0131 v\u0259 r\u0259q\u0259msalla\u015fd\u0131r\u0131lmas\u0131.<\/li><li><strong>M\u0259lumatlar\u0131n \u0130dar\u0259 Olunmas\u0131 Sisteml\u0259ri:<\/strong> \u015eirk\u0259tinizin m\u0259lumatlar\u0131n\u0131 t\u0259hl\u00fck\u0259siz \u015f\u0259kild\u0259 toplamaq, saxlamaq v\u0259 analiz etm\u0259k \u00fc\u00e7\u00fcn x\u00fcsusi h\u0259ll\u0259r.<\/li><li><strong>SCADA v\u0259 PLC Sistemi T\u0259tbiql\u0259ri:<\/strong> R\u0259q\u0259msal n\u0259zar\u0259t v\u0259 m\u0259lumat toplama sisteml\u0259rinin qura\u015fd\u0131r\u0131lmas\u0131 v\u0259 optimalla\u015fd\u0131r\u0131lmas\u0131.<\/li><li><strong>Texniki D\u0259st\u0259k v\u0259 T\u0259kmill\u0259\u015fdirm\u0259:<\/strong> M\u00f6vcud r\u0259q\u0259msalla\u015fma sisteml\u0259rinin davaml\u0131 yenil\u0259nm\u0259si v\u0259 texniki d\u0259st\u0259kl\u0259 t\u0259min edilm\u0259si.<\/li><\/ul>\t\t\t\t\t\t\t\t<\/div>\n\t\t\t\t<\/div>\n\t\t\t\t<div class=\"elementor-element elementor-element-f08b79a elementor-widget elementor-widget-text-editor\" data-id=\"f08b79a\" data-element_type=\"widget\" data-widget_type=\"text-editor.default\">\n\t\t\t\t<div class=\"elementor-widget-container\">\n\t\t\t\t\t\t\t\t\t<h4><strong>Niy\u0259 bizi se\u00e7m\u0259lisiniz?<\/strong><\/h4>\t\t\t\t\t\t\t\t<\/div>\n\t\t\t\t<\/div>\n\t\t\t\t<div class=\"elementor-element elementor-element-6e6bcbb elementor-align-left elementor-mobile-align-left elementor-icon-list--layout-traditional elementor-list-item-link-full_width elementor-widget elementor-widget-icon-list\" data-id=\"6e6bcbb\" data-element_type=\"widget\" data-widget_type=\"icon-list.default\">\n\t\t\t\t<div class=\"elementor-widget-container\">\n\t\t\t\t\t\t\t<ul class=\"elementor-icon-list-items\">\n\t\t\t\t\t\t\t<li class=\"elementor-icon-list-item\">\n\t\t\t\t\t\t\t\t\t\t\t<span class=\"elementor-icon-list-icon\">\n\t\t\t\t\t\t\t<svg aria-hidden=\"true\" class=\"e-font-icon-svg e-fas-check\" viewbox=\"0 0 512 512\" xmlns=\"http:\/\/www.w3.org\/2000\/svg\"><path d=\"M173.898 439.404l-166.4-166.4c-9.997-9.997-9.997-26.206 0-36.204l36.203-36.204c9.997-9.998 26.207-9.998 36.204 0L192 312.69 432.095 72.596c9.997-9.997 26.207-9.997 36.204 0l36.203 36.204c9.997 9.997 9.997 26.206 0 36.204l-294.4 294.401c-9.998 9.997-26.207 9.997-36.204-.001z\"><\/path><\/svg>\t\t\t\t\t\t<\/span>\n\t\t\t\t\t\t\t\t\t\t<span class=\"elementor-icon-list-text\">S\u0259nayenin m\u00fcxt\u0259lif sah\u0259l\u0259rind\u0259 u\u011furla h\u0259yata ke\u00e7irilmi\u015f layih\u0259l\u0259r.<\/span>\n\t\t\t\t\t\t\t\t\t<\/li>\n\t\t\t\t\t\t\t\t<li class=\"elementor-icon-list-item\">\n\t\t\t\t\t\t\t\t\t\t\t<span class=\"elementor-icon-list-icon\">\n\t\t\t\t\t\t\t<svg aria-hidden=\"true\" class=\"e-font-icon-svg e-fas-check\" viewbox=\"0 0 512 512\" xmlns=\"http:\/\/www.w3.org\/2000\/svg\"><path d=\"M173.898 439.404l-166.4-166.4c-9.997-9.997-9.997-26.206 0-36.204l36.203-36.204c9.997-9.998 26.207-9.998 36.204 0L192 312.69 432.095 72.596c9.997-9.997 26.207-9.997 36.204 0l36.203 36.204c9.997 9.997 9.997 26.206 0 36.204l-294.4 294.401c-9.998 9.997-26.207 9.997-36.204-.001z\"><\/path><\/svg>\t\t\t\t\t\t<\/span>\n\t\t\t\t\t\t\t\t\t\t<span class=\"elementor-icon-list-text\">\u018fn son texnologiyalara \u0259saslanan h\u0259ll\u0259r.<\/span>\n\t\t\t\t\t\t\t\t\t<\/li>\n\t\t\t\t\t\t\t\t<li class=\"elementor-icon-list-item\">\n\t\t\t\t\t\t\t\t\t\t\t<span class=\"elementor-icon-list-icon\">\n\t\t\t\t\t\t\t<svg aria-hidden=\"true\" class=\"e-font-icon-svg e-fas-check\" viewbox=\"0 0 512 512\" xmlns=\"http:\/\/www.w3.org\/2000\/svg\"><path d=\"M173.898 439.404l-166.4-166.4c-9.997-9.997-9.997-26.206 0-36.204l36.203-36.204c9.997-9.998 26.207-9.998 36.204 0L192 312.69 432.095 72.596c9.997-9.997 26.207-9.997 36.204 0l36.203 36.204c9.997 9.997 9.997 26.206 0 36.204l-294.4 294.401c-9.998 9.997-26.207 9.997-36.204-.001z\"><\/path><\/svg>\t\t\t\t\t\t<\/span>\n\t\t\t\t\t\t\t\t\t\t<span class=\"elementor-icon-list-text\">Pe\u015f\u0259kar m\u00fct\u0259x\u0259ssisl\u0259rd\u0259n ibar\u0259t komandam\u0131zla tam d\u0259st\u0259k.<\/span>\n\t\t\t\t\t\t\t\t\t<\/li>\n\t\t\t\t\t\t\t\t<li class=\"elementor-icon-list-item\">\n\t\t\t\t\t\t\t\t\t\t\t<span class=\"elementor-icon-list-icon\">\n\t\t\t\t\t\t\t<svg aria-hidden=\"true\" class=\"e-font-icon-svg e-fas-check\" viewbox=\"0 0 512 512\" xmlns=\"http:\/\/www.w3.org\/2000\/svg\"><path d=\"M173.898 439.404l-166.4-166.4c-9.997-9.997-9.997-26.206 0-36.204l36.203-36.204c9.997-9.998 26.207-9.998 36.204 0L192 312.69 432.095 72.596c9.997-9.997 26.207-9.997 36.204 0l36.203 36.204c9.997 9.997 9.997 26.206 0 36.204l-294.4 294.401c-9.998 9.997-26.207 9.997-36.204-.001z\"><\/path><\/svg>\t\t\t\t\t\t<\/span>\n\t\t\t\t\t\t\t\t\t\t<span class=\"elementor-icon-list-text\">\u0130st\u0259nil\u0259n prosesin unikal ehtiyaclar\u0131na uy\u011fun f\u0259rdi yana\u015fma.<\/span>\n\t\t\t\t\t\t\t\t\t<\/li>\n\t\t\t\t\t\t<\/ul>\n\t\t\t\t\t\t<\/div>\n\t\t\t\t<\/div>\n\t\t\t\t<\/div>\n\t\t\t\t<\/div>\n\t\t\t\t<\/div>\n\t\t\t\t\t<\/div>\n\t\t\t\t<\/div>\n\t\t\t\t<\/div>","protected":false},"excerpt":{"rendered":"<p>R\u0259q\u0259msalla\u015fma AvtomatikaAz MMC olaraq, m\u00fc\u0259ssis\u0259l\u0259rin r\u0259q\u0259msal transformasiyas\u0131n\u0131 t\u0259min etm\u0259k \u00fc\u00e7\u00fcn innovativ h\u0259ll\u0259r t\u0259qdim edirik. R\u0259q\u0259msalla\u015fma xidm\u0259tl\u0259rimiz m\u00fc\u0259ssis\u0259l\u0259rd\u0259 i\u015f prosesl\u0259rinin optimalla\u015fd\u0131r\u0131lmas\u0131n\u0131, m\u0259lumatlar\u0131n d\u0259qiq v\u0259 tez bir zamanda toplanmas\u0131n\u0131, idar\u0259 olunmas\u0131n\u0131 v\u0259 t\u0259hlil edilm\u0259sini m\u00fcmk\u00fcn edir. Xidm\u0259tl\u0259rimiz\u0259 daxildir: Prosesl\u0259rin R\u0259q\u0259msalla\u015fd\u0131r\u0131lmas\u0131: \u0130stehsal v\u0259 idar\u0259etm\u0259 prosesl\u0259rinin \u0259n son texnologiyalar vasit\u0259sil\u0259 avtomatla\u015fd\u0131r\u0131lmas\u0131 v\u0259 r\u0259q\u0259msalla\u015fd\u0131r\u0131lmas\u0131. M\u0259lumatlar\u0131n \u0130dar\u0259 Olunmas\u0131 Sisteml\u0259ri: \u015eirk\u0259tinizin m\u0259lumatlar\u0131n\u0131<span class=\"more-dots\">&#8230;<\/span> <span class=\"more-tag\"><a class=\"more-link\" href=\"https:\/\/avtomatika.az\/en\/reqemsallasma\/\">More details<span class=\"screen-reader-text\"> \"R\u0259q\u0259msalla\u015fma\"<\/span><\/a><\/span><!-- .more-tag --><\/p>","protected":false},"author":1,"featured_media":0,"parent":0,"menu_order":0,"comment_status":"closed","ping_status":"closed","template":"page-templates\/full-width.php","meta":{"footnotes":""},"class_list":["post-3493","page","type-page","status-publish","hentry"],"_links":{"self":[{"href":"https:\/\/avtomatika.az\/en\/wp-json\/wp\/v2\/pages\/3493","targetHints":{"allow":["GET"]}}],"collection":[{"href":"https:\/\/avtomatika.az\/en\/wp-json\/wp\/v2\/pages"}],"about":[{"href":"https:\/\/avtomatika.az\/en\/wp-json\/wp\/v2\/types\/page"}],"author":[{"embeddable":true,"href":"https:\/\/avtomatika.az\/en\/wp-json\/wp\/v2\/users\/1"}],"replies":[{"embeddable":true,"href":"https:\/\/avtomatika.az\/en\/wp-json\/wp\/v2\/comments?post=3493"}],"version-history":[{"count":0,"href":"https:\/\/avtomatika.az\/en\/wp-json\/wp\/v2\/pages\/3493\/revisions"}],"wp:attachment":[{"href":"https:\/\/avtomatika.az\/en\/wp-json\/wp\/v2\/media?parent=3493"}],"curies":[{"name":"wp","href":"https:\/\/api.w.org\/{rel}","templated":true}]}}