{"id":3495,"date":"2024-08-29T20:27:00","date_gmt":"2024-08-29T20:27:00","guid":{"rendered":"https:\/\/avtomatika.az\/?page_id=3495"},"modified":"2025-01-08T18:43:10","modified_gmt":"2025-01-08T18:43:10","slug":"elektrik-skaflarinin-hazirlanmasi","status":"publish","type":"page","link":"https:\/\/avtomatika.az\/en\/elektrik-skaflarinin-hazirlanmasi\/","title":{"rendered":"Preparation of electrical cabinets"},"content":{"rendered":"<div data-elementor-type=\"wp-page\" data-elementor-id=\"3495\" class=\"elementor elementor-3495\" data-elementor-post-type=\"page\">\n\t\t\t\t<div class=\"elementor-element elementor-element-2b1cb41 e-flex e-con-boxed e-con e-parent\" data-id=\"2b1cb41\" data-element_type=\"container\" data-settings=\"{&quot;background_background&quot;:&quot;classic&quot;}\">\n\t\t\t\t\t<div class=\"e-con-inner\">\n\t\t<div class=\"elementor-element elementor-element-05bbf7a e-con-full e-flex e-con e-child\" data-id=\"05bbf7a\" data-element_type=\"container\">\n\t\t\t\t<div class=\"elementor-element elementor-element-da9141a elementor-widget elementor-widget-image\" data-id=\"da9141a\" data-element_type=\"widget\" data-widget_type=\"image.default\">\n\t\t\t\t<div class=\"elementor-widget-container\">\n\t\t\t\t\t\t\t\t\t\t\t\t\t\t\t<img fetchpriority=\"high\" decoding=\"async\" width=\"1024\" height=\"427\" src=\"https:\/\/avtomatika.az\/wp-content\/uploads\/2024\/03\/post-01-1-1024x427.jpg\" class=\"attachment-large size-large wp-image-3392\" alt=\"\" srcset=\"https:\/\/avtomatika.az\/wp-content\/uploads\/2024\/03\/post-01-1-1024x427.jpg 1024w, https:\/\/avtomatika.az\/wp-content\/uploads\/2024\/03\/post-01-1-300x125.jpg 300w, https:\/\/avtomatika.az\/wp-content\/uploads\/2024\/03\/post-01-1-768x320.jpg 768w, https:\/\/avtomatika.az\/wp-content\/uploads\/2024\/03\/post-01-1-600x250.jpg 600w, https:\/\/avtomatika.az\/wp-content\/uploads\/2024\/03\/post-01-1.jpg 1200w\" sizes=\"(max-width: 1024px) 100vw, 1024px\" \/>\t\t\t\t\t\t\t\t\t\t\t\t\t\t\t<\/div>\n\t\t\t\t<\/div>\n\t\t\t\t<div class=\"elementor-element elementor-element-92fd5b5 elementor-widget elementor-widget-heading\" data-id=\"92fd5b5\" data-element_type=\"widget\" data-widget_type=\"heading.default\">\n\t\t\t\t<div class=\"elementor-widget-container\">\n\t\t\t\t\t<h2 class=\"elementor-heading-title elementor-size-default\">Preparation of electrical cabinets<\/h2>\t\t\t\t<\/div>\n\t\t\t\t<\/div>\n\t\t\t\t<div class=\"elementor-element elementor-element-0b0df55 elementor-widget elementor-widget-text-editor\" data-id=\"0b0df55\" data-element_type=\"widget\" data-widget_type=\"text-editor.default\">\n\t\t\t\t<div class=\"elementor-widget-container\">\n\t\t\t\t\t\t\t\t\t<p><strong>AvtomatikaAz MMC<\/strong> olaraq, <strong>Elektrik \u015ekaflar\u0131n\u0131n Haz\u0131rlanmas\u0131<\/strong> sah\u0259sind\u0259 y\u00fcks\u0259k keyfiyy\u0259tli v\u0259 etibarl\u0131 h\u0259ll\u0259r t\u0259qdim edirik. Elektrik \u015fkaflar\u0131, s\u0259naye v\u0259 kommersiya obyektl\u0259rind\u0259 avadanl\u0131qlar\u0131n d\u00fczg\u00fcn v\u0259 t\u0259hl\u00fck\u0259siz i\u015fl\u0259m\u0259sini t\u0259min ed\u0259n m\u00fch\u00fcm komponentl\u0259rdir. Biz, m\u00fcasir texnologiya v\u0259 y\u00fcks\u0259k t\u0259cr\u00fcb\u0259y\u0259 sahib komandam\u0131zla, elektrik \u015fkaflar\u0131n\u0131 x\u00fcsusi t\u0259l\u0259bl\u0259r\u0259 uy\u011fun haz\u0131rlay\u0131r v\u0259 qura\u015fd\u0131r\u0131r\u0131q.<\/p><p><strong>Xidm\u0259tl\u0259rimiz:<\/strong><\/p><ol><li><strong> Elektrik \u015ekaflar\u0131n\u0131n Dizayn\u0131 v\u0259 \u0130stehsal\u0131<\/strong><\/li><\/ol><p>Elektrik \u015fkaflar\u0131n\u0131n dizayn\u0131 v\u0259 istehsal\u0131, h\u0259r bir layih\u0259 \u00fc\u00e7\u00fcn x\u00fcsusi t\u0259l\u0259bl\u0259ri n\u0259z\u0259r\u0259 alaraq haz\u0131rlan\u0131r. \u015ekaflar\u0131n haz\u0131rlanmas\u0131nda a\u015fa\u011f\u0131dak\u0131lara diqq\u0259t yetiririk:<\/p><ul><li><strong>T\u0259hl\u00fck\u0259sizlik<\/strong>: \u015ekaflar\u0131n dizayn\u0131nda \u0259n son t\u0259hl\u00fck\u0259sizlik standartlar\u0131na uy\u011funluq t\u0259min edilir.<\/li><li><strong>Effektiv \u0130dar\u0259etm\u0259<\/strong>: Elektrik \u015fkaflar\u0131, cihazlar\u0131n v\u0259 avadanl\u0131qlar\u0131n s\u0259m\u0259r\u0259li v\u0259 rahat idar\u0259 olunmas\u0131n\u0131 t\u0259min ed\u0259c\u0259k \u015f\u0259kild\u0259 haz\u0131rlan\u0131r.<\/li><li><strong>Sistem Yerl\u0259\u015fdirm\u0259<\/strong>: \u015ekaf\u0131n daxili komponentl\u0259ri, istifad\u0259\u00e7il\u0259rin rahatl\u0131qla i\u015fini g\u00f6rm\u0259si \u00fc\u00e7\u00fcn ideal \u015f\u0259kild\u0259 yerl\u0259\u015fdirilir.<\/li><\/ul><ol start=\"2\"><li><strong> Avtomatla\u015fd\u0131r\u0131lm\u0131\u015f Elektrik \u015ekaflar\u0131<\/strong><\/li><\/ol><p>S\u0259naye prosesl\u0259rind\u0259 istifad\u0259 olunan elektrik \u015fkaflar\u0131, avtomatla\u015fd\u0131r\u0131lm\u0131\u015f sisteml\u0259r \u00fc\u00e7\u00fcn x\u00fcsusi olaraq dizayn edilir. Bu \u015fkaflar:<\/p><ul><li><strong>PLC v\u0259 SCADA \u0130nteqrasiyas\u0131<\/strong>: PLC v\u0259 SCADA sisteml\u0259rin\u0259 uy\u011fun olaraq elektrik \u015fkaflar\u0131 haz\u0131rlan\u0131r.<\/li><li><strong>Effektiv \u0130stismar<\/strong>: Avtomatik idar\u0259etm\u0259 v\u0259 n\u0259zar\u0259t sisteml\u0259ri, istehsal x\u0259tl\u0259rinin d\u00fczg\u00fcn i\u015fl\u0259m\u0259sini t\u0259min ed\u0259c\u0259k \u015f\u0259kild\u0259 \u015fkaflarda inteqrasiya olunur.<\/li><li><strong>Uzunm\u00fcdd\u0259tli Davaml\u0131l\u0131q<\/strong>: Y\u00fcks\u0259k keyfiyy\u0259tli materiallardan istifad\u0259 etm\u0259kl\u0259, \u015fkaflar\u0131n davaml\u0131 v\u0259 etibarl\u0131 i\u015fl\u0259m\u0259sini t\u0259min edirik.<\/li><\/ul><ol start=\"3\"><li><strong> Elektrik \u015ekaflar\u0131n\u0131n Yerl\u0259\u015fdirilm\u0259si v\u0259 Qura\u015fd\u0131r\u0131lmas\u0131<\/strong><\/li><\/ol><p>Elektrik \u015fkaflar\u0131n\u0131n istehsal\u0131 il\u0259 yana\u015f\u0131, onlar\u0131 d\u00fczg\u00fcn v\u0259 t\u0259hl\u00fck\u0259siz \u015f\u0259kild\u0259 yerind\u0259 qura\u015fd\u0131r\u0131r\u0131q. Bu xidm\u0259tl\u0259r\u0259 daxildir:<\/p><ul><li><strong>Qura\u015fd\u0131rma<\/strong>: Elektrik \u015fkaflar\u0131n\u0131n ist\u0259nil\u0259n s\u0259naye sah\u0259sind\u0259 m\u00fcvafiq yerl\u0259rd\u0259 d\u00fczg\u00fcn \u015f\u0259kild\u0259 qura\u015fd\u0131r\u0131lmas\u0131.<\/li><li><strong>Test v\u0259 \u0130\u015f\u0259 Salma<\/strong>: \u015ekaf\u0131n b\u00fct\u00fcn komponentl\u0259ri yoxlan\u0131l\u0131r v\u0259 s\u0131naqdan ke\u00e7irilir ki, onlar\u0131n fasil\u0259siz i\u015fl\u0259m\u0259sini t\u0259min ed\u0259k.<\/li><li><strong>Technical Support<\/strong>: Qura\u015fd\u0131rmadan sonra \u015fkaflar\u0131n s\u0259m\u0259r\u0259li i\u015fl\u0259m\u0259si \u00fc\u00e7\u00fcn texniki d\u0259st\u0259k v\u0259 xidm\u0259tl\u0259r t\u0259qdim edirik.<\/li><\/ul><ol start=\"4\"><li><strong> Elektrik \u015ekaflar\u0131n\u0131n T\u0259mir v\u0259 Yenil\u0259nm\u0259si<\/strong><\/li><\/ol><p>Zamanla elektrik \u015fkaflar\u0131n\u0131n b\u0259zi komponentl\u0259ri z\u0259d\u0259l\u0259n\u0259 bil\u0259r v\u0259 ya k\u00f6hn\u0259lmi\u015f ola bil\u0259r. Bizim komandam\u0131z, elektrik \u015fkaflar\u0131n\u0131n t\u0259mir v\u0259 yenil\u0259nm\u0259si sah\u0259sind\u0259 pe\u015f\u0259kar xidm\u0259tl\u0259r t\u0259qdim edir:<\/p><ul><li><strong>Komponent D\u0259yi\u015fdirm\u0259 v\u0259 T\u0259mir<\/strong>: K\u00f6hn\u0259lmi\u015f v\u0259 ya z\u0259d\u0259l\u0259nmi\u015f komponentl\u0259ri yenil\u0259yirik v\u0259 ya d\u0259yi\u015fdiririk.<\/li><li><strong>Proqramla\u015fd\u0131rma v\u0259 Konfiqurasiya<\/strong>: Elektrik \u015fkaflar\u0131n\u0131 yenil\u0259y\u0259r\u0259k, m\u00fcasir texnologiya v\u0259 proqram t\u0259minat\u0131na uy\u011funla\u015fd\u0131r\u0131r\u0131q.<\/li><\/ul><p>\u00a0<\/p>\t\t\t\t\t\t\t\t<\/div>\n\t\t\t\t<\/div>\n\t\t<div class=\"elementor-element elementor-element-af7997e e-con-full e-flex e-con e-child\" data-id=\"af7997e\" data-element_type=\"container\">\n\t\t<div class=\"elementor-element elementor-element-7ebcb22 e-con-full e-flex e-con e-child\" data-id=\"7ebcb22\" data-element_type=\"container\">\n\t\t\t\t<div class=\"elementor-element elementor-element-99781aa elementor-widget elementor-widget-image\" data-id=\"99781aa\" data-element_type=\"widget\" data-widget_type=\"image.default\">\n\t\t\t\t<div class=\"elementor-widget-container\">\n\t\t\t\t\t\t\t\t\t\t\t\t\t\t\t<img decoding=\"async\" width=\"1024\" height=\"684\" src=\"https:\/\/avtomatika.az\/wp-content\/uploads\/2024\/12\/avtm222-1-1024x684.jpg\" class=\"attachment-large size-large wp-image-3723\" alt=\"\" srcset=\"https:\/\/avtomatika.az\/wp-content\/uploads\/2024\/12\/avtm222-1-1024x684.jpg 1024w, https:\/\/avtomatika.az\/wp-content\/uploads\/2024\/12\/avtm222-1-300x200.jpg 300w, https:\/\/avtomatika.az\/wp-content\/uploads\/2024\/12\/avtm222-1-768x513.jpg 768w, https:\/\/avtomatika.az\/wp-content\/uploads\/2024\/12\/avtm222-1.jpg 1200w\" sizes=\"(max-width: 1024px) 100vw, 1024px\" \/>\t\t\t\t\t\t\t\t\t\t\t\t\t\t\t<\/div>\n\t\t\t\t<\/div>\n\t\t\t\t<\/div>\n\t\t<div class=\"elementor-element elementor-element-52a32f4 e-con-full e-flex e-con e-child\" data-id=\"52a32f4\" data-element_type=\"container\">\n\t\t\t\t<div class=\"elementor-element elementor-element-16f0aa0 elementor-widget elementor-widget-heading\" data-id=\"16f0aa0\" data-element_type=\"widget\" data-widget_type=\"heading.default\">\n\t\t\t\t<div class=\"elementor-widget-container\">\n\t\t\t\t\t<h3 class=\"elementor-heading-title elementor-size-default\">Elektrik \u015fkaflar\u0131n\u0131n haz\u0131rlanmas\u0131n\u0131n faydalar\u0131<\/h3>\t\t\t\t<\/div>\n\t\t\t\t<\/div>\n\t\t\t\t<div class=\"elementor-element elementor-element-b1456b3 elementor-widget elementor-widget-text-editor\" data-id=\"b1456b3\" data-element_type=\"widget\" data-widget_type=\"text-editor.default\">\n\t\t\t\t<div class=\"elementor-widget-container\">\n\t\t\t\t\t\t\t\t\t<p>Elektrik \u015fkaflar\u0131n\u0131n d\u00fczg\u00fcn haz\u0131rlanmas\u0131 v\u0259 qura\u015fd\u0131r\u0131lmas\u0131, s\u0259naye m\u00fc\u0259ssis\u0259l\u0259rinin uzunm\u00fcdd\u0259tli f\u0259aliyy\u0259tini t\u0259min etm\u0259k \u00fc\u00e7\u00fcn vacibdir. Bu xidm\u0259tin \u00fcst\u00fcnl\u00fckl\u0259ri:<\/p>\t\t\t\t\t\t\t\t<\/div>\n\t\t\t\t<\/div>\n\t\t\t\t<div class=\"elementor-element elementor-element-6e6bcbb elementor-align-left elementor-mobile-align-left elementor-icon-list--layout-traditional elementor-list-item-link-full_width elementor-widget elementor-widget-icon-list\" data-id=\"6e6bcbb\" data-element_type=\"widget\" data-widget_type=\"icon-list.default\">\n\t\t\t\t<div class=\"elementor-widget-container\">\n\t\t\t\t\t\t\t<ul class=\"elementor-icon-list-items\">\n\t\t\t\t\t\t\t<li class=\"elementor-icon-list-item\">\n\t\t\t\t\t\t\t\t\t\t\t<span class=\"elementor-icon-list-icon\">\n\t\t\t\t\t\t\t<svg aria-hidden=\"true\" class=\"e-font-icon-svg e-fas-check\" viewbox=\"0 0 512 512\" xmlns=\"http:\/\/www.w3.org\/2000\/svg\"><path d=\"M173.898 439.404l-166.4-166.4c-9.997-9.997-9.997-26.206 0-36.204l36.203-36.204c9.997-9.998 26.207-9.998 36.204 0L192 312.69 432.095 72.596c9.997-9.997 26.207-9.997 36.204 0l36.203 36.204c9.997 9.997 9.997 26.206 0 36.204l-294.4 294.401c-9.998 9.997-26.207 9.997-36.204-.001z\"><\/path><\/svg>\t\t\t\t\t\t<\/span>\n\t\t\t\t\t\t\t\t\t\t<span class=\"elementor-icon-list-text\">T\u0259hl\u00fck\u0259sizlik<\/span>\n\t\t\t\t\t\t\t\t\t<\/li>\n\t\t\t\t\t\t\t\t<li class=\"elementor-icon-list-item\">\n\t\t\t\t\t\t\t\t\t\t\t<span class=\"elementor-icon-list-icon\">\n\t\t\t\t\t\t\t<svg aria-hidden=\"true\" class=\"e-font-icon-svg e-fas-check\" viewbox=\"0 0 512 512\" xmlns=\"http:\/\/www.w3.org\/2000\/svg\"><path d=\"M173.898 439.404l-166.4-166.4c-9.997-9.997-9.997-26.206 0-36.204l36.203-36.204c9.997-9.998 26.207-9.998 36.204 0L192 312.69 432.095 72.596c9.997-9.997 26.207-9.997 36.204 0l36.203 36.204c9.997 9.997 9.997 26.206 0 36.204l-294.4 294.401c-9.998 9.997-26.207 9.997-36.204-.001z\"><\/path><\/svg>\t\t\t\t\t\t<\/span>\n\t\t\t\t\t\t\t\t\t\t<span class=\"elementor-icon-list-text\">S\u0259m\u0259r\u0259lilik<\/span>\n\t\t\t\t\t\t\t\t\t<\/li>\n\t\t\t\t\t\t\t\t<li class=\"elementor-icon-list-item\">\n\t\t\t\t\t\t\t\t\t\t\t<span class=\"elementor-icon-list-icon\">\n\t\t\t\t\t\t\t<svg aria-hidden=\"true\" class=\"e-font-icon-svg e-fas-check\" viewbox=\"0 0 512 512\" xmlns=\"http:\/\/www.w3.org\/2000\/svg\"><path d=\"M173.898 439.404l-166.4-166.4c-9.997-9.997-9.997-26.206 0-36.204l36.203-36.204c9.997-9.998 26.207-9.998 36.204 0L192 312.69 432.095 72.596c9.997-9.997 26.207-9.997 36.204 0l36.203 36.204c9.997 9.997 9.997 26.206 0 36.204l-294.4 294.401c-9.998 9.997-26.207 9.997-36.204-.001z\"><\/path><\/svg>\t\t\t\t\t\t<\/span>\n\t\t\t\t\t\t\t\t\t\t<span class=\"elementor-icon-list-text\">Davaml\u0131l\u0131q<\/span>\n\t\t\t\t\t\t\t\t\t<\/li>\n\t\t\t\t\t\t\t\t<li class=\"elementor-icon-list-item\">\n\t\t\t\t\t\t\t\t\t\t\t<span class=\"elementor-icon-list-icon\">\n\t\t\t\t\t\t\t<svg aria-hidden=\"true\" class=\"e-font-icon-svg e-fas-check\" viewbox=\"0 0 512 512\" xmlns=\"http:\/\/www.w3.org\/2000\/svg\"><path d=\"M173.898 439.404l-166.4-166.4c-9.997-9.997-9.997-26.206 0-36.204l36.203-36.204c9.997-9.998 26.207-9.998 36.204 0L192 312.69 432.095 72.596c9.997-9.997 26.207-9.997 36.204 0l36.203 36.204c9.997 9.997 9.997 26.206 0 36.204l-294.4 294.401c-9.998 9.997-26.207 9.997-36.204-.001z\"><\/path><\/svg>\t\t\t\t\t\t<\/span>\n\t\t\t\t\t\t\t\t\t\t<span class=\"elementor-icon-list-text\">Prosesin izl\u0259nm\u0259si v\u0259 idar\u0259 edilm\u0259si<\/span>\n\t\t\t\t\t\t\t\t\t<\/li>\n\t\t\t\t\t\t<\/ul>\n\t\t\t\t\t\t<\/div>\n\t\t\t\t<\/div>\n\t\t\t\t<\/div>\n\t\t\t\t<\/div>\n\t\t\t\t<\/div>\n\t\t\t\t\t<\/div>\n\t\t\t\t<\/div>\n\t\t\t\t<\/div>","protected":false},"excerpt":{"rendered":"<p>Elektrik \u015fkaflar\u0131n\u0131n haz\u0131rlanmas\u0131 AvtomatikaAz MMC olaraq, Elektrik \u015ekaflar\u0131n\u0131n Haz\u0131rlanmas\u0131 sah\u0259sind\u0259 y\u00fcks\u0259k keyfiyy\u0259tli v\u0259 etibarl\u0131 h\u0259ll\u0259r t\u0259qdim edirik. Elektrik \u015fkaflar\u0131, s\u0259naye v\u0259 kommersiya obyektl\u0259rind\u0259 avadanl\u0131qlar\u0131n d\u00fczg\u00fcn v\u0259 t\u0259hl\u00fck\u0259siz i\u015fl\u0259m\u0259sini t\u0259min ed\u0259n m\u00fch\u00fcm komponentl\u0259rdir. Biz, m\u00fcasir texnologiya v\u0259 y\u00fcks\u0259k t\u0259cr\u00fcb\u0259y\u0259 sahib komandam\u0131zla, elektrik \u015fkaflar\u0131n\u0131 x\u00fcsusi t\u0259l\u0259bl\u0259r\u0259 uy\u011fun haz\u0131rlay\u0131r v\u0259 qura\u015fd\u0131r\u0131r\u0131q. Xidm\u0259tl\u0259rimiz: Elektrik \u015ekaflar\u0131n\u0131n Dizayn\u0131 v\u0259 \u0130stehsal\u0131 Elektrik<span class=\"more-dots\">&#8230;<\/span> <span class=\"more-tag\"><a class=\"more-link\" href=\"https:\/\/avtomatika.az\/en\/elektrik-skaflarinin-hazirlanmasi\/\">More details<span class=\"screen-reader-text\"> \"Elektrik \u015fkaflar\u0131n\u0131n haz\u0131rlanmas\u0131\"<\/span><\/a><\/span><!-- .more-tag --><\/p>","protected":false},"author":1,"featured_media":0,"parent":0,"menu_order":0,"comment_status":"closed","ping_status":"closed","template":"page-templates\/full-width.php","meta":{"footnotes":""},"class_list":["post-3495","page","type-page","status-publish","hentry"],"_links":{"self":[{"href":"https:\/\/avtomatika.az\/en\/wp-json\/wp\/v2\/pages\/3495","targetHints":{"allow":["GET"]}}],"collection":[{"href":"https:\/\/avtomatika.az\/en\/wp-json\/wp\/v2\/pages"}],"about":[{"href":"https:\/\/avtomatika.az\/en\/wp-json\/wp\/v2\/types\/page"}],"author":[{"embeddable":true,"href":"https:\/\/avtomatika.az\/en\/wp-json\/wp\/v2\/users\/1"}],"replies":[{"embeddable":true,"href":"https:\/\/avtomatika.az\/en\/wp-json\/wp\/v2\/comments?post=3495"}],"version-history":[{"count":0,"href":"https:\/\/avtomatika.az\/en\/wp-json\/wp\/v2\/pages\/3495\/revisions"}],"wp:attachment":[{"href":"https:\/\/avtomatika.az\/en\/wp-json\/wp\/v2\/media?parent=3495"}],"curies":[{"name":"wp","href":"https:\/\/api.w.org\/{rel}","templated":true}]}}