{"id":3511,"date":"2024-08-29T20:28:55","date_gmt":"2024-08-29T20:28:55","guid":{"rendered":"https:\/\/avtomatika.az\/?page_id=3511"},"modified":"2025-01-08T18:58:52","modified_gmt":"2025-01-08T18:58:52","slug":"texniki-xidmet","status":"publish","type":"page","link":"https:\/\/avtomatika.az\/en\/texniki-xidmet\/","title":{"rendered":"Technical service"},"content":{"rendered":"<div data-elementor-type=\"wp-page\" data-elementor-id=\"3511\" class=\"elementor elementor-3511\" data-elementor-post-type=\"page\">\n\t\t\t\t<div class=\"elementor-element elementor-element-2b1cb41 e-flex e-con-boxed e-con e-parent\" data-id=\"2b1cb41\" data-element_type=\"container\" data-settings=\"{&quot;background_background&quot;:&quot;classic&quot;}\">\n\t\t\t\t\t<div class=\"e-con-inner\">\n\t\t<div class=\"elementor-element elementor-element-05bbf7a e-con-full e-flex e-con e-child\" data-id=\"05bbf7a\" data-element_type=\"container\">\n\t\t\t\t<div class=\"elementor-element elementor-element-da9141a elementor-widget elementor-widget-image\" data-id=\"da9141a\" data-element_type=\"widget\" data-widget_type=\"image.default\">\n\t\t\t\t<div class=\"elementor-widget-container\">\n\t\t\t\t\t\t\t\t\t\t\t\t\t\t\t<img fetchpriority=\"high\" decoding=\"async\" width=\"1024\" height=\"684\" src=\"https:\/\/avtomatika.az\/wp-content\/uploads\/2024\/12\/svatt-1-1024x684.jpg\" class=\"attachment-large size-large wp-image-3710\" alt=\"\" srcset=\"https:\/\/avtomatika.az\/wp-content\/uploads\/2024\/12\/svatt-1-1024x684.jpg 1024w, https:\/\/avtomatika.az\/wp-content\/uploads\/2024\/12\/svatt-1-300x200.jpg 300w, https:\/\/avtomatika.az\/wp-content\/uploads\/2024\/12\/svatt-1-768x513.jpg 768w, https:\/\/avtomatika.az\/wp-content\/uploads\/2024\/12\/svatt-1.jpg 1200w\" sizes=\"(max-width: 1024px) 100vw, 1024px\" \/>\t\t\t\t\t\t\t\t\t\t\t\t\t\t\t<\/div>\n\t\t\t\t<\/div>\n\t\t\t\t<div class=\"elementor-element elementor-element-92fd5b5 elementor-widget elementor-widget-heading\" data-id=\"92fd5b5\" data-element_type=\"widget\" data-widget_type=\"heading.default\">\n\t\t\t\t<div class=\"elementor-widget-container\">\n\t\t\t\t\t<h2 class=\"elementor-heading-title elementor-size-default\">Technical service<\/h2>\t\t\t\t<\/div>\n\t\t\t\t<\/div>\n\t\t\t\t<div class=\"elementor-element elementor-element-0b0df55 elementor-widget elementor-widget-text-editor\" data-id=\"0b0df55\" data-element_type=\"widget\" data-widget_type=\"text-editor.default\">\n\t\t\t\t<div class=\"elementor-widget-container\">\n\t\t\t\t\t\t\t\t\t<p><strong>AvtomatikaAz MMC<\/strong> olaraq, <strong>Texniki Xidm\u0259t<\/strong> sah\u0259sind\u0259 pe\u015f\u0259kar d\u0259st\u0259k v\u0259 y\u00fcks\u0259k keyfiyy\u0259tli xidm\u0259tl\u0259r t\u0259klif edirik. Bizim m\u0259qs\u0259dimiz, m\u00fc\u015ft\u0259ril\u0259rimizin avadanl\u0131qlar\u0131n\u0131n v\u0259 sisteml\u0259rinin optimal i\u015f \u015f\u0259raitind\u0259 f\u0259aliyy\u0259t g\u00f6st\u0259rm\u0259sini t\u0259min etm\u0259kdir. Bu m\u0259qs\u0259dl\u0259, geni\u015f texniki xidm\u0259t portfeli t\u0259qdim edirik ki, bu da m\u00fc\u015ft\u0259ril\u0259rimizin i\u015f prosesl\u0259rinin fasil\u0259siz v\u0259 s\u0259m\u0259r\u0259li \u015f\u0259kild\u0259 davam etm\u0259sin\u0259 imkan verir.<\/p><p><strong>Texniki Xidm\u0259t<\/strong> xidm\u0259tl\u0259rimiz, avadanl\u0131q v\u0259 sisteml\u0259rin qura\u015fd\u0131r\u0131lmas\u0131ndan ba\u015flayaraq, h\u0259rt\u0259r\u0259fli texniki d\u0259st\u0259k v\u0259 t\u0259mir xidm\u0259tl\u0259rin\u0259 q\u0259d\u0259r geni\u015f bir sah\u0259ni \u0259hat\u0259 edir. \u0130st\u0259r yeni sisteml\u0259rin qura\u015fd\u0131r\u0131lmas\u0131, ist\u0259rs\u0259 d\u0259 m\u00f6vcud avadanl\u0131qlar\u0131n texniki bax\u0131m\u0131 v\u0259 t\u0259miri olsun, <strong>AvtomatikaAz MMC<\/strong> h\u0259r zaman y\u00fcks\u0259k keyfiyy\u0259tli xidm\u0259tl\u0259r t\u0259qdim edir.<\/p><p><strong>Xidm\u0259tl\u0259rimiz:<\/strong><\/p><ol><li><strong> Avadanl\u0131qlar\u0131n Qura\u015fd\u0131r\u0131lmas\u0131 v\u0259 \u0130stifad\u0259y\u0259 Verilm\u0259si<\/strong><\/li><\/ol><p>Yeni avadanl\u0131qlar\u0131n qura\u015fd\u0131r\u0131lmas\u0131 v\u0259 i\u015f\u0259 sal\u0131nmas\u0131 prosesind\u0259 m\u00fct\u0259x\u0259ssis komandam\u0131z, cihazlar\u0131n d\u00fczg\u00fcn v\u0259 s\u0259m\u0259r\u0259li i\u015fl\u0259m\u0259si \u00fc\u00e7\u00fcn b\u00fct\u00fcn detallara diqq\u0259t yetirir. Biz, qura\u015fd\u0131rma prosesini \u0259n y\u00fcks\u0259k standartlara uy\u011fun \u015f\u0259kild\u0259 h\u0259yata ke\u00e7irir v\u0259 avadanl\u0131qlar\u0131n istifad\u0259y\u0259 verilm\u0259sini t\u0259min edirik.<\/p><ul><li><strong>Avadanl\u0131q Qura\u015fd\u0131r\u0131lmas\u0131<\/strong>: Texniki xidm\u0259tl\u0259rimiz, yeni avadanl\u0131qlar\u0131n v\u0259 sisteml\u0259rin d\u00fczg\u00fcn \u015f\u0259kild\u0259 qura\u015fd\u0131r\u0131lmas\u0131n\u0131 t\u0259min edir.<\/li><li><strong>Sistemin \u0130stifad\u0259y\u0259 Verilm\u0259si<\/strong>: Yeni qura\u015fd\u0131r\u0131lan sisteml\u0259ri d\u00fczg\u00fcn i\u015fl\u0259y\u0259c\u0259k \u015f\u0259kild\u0259 test edir v\u0259 istifad\u0259y\u0259 veririk.<\/li><\/ul><ol start=\"2\"><li><strong> Texniki Bax\u0131m v\u0259 Monitorinq<\/strong><\/li><\/ol><p>M\u00fc\u015ft\u0259ril\u0259rimizin avadanl\u0131qlar\u0131n\u0131n davaml\u0131 i\u015fl\u0259m\u0259sini t\u0259min etm\u0259k \u00fc\u00e7\u00fcn m\u00fcnt\u0259z\u0259m texniki bax\u0131m xidm\u0259tl\u0259ri t\u0259qdim edirik. Avadanl\u0131qlar\u0131n texniki bax\u0131m\u0131, nasazl\u0131qlar\u0131n erk\u0259n a\u015fkarlanmas\u0131na v\u0259 potensial probleml\u0259rin qar\u015f\u0131s\u0131n\u0131n al\u0131nmas\u0131na k\u00f6m\u0259k edir.<\/p><ul><li><strong>M\u00fcnt\u0259z\u0259m Texniki Bax\u0131m<\/strong>: Avadanl\u0131qlar\u0131n uzunm\u00fcdd\u0259tli v\u0259 etibarl\u0131 i\u015fl\u0259m\u0259sini t\u0259min etm\u0259k \u00fc\u00e7\u00fcn m\u00fct\u0259madi olaraq texniki bax\u0131m xidm\u0259tl\u0259ri h\u0259yata ke\u00e7iririk.<\/li><li><strong>Avadanl\u0131q Monitorinqi<\/strong>: Avadanl\u0131qlar\u0131n i\u015fl\u0259m\u0259 v\u0259ziyy\u0259tini davaml\u0131 olaraq izl\u0259yir, h\u0259r hans\u0131 bir anomaliya v\u0259 ya probleml\u0259ri erk\u0259n a\u015fkar edirik.<\/li><\/ul><ol start=\"3\"><li><strong> T\u0259mir v\u0259 B\u0259rpa Xidm\u0259tl\u0259ri<\/strong><\/li><\/ol><p>\u018fg\u0259r avadanl\u0131qda h\u0259r hans\u0131 bir nasazl\u0131q yaranarsa, bizim t\u0259cr\u00fcb\u0259li texniki komandam\u0131z s\u00fcr\u0259tl\u0259 m\u00fcdaxil\u0259 ed\u0259r\u0259k t\u0259mir v\u0259 b\u0259rpa i\u015fl\u0259rini h\u0259yata ke\u00e7irir. Avadanl\u0131\u011f\u0131n t\u0259mirini v\u0259 ya yenil\u0259nm\u0259sini t\u0259min edirik ki, istehsal\u0131n fasil\u0259sizliyi qorunsun.<\/p><ul><li><strong>Avadanl\u0131q T\u0259mir Xidm\u0259tl\u0259ri<\/strong>: H\u0259r hans\u0131 bir nasazl\u0131q v\u0259 ya q\u0259za ba\u015f verdikd\u0259, avadanl\u0131\u011f\u0131n t\u0259miri s\u00fcr\u0259tl\u0259 h\u0259yata ke\u00e7irilir.<\/li><li><strong>B\u0259rpa v\u0259 Yenil\u0259nm\u0259<\/strong>: K\u00f6hn\u0259lmi\u015f v\u0259 ya z\u0259d\u0259l\u0259nmi\u015f avadanl\u0131qlar\u0131 t\u0259mir edir v\u0259 onlar\u0131 daha y\u00fcks\u0259k performansla i\u015fl\u0259m\u0259y\u0259 imkan veririk.<\/li><\/ul><ol start=\"4\"><li><strong> Ehtiyat Hiss\u0259l\u0259rinin T\u0259minat\u0131<\/strong><\/li><\/ol><p>Avadanl\u0131qlar\u0131n fasil\u0259siz i\u015fl\u0259m\u0259si \u00fc\u00e7\u00fcn ehtiyat hiss\u0259l\u0259rinin d\u00fczg\u00fcn vaxtda t\u0259min edilm\u0259si vacibdir. Biz m\u00fc\u015ft\u0259ril\u0259rimiz\u0259 orijinal ehtiyat hiss\u0259l\u0259ri v\u0259 y\u00fcks\u0259k keyfiyy\u0259tli komponentl\u0259r t\u0259klif edirik.<\/p><ul><li><strong>Spare Parts<\/strong>: Avadanl\u0131qlar\u0131n t\u0259mir v\u0259 saxlan\u0131lmas\u0131 \u00fc\u00e7\u00fcn laz\u0131m olan ehtiyat hiss\u0259l\u0259rini t\u0259klif edirik.<\/li><li><strong>Komponent T\u0259minat\u0131<\/strong>: H\u0259r n\u00f6v s\u0259naye avadanl\u0131qlar\u0131 \u00fc\u00e7\u00fcn orijinal v\u0259 y\u00fcks\u0259k keyfiyy\u0259tli komponentl\u0259rin t\u0259minat\u0131.<\/li><\/ul><ol start=\"5\"><li><strong> T\u0259lim v\u0259 D\u0259st\u0259k Xidm\u0259tl\u0259ri<\/strong><\/li><\/ol><p>Avadanl\u0131qlar\u0131n d\u00fczg\u00fcn i\u015fl\u0259m\u0259si v\u0259 istifad\u0259si \u00fc\u00e7\u00fcn istifad\u0259\u00e7il\u0259r\u0259 pe\u015f\u0259kar t\u0259liml\u0259r v\u0259 d\u0259st\u0259k xidm\u0259tl\u0259ri t\u0259klif edirik. Bu xidm\u0259tl\u0259r, m\u00fc\u015ft\u0259ril\u0259rimizin avadanl\u0131qlardan \u0259n y\u00fcks\u0259k s\u0259viyy\u0259d\u0259 faydalanmas\u0131n\u0131 t\u0259min edir.<\/p><ul><li><strong>\u0130stifad\u0259\u00e7i T\u0259liml\u0259ri<\/strong>: Avadanl\u0131qlar\u0131n d\u00fczg\u00fcn istifad\u0259 olunmas\u0131 \u00fc\u00e7\u00fcn t\u0259lim proqramlar\u0131 t\u0259\u015fkil edirik.<\/li><li><strong>Technical Support<\/strong>: Texniki xidm\u0259tl\u0259rimiz\u0259 \u0259lav\u0259 olaraq, m\u00fc\u015ft\u0259ril\u0259rimiz\u0259 telefon, e-po\u00e7t v\u0259 yerind\u0259 d\u0259st\u0259k xidm\u0259tl\u0259ri t\u0259qdim edirik.<\/li><\/ul><p>\u00a0<\/p>\t\t\t\t\t\t\t\t<\/div>\n\t\t\t\t<\/div>\n\t\t<div class=\"elementor-element elementor-element-af7997e e-con-full e-flex e-con e-child\" data-id=\"af7997e\" data-element_type=\"container\">\n\t\t<div class=\"elementor-element elementor-element-7ebcb22 e-con-full e-flex e-con e-child\" data-id=\"7ebcb22\" data-element_type=\"container\">\n\t\t\t\t<div class=\"elementor-element elementor-element-99781aa elementor-widget elementor-widget-image\" data-id=\"99781aa\" data-element_type=\"widget\" data-widget_type=\"image.default\">\n\t\t\t\t<div class=\"elementor-widget-container\">\n\t\t\t\t\t\t\t\t\t\t\t\t\t\t\t<img decoding=\"async\" width=\"1024\" height=\"683\" src=\"https:\/\/avtomatika.az\/wp-content\/uploads\/2024\/03\/09-1024x683.jpg\" class=\"attachment-large size-large wp-image-1096\" alt=\"\" srcset=\"https:\/\/avtomatika.az\/wp-content\/uploads\/2024\/03\/09-1024x683.jpg 1024w, https:\/\/avtomatika.az\/wp-content\/uploads\/2024\/03\/09-300x200.jpg 300w, https:\/\/avtomatika.az\/wp-content\/uploads\/2024\/03\/09-768x512.jpg 768w, https:\/\/avtomatika.az\/wp-content\/uploads\/2024\/03\/09-1536x1024.jpg 1536w, https:\/\/avtomatika.az\/wp-content\/uploads\/2024\/03\/09-600x400.jpg 600w, https:\/\/avtomatika.az\/wp-content\/uploads\/2024\/03\/09.jpg 1920w\" sizes=\"(max-width: 1024px) 100vw, 1024px\" \/>\t\t\t\t\t\t\t\t\t\t\t\t\t\t\t<\/div>\n\t\t\t\t<\/div>\n\t\t\t\t<\/div>\n\t\t<div class=\"elementor-element elementor-element-52a32f4 e-con-full e-flex e-con e-child\" data-id=\"52a32f4\" data-element_type=\"container\">\n\t\t\t\t<div class=\"elementor-element elementor-element-16f0aa0 elementor-widget elementor-widget-heading\" data-id=\"16f0aa0\" data-element_type=\"widget\" data-widget_type=\"heading.default\">\n\t\t\t\t<div class=\"elementor-widget-container\">\n\t\t\t\t\t<h3 class=\"elementor-heading-title elementor-size-default\">Texniki xidm\u0259tl\u0259rin faydalar\u0131<\/h3>\t\t\t\t<\/div>\n\t\t\t\t<\/div>\n\t\t\t\t<div class=\"elementor-element elementor-element-b1456b3 elementor-widget elementor-widget-text-editor\" data-id=\"b1456b3\" data-element_type=\"widget\" data-widget_type=\"text-editor.default\">\n\t\t\t\t<div class=\"elementor-widget-container\">\n\t\t\t\t\t\t\t\t\t<p><strong>Texniki xidm\u0259tl\u0259r<\/strong>, avadanl\u0131qlar\u0131n v\u0259 sisteml\u0259rin optimal i\u015fl\u0259m\u0259sini t\u0259min etm\u0259k, fasil\u0259siz istehsal prosesl\u0259rini qorumaq v\u0259 \u00fcmumi \u0259m\u0259liyyatlar\u0131n s\u0259m\u0259r\u0259liliyini art\u0131rmaq \u00fc\u00e7\u00fcn vacibdir. <strong>AvtomatikaAz MMC<\/strong> olaraq, m\u00fc\u015ft\u0259ril\u0259rimiz\u0259 t\u0259qdim etdiyimiz texniki xidm\u0259tl\u0259r, avadanl\u0131qlar\u0131n v\u0259 sisteml\u0259rin uzun\u00f6m\u00fcrl\u00fc v\u0259 y\u00fcks\u0259k performansla i\u015fl\u0259m\u0259sini t\u0259min edir. Bu xidm\u0259tl\u0259rin faydalar\u0131, yaln\u0131z texniki nasazl\u0131qlar\u0131n qar\u015f\u0131s\u0131n\u0131 almaqla qalm\u0131r, eyni zamanda resurslardan s\u0259m\u0259r\u0259li istifad\u0259 etm\u0259y\u0259 v\u0259 x\u0259rcl\u0259ri azaltma\u011fa da k\u00f6m\u0259k edir.<\/p>\t\t\t\t\t\t\t\t<\/div>\n\t\t\t\t<\/div>\n\t\t\t\t<\/div>\n\t\t\t\t<\/div>\n\t\t\t\t<\/div>\n\t\t\t\t\t<\/div>\n\t\t\t\t<\/div>\n\t\t\t\t<\/div>","protected":false},"excerpt":{"rendered":"<p>Texniki xidm\u0259t AvtomatikaAz MMC olaraq, Texniki Xidm\u0259t sah\u0259sind\u0259 pe\u015f\u0259kar d\u0259st\u0259k v\u0259 y\u00fcks\u0259k keyfiyy\u0259tli xidm\u0259tl\u0259r t\u0259klif edirik. Bizim m\u0259qs\u0259dimiz, m\u00fc\u015ft\u0259ril\u0259rimizin avadanl\u0131qlar\u0131n\u0131n v\u0259 sisteml\u0259rinin optimal i\u015f \u015f\u0259raitind\u0259 f\u0259aliyy\u0259t g\u00f6st\u0259rm\u0259sini t\u0259min etm\u0259kdir. Bu m\u0259qs\u0259dl\u0259, geni\u015f texniki xidm\u0259t portfeli t\u0259qdim edirik ki, bu da m\u00fc\u015ft\u0259ril\u0259rimizin i\u015f prosesl\u0259rinin fasil\u0259siz v\u0259 s\u0259m\u0259r\u0259li \u015f\u0259kild\u0259 davam etm\u0259sin\u0259 imkan verir. Texniki Xidm\u0259t xidm\u0259tl\u0259rimiz, avadanl\u0131q<span class=\"more-dots\">&#8230;<\/span> <span class=\"more-tag\"><a class=\"more-link\" href=\"https:\/\/avtomatika.az\/en\/texniki-xidmet\/\">More details<span class=\"screen-reader-text\"> \"Texniki xidm\u0259t\"<\/span><\/a><\/span><!-- .more-tag --><\/p>","protected":false},"author":1,"featured_media":0,"parent":0,"menu_order":0,"comment_status":"closed","ping_status":"closed","template":"page-templates\/full-width.php","meta":{"footnotes":""},"class_list":["post-3511","page","type-page","status-publish","hentry"],"_links":{"self":[{"href":"https:\/\/avtomatika.az\/en\/wp-json\/wp\/v2\/pages\/3511","targetHints":{"allow":["GET"]}}],"collection":[{"href":"https:\/\/avtomatika.az\/en\/wp-json\/wp\/v2\/pages"}],"about":[{"href":"https:\/\/avtomatika.az\/en\/wp-json\/wp\/v2\/types\/page"}],"author":[{"embeddable":true,"href":"https:\/\/avtomatika.az\/en\/wp-json\/wp\/v2\/users\/1"}],"replies":[{"embeddable":true,"href":"https:\/\/avtomatika.az\/en\/wp-json\/wp\/v2\/comments?post=3511"}],"version-history":[{"count":0,"href":"https:\/\/avtomatika.az\/en\/wp-json\/wp\/v2\/pages\/3511\/revisions"}],"wp:attachment":[{"href":"https:\/\/avtomatika.az\/en\/wp-json\/wp\/v2\/media?parent=3511"}],"curies":[{"name":"wp","href":"https:\/\/api.w.org\/{rel}","templated":true}]}}