{"id":3514,"date":"2024-08-29T20:28:55","date_gmt":"2024-08-29T20:28:55","guid":{"rendered":"https:\/\/avtomatika.az\/?page_id=3514"},"modified":"2025-01-08T18:55:18","modified_gmt":"2025-01-08T18:55:18","slug":"muhendislik-xidmetleri","status":"publish","type":"page","link":"https:\/\/avtomatika.az\/en\/muhendislik-xidmetleri\/","title":{"rendered":"Engineering services"},"content":{"rendered":"<div data-elementor-type=\"wp-page\" data-elementor-id=\"3514\" class=\"elementor elementor-3514\" data-elementor-post-type=\"page\">\n\t\t\t\t<div class=\"elementor-element elementor-element-2b1cb41 e-flex e-con-boxed e-con e-parent\" data-id=\"2b1cb41\" data-element_type=\"container\" data-settings=\"{&quot;background_background&quot;:&quot;classic&quot;}\">\n\t\t\t\t\t<div class=\"e-con-inner\">\n\t\t<div class=\"elementor-element elementor-element-05bbf7a e-con-full e-flex e-con e-child\" data-id=\"05bbf7a\" data-element_type=\"container\">\n\t\t\t\t<div class=\"elementor-element elementor-element-da9141a elementor-widget elementor-widget-image\" data-id=\"da9141a\" data-element_type=\"widget\" data-widget_type=\"image.default\">\n\t\t\t\t<div class=\"elementor-widget-container\">\n\t\t\t\t\t\t\t\t\t\t\t\t\t\t\t<img fetchpriority=\"high\" decoding=\"async\" width=\"1024\" height=\"427\" src=\"https:\/\/avtomatika.az\/wp-content\/uploads\/2024\/03\/post-01-2-1024x427.jpg\" class=\"attachment-large size-large wp-image-3393\" alt=\"\" srcset=\"https:\/\/avtomatika.az\/wp-content\/uploads\/2024\/03\/post-01-2-1024x427.jpg 1024w, https:\/\/avtomatika.az\/wp-content\/uploads\/2024\/03\/post-01-2-300x125.jpg 300w, https:\/\/avtomatika.az\/wp-content\/uploads\/2024\/03\/post-01-2-768x320.jpg 768w, https:\/\/avtomatika.az\/wp-content\/uploads\/2024\/03\/post-01-2-600x250.jpg 600w, https:\/\/avtomatika.az\/wp-content\/uploads\/2024\/03\/post-01-2.jpg 1200w\" sizes=\"(max-width: 1024px) 100vw, 1024px\" \/>\t\t\t\t\t\t\t\t\t\t\t\t\t\t\t<\/div>\n\t\t\t\t<\/div>\n\t\t\t\t<div class=\"elementor-element elementor-element-92fd5b5 elementor-widget elementor-widget-heading\" data-id=\"92fd5b5\" data-element_type=\"widget\" data-widget_type=\"heading.default\">\n\t\t\t\t<div class=\"elementor-widget-container\">\n\t\t\t\t\t<h2 class=\"elementor-heading-title elementor-size-default\">Engineering services<\/h2>\t\t\t\t<\/div>\n\t\t\t\t<\/div>\n\t\t\t\t<div class=\"elementor-element elementor-element-0b0df55 elementor-widget elementor-widget-text-editor\" data-id=\"0b0df55\" data-element_type=\"widget\" data-widget_type=\"text-editor.default\">\n\t\t\t\t<div class=\"elementor-widget-container\">\n\t\t\t\t\t\t\t\t\t<p><strong>AvtomatikaAz MMC<\/strong> olaraq, <strong>M\u00fch\u0259ndislik Xidm\u0259tl\u0259ri<\/strong> sah\u0259sind\u0259 y\u00fcks\u0259k keyfiyy\u0259tli v\u0259 m\u00fcasir yana\u015fmalarla m\u00fc\u015ft\u0259ril\u0259rimizin m\u00fcxt\u0259lif ehtiyaclar\u0131na uy\u011fun h\u0259ll\u0259r t\u0259klif edirik. \u0130stehsal prosesl\u0259rinin avtomatla\u015fd\u0131r\u0131lmas\u0131, texniki layih\u0259l\u0259ndirm\u0259, sistem inteqrasiyas\u0131 v\u0259 s\u0259naye avadanl\u0131qlar\u0131n\u0131n optimalla\u015fd\u0131r\u0131lmas\u0131 kimi sah\u0259l\u0259rd\u0259 qabaqc\u0131l m\u00fch\u0259ndislik xidm\u0259tl\u0259ri t\u0259qdim edirik. T\u0259cr\u00fcb\u0259li m\u00fch\u0259ndis komandam\u0131z, h\u0259r bir layih\u0259y\u0259 f\u0259rdi yana\u015faraq, m\u00fc\u015ft\u0259ril\u0259rimizin x\u00fcsusi t\u0259l\u0259bl\u0259rini n\u0259z\u0259r\u0259 alaraq \u0259n effektiv v\u0259 iqtisadi h\u0259ll\u0259ri t\u0259qdim edir.<\/p><p><strong>Xidm\u0259tl\u0259rimiz:<\/strong><\/p><ol><li><strong> \u0130stehsal Prosesl\u0259rinin Texniki Layih\u0259l\u0259ndirilm\u0259si<\/strong><\/li><\/ol><p>\u0130stehsal prosesl\u0259rinin m\u00fck\u0259mm\u0259l \u015f\u0259kild\u0259 i\u015fl\u0259m\u0259si \u00fc\u00e7\u00fcn texniki layih\u0259l\u0259ndirm\u0259 m\u00fch\u00fcm \u0259h\u0259miyy\u0259t k\u0259sb edir. Biz, m\u00fc\u015ft\u0259ril\u0259rimizin istehsal ehtiyaclar\u0131na uy\u011fun olaraq x\u00fcsusi layih\u0259l\u0259r haz\u0131rlay\u0131r\u0131q:<\/p><ul><li><strong>Proses Ax\u0131n\u0131 T\u0259hlili<\/strong>: \u0130stehsal prosesl\u0259rinin analizini apararaq, optimalla\u015fd\u0131rma imkanlar\u0131n\u0131 m\u00fc\u0259yy\u0259n edirik.<\/li><li><strong>Avadanl\u0131q Se\u00e7imi v\u0259 Layih\u0259l\u0259ndirm\u0259<\/strong>: \u0130stehsal prosesl\u0259rin\u0259 uy\u011fun avadanl\u0131qlar\u0131n se\u00e7ilm\u0259si v\u0259 inteqrasiyas\u0131n\u0131 t\u0259min edirik.<\/li><li><strong>Sistem T\u0259kmill\u0259\u015fdirm\u0259<\/strong>: M\u00f6vcud sisteml\u0259ri t\u0259hlil ed\u0259r\u0259k onlar\u0131n s\u0259m\u0259r\u0259liliyini art\u0131rmaq \u00fc\u00e7\u00fcn t\u0259kmill\u0259\u015fdirm\u0259 planlar\u0131 t\u0259klif edirik.<\/li><\/ul><ol start=\"2\"><li><strong> Avtomatla\u015fd\u0131rma v\u0259 \u0130nteqrasiya<\/strong><\/li><\/ol><p>M\u00fcasir istehsal m\u00fc\u0259ssis\u0259l\u0259ri, prosesl\u0259ri optimalla\u015fd\u0131rmaq v\u0259 s\u0259m\u0259r\u0259liliyi art\u0131rmaq \u00fc\u00e7\u00fcn avtomatla\u015fd\u0131rmaya b\u00f6y\u00fck \u00f6n\u0259m verir. Bizim m\u00fch\u0259ndislik xidm\u0259tl\u0259rimiz, istehsal x\u0259tl\u0259rini avtomatla\u015fd\u0131rmaq v\u0259 f\u0259rqli sisteml\u0259ri birl\u0259\u015fdirm\u0259k sah\u0259sind\u0259 \u0259hat\u0259li h\u0259ll\u0259r t\u0259klif edir:<\/p><ul><li><strong>PLC v\u0259 SCADA Sistemi \u0130nteqrasiyas\u0131<\/strong>: Prosesl\u0259ri avtomatik idar\u0259 etm\u0259k v\u0259 n\u0259zar\u0259t etm\u0259k \u00fc\u00e7\u00fcn PLC v\u0259 SCADA sisteml\u0259ri il\u0259 inteqrasiya edirik.<\/li><li><strong>\u0130stehsal \u0130dar\u0259etm\u0259 Sisteml\u0259ri (MES)<\/strong>: \u0130stehsal x\u0259tl\u0259rini izl\u0259y\u0259n v\u0259 idar\u0259 ed\u0259n sisteml\u0259r quraraq istehsal\u0131n izl\u0259nm\u0259si v\u0259 optimalla\u015fd\u0131r\u0131lmas\u0131n\u0131 t\u0259min edirik.<\/li><li><strong>Robotik Proses Avtomatla\u015fd\u0131r\u0131lmas\u0131 (RPA)<\/strong>: \u0130stehsal prosesind\u0259 robotlar\u0131n v\u0259 avtomatik sisteml\u0259rin istifad\u0259sini t\u0259klif edirik.<\/li><\/ul><ol start=\"3\"><li><strong> S\u0259naye Avadanl\u0131qlar\u0131n\u0131n Se\u00e7imi v\u0259 T\u0259kmill\u0259\u015fdirilm\u0259si<\/strong><\/li><\/ol><p>\u0130stehsal prosesl\u0259rinin effektivliyini art\u0131rmaq \u00fc\u00e7\u00fcn do\u011fru avadanl\u0131q se\u00e7imi m\u00fch\u00fcm rol oynay\u0131r. Biz m\u00fc\u015ft\u0259ril\u0259rimizin ehtiyaclar\u0131na uy\u011fun avadanl\u0131q se\u00e7imi v\u0259 optimalla\u015fd\u0131rma xidm\u0259tl\u0259ri t\u0259qdim edirik:<\/p><ul><li><strong>Avadanl\u0131q Se\u00e7imi v\u0259 T\u0259chizat\u0131<\/strong>: \u0130stehsal prosesl\u0259rin\u0259 uy\u011fun avadanl\u0131qlar\u0131n se\u00e7ilm\u0259si, t\u0259minat\u0131 v\u0259 qura\u015fd\u0131r\u0131lmas\u0131.<\/li><li><strong>Performans T\u0259kmill\u0259\u015fdirm\u0259<\/strong>: M\u00f6vcud avadanl\u0131qlar\u0131n t\u0259kmill\u0259\u015fdirilm\u0259si v\u0259 enerjiy\u0259 q\u0259na\u0259t ed\u0259n h\u0259ll\u0259rin t\u0259tbiqi.<\/li><li><strong>Texniki D\u0259st\u0259k v\u0259 Yed\u0259k Hiss\u0259l\u0259r<\/strong>: Avadanl\u0131qla ba\u011fl\u0131 texniki d\u0259st\u0259k v\u0259 ehtiyat hiss\u0259l\u0259rinin t\u0259min edilm\u0259si.<\/li><\/ul><ol start=\"4\"><li><strong> Layih\u0259 \u0130dar\u0259etm\u0259si v\u0259 Konsultasiya<\/strong><\/li><\/ol><p>\u018flav\u0259 olaraq, m\u00fc\u015ft\u0259ril\u0259rimiz\u0259 m\u00fch\u0259ndislik layih\u0259l\u0259rind\u0259 tam xidm\u0259t t\u0259qdim edirik. Biz, h\u0259r bir layih\u0259ni ba\u015fdan sona q\u0259d\u0259r izl\u0259yirik v\u0259 layih\u0259 idar\u0259etm\u0259 xidm\u0259tl\u0259ri il\u0259 m\u00fc\u015ft\u0259ril\u0259rimizin t\u0259l\u0259bl\u0259rin\u0259 uy\u011fun h\u0259ll\u0259r t\u0259qdim edirik:<\/p><ul><li><strong>Layih\u0259 \u0130dar\u0259etm\u0259si<\/strong>: Layih\u0259 m\u00fcdd\u0259tind\u0259 b\u00fct\u00fcn m\u0259rh\u0259l\u0259l\u0259ri izl\u0259yirik, resurslar\u0131 v\u0259 vaxt\u0131 optimalla\u015fd\u0131r\u0131r\u0131q.<\/li><li><strong>Texniki Konsultasiya<\/strong>: M\u00fch\u0259ndislik sah\u0259sind\u0259 pe\u015f\u0259kar konsultasiya xidm\u0259tl\u0259ri t\u0259qdim ed\u0259r\u0259k, m\u00fc\u015ft\u0259ril\u0259rimizin \u0259n yax\u015f\u0131 q\u0259rarlar\u0131 verm\u0259sin\u0259 k\u00f6m\u0259k edirik.<\/li><li><strong>Riskl\u0259rin Azald\u0131lmas\u0131<\/strong>: Layih\u0259 riskl\u0259rini idar\u0259 edir v\u0259 potensial probleml\u0259rin qar\u015f\u0131s\u0131n\u0131 al\u0131r\u0131q.<\/li><\/ul><p>\u00a0<\/p>\t\t\t\t\t\t\t\t<\/div>\n\t\t\t\t<\/div>\n\t\t<div class=\"elementor-element elementor-element-af7997e e-con-full e-flex e-con e-child\" data-id=\"af7997e\" data-element_type=\"container\">\n\t\t<div class=\"elementor-element elementor-element-7ebcb22 e-con-full e-flex e-con e-child\" data-id=\"7ebcb22\" data-element_type=\"container\">\n\t\t\t\t<div class=\"elementor-element elementor-element-99781aa elementor-widget elementor-widget-image\" data-id=\"99781aa\" data-element_type=\"widget\" data-widget_type=\"image.default\">\n\t\t\t\t<div class=\"elementor-widget-container\">\n\t\t\t\t\t\t\t\t\t\t\t\t\t\t\t<img decoding=\"async\" width=\"1024\" height=\"684\" src=\"https:\/\/avtomatika.az\/wp-content\/uploads\/2024\/12\/svatt-1-1024x684.jpg\" class=\"attachment-large size-large wp-image-3710\" alt=\"\" srcset=\"https:\/\/avtomatika.az\/wp-content\/uploads\/2024\/12\/svatt-1-1024x684.jpg 1024w, https:\/\/avtomatika.az\/wp-content\/uploads\/2024\/12\/svatt-1-300x200.jpg 300w, https:\/\/avtomatika.az\/wp-content\/uploads\/2024\/12\/svatt-1-768x513.jpg 768w, https:\/\/avtomatika.az\/wp-content\/uploads\/2024\/12\/svatt-1.jpg 1200w\" sizes=\"(max-width: 1024px) 100vw, 1024px\" \/>\t\t\t\t\t\t\t\t\t\t\t\t\t\t\t<\/div>\n\t\t\t\t<\/div>\n\t\t\t\t<\/div>\n\t\t<div class=\"elementor-element elementor-element-52a32f4 e-con-full e-flex e-con e-child\" data-id=\"52a32f4\" data-element_type=\"container\">\n\t\t\t\t<div class=\"elementor-element elementor-element-16f0aa0 elementor-widget elementor-widget-heading\" data-id=\"16f0aa0\" data-element_type=\"widget\" data-widget_type=\"heading.default\">\n\t\t\t\t<div class=\"elementor-widget-container\">\n\t\t\t\t\t<h3 class=\"elementor-heading-title elementor-size-default\">M\u00fch\u0259ndislik xidm\u0259tl\u0259rinin faydalar\u0131<\/h3>\t\t\t\t<\/div>\n\t\t\t\t<\/div>\n\t\t\t\t<div class=\"elementor-element elementor-element-b1456b3 elementor-widget elementor-widget-text-editor\" data-id=\"b1456b3\" data-element_type=\"widget\" data-widget_type=\"text-editor.default\">\n\t\t\t\t<div class=\"elementor-widget-container\">\n\t\t\t\t\t\t\t\t\t<p><strong>Engineering services<\/strong>, m\u00fc\u0259ssis\u0259l\u0259rin istehsal prosesl\u0259rini optimalla\u015fd\u0131rmaq, avadanl\u0131qlar\u0131n performans\u0131n\u0131 art\u0131rmaq v\u0259 \u00fcmumi sistem s\u0259m\u0259r\u0259liliyini y\u00fcks\u0259ltm\u0259k \u00fc\u00e7\u00fcn vacibdir. <strong>AvtomatikaAz MMC<\/strong> olaraq, t\u0259qdim etdiyimiz m\u00fch\u0259ndislik h\u0259ll\u0259ri m\u00fc\u0259ssis\u0259l\u0259r\u0259 uzunm\u00fcdd\u0259tli fayda t\u0259min edir v\u0259 f\u0259aliyy\u0259tl\u0259rinin davaml\u0131 inki\u015faf\u0131n\u0131 d\u0259st\u0259kl\u0259yir. Bu xidm\u0259tl\u0259rin a\u015fa\u011f\u0131da g\u00f6st\u0259ril\u0259n faydalar\u0131 m\u00fc\u015ft\u0259ril\u0259rimiz\u0259 daha y\u00fcks\u0259k m\u0259hsuldarl\u0131q v\u0259 optimalla\u015fd\u0131r\u0131lm\u0131\u015f istehsal prosesi t\u0259min edir.<\/p>\t\t\t\t\t\t\t\t<\/div>\n\t\t\t\t<\/div>\n\t\t\t\t<div class=\"elementor-element elementor-element-6e6bcbb elementor-align-left elementor-mobile-align-center elementor-icon-list--layout-traditional elementor-list-item-link-full_width elementor-widget elementor-widget-icon-list\" data-id=\"6e6bcbb\" data-element_type=\"widget\" data-widget_type=\"icon-list.default\">\n\t\t\t\t<div class=\"elementor-widget-container\">\n\t\t\t\t\t\t\t<ul class=\"elementor-icon-list-items\">\n\t\t\t\t\t\t\t<li class=\"elementor-icon-list-item\">\n\t\t\t\t\t\t\t\t\t\t\t<span class=\"elementor-icon-list-icon\">\n\t\t\t\t\t\t\t<svg aria-hidden=\"true\" class=\"e-font-icon-svg e-fas-check\" viewbox=\"0 0 512 512\" xmlns=\"http:\/\/www.w3.org\/2000\/svg\"><path d=\"M173.898 439.404l-166.4-166.4c-9.997-9.997-9.997-26.206 0-36.204l36.203-36.204c9.997-9.998 26.207-9.998 36.204 0L192 312.69 432.095 72.596c9.997-9.997 26.207-9.997 36.204 0l36.203 36.204c9.997 9.997 9.997 26.206 0 36.204l-294.4 294.401c-9.998 9.997-26.207 9.997-36.204-.001z\"><\/path><\/svg>\t\t\t\t\t\t<\/span>\n\t\t\t\t\t\t\t\t\t\t<span class=\"elementor-icon-list-text\">\u0130stehsal\u0131n optimalla\u015fd\u0131r\u0131lmas\u0131<\/span>\n\t\t\t\t\t\t\t\t\t<\/li>\n\t\t\t\t\t\t\t\t<li class=\"elementor-icon-list-item\">\n\t\t\t\t\t\t\t\t\t\t\t<span class=\"elementor-icon-list-icon\">\n\t\t\t\t\t\t\t<svg aria-hidden=\"true\" class=\"e-font-icon-svg e-fas-check\" viewbox=\"0 0 512 512\" xmlns=\"http:\/\/www.w3.org\/2000\/svg\"><path d=\"M173.898 439.404l-166.4-166.4c-9.997-9.997-9.997-26.206 0-36.204l36.203-36.204c9.997-9.998 26.207-9.998 36.204 0L192 312.69 432.095 72.596c9.997-9.997 26.207-9.997 36.204 0l36.203 36.204c9.997 9.997 9.997 26.206 0 36.204l-294.4 294.401c-9.998 9.997-26.207 9.997-36.204-.001z\"><\/path><\/svg>\t\t\t\t\t\t<\/span>\n\t\t\t\t\t\t\t\t\t\t<span class=\"elementor-icon-list-text\">Avtomatla\u015fd\u0131rma il\u0259 vaxt q\u0259na\u0259ti<\/span>\n\t\t\t\t\t\t\t\t\t<\/li>\n\t\t\t\t\t\t\t\t<li class=\"elementor-icon-list-item\">\n\t\t\t\t\t\t\t\t\t\t\t<span class=\"elementor-icon-list-icon\">\n\t\t\t\t\t\t\t<svg aria-hidden=\"true\" class=\"e-font-icon-svg e-fas-check\" viewbox=\"0 0 512 512\" xmlns=\"http:\/\/www.w3.org\/2000\/svg\"><path d=\"M173.898 439.404l-166.4-166.4c-9.997-9.997-9.997-26.206 0-36.204l36.203-36.204c9.997-9.998 26.207-9.998 36.204 0L192 312.69 432.095 72.596c9.997-9.997 26.207-9.997 36.204 0l36.203 36.204c9.997 9.997 9.997 26.206 0 36.204l-294.4 294.401c-9.998 9.997-26.207 9.997-36.204-.001z\"><\/path><\/svg>\t\t\t\t\t\t<\/span>\n\t\t\t\t\t\t\t\t\t\t<span class=\"elementor-icon-list-text\">Daha y\u00fcks\u0259k performans<\/span>\n\t\t\t\t\t\t\t\t\t<\/li>\n\t\t\t\t\t\t\t\t<li class=\"elementor-icon-list-item\">\n\t\t\t\t\t\t\t\t\t\t\t<span class=\"elementor-icon-list-icon\">\n\t\t\t\t\t\t\t<svg aria-hidden=\"true\" class=\"e-font-icon-svg e-fas-check\" viewbox=\"0 0 512 512\" xmlns=\"http:\/\/www.w3.org\/2000\/svg\"><path d=\"M173.898 439.404l-166.4-166.4c-9.997-9.997-9.997-26.206 0-36.204l36.203-36.204c9.997-9.998 26.207-9.998 36.204 0L192 312.69 432.095 72.596c9.997-9.997 26.207-9.997 36.204 0l36.203 36.204c9.997 9.997 9.997 26.206 0 36.204l-294.4 294.401c-9.998 9.997-26.207 9.997-36.204-.001z\"><\/path><\/svg>\t\t\t\t\t\t<\/span>\n\t\t\t\t\t\t\t\t\t\t<span class=\"elementor-icon-list-text\">M\u00fcasir texnologiyan\u0131n t\u0259tbiqi<\/span>\n\t\t\t\t\t\t\t\t\t<\/li>\n\t\t\t\t\t\t<\/ul>\n\t\t\t\t\t\t<\/div>\n\t\t\t\t<\/div>\n\t\t\t\t<\/div>\n\t\t\t\t<\/div>\n\t\t\t\t<\/div>\n\t\t\t\t\t<\/div>\n\t\t\t\t<\/div>\n\t\t\t\t<\/div>","protected":false},"excerpt":{"rendered":"<p>M\u00fch\u0259ndislik xidm\u0259tl\u0259ri AvtomatikaAz MMC olaraq, M\u00fch\u0259ndislik Xidm\u0259tl\u0259ri sah\u0259sind\u0259 y\u00fcks\u0259k keyfiyy\u0259tli v\u0259 m\u00fcasir yana\u015fmalarla m\u00fc\u015ft\u0259ril\u0259rimizin m\u00fcxt\u0259lif ehtiyaclar\u0131na uy\u011fun h\u0259ll\u0259r t\u0259klif edirik. \u0130stehsal prosesl\u0259rinin avtomatla\u015fd\u0131r\u0131lmas\u0131, texniki layih\u0259l\u0259ndirm\u0259, sistem inteqrasiyas\u0131 v\u0259 s\u0259naye avadanl\u0131qlar\u0131n\u0131n optimalla\u015fd\u0131r\u0131lmas\u0131 kimi sah\u0259l\u0259rd\u0259 qabaqc\u0131l m\u00fch\u0259ndislik xidm\u0259tl\u0259ri t\u0259qdim edirik. T\u0259cr\u00fcb\u0259li m\u00fch\u0259ndis komandam\u0131z, h\u0259r bir layih\u0259y\u0259 f\u0259rdi yana\u015faraq, m\u00fc\u015ft\u0259ril\u0259rimizin x\u00fcsusi t\u0259l\u0259bl\u0259rini n\u0259z\u0259r\u0259 alaraq \u0259n effektiv v\u0259 iqtisadi<span class=\"more-dots\">&#8230;<\/span> <span class=\"more-tag\"><a class=\"more-link\" href=\"https:\/\/avtomatika.az\/en\/muhendislik-xidmetleri\/\">More details<span class=\"screen-reader-text\"> \"M\u00fch\u0259ndislik xidm\u0259tl\u0259ri\"<\/span><\/a><\/span><!-- .more-tag --><\/p>","protected":false},"author":1,"featured_media":0,"parent":0,"menu_order":0,"comment_status":"closed","ping_status":"closed","template":"page-templates\/full-width.php","meta":{"footnotes":""},"class_list":["post-3514","page","type-page","status-publish","hentry"],"_links":{"self":[{"href":"https:\/\/avtomatika.az\/en\/wp-json\/wp\/v2\/pages\/3514","targetHints":{"allow":["GET"]}}],"collection":[{"href":"https:\/\/avtomatika.az\/en\/wp-json\/wp\/v2\/pages"}],"about":[{"href":"https:\/\/avtomatika.az\/en\/wp-json\/wp\/v2\/types\/page"}],"author":[{"embeddable":true,"href":"https:\/\/avtomatika.az\/en\/wp-json\/wp\/v2\/users\/1"}],"replies":[{"embeddable":true,"href":"https:\/\/avtomatika.az\/en\/wp-json\/wp\/v2\/comments?post=3514"}],"version-history":[{"count":0,"href":"https:\/\/avtomatika.az\/en\/wp-json\/wp\/v2\/pages\/3514\/revisions"}],"wp:attachment":[{"href":"https:\/\/avtomatika.az\/en\/wp-json\/wp\/v2\/media?parent=3514"}],"curies":[{"name":"wp","href":"https:\/\/api.w.org\/{rel}","templated":true}]}}