{"id":3577,"date":"2024-10-14T12:17:28","date_gmt":"2024-10-14T12:17:28","guid":{"rendered":"https:\/\/avtomatika.az\/?page_id=3577"},"modified":"2024-10-14T12:43:50","modified_gmt":"2024-10-14T12:43:50","slug":"hellerimiz","status":"publish","type":"page","link":"https:\/\/avtomatika.az\/en\/hellerimiz\/","title":{"rendered":"Our solutions"},"content":{"rendered":"<div data-elementor-type=\"wp-page\" data-elementor-id=\"3577\" class=\"elementor elementor-3577\" data-elementor-post-type=\"page\">\n\t\t\t\t<div class=\"elementor-element elementor-element-b037c49 e-flex e-con-boxed e-con e-parent\" data-id=\"b037c49\" data-element_type=\"container\" data-settings=\"{&quot;background_background&quot;:&quot;classic&quot;}\">\n\t\t\t\t\t<div class=\"e-con-inner\">\n\t\t\t\t<div class=\"elementor-element elementor-element-2a26530 elementor-widget elementor-widget-mwt-services-grid\" data-id=\"2a26530\" data-element_type=\"widget\" data-settings=\"{&quot;show_top_border_hover&quot;:&quot;yes&quot;,&quot;services_item_style&quot;:&quot;fifth_layout&quot;,&quot;items_per_row&quot;:2,&quot;services_layout&quot;:&quot;grid&quot;,&quot;layout_gap&quot;:&quot;30&quot;}\" data-widget_type=\"mwt-services-grid.default\">\n\t\t\t\t<div class=\"elementor-widget-container\">\n\t\t\t\t\t\t\t\t\t<div class=\"mwt-services-grid-container\">\n\t\t\t\t\t\t\t\t\t\t\t\t\t<div class=\"layout-cols layout-cols-2 layout-gap-30\">\n\t\t\t\t\t\t<div class=\"grid-columns-wrapper\">\n\t\t\t\t\t\t\t<div class=\"masonry\" data-filters=\".grid_filters-6a046de53ed55\" data-order=\"1\">\n\t\t\t\t\t\t\t\t<div class=\"grid-sizer\"><\/div>\n\t\t\t\t\t\t\t\t\t\t\t\t\t\t\t\t\t\t<div class=\"grid-item fifth_layout\">\n\t\t\t\t\t\t\t\t\t\t\t\t\t\t\t\t\t\t\t\t\t\t\t\t\t<div class=\"mwt-services-grid-item-wrap with-top-border-hover\">\n\t\t\t\t\t\t\t\t\t\t\t\t\t\t\t\t\t\t\t\t\t\t\t\t\t\t\t\t\t\t\t\t\t\t\t\t\t\t\t\t\t\t\t<div class=\"mwt-services-grid-content-wrap\">\n\t\t\t\t\t\t\t\t\t\t\t\t\t\t\t\t\t\t\t\t\t\t\t\t\t\t\t\t\t\t\t\t\t<div class=\"mwt-services-grid-icon\">\n\t\t\t\t\t\t\t\t\t\t\t\t\t\t\t\t\t\t<a href=\"https:\/\/avtomatika.az\/en\/reqemsallasma\/\" class=\"mwt-services-grid-icon-link\"><svg xmlns=\"http:\/\/www.w3.org\/2000\/svg\" width=\"1024\" height=\"1024\" viewbox=\"0 0 1024 1024\"><path d=\"M1024 462.451v-33.032h-33.032v-313.806h-49.548v-33.032c0-45.535-37.046-82.581-82.581-82.581h-33.032c-45.535 0-82.581 37.046-82.581 82.581v165.161h-99.097v33.032h-280.774c-45.535 0-82.581 37.046-82.581 82.581v33.032h-66.065v46.262c-17.375 5.731-33.941 13.312-49.548 22.396v-184.27h33.032v-99.097h-33.032v-82.581h-132.129v82.581h-33.032v99.097h33.032v346.839h-16.516v132.129h16.516v231.226h-33.032v33.032h1024v-33.032h-33.032v-528.516h33.032zM33.032 214.709h66.065v-33.032h-33.032v-49.548h66.065v82.581h33.032v33.032h-33.032v240.161c-26.806 21.62-49.317 48.293-66.065 78.452v-285.58h33.032v-33.032h-66.065v-33.032zM132.129 908.386v82.581h-66.065v-169.868c19.225 34.733 45.898 64.495 77.774 87.288h-11.71zM280.774 990.967h-115.613v-68.724c34.634 20.084 74.042 32.339 115.613 34.965v33.759zM528.516 990.967h-214.71v-33.759c91.186-5.748 171.718-58.467 214.71-136.109v169.868zM545.032 726.709h-66.065v33.032h39.953c-27.268 91.582-109.419 157.547-205.114 164.435v-131.402h-33.032v131.402c-95.694-6.887-177.862-72.853-205.114-164.435h370.275v-33.032h-396.387v-66.065h66.065v-33.032h-39.82c22.578-75.247 83.39-135.697 159.827-156.804l12.123-3.336v-38.053h99.097v38.053l12.123 3.336c76.437 21.108 137.249 81.557 159.827 156.804h-370.143v33.032h396.387v66.065zM644.129 627.612h-33.032v33.032h33.032v330.323h-82.581v-231.226h16.516v-132.129h-24.989c-18.217-70.326-65.486-130.246-128.264-165.161h219.318v165.161zM644.129 346.838h-33.032v33.032h33.032v49.548h-264.258v-33.032h-66.065v-33.032c0-27.318 22.231-49.548 49.548-49.548h280.774v33.032zM858.839 990.967h-181.677v-330.323h181.677v330.323zM858.839 429.418h-33.032v33.032h33.032v165.161h-181.677v-247.742h181.677v49.548zM858.839 346.838h-181.677v-66.065h181.677v66.065zM858.839 247.741h-82.581v-165.161c0-27.318 22.231-49.548 49.548-49.548h33.032c27.318 0 49.548 22.231 49.548 49.548v33.032h-49.548v132.129zM957.935 990.967h-66.065v-528.516h66.065v528.516zM957.935 429.418h-66.065v-280.774h66.065v280.774zM578.065 495.483h33.032v33.032h-33.032v-33.032zM512 495.483h33.032v33.032h-33.032v-33.032zM792.774 693.676h33.032v33.032h-33.032v-33.032zM726.71 693.676h33.032v33.032h-33.032v-33.032zM280.774 462.451h33.032v33.032h-33.032v-33.032z\"><\/path><\/svg><\/a>\t\t\t\t\t\t\t\t\t\t\t\t\t\t\t\t\t<\/div>\n\t\t\t\t\t\t\t\t\t\t\t\t\t\t\t\t\t\t\t\t\t\t\t\t\t\t\t\t\t\t\t\t\t<a href=\"https:\/\/avtomatika.az\/en\/reqemsallasma\/\" class=\"mwt-services-grid-title\">\n\t\t\t\t\t\t\t\t\t\t\t\t\t\t\t\t\t\tDigitalization\t\t\t\t\t\t\t\t\t\t\t\t\t\t\t\t\t<\/a>\n\t\t\t\t\t\t\t\t\t\t\t\t\t\t\t\t\t\t\t\t\t\t\t\t\t\t\t\t\t\t\t\t\t<div class=\"mwt-services-grid-description\">\n\t\t\t\t\t\t\t\t\t\t\t\t\t\t\t\t\t\tFull automation of production processes through PLC, SCADA and HMI systems.\t\t\t\t\t\t\t\t\t\t\t\t\t\t\t\t\t<\/div>\n\t\t\t\t\t\t\t\t\t\t\t\t\t\t\t\t\t\t\t\t\t\t\t\t\t\t\t\t\t\t\t\t\t<a href=\"https:\/\/avtomatika.az\/en\/reqemsallasma\/\" class=\"mwt-services-grid-button type-button\">\n\t\t\t\t\t\t\t\t\t\t\t\t\t\t\t\t\t\tMore details\t\t\t\t\t\t\t\t\t\t\t\t\t\t\t\t\t<\/a>\n\t\t\t\t\t\t\t\t\t\t\t\t\t\t\t\t\t\t\t\t\t\t\t\t\t\t\t\t\t\t\t<\/div>\n\t\t\t\t\t\t\t\t\t\t\t\t\t\t\t\t\t\t\t\t\t\t\t\t\t\t\t<\/div>\n\t\t\t\t\t\t\t\t\t\t\t\t\t\t\t\t\t\t\t\t\t\t\t<\/div>\n\t\t\t\t\t\t\t\t\t\t\t\t\t\t\t\t\t\t\t\t\t<div class=\"grid-item fifth_layout\">\n\t\t\t\t\t\t\t\t\t\t\t\t\t\t\t\t\t\t\t\t\t\t\t\t\t<div class=\"mwt-services-grid-item-wrap with-top-border-hover\">\n\t\t\t\t\t\t\t\t\t\t\t\t\t\t\t\t\t\t\t\t\t\t\t\t\t\t\t\t\t\t\t\t\t\t\t\t\t\t\t\t\t\t\t<div class=\"mwt-services-grid-content-wrap\">\n\t\t\t\t\t\t\t\t\t\t\t\t\t\t\t\t\t\t\t\t\t\t\t\t\t\t\t\t\t\t\t\t\t<div class=\"mwt-services-grid-icon\">\n\t\t\t\t\t\t\t\t\t\t\t\t\t\t\t\t\t\t<a href=\"https:\/\/avtomatika.az\/en\/melumatlar-bazalarinin-yaradilmasi\/\" class=\"mwt-services-grid-icon-link\"><svg xmlns=\"http:\/\/www.w3.org\/2000\/svg\" width=\"1024\" height=\"1024\" viewbox=\"0 0 1024 1024\"><path d=\"M990.968 990.967h33.032v33.032h-33.032v-33.032zM908.387 916.644c0-59.194-48.161-107.355-107.355-107.355s-107.355 48.161-107.355 107.355c0 28.837 11.495 55.015 30.076 74.323h-423.507c18.581-19.307 30.076-45.485 30.076-74.323 0-59.194-48.161-107.355-107.355-107.355s-107.355 48.161-107.355 107.355c0 28.837 11.495 55.015 30.076 74.323h-145.689v33.032h957.935v-33.032h-79.624c18.581-19.307 30.076-45.485 30.076-74.323zM222.968 990.967c-40.977 0-74.323-33.346-74.323-74.323s33.346-74.323 74.323-74.323 74.323 33.346 74.323 74.323c0 40.977-33.346 74.323-74.323 74.323zM801.032 990.967c-40.977 0-74.323-33.346-74.323-74.323s33.346-74.323 74.323-74.323c40.977 0 74.323 33.346 74.323 74.323s-33.346 74.323-74.323 74.323zM990.968 677.16h-122.285c92.193-48.359 155.318-144.879 155.318-256 0-156.589-125.242-284.193-280.774-288.619v-33.445h33.032v-33.032h-84.249c-7.68-37.64-41.043-66.065-80.913-66.065s-73.233 28.424-80.913 66.065h-84.249v33.032h33.032v33.032h-49.548v-33.032h-33.032v33.032h-82.581v-33.032h-33.032v33.445c-155.532 4.426-280.774 132.030-280.774 288.619 0 111.121 63.125 207.641 155.318 256h-122.285v-33.032h-33.032v132.129h1024v-132.129h-33.032v33.032zM611.097 33.031c21.504 0 39.672 13.857 46.509 33.032h-93.002c6.821-19.175 24.989-33.032 46.493-33.032zM512 99.096h198.194v33.032h-198.194v-33.032zM313.806 165.16h82.581v66.065h-82.581v-66.065zM313.806 264.257h82.581v66.065h-82.581v-66.065zM313.806 363.354h82.581v66.065h-82.581v-66.065zM313.806 462.451h82.581v66.065h-82.581v-66.065zM33.032 421.16c0-138.372 110.427-251.177 247.742-255.587v478.555h33.032v-82.581h82.581v82.581h33.032v-478.968h305.548c141.163 0 256 114.837 256 256s-114.837 256-256 256h-445.935c-141.163 0-256-114.837-256-256zM990.968 743.225h-957.935v-33.032h957.935v33.032zM478.968 198.193h33.032v33.032h-33.032v-33.032zM545.032 198.193h33.032v33.032h-33.032v-33.032zM611.097 198.193h33.032v33.032h-33.032v-33.032zM677.161 198.193h33.032v33.032h-33.032v-33.032zM743.226 198.193h33.032v33.032h-33.032v-33.032z\"><\/path><\/svg><\/a>\t\t\t\t\t\t\t\t\t\t\t\t\t\t\t\t\t<\/div>\n\t\t\t\t\t\t\t\t\t\t\t\t\t\t\t\t\t\t\t\t\t\t\t\t\t\t\t\t\t\t\t\t\t<a href=\"https:\/\/avtomatika.az\/en\/melumatlar-bazalarinin-yaradilmasi\/\" class=\"mwt-services-grid-title\">\n\t\t\t\t\t\t\t\t\t\t\t\t\t\t\t\t\t\tM\u0259lumatlar bazalar\u0131n\u0131n  yarad\u0131lmas\u0131\t\t\t\t\t\t\t\t\t\t\t\t\t\t\t\t\t<\/a>\n\t\t\t\t\t\t\t\t\t\t\t\t\t\t\t\t\t\t\t\t\t\t\t\t\t\t\t\t\t\t\t\t\t<div class=\"mwt-services-grid-description\">\n\t\t\t\t\t\t\t\t\t\t\t\t\t\t\t\t\t\tAutomation of transport and railway control devices.\t\t\t\t\t\t\t\t\t\t\t\t\t\t\t\t\t<\/div>\n\t\t\t\t\t\t\t\t\t\t\t\t\t\t\t\t\t\t\t\t\t\t\t\t\t\t\t\t\t\t\t\t\t<a href=\"https:\/\/avtomatika.az\/en\/melumatlar-bazalarinin-yaradilmasi\/\" class=\"mwt-services-grid-button type-button\">\n\t\t\t\t\t\t\t\t\t\t\t\t\t\t\t\t\t\tMore details\t\t\t\t\t\t\t\t\t\t\t\t\t\t\t\t\t<\/a>\n\t\t\t\t\t\t\t\t\t\t\t\t\t\t\t\t\t\t\t\t\t\t\t\t\t\t\t\t\t\t\t<\/div>\n\t\t\t\t\t\t\t\t\t\t\t\t\t\t\t\t\t\t\t\t\t\t\t\t\t\t\t<\/div>\n\t\t\t\t\t\t\t\t\t\t\t\t\t\t\t\t\t\t\t\t\t\t\t<\/div>\n\t\t\t\t\t\t\t\t\t\t\t\t\t\t\t\t\t\t\t\t\t<div class=\"grid-item fifth_layout\">\n\t\t\t\t\t\t\t\t\t\t\t\t\t\t\t\t\t\t\t\t\t\t\t\t\t<div class=\"mwt-services-grid-item-wrap with-top-border-hover\">\n\t\t\t\t\t\t\t\t\t\t\t\t\t\t\t\t\t\t\t\t\t\t\t\t\t\t\t\t\t\t\t\t\t\t\t\t\t\t\t\t\t\t\t<div class=\"mwt-services-grid-content-wrap\">\n\t\t\t\t\t\t\t\t\t\t\t\t\t\t\t\t\t\t\t\t\t\t\t\t\t\t\t\t\t\t\t\t\t<div class=\"mwt-services-grid-icon\">\n\t\t\t\t\t\t\t\t\t\t\t\t\t\t\t\t\t\t<a href=\"https:\/\/avtomatika.az\/en\/bulud-helleri\/\" class=\"mwt-services-grid-icon-link\"><svg xmlns=\"http:\/\/www.w3.org\/2000\/svg\" width=\"1050\" height=\"1024\" viewbox=\"0 0 1050 1024\"><path d=\"M952.787 124.268c-4.92-2.383-10.668-2.332-15.546 0.14l-75.435 38.26-59.035-101.409c-20.21-37.877-59.723-61.457-102.652-61.258h-291.73c-43.557 0.105-83.91 22.911-106.467 60.173l-54.258 88.177c-5.014 8.147-2.56 18.811 5.513 23.943l192.525 122.517c2.807 1.783 6.060 2.728 9.381 2.731 1.455 0.003 2.901-0.181 4.306-0.544 4.671-1.184 8.649-4.243 10.994-8.455l73.51-132.265 80.51 152.272-73.3 43.982c-6.435 3.86-9.696 11.395-8.103 18.729 1.586 7.331 7.667 12.834 15.121 13.687l260.487 29.612c0.656 0.071 1.318 0.105 1.98 0.105 6.706 0 12.826-3.831 15.751-9.87l124.566-257.146c4.214-8.701 0.58-19.17-8.118-23.383zM448.801 255.289l-162.299-103.264 45.332-73.65c16.192-26.838 45.214-43.279 76.556-43.371h71.058l43.373 87.074-74.019 133.211zM810.244 378.384l-196.868-22.386 43.25-25.954c7.961-4.789 10.797-14.958 6.459-23.174l-143.749-271.865h180.783c30.4-0.044 58.3 16.82 72.389 43.756l67.35 115.744c4.676 7.998 14.772 10.967 23.032 6.773l43.861-22.228-96.508 199.335zM1034.936 490.131l-56.567-112.994c-4.319-8.649-14.832-12.154-23.481-7.838-0.347 0.173-0.688 0.36-1.024 0.557l-210.028 122.518c-8.231 4.8-11.109 15.3-6.477 23.628l73.022 131.581h-162.774v-70.007c0.005-9.668-7.83-17.505-17.495-17.51-4.934-0.003-9.639 2.080-12.958 5.729l-175.025 192.528c-5.703 6.278-6.086 15.738-0.911 22.454l175.025 227.533c5.9 7.654 16.891 9.077 24.547 3.177 4.296-3.314 6.814-8.428 6.816-13.853v-52.508h122.518c43.158 1.063 83.086-22.77 102.634-61.259l122.518-209.925 36.405-58.806c23.547-38.032 24.791-85.798 3.256-125.004zM842.321 866.645c-13.485 27.367-41.698 44.358-72.197 43.475h-140.020c-9.665 0-17.503 7.838-17.503 17.503v18.553l-134.766-175.13 134.766-148.21v42.249c0 9.668 7.838 17.503 17.503 17.503h319.577l-107.36 184.057zM1001.84 596.792l-31.505 50.756h-119.91l-74.174-133.49 179.103-104.508 48.569 96.965c15.678 28.255 14.882 62.774-2.082 90.277zM418.467 517.74l-105.015-227.533c-3.019-6.575-9.773-10.618-16.993-10.169l-280.040 17.503c-9.648 0.601-16.984 8.906-16.384 18.553 0.352 5.664 3.424 10.805 8.246 13.792l0.018 0.034 86.532 53.663-57.758 115.657c-20.935 38.035-20.815 84.17 0.315 122.098l97.401 168.199 53.26 92.255c22.874 38.854 64.426 62.889 109.514 63.341h70.007c9.668 0 17.503-7.838 17.503-17.503v-245.033c0-9.668-7.835-17.503-17.503-17.503h-130.76l87.303-151.484 72.179 27.792c9.024 3.468 19.151-1.035 22.617-10.056 1.696-4.408 1.536-9.316-0.441-13.606zM350.066 700.096v210.030h-52.505c-32.616-0.315-62.684-17.697-79.235-45.804l-48.044-83.241 49.567-80.985h130.217zM322.712 475.559c-8.042-3.090-17.138 0.131-21.441 7.596l-151.397 262.677-82.191-141.997c-15.109-27.606-14.883-61.059 0.595-88.458l65.091-130.463c4.076-8.108 1.28-17.986-6.441-22.754l-53.54-33.115 213.302-13.283 81.912 177.472-45.891-17.676z\"><\/path><\/svg><\/a>\t\t\t\t\t\t\t\t\t\t\t\t\t\t\t\t\t<\/div>\n\t\t\t\t\t\t\t\t\t\t\t\t\t\t\t\t\t\t\t\t\t\t\t\t\t\t\t\t\t\t\t\t\t<a href=\"https:\/\/avtomatika.az\/en\/bulud-helleri\/\" class=\"mwt-services-grid-title\">\n\t\t\t\t\t\t\t\t\t\t\t\t\t\t\t\t\t\tCloud solutions\t\t\t\t\t\t\t\t\t\t\t\t\t\t\t\t\t<\/a>\n\t\t\t\t\t\t\t\t\t\t\t\t\t\t\t\t\t\t\t\t\t\t\t\t\t\t\t\t\t\t\t\t\t<div class=\"mwt-services-grid-description\">\n\t\t\t\t\t\t\t\t\t\t\t\t\t\t\t\t\t\tAutomation of production processes of food, chemical and textile industry products.\t\t\t\t\t\t\t\t\t\t\t\t\t\t\t\t\t<\/div>\n\t\t\t\t\t\t\t\t\t\t\t\t\t\t\t\t\t\t\t\t\t\t\t\t\t\t\t\t\t\t\t\t\t<a href=\"https:\/\/avtomatika.az\/en\/bulud-helleri\/\" class=\"mwt-services-grid-button type-button\">\n\t\t\t\t\t\t\t\t\t\t\t\t\t\t\t\t\t\tMore details\t\t\t\t\t\t\t\t\t\t\t\t\t\t\t\t\t<\/a>\n\t\t\t\t\t\t\t\t\t\t\t\t\t\t\t\t\t\t\t\t\t\t\t\t\t\t\t\t\t\t\t<\/div>\n\t\t\t\t\t\t\t\t\t\t\t\t\t\t\t\t\t\t\t\t\t\t\t\t\t\t\t<\/div>\n\t\t\t\t\t\t\t\t\t\t\t\t\t\t\t\t\t\t\t\t\t\t\t<\/div>\n\t\t\t\t\t\t\t\t\t\t\t\t\t\t\t\t\t\t\t\t\t<div class=\"grid-item fifth_layout\">\n\t\t\t\t\t\t\t\t\t\t\t\t\t\t\t\t\t\t\t\t\t\t\t\t\t<div class=\"mwt-services-grid-item-wrap with-top-border-hover\">\n\t\t\t\t\t\t\t\t\t\t\t\t\t\t\t\t\t\t\t\t\t\t\t\t\t\t\t\t\t\t\t\t\t\t\t\t\t\t\t\t\t\t\t<div class=\"mwt-services-grid-content-wrap\">\n\t\t\t\t\t\t\t\t\t\t\t\t\t\t\t\t\t\t\t\t\t\t\t\t\t\t\t\t\t\t\t\t\t<div class=\"mwt-services-grid-icon\">\n\t\t\t\t\t\t\t\t\t\t\t\t\t\t\t\t\t\t<a href=\"https:\/\/avtomatika.az\/en\/iot-heller-tehlukesizlik\/\" class=\"mwt-services-grid-icon-link\"><svg xmlns=\"http:\/\/www.w3.org\/2000\/svg\" width=\"1024\" height=\"1024\" viewbox=\"0 0 1024 1024\"><path d=\"M924.903 990.967c-36.435 0-66.065-29.63-66.065-66.065h-33.032c0 36.435-29.63 66.065-66.065 66.065s-66.065-29.63-66.065-66.065h-33.032c0 36.435-29.63 66.065-66.065 66.065s-66.065-29.63-66.065-66.065h-33.032c0 36.435-29.63 66.065-66.065 66.065s-66.065-29.63-66.065-66.065h-33.032c0 36.435-29.63 66.065-66.065 66.065s-66.065-29.63-66.065-66.065h-33.032c0 36.435-29.63 66.065-66.065 66.065s-66.065-29.63-66.065-66.065h-33.032c0 54.652 44.445 99.097 99.097 99.097 34.42 0 64.809-17.639 82.581-44.379 17.771 26.74 48.161 44.379 82.581 44.379s64.809-17.639 82.581-44.379c17.771 26.74 48.161 44.379 82.581 44.379s64.809-17.639 82.581-44.379c17.771 26.74 48.161 44.379 82.581 44.379s64.809-17.639 82.581-44.379c17.771 26.74 48.161 44.379 82.581 44.379s64.809-17.639 82.581-44.379c17.771 26.74 48.161 44.379 82.581 44.379 54.652 0 99.097-44.445 99.097-99.097h-33.032c0 36.435-29.63 66.065-66.065 66.065zM992.966 463.078c20.298-29.465 31.034-63.95 31.034-99.724v-16.516h-254.58l-82.581 82.581h-191.356v-165.161h-165.161v-66.065h33.032v-33.032h-132.129v-66.065h-33.032v66.065h-33.032v-165.161h-33.032v165.161h-132.129v33.032h33.032v231.226h-33.032v478.968h16.516c34.42 0 64.809-17.639 82.581-44.379 17.771 26.74 48.161 44.379 82.581 44.379s64.809-17.639 82.581-44.379c17.771 26.74 48.161 44.379 82.581 44.379s64.809-17.639 82.581-44.379c17.771 26.74 48.161 44.379 82.581 44.379s64.809-17.639 82.581-44.379c17.771 26.74 48.161 44.379 82.581 44.379s64.809-17.639 82.581-44.379c17.771 26.74 48.161 44.379 82.581 44.379s64.809-17.639 82.581-44.379c17.771 26.74 48.161 44.379 82.581 44.379h16.516v-33.032h-16.516c-16.797 0-31.975-6.491-43.652-16.863 17.54-22.478 27.136-49.928 27.136-78.898 0-49.102-27.285-93.25-71.201-115.2l-4.492-2.246c-14.501-7.251-23.602-21.818-23.767-38.037-0.099-8.902 2.527-17.491 7.581-24.824l93.878-136.209zM330.323 297.289h132.129v132.129h-132.129v-132.129zM66.065 198.193h231.226v231.226h-231.226v-231.226zM115.695 644.128l744.91-3.27c5.021 21.818 19.307 40.531 39.903 50.837l4.492 2.246c32.652 16.318 52.934 49.135 52.934 85.653 0 17.342-4.922 33.809-13.494 48.376-1.784-5.979-3.022-12.156-3.022-18.68h-33.032c0 36.435-29.63 66.065-66.065 66.065s-66.065-29.63-66.065-66.065h-33.032c0 36.435-29.63 66.065-66.065 66.065s-66.065-29.63-66.065-66.065h-33.032c0 36.435-29.63 66.065-66.065 66.065s-66.065-29.63-66.065-66.065h-33.032c0 36.435-29.63 66.065-66.065 66.065s-66.065-29.63-66.065-66.065h-33.032c0 36.435-29.63 66.065-66.065 66.065s-66.065-29.63-66.065-66.065h-33.032c0 30.687-21.141 56.337-49.548 63.719v-228.881h49.548v-33.032h-49.548v-148.645h667.483l82.581-82.581h206.914c-2.659 23.090-10.917 45.106-24.246 64.462l-93.861 136.192c-5.731 8.324-9.48 17.606-11.561 27.301l-744.795 3.27 0.149 33.032zM99.097 231.225h33.032v33.032h-33.032v-33.032zM165.161 231.225h33.032v33.032h-33.032v-33.032zM231.226 231.225h33.032v33.032h-33.032v-33.032z\"><\/path><\/svg><\/a>\t\t\t\t\t\t\t\t\t\t\t\t\t\t\t\t\t<\/div>\n\t\t\t\t\t\t\t\t\t\t\t\t\t\t\t\t\t\t\t\t\t\t\t\t\t\t\t\t\t\t\t\t\t<a href=\"https:\/\/avtomatika.az\/en\/iot-heller-tehlukesizlik\/\" class=\"mwt-services-grid-title\">\n\t\t\t\t\t\t\t\t\t\t\t\t\t\t\t\t\t\tIoT solutions\/Security\t\t\t\t\t\t\t\t\t\t\t\t\t\t\t\t\t<\/a>\n\t\t\t\t\t\t\t\t\t\t\t\t\t\t\t\t\t\t\t\t\t\t\t\t\t\t\t\t\t\t\t\t\t<div class=\"mwt-services-grid-description\">\n\t\t\t\t\t\t\t\t\t\t\t\t\t\t\t\t\t\tMagna aliqua Ut enim ad minim veniam, quis nostrud exercitatullam laboris nisi aliquip ex ea.\t\t\t\t\t\t\t\t\t\t\t\t\t\t\t\t\t<\/div>\n\t\t\t\t\t\t\t\t\t\t\t\t\t\t\t\t\t\t\t\t\t\t\t\t\t\t\t\t\t\t\t\t\t<a href=\"https:\/\/avtomatika.az\/en\/iot-heller-tehlukesizlik\/\" class=\"mwt-services-grid-button type-button\">\n\t\t\t\t\t\t\t\t\t\t\t\t\t\t\t\t\t\tMore details\t\t\t\t\t\t\t\t\t\t\t\t\t\t\t\t\t<\/a>\n\t\t\t\t\t\t\t\t\t\t\t\t\t\t\t\t\t\t\t\t\t\t\t\t\t\t\t\t\t\t\t<\/div>\n\t\t\t\t\t\t\t\t\t\t\t\t\t\t\t\t\t\t\t\t\t\t\t\t\t\t\t<\/div>\n\t\t\t\t\t\t\t\t\t\t\t\t\t\t\t\t\t\t\t\t\t\t\t<\/div>\n\t\t\t\t\t\t\t\t\t\t\t\t\t\t\t\t\t\t\t\t<\/div>\n\t\t\t\t\t\t\t\t\t\t\t\t\t\t\t\t\t\t\t\t\t\t\t\t\t\t\t\t<\/div>\n\t\t\t\t\t\t\t<\/div>\n\t\t\t\t\t\t\t\t\t\t\t\t<\/div>\n\t\t\t\t\t\t\t\t<\/div>\n\t\t\t\t<\/div>\n\t\t\t\t\t<\/div>\n\t\t\t\t<\/div>\n\t\t\t\t<\/div>","protected":false},"excerpt":{"rendered":"<p>R\u0259q\u0259msalla\u015fma PLC, SCADA v\u0259 HMI sisteml\u0259ri vasit\u0259sil\u0259 istehsal prosesl\u0259rinin tam avtomatla\u015fd\u0131r\u0131lmas\u0131. Daha \u0259trafl\u0131 M\u0259lumatlar bazalar\u0131n\u0131n yarad\u0131lmas\u0131 N\u0259qliyyat v\u0259 d\u0259mir yolu idar\u0259etm\u0259 qur\u011fular\u0131n\u0131n avtomatla\u015fd\u0131r\u0131lmas\u0131. Daha \u0259trafl\u0131 Bulud h\u0259ll\u0259ri Qida, kimya v\u0259 tekstil s\u0259nayesi m\u0259hsullar\u0131n\u0131n istehsal prosesl\u0259rinin avtomatla\u015fd\u0131r\u0131lmas\u0131. Daha \u0259trafl\u0131 \u0130OT h\u0259ll\u0259r\/T\u0259hl\u00fck\u0259sizlik Magna aliqua Ut enim ad minim veniam, quis nostrud exercitatullam laboris nisi aliquip ex ea.<span class=\"more-dots\">&#8230;<\/span> <span class=\"more-tag\"><a class=\"more-link\" href=\"https:\/\/avtomatika.az\/en\/hellerimiz\/\">More details<span class=\"screen-reader-text\"> \"H\u0259ll\u0259rimiz\"<\/span><\/a><\/span><!-- .more-tag --><\/p>","protected":false},"author":1,"featured_media":0,"parent":0,"menu_order":0,"comment_status":"closed","ping_status":"closed","template":"page-templates\/full-width.php","meta":{"footnotes":""},"class_list":["post-3577","page","type-page","status-publish","hentry"],"_links":{"self":[{"href":"https:\/\/avtomatika.az\/en\/wp-json\/wp\/v2\/pages\/3577","targetHints":{"allow":["GET"]}}],"collection":[{"href":"https:\/\/avtomatika.az\/en\/wp-json\/wp\/v2\/pages"}],"about":[{"href":"https:\/\/avtomatika.az\/en\/wp-json\/wp\/v2\/types\/page"}],"author":[{"embeddable":true,"href":"https:\/\/avtomatika.az\/en\/wp-json\/wp\/v2\/users\/1"}],"replies":[{"embeddable":true,"href":"https:\/\/avtomatika.az\/en\/wp-json\/wp\/v2\/comments?post=3577"}],"version-history":[{"count":0,"href":"https:\/\/avtomatika.az\/en\/wp-json\/wp\/v2\/pages\/3577\/revisions"}],"wp:attachment":[{"href":"https:\/\/avtomatika.az\/en\/wp-json\/wp\/v2\/media?parent=3577"}],"curies":[{"name":"wp","href":"https:\/\/api.w.org\/{rel}","templated":true}]}}