{"id":3589,"date":"2024-10-14T12:20:42","date_gmt":"2024-10-14T12:20:42","guid":{"rendered":"https:\/\/avtomatika.az\/?page_id=3589"},"modified":"2025-01-08T18:47:51","modified_gmt":"2025-01-08T18:47:51","slug":"sahe-montaj-islerinin-gorulmesi","status":"publish","type":"page","link":"https:\/\/avtomatika.az\/en\/sahe-montaj-islerinin-gorulmesi\/","title":{"rendered":"Field installation work"},"content":{"rendered":"<div data-elementor-type=\"wp-page\" data-elementor-id=\"3589\" class=\"elementor elementor-3589\" data-elementor-post-type=\"page\">\n\t\t\t\t<div class=\"elementor-element elementor-element-2b1cb41 e-flex e-con-boxed e-con e-parent\" data-id=\"2b1cb41\" data-element_type=\"container\" data-settings=\"{&quot;background_background&quot;:&quot;classic&quot;}\">\n\t\t\t\t\t<div class=\"e-con-inner\">\n\t\t<div class=\"elementor-element elementor-element-05bbf7a e-con-full e-flex e-con e-child\" data-id=\"05bbf7a\" data-element_type=\"container\">\n\t\t\t\t<div class=\"elementor-element elementor-element-da9141a elementor-widget elementor-widget-image\" data-id=\"da9141a\" data-element_type=\"widget\" data-widget_type=\"image.default\">\n\t\t\t\t<div class=\"elementor-widget-container\">\n\t\t\t\t\t\t\t\t\t\t\t\t\t\t\t<img fetchpriority=\"high\" decoding=\"async\" width=\"800\" height=\"400\" src=\"https:\/\/avtomatika.az\/wp-content\/uploads\/2024\/08\/Engineer-Working-on-SCADA-Systems.jpg\" class=\"attachment-large size-large wp-image-3387\" alt=\"\" srcset=\"https:\/\/avtomatika.az\/wp-content\/uploads\/2024\/08\/Engineer-Working-on-SCADA-Systems.jpg 800w, https:\/\/avtomatika.az\/wp-content\/uploads\/2024\/08\/Engineer-Working-on-SCADA-Systems-300x150.jpg 300w, https:\/\/avtomatika.az\/wp-content\/uploads\/2024\/08\/Engineer-Working-on-SCADA-Systems-768x384.jpg 768w, https:\/\/avtomatika.az\/wp-content\/uploads\/2024\/08\/Engineer-Working-on-SCADA-Systems-600x300.jpg 600w\" sizes=\"(max-width: 800px) 100vw, 800px\" \/>\t\t\t\t\t\t\t\t\t\t\t\t\t\t\t<\/div>\n\t\t\t\t<\/div>\n\t\t\t\t<div class=\"elementor-element elementor-element-92fd5b5 elementor-widget elementor-widget-heading\" data-id=\"92fd5b5\" data-element_type=\"widget\" data-widget_type=\"heading.default\">\n\t\t\t\t<div class=\"elementor-widget-container\">\n\t\t\t\t\t<h2 class=\"elementor-heading-title elementor-size-default\">Petrochemicals Production<\/h2>\t\t\t\t<\/div>\n\t\t\t\t<\/div>\n\t\t\t\t<div class=\"elementor-element elementor-element-0b0df55 elementor-widget elementor-widget-text-editor\" data-id=\"0b0df55\" data-element_type=\"widget\" data-widget_type=\"text-editor.default\">\n\t\t\t\t<div class=\"elementor-widget-container\">\n\t\t\t\t\t\t\t\t\t<p><strong>AvtomatikaAz MMC<\/strong> olaraq, <strong>Sah\u0259 Montaj \u0130\u015fl\u0259rinin G\u00f6r\u00fclm\u0259si<\/strong> sah\u0259sind\u0259 pe\u015f\u0259kar v\u0259 y\u00fcks\u0259k keyfiyy\u0259tli xidm\u0259tl\u0259r t\u0259qdim edirik. \u0130stehsal avadanl\u0131qlar\u0131n\u0131n, elektrik \u015fkaflar\u0131n\u0131n v\u0259 dig\u0259r s\u0259naye avadanl\u0131qlar\u0131n\u0131n sah\u0259d\u0259 d\u00fczg\u00fcn v\u0259 t\u0259hl\u00fck\u0259siz \u015f\u0259kild\u0259 montaj\u0131, istehsal prosesl\u0259rinin s\u0259m\u0259r\u0259liliyini art\u0131rmaq v\u0259 h\u0259r hans\u0131 bir fasil\u0259nin qar\u015f\u0131s\u0131n\u0131 almaq \u00fc\u00e7\u00fcn vacibdir. Bizim t\u0259cr\u00fcb\u0259li komandam\u0131z, sah\u0259 montaj i\u015fl\u0259rini \u0259n y\u00fcks\u0259k standartlara uy\u011fun v\u0259 m\u00fcasir texnologiya il\u0259 h\u0259yata ke\u00e7irir.<\/p>\t\t\t\t\t\t\t\t<\/div>\n\t\t\t\t<\/div>\n\t\t\t\t<div class=\"elementor-element elementor-element-64993ff elementor-widget elementor-widget-text-editor\" data-id=\"64993ff\" data-element_type=\"widget\" data-widget_type=\"text-editor.default\">\n\t\t\t\t<div class=\"elementor-widget-container\">\n\t\t\t\t\t\t\t\t\t<p><strong>Xidm\u0259tl\u0259rimiz:<\/strong><\/p><ol><li><strong> Avadanl\u0131q Montaj\u0131 v\u0259 Qura\u015fd\u0131r\u0131lmas\u0131<\/strong><\/li><\/ol><p>Sah\u0259d\u0259 avadanl\u0131q montaj\u0131 v\u0259 qura\u015fd\u0131r\u0131lmas\u0131, layih\u0259nin ilk m\u0259rh\u0259l\u0259sind\u0259n sonrak\u0131 s\u0131naq v\u0259 i\u015f\u0259 salma m\u0259rh\u0259l\u0259sin\u0259 q\u0259d\u0259r b\u00fct\u00fcn m\u0259rh\u0259l\u0259l\u0259ri \u0259hat\u0259 edir. Bu xidm\u0259tl\u0259r\u0259 daxildir:<\/p><ul><li><strong>Avadanl\u0131qlar\u0131n Yerl\u0259\u015fdirilm\u0259si<\/strong>: \u0130stehsal, elektrik v\u0259 dig\u0259r s\u0259naye avadanl\u0131qlar\u0131n\u0131n m\u00fcvafiq sah\u0259y\u0259 uy\u011fun olaraq d\u00fczg\u00fcn yerl\u0259\u015fdirilm\u0259si.<\/li><li><strong>Qura\u015fd\u0131rma v\u0259 Test<\/strong>: Qura\u015fd\u0131r\u0131lan avadanl\u0131qlar\u0131n d\u00fczg\u00fcn i\u015fl\u0259diyind\u0259n \u0259min olmaq \u00fc\u00e7\u00fcn testl\u0259r apar\u0131l\u0131r v\u0259 h\u0259r hans\u0131 bir problem aradan qald\u0131r\u0131l\u0131r.<\/li><\/ul><ol start=\"2\"><li><strong> Elektrik v\u0259 Avtomatika Sistemi Montaj\u0131<\/strong><\/li><\/ol><p>Elektrik v\u0259 avtomatika sisteml\u0259rinin sah\u0259d\u0259 d\u00fczg\u00fcn \u015f\u0259kild\u0259 montaj\u0131, istehsal x\u0259tl\u0259rinin fasil\u0259siz i\u015fl\u0259m\u0259sini t\u0259min etm\u0259k \u00fc\u00e7\u00fcn vacibdir. Biz:<\/p><ul><li><strong>Elektrik Avadanl\u0131qlar\u0131n\u0131n Montaj\u0131<\/strong>: Elektrik \u015fkaflar\u0131, naqill\u0259r v\u0259 dig\u0259r elektrik avadanl\u0131qlar\u0131n\u0131n d\u00fczg\u00fcn montaj\u0131n\u0131 h\u0259yata ke\u00e7iririk.<\/li><li><strong>Avtomatika v\u0259 PLC Sisteml\u0259rinin Qura\u015fd\u0131r\u0131lmas\u0131<\/strong>: Avtomatik idar\u0259etm\u0259 v\u0259 n\u0259zar\u0259t sisteml\u0259rinin qura\u015fd\u0131r\u0131lmas\u0131 v\u0259 inteqrasiyas\u0131 i\u015fl\u0259rini pe\u015f\u0259kar \u015f\u0259kild\u0259 yerin\u0259 yetiririk.<\/li><\/ul><ol start=\"3\"><li><strong> Qura\u015fd\u0131rma v\u0259 Montaj Planlamas\u0131<\/strong><\/li><\/ol><p>Sah\u0259 montaj i\u015fl\u0259ri zaman\u0131 h\u0259r bir m\u0259rh\u0259l\u0259nin d\u00fczg\u00fcn planlanmas\u0131 v\u0259 icras\u0131 m\u00fch\u00fcm \u0259h\u0259miyy\u0259t k\u0259sb edir. <strong>AvtomatikaAz MMC<\/strong> olaraq, h\u0259r bir layih\u0259 \u00fc\u00e7\u00fcn:<\/p><ul><li><strong>F\u0259rdi Yana\u015fma<\/strong>: M\u00fc\u015ft\u0259ril\u0259rimizin t\u0259l\u0259bl\u0259rin\u0259 uy\u011fun, x\u00fcsusi qura\u015fd\u0131rma v\u0259 montaj planlar\u0131 haz\u0131rlay\u0131r\u0131q.<\/li><li><strong>Sah\u0259 \u018ftrafl\u0131 T\u0259hlili<\/strong>: Sah\u0259nin d\u00fczg\u00fcn qiym\u0259tl\u0259ndirilm\u0259si v\u0259 avadanl\u0131\u011f\u0131n yerl\u0259\u015fdirilm\u0259si \u00fc\u00e7\u00fcn ilkin t\u0259hlil v\u0259 haz\u0131rl\u0131q i\u015fl\u0259ri apar\u0131l\u0131r.<\/li><li><strong>Zamanlama v\u0259 \u018fm\u0259liyyatlar<\/strong>: Montaj i\u015fl\u0259rinin vaxt\u0131nda v\u0259 \u0259n y\u00fcks\u0259k keyfiyy\u0259td\u0259 tamamlanmas\u0131 \u00fc\u00e7\u00fcn \u0259m\u0259liyyatlar m\u00fck\u0259mm\u0259l \u015f\u0259kild\u0259 planlan\u0131r.<\/li><\/ul><ol start=\"4\"><li><strong> \u0130nteqrasiya v\u0259 S\u0131naq \u0130\u015fl\u0259ri<\/strong><\/li><\/ol><p>Yeni avadanl\u0131qlar\u0131n v\u0259 sisteml\u0259rin sah\u0259d\u0259 d\u00fczg\u00fcn i\u015fl\u0259m\u0259si \u00fc\u00e7\u00fcn m\u00fcxt\u0259lif inteqrasiya v\u0259 s\u0131naq i\u015fl\u0259ri h\u0259yata ke\u00e7iririk:<\/p><ul><li><strong>Sistem \u0130nteqrasiyas\u0131<\/strong>: M\u00fcxt\u0259lif avadanl\u0131qlar\u0131n v\u0259 sisteml\u0259rin birl\u0259\u015fdirilm\u0259si v\u0259 onlar\u0131n ard\u0131c\u0131l i\u015fl\u0259m\u0259si \u00fc\u00e7\u00fcn m\u00fck\u0259mm\u0259l inteqrasiya i\u015fl\u0259ri h\u0259yata ke\u00e7iririk.<\/li><li><strong>S\u0131naq v\u0259 \u0130\u015f\u0259 Salma<\/strong>: Qura\u015fd\u0131rma tamamland\u0131qdan sonra b\u00fct\u00fcn sisteml\u0259r s\u0131naqdan ke\u00e7irilir v\u0259 i\u015f\u0259 sal\u0131n\u0131r.<\/li><\/ul><ol start=\"5\"><li><strong> Texniki D\u0259st\u0259k v\u0259 Xidm\u0259tl\u0259r<\/strong><\/li><\/ol><p>Montaj i\u015fl\u0259ri ba\u015fa \u00e7atd\u0131qdan sonra, avadanl\u0131qlar\u0131n v\u0259 sisteml\u0259rin problemsiz i\u015fl\u0259m\u0259si \u00fc\u00e7\u00fcn m\u00fct\u0259madi texniki d\u0259st\u0259k xidm\u0259tl\u0259ri t\u0259qdim edirik:<\/p><ul><li><strong>Rutin Bax\u0131m v\u0259 Texniki Xidm\u0259t<\/strong>: Montajdan sonra avadanl\u0131qlar\u0131n d\u00fczg\u00fcn i\u015fl\u0259m\u0259si \u00fc\u00e7\u00fcn m\u00fc\u0259yy\u0259n d\u00f6vrl\u0259rl\u0259 texniki bax\u0131\u015flar v\u0259 xidm\u0259tl\u0259r g\u00f6st\u0259ririk.<\/li><li><strong>Sistem D\u0259st\u0259yi<\/strong>: M\u00fc\u015ft\u0259ril\u0259rimizin ehtiyaclar\u0131na uy\u011fun olaraq avadanl\u0131q v\u0259 sisteml\u0259r\u0259 daimi d\u0259st\u0259k v\u0259 texniki xidm\u0259t t\u0259min edirik.<\/li><\/ul><p>\u00a0<\/p>\t\t\t\t\t\t\t\t<\/div>\n\t\t\t\t<\/div>\n\t\t<div class=\"elementor-element elementor-element-af7997e e-con-full e-flex e-con e-child\" data-id=\"af7997e\" data-element_type=\"container\">\n\t\t<div class=\"elementor-element elementor-element-7ebcb22 e-con-full e-flex e-con e-child\" data-id=\"7ebcb22\" data-element_type=\"container\">\n\t\t\t\t<div class=\"elementor-element elementor-element-99781aa elementor-widget elementor-widget-image\" data-id=\"99781aa\" data-element_type=\"widget\" data-widget_type=\"image.default\">\n\t\t\t\t<div class=\"elementor-widget-container\">\n\t\t\t\t\t\t\t\t\t\t\t\t\t\t\t<img decoding=\"async\" width=\"1024\" height=\"684\" src=\"https:\/\/avtomatika.az\/wp-content\/uploads\/2024\/12\/avtm222-1-1024x684.jpg\" class=\"attachment-large size-large wp-image-3723\" alt=\"\" srcset=\"https:\/\/avtomatika.az\/wp-content\/uploads\/2024\/12\/avtm222-1-1024x684.jpg 1024w, https:\/\/avtomatika.az\/wp-content\/uploads\/2024\/12\/avtm222-1-300x200.jpg 300w, https:\/\/avtomatika.az\/wp-content\/uploads\/2024\/12\/avtm222-1-768x513.jpg 768w, https:\/\/avtomatika.az\/wp-content\/uploads\/2024\/12\/avtm222-1.jpg 1200w\" sizes=\"(max-width: 1024px) 100vw, 1024px\" \/>\t\t\t\t\t\t\t\t\t\t\t\t\t\t\t<\/div>\n\t\t\t\t<\/div>\n\t\t\t\t<\/div>\n\t\t<div class=\"elementor-element elementor-element-52a32f4 e-con-full e-flex e-con e-child\" data-id=\"52a32f4\" data-element_type=\"container\">\n\t\t\t\t<div class=\"elementor-element elementor-element-16f0aa0 elementor-widget elementor-widget-heading\" data-id=\"16f0aa0\" data-element_type=\"widget\" data-widget_type=\"heading.default\">\n\t\t\t\t<div class=\"elementor-widget-container\">\n\t\t\t\t\t<h3 class=\"elementor-heading-title elementor-size-default\">Sah\u0259 montaj i\u015fl\u0259rinin faydalar\u0131<\/h3>\t\t\t\t<\/div>\n\t\t\t\t<\/div>\n\t\t\t\t<div class=\"elementor-element elementor-element-b1456b3 elementor-widget elementor-widget-text-editor\" data-id=\"b1456b3\" data-element_type=\"widget\" data-widget_type=\"text-editor.default\">\n\t\t\t\t<div class=\"elementor-widget-container\">\n\t\t\t\t\t\t\t\t\t<p>Sah\u0259 montaj i\u015fl\u0259ri, avadanl\u0131qlar\u0131n v\u0259 sisteml\u0259rin d\u00fczg\u00fcn qura\u015fd\u0131r\u0131lmas\u0131 v\u0259 s\u0259m\u0259r\u0259li i\u015fl\u0259m\u0259si \u00fc\u00e7\u00fcn \u00e7ox vacibdir. <strong>AvtomatikaAz MMC<\/strong> olaraq, sah\u0259 montaj\u0131nda y\u00fcks\u0259k keyfiyy\u0259t v\u0259 t\u0259hl\u00fck\u0259sizliyi t\u0259min edirik. A\u015fa\u011f\u0131da sah\u0259 montaj\u0131n\u0131n \u0259n m\u00fch\u00fcm faydalar\u0131 bar\u0259d\u0259 daha \u0259trafl\u0131 m\u0259lumat verilmi\u015fdir:<\/p>\t\t\t\t\t\t\t\t<\/div>\n\t\t\t\t<\/div>\n\t\t\t\t<div class=\"elementor-element elementor-element-6e6bcbb elementor-align-left elementor-mobile-align-center elementor-icon-list--layout-traditional elementor-list-item-link-full_width elementor-widget elementor-widget-icon-list\" data-id=\"6e6bcbb\" data-element_type=\"widget\" data-widget_type=\"icon-list.default\">\n\t\t\t\t<div class=\"elementor-widget-container\">\n\t\t\t\t\t\t\t<ul class=\"elementor-icon-list-items\">\n\t\t\t\t\t\t\t<li class=\"elementor-icon-list-item\">\n\t\t\t\t\t\t\t\t\t\t\t<span class=\"elementor-icon-list-icon\">\n\t\t\t\t\t\t\t<svg aria-hidden=\"true\" class=\"e-font-icon-svg e-fas-check\" viewbox=\"0 0 512 512\" xmlns=\"http:\/\/www.w3.org\/2000\/svg\"><path d=\"M173.898 439.404l-166.4-166.4c-9.997-9.997-9.997-26.206 0-36.204l36.203-36.204c9.997-9.998 26.207-9.998 36.204 0L192 312.69 432.095 72.596c9.997-9.997 26.207-9.997 36.204 0l36.203 36.204c9.997 9.997 9.997 26.206 0 36.204l-294.4 294.401c-9.998 9.997-26.207 9.997-36.204-.001z\"><\/path><\/svg>\t\t\t\t\t\t<\/span>\n\t\t\t\t\t\t\t\t\t\t<span class=\"elementor-icon-list-text\">D\u0259qiqlik v\u0259 t\u0259hl\u00fck\u0259sizlik<\/span>\n\t\t\t\t\t\t\t\t\t<\/li>\n\t\t\t\t\t\t\t\t<li class=\"elementor-icon-list-item\">\n\t\t\t\t\t\t\t\t\t\t\t<span class=\"elementor-icon-list-icon\">\n\t\t\t\t\t\t\t<svg aria-hidden=\"true\" class=\"e-font-icon-svg e-fas-check\" viewbox=\"0 0 512 512\" xmlns=\"http:\/\/www.w3.org\/2000\/svg\"><path d=\"M173.898 439.404l-166.4-166.4c-9.997-9.997-9.997-26.206 0-36.204l36.203-36.204c9.997-9.998 26.207-9.998 36.204 0L192 312.69 432.095 72.596c9.997-9.997 26.207-9.997 36.204 0l36.203 36.204c9.997 9.997 9.997 26.206 0 36.204l-294.4 294.401c-9.998 9.997-26.207 9.997-36.204-.001z\"><\/path><\/svg>\t\t\t\t\t\t<\/span>\n\t\t\t\t\t\t\t\t\t\t<span class=\"elementor-icon-list-text\">\u0130stehsal\u0131n fasil\u0259sizliyi<\/span>\n\t\t\t\t\t\t\t\t\t<\/li>\n\t\t\t\t\t\t\t\t<li class=\"elementor-icon-list-item\">\n\t\t\t\t\t\t\t\t\t\t\t<span class=\"elementor-icon-list-icon\">\n\t\t\t\t\t\t\t<svg aria-hidden=\"true\" class=\"e-font-icon-svg e-fas-check\" viewbox=\"0 0 512 512\" xmlns=\"http:\/\/www.w3.org\/2000\/svg\"><path d=\"M173.898 439.404l-166.4-166.4c-9.997-9.997-9.997-26.206 0-36.204l36.203-36.204c9.997-9.998 26.207-9.998 36.204 0L192 312.69 432.095 72.596c9.997-9.997 26.207-9.997 36.204 0l36.203 36.204c9.997 9.997 9.997 26.206 0 36.204l-294.4 294.401c-9.998 9.997-26.207 9.997-36.204-.001z\"><\/path><\/svg>\t\t\t\t\t\t<\/span>\n\t\t\t\t\t\t\t\t\t\t<span class=\"elementor-icon-list-text\">Vaxt\u0131n v\u0259 resurslar\u0131n q\u0259na\u0259ti<\/span>\n\t\t\t\t\t\t\t\t\t<\/li>\n\t\t\t\t\t\t\t\t<li class=\"elementor-icon-list-item\">\n\t\t\t\t\t\t\t\t\t\t\t<span class=\"elementor-icon-list-icon\">\n\t\t\t\t\t\t\t<svg aria-hidden=\"true\" class=\"e-font-icon-svg e-fas-check\" viewbox=\"0 0 512 512\" xmlns=\"http:\/\/www.w3.org\/2000\/svg\"><path d=\"M173.898 439.404l-166.4-166.4c-9.997-9.997-9.997-26.206 0-36.204l36.203-36.204c9.997-9.998 26.207-9.998 36.204 0L192 312.69 432.095 72.596c9.997-9.997 26.207-9.997 36.204 0l36.203 36.204c9.997 9.997 9.997 26.206 0 36.204l-294.4 294.401c-9.998 9.997-26.207 9.997-36.204-.001z\"><\/path><\/svg>\t\t\t\t\t\t<\/span>\n\t\t\t\t\t\t\t\t\t\t<span class=\"elementor-icon-list-text\">Keyfiyy\u0259t v\u0259 performans<\/span>\n\t\t\t\t\t\t\t\t\t<\/li>\n\t\t\t\t\t\t<\/ul>\n\t\t\t\t\t\t<\/div>\n\t\t\t\t<\/div>\n\t\t\t\t<\/div>\n\t\t\t\t<\/div>\n\t\t\t\t<\/div>\n\t\t\t\t\t<\/div>\n\t\t\t\t<\/div>\n\t\t\t\t<\/div>","protected":false},"excerpt":{"rendered":"<p>Petrochemicals Production AvtomatikaAz MMC olaraq, Sah\u0259 Montaj \u0130\u015fl\u0259rinin G\u00f6r\u00fclm\u0259si sah\u0259sind\u0259 pe\u015f\u0259kar v\u0259 y\u00fcks\u0259k keyfiyy\u0259tli xidm\u0259tl\u0259r t\u0259qdim edirik. \u0130stehsal avadanl\u0131qlar\u0131n\u0131n, elektrik \u015fkaflar\u0131n\u0131n v\u0259 dig\u0259r s\u0259naye avadanl\u0131qlar\u0131n\u0131n sah\u0259d\u0259 d\u00fczg\u00fcn v\u0259 t\u0259hl\u00fck\u0259siz \u015f\u0259kild\u0259 montaj\u0131, istehsal prosesl\u0259rinin s\u0259m\u0259r\u0259liliyini art\u0131rmaq v\u0259 h\u0259r hans\u0131 bir fasil\u0259nin qar\u015f\u0131s\u0131n\u0131 almaq \u00fc\u00e7\u00fcn vacibdir. Bizim t\u0259cr\u00fcb\u0259li komandam\u0131z, sah\u0259 montaj i\u015fl\u0259rini \u0259n y\u00fcks\u0259k standartlara uy\u011fun v\u0259<span class=\"more-dots\">&#8230;<\/span> <span class=\"more-tag\"><a class=\"more-link\" href=\"https:\/\/avtomatika.az\/en\/sahe-montaj-islerinin-gorulmesi\/\">More details<span class=\"screen-reader-text\"> \"Sah\u0259 montaj i\u015fl\u0259rinin g\u00f6r\u00fclm\u0259si\"<\/span><\/a><\/span><!-- .more-tag --><\/p>","protected":false},"author":1,"featured_media":0,"parent":0,"menu_order":0,"comment_status":"closed","ping_status":"closed","template":"page-templates\/full-width.php","meta":{"footnotes":""},"class_list":["post-3589","page","type-page","status-publish","hentry"],"_links":{"self":[{"href":"https:\/\/avtomatika.az\/en\/wp-json\/wp\/v2\/pages\/3589","targetHints":{"allow":["GET"]}}],"collection":[{"href":"https:\/\/avtomatika.az\/en\/wp-json\/wp\/v2\/pages"}],"about":[{"href":"https:\/\/avtomatika.az\/en\/wp-json\/wp\/v2\/types\/page"}],"author":[{"embeddable":true,"href":"https:\/\/avtomatika.az\/en\/wp-json\/wp\/v2\/users\/1"}],"replies":[{"embeddable":true,"href":"https:\/\/avtomatika.az\/en\/wp-json\/wp\/v2\/comments?post=3589"}],"version-history":[{"count":0,"href":"https:\/\/avtomatika.az\/en\/wp-json\/wp\/v2\/pages\/3589\/revisions"}],"wp:attachment":[{"href":"https:\/\/avtomatika.az\/en\/wp-json\/wp\/v2\/media?parent=3589"}],"curies":[{"name":"wp","href":"https:\/\/api.w.org\/{rel}","templated":true}]}}