{"id":3608,"date":"2024-10-14T12:27:20","date_gmt":"2024-10-14T12:27:20","guid":{"rendered":"https:\/\/avtomatika.az\/?page_id=3608"},"modified":"2025-01-09T11:11:41","modified_gmt":"2025-01-09T11:11:41","slug":"melumatlar-bazalarinin-yaradilmasi","status":"publish","type":"page","link":"https:\/\/avtomatika.az\/en\/melumatlar-bazalarinin-yaradilmasi\/","title":{"rendered":"Creating databases"},"content":{"rendered":"<div data-elementor-type=\"wp-page\" data-elementor-id=\"3608\" class=\"elementor elementor-3608\" data-elementor-post-type=\"page\">\n\t\t\t\t<div class=\"elementor-element elementor-element-2b1cb41 e-flex e-con-boxed e-con e-parent\" data-id=\"2b1cb41\" data-element_type=\"container\" data-settings=\"{&quot;background_background&quot;:&quot;classic&quot;}\">\n\t\t\t\t\t<div class=\"e-con-inner\">\n\t\t<div class=\"elementor-element elementor-element-05bbf7a e-con-full e-flex e-con e-child\" data-id=\"05bbf7a\" data-element_type=\"container\">\n\t\t\t\t<div class=\"elementor-element elementor-element-da9141a elementor-widget elementor-widget-image\" data-id=\"da9141a\" data-element_type=\"widget\" data-widget_type=\"image.default\">\n\t\t\t\t<div class=\"elementor-widget-container\">\n\t\t\t\t\t\t\t\t\t\t\t\t\t\t\t<img fetchpriority=\"high\" decoding=\"async\" width=\"800\" height=\"400\" src=\"https:\/\/avtomatika.az\/wp-content\/uploads\/2024\/08\/Engineer-Working-on-SCADA-Systems.jpg\" class=\"attachment-large size-large wp-image-3387\" alt=\"\" srcset=\"https:\/\/avtomatika.az\/wp-content\/uploads\/2024\/08\/Engineer-Working-on-SCADA-Systems.jpg 800w, https:\/\/avtomatika.az\/wp-content\/uploads\/2024\/08\/Engineer-Working-on-SCADA-Systems-300x150.jpg 300w, https:\/\/avtomatika.az\/wp-content\/uploads\/2024\/08\/Engineer-Working-on-SCADA-Systems-768x384.jpg 768w, https:\/\/avtomatika.az\/wp-content\/uploads\/2024\/08\/Engineer-Working-on-SCADA-Systems-600x300.jpg 600w\" sizes=\"(max-width: 800px) 100vw, 800px\" \/>\t\t\t\t\t\t\t\t\t\t\t\t\t\t\t<\/div>\n\t\t\t\t<\/div>\n\t\t\t\t<div class=\"elementor-element elementor-element-92fd5b5 elementor-widget elementor-widget-heading\" data-id=\"92fd5b5\" data-element_type=\"widget\" data-widget_type=\"heading.default\">\n\t\t\t\t<div class=\"elementor-widget-container\">\n\t\t\t\t\t<h2 class=\"elementor-heading-title elementor-size-default\">Creating databases<\/h2>\t\t\t\t<\/div>\n\t\t\t\t<\/div>\n\t\t\t\t<div class=\"elementor-element elementor-element-0b0df55 elementor-widget elementor-widget-text-editor\" data-id=\"0b0df55\" data-element_type=\"widget\" data-widget_type=\"text-editor.default\">\n\t\t\t\t<div class=\"elementor-widget-container\">\n\t\t\t\t\t\t\t\t\t<p>AvtomatikaAz MMC olaraq, m\u0259lumatlar\u0131n effektiv idar\u0259 olunmas\u0131n\u0131 t\u0259min ed\u0259n x\u00fcsusi m\u0259lumat bazas\u0131 h\u0259ll\u0259ri t\u0259qdim edirik. M\u0259lumat bazalar\u0131 yaln\u0131z informasiya toplama vasit\u0259si deyil, h\u0259m\u00e7inin q\u0259rar q\u0259buletm\u0259 prosesl\u0259rini s\u00fcr\u0259tl\u0259ndir\u0259n, \u0259m\u0259liyyat x\u0259rcl\u0259rini azaldan v\u0259 biznes f\u0259aliyy\u0259tl\u0259rini g\u00fccl\u0259ndir\u0259n \u0259sas texnologiyad\u0131r. Bizim komandam\u0131z h\u0259r bir m\u00fc\u015ft\u0259rinin spesifik t\u0259l\u0259bl\u0259rin\u0259 uy\u011fun m\u0259lumat bazalar\u0131n\u0131 dizayn edir v\u0259 h\u0259yata ke\u00e7irir.<\/p>\t\t\t\t\t\t\t\t<\/div>\n\t\t\t\t<\/div>\n\t\t\t\t<div class=\"elementor-element elementor-element-64993ff elementor-widget elementor-widget-text-editor\" data-id=\"64993ff\" data-element_type=\"widget\" data-widget_type=\"text-editor.default\">\n\t\t\t\t<div class=\"elementor-widget-container\">\n\t\t\t\t\t\t\t\t\t<p><strong>Xidm\u0259tl\u0259rimiz\u0259 N\u0259l\u0259r Daxildir?<\/strong><\/p><ol><li><strong>M\u0259lumat Bazas\u0131n\u0131n Dizayn\u0131 v\u0259 \u0130nki\u015faf\u0131:<\/strong><ul><li>F\u0259aliyy\u0259tiniz\u0259 v\u0259 s\u0259naye sektorunuza uy\u011fun optimalla\u015fd\u0131r\u0131lm\u0131\u015f m\u0259lumat bazas\u0131 strukturlar\u0131n\u0131n yarad\u0131lmas\u0131.<\/li><li>B\u00f6y\u00fck m\u0259lumat h\u0259cml\u0259rini idar\u0259 etm\u0259k \u00fc\u00e7\u00fcn y\u00fcks\u0259k performansl\u0131 v\u0259 geni\u015fl\u0259n\u0259 bil\u0259n h\u0259ll\u0259r.<\/li><\/ul><\/li><li><strong>T\u0259hl\u00fck\u0259sizlik H\u0259ll\u0259ri:<\/strong><ul><li>M\u0259lumatlar\u0131n\u0131z\u0131n tam qorunmas\u0131n\u0131 t\u0259min ed\u0259n m\u00fcasir \u015fifr\u0259l\u0259m\u0259 v\u0259 t\u0259hl\u00fck\u0259sizlik protokollar\u0131.<\/li><li>Veril\u0259nl\u0259rin icaz\u0259siz \u0259ld\u0259 edilm\u0259sinin qar\u015f\u0131s\u0131n\u0131 almaq \u00fc\u00e7\u00fcn qabaqc\u0131l m\u00fcdafi\u0259 mexanizml\u0259ri.<\/li><\/ul><\/li><li><strong>M\u0259lumatlar\u0131n Ehtiyat N\u00fcsx\u0259si v\u0259 B\u0259rpas\u0131:<\/strong><ul><li>F\u00f6vq\u0259lad\u0259 hallarda m\u0259lumat itkisini minimuma endirm\u0259k \u00fc\u00e7\u00fcn avtomatik ehtiyat n\u00fcsx\u0259 \u00e7\u0131xarma sisteml\u0259rinin t\u0259tbiqi.<\/li><li>Q\u0259zalar zaman\u0131 m\u0259lumatlar\u0131n s\u00fcr\u0259tli v\u0259 tam \u015f\u0259kild\u0259 b\u0259rpas\u0131.<\/li><\/ul><\/li><li><strong>M\u0259lumat Bazas\u0131n\u0131n Optimalla\u015fd\u0131r\u0131lmas\u0131:<\/strong><ul><li>M\u00f6vcud m\u0259lumat bazalar\u0131n\u0131n performans\u0131n\u0131 art\u0131rmaq \u00fc\u00e7\u00fcn t\u0259kmill\u0259\u015fdirilm\u0259 i\u015fl\u0259ri.<\/li><li>M\u0259lumatlar\u0131n daha tez \u0259ld\u0259 edilm\u0259sini t\u0259min ed\u0259n optimalla\u015fd\u0131r\u0131lm\u0131\u015f sor\u011fular v\u0259 indeksl\u0259r.<\/li><\/ul><\/li><li><strong>M\u0259lumatlar\u0131n Miqrasiyas\u0131 v\u0259 \u0130ntegrasiyas\u0131:<\/strong><ul><li>M\u00f6vcud m\u0259lumat bazas\u0131ndan yeni platformalara v\u0259 ya sisteml\u0259r\u0259 ke\u00e7id prosesinin t\u0259hl\u00fck\u0259siz \u015f\u0259kild\u0259 h\u0259yata ke\u00e7irilm\u0259si.<\/li><li>M\u0259lumat ax\u0131nlar\u0131n\u0131n vahid bir sistemd\u0259 birl\u0259\u015fdirilm\u0259si \u00fc\u00e7\u00fcn inteqrasiya xidm\u0259tl\u0259ri.<\/li><\/ul><\/li><li><strong>Texniki D\u0259st\u0259k v\u0259 T\u0259kmill\u0259\u015fdirm\u0259:<\/strong><ul><li>M\u0259lumat bazalar\u0131n\u0131n g\u00fcnd\u0259lik i\u015find\u0259 yaranan probleml\u0259rin aradan qald\u0131r\u0131lmas\u0131 \u00fc\u00e7\u00fcn texniki d\u0259st\u0259k.<\/li><li>Sisteminizin davaml\u0131 olaraq yenil\u0259nm\u0259si v\u0259 inki\u015faf etdirilm\u0259si.<\/li><\/ul><\/li><\/ol>\t\t\t\t\t\t\t\t<\/div>\n\t\t\t\t<\/div>\n\t\t<div class=\"elementor-element elementor-element-af7997e e-con-full e-flex e-con e-child\" data-id=\"af7997e\" data-element_type=\"container\">\n\t\t<div class=\"elementor-element elementor-element-7ebcb22 e-con-full e-flex e-con e-child\" data-id=\"7ebcb22\" data-element_type=\"container\">\n\t\t\t\t<div class=\"elementor-element elementor-element-99781aa elementor-widget elementor-widget-image\" data-id=\"99781aa\" data-element_type=\"widget\" data-widget_type=\"image.default\">\n\t\t\t\t<div class=\"elementor-widget-container\">\n\t\t\t\t\t\t\t\t\t\t\t\t\t\t\t<img decoding=\"async\" width=\"1024\" height=\"427\" src=\"https:\/\/avtomatika.az\/wp-content\/uploads\/2024\/03\/post-01-1-1024x427.jpg\" class=\"attachment-large size-large wp-image-3392\" alt=\"\" srcset=\"https:\/\/avtomatika.az\/wp-content\/uploads\/2024\/03\/post-01-1-1024x427.jpg 1024w, https:\/\/avtomatika.az\/wp-content\/uploads\/2024\/03\/post-01-1-300x125.jpg 300w, https:\/\/avtomatika.az\/wp-content\/uploads\/2024\/03\/post-01-1-768x320.jpg 768w, https:\/\/avtomatika.az\/wp-content\/uploads\/2024\/03\/post-01-1-600x250.jpg 600w, https:\/\/avtomatika.az\/wp-content\/uploads\/2024\/03\/post-01-1.jpg 1200w\" sizes=\"(max-width: 1024px) 100vw, 1024px\" \/>\t\t\t\t\t\t\t\t\t\t\t\t\t\t\t<\/div>\n\t\t\t\t<\/div>\n\t\t\t\t<div class=\"elementor-element elementor-element-8c582d3 elementor-widget elementor-widget-image\" data-id=\"8c582d3\" data-element_type=\"widget\" data-widget_type=\"image.default\">\n\t\t\t\t<div class=\"elementor-widget-container\">\n\t\t\t\t\t\t\t\t\t\t\t\t\t\t\t<img decoding=\"async\" width=\"1024\" height=\"684\" src=\"https:\/\/avtomatika.az\/wp-content\/uploads\/2024\/12\/svatt-1-1024x684.jpg\" class=\"attachment-large size-large wp-image-3710\" alt=\"\" srcset=\"https:\/\/avtomatika.az\/wp-content\/uploads\/2024\/12\/svatt-1-1024x684.jpg 1024w, https:\/\/avtomatika.az\/wp-content\/uploads\/2024\/12\/svatt-1-300x200.jpg 300w, https:\/\/avtomatika.az\/wp-content\/uploads\/2024\/12\/svatt-1-768x513.jpg 768w, https:\/\/avtomatika.az\/wp-content\/uploads\/2024\/12\/svatt-1.jpg 1200w\" sizes=\"(max-width: 1024px) 100vw, 1024px\" \/>\t\t\t\t\t\t\t\t\t\t\t\t\t\t\t<\/div>\n\t\t\t\t<\/div>\n\t\t\t\t<\/div>\n\t\t<div class=\"elementor-element elementor-element-52a32f4 e-con-full e-flex e-con e-child\" data-id=\"52a32f4\" data-element_type=\"container\">\n\t\t\t\t<div class=\"elementor-element elementor-element-16f0aa0 elementor-widget elementor-widget-heading\" data-id=\"16f0aa0\" data-element_type=\"widget\" data-widget_type=\"heading.default\">\n\t\t\t\t<div class=\"elementor-widget-container\">\n\t\t\t\t\t<h3 class=\"elementor-heading-title elementor-size-default\">M\u0259lumat Bazas\u0131n\u0131n \u018fh\u0259miyy\u0259ti<\/h3>\t\t\t\t<\/div>\n\t\t\t\t<\/div>\n\t\t\t\t<div class=\"elementor-element elementor-element-b1456b3 elementor-widget elementor-widget-text-editor\" data-id=\"b1456b3\" data-element_type=\"widget\" data-widget_type=\"text-editor.default\">\n\t\t\t\t<div class=\"elementor-widget-container\">\n\t\t\t\t\t\t\t\t\t<p>Pe\u015f\u0259kar \u015f\u0259kild\u0259 qurulmu\u015f m\u0259lumat bazas\u0131 siz\u0259 a\u015fa\u011f\u0131dak\u0131 \u00fcst\u00fcnl\u00fckl\u0259ri t\u0259min edir:<\/p><ul><li><strong>Operativlik:<\/strong> \u0130\u015f prosesl\u0259rind\u0259 daha tez v\u0259 d\u0259qiq m\u0259lumat \u0259ld\u0259 etm\u0259k.<\/li><li><strong>Effektivlik:<\/strong> M\u0259lumatlar\u0131n avtomatla\u015fd\u0131r\u0131lm\u0131\u015f idar\u0259 olunmas\u0131 il\u0259 vaxt v\u0259 resurslar\u0131n q\u0259na\u0259ti.<\/li><li><strong>T\u0259hl\u00fck\u0259sizlik:<\/strong> M\u0259lumat itkisi v\u0259 ya kiberh\u00fccum riskl\u0259rinin minimuma endirilm\u0259si.<\/li><li><strong>Uy\u011funla\u015fma:<\/strong> G\u0259l\u0259c\u0259k t\u0259l\u0259bl\u0259r\u0259 cavab ver\u0259n geni\u015fl\u0259n\u0259 bil\u0259n sisteml\u0259r.<\/li><\/ul>\t\t\t\t\t\t\t\t<\/div>\n\t\t\t\t<\/div>\n\t\t\t\t<\/div>\n\t\t\t\t<\/div>\n\t\t\t\t<\/div>\n\t\t\t\t\t<\/div>\n\t\t\t\t<\/div>\n\t\t\t\t<\/div>","protected":false},"excerpt":{"rendered":"<p>M\u0259lumatlar bazalar\u0131n\u0131n yarad\u0131lmas\u0131 AvtomatikaAz MMC olaraq, m\u0259lumatlar\u0131n effektiv idar\u0259 olunmas\u0131n\u0131 t\u0259min ed\u0259n x\u00fcsusi m\u0259lumat bazas\u0131 h\u0259ll\u0259ri t\u0259qdim edirik. M\u0259lumat bazalar\u0131 yaln\u0131z informasiya toplama vasit\u0259si deyil, h\u0259m\u00e7inin q\u0259rar q\u0259buletm\u0259 prosesl\u0259rini s\u00fcr\u0259tl\u0259ndir\u0259n, \u0259m\u0259liyyat x\u0259rcl\u0259rini azaldan v\u0259 biznes f\u0259aliyy\u0259tl\u0259rini g\u00fccl\u0259ndir\u0259n \u0259sas texnologiyad\u0131r. Bizim komandam\u0131z h\u0259r bir m\u00fc\u015ft\u0259rinin spesifik t\u0259l\u0259bl\u0259rin\u0259 uy\u011fun m\u0259lumat bazalar\u0131n\u0131 dizayn edir v\u0259 h\u0259yata ke\u00e7irir. Xidm\u0259tl\u0259rimiz\u0259<span class=\"more-dots\">&#8230;<\/span> <span class=\"more-tag\"><a class=\"more-link\" href=\"https:\/\/avtomatika.az\/en\/melumatlar-bazalarinin-yaradilmasi\/\">More details<span class=\"screen-reader-text\"> \"M\u0259lumatlar bazalar\u0131n\u0131n yarad\u0131lmas\u0131\"<\/span><\/a><\/span><!-- .more-tag --><\/p>","protected":false},"author":1,"featured_media":0,"parent":0,"menu_order":0,"comment_status":"closed","ping_status":"closed","template":"page-templates\/full-width.php","meta":{"footnotes":""},"class_list":["post-3608","page","type-page","status-publish","hentry"],"_links":{"self":[{"href":"https:\/\/avtomatika.az\/en\/wp-json\/wp\/v2\/pages\/3608","targetHints":{"allow":["GET"]}}],"collection":[{"href":"https:\/\/avtomatika.az\/en\/wp-json\/wp\/v2\/pages"}],"about":[{"href":"https:\/\/avtomatika.az\/en\/wp-json\/wp\/v2\/types\/page"}],"author":[{"embeddable":true,"href":"https:\/\/avtomatika.az\/en\/wp-json\/wp\/v2\/users\/1"}],"replies":[{"embeddable":true,"href":"https:\/\/avtomatika.az\/en\/wp-json\/wp\/v2\/comments?post=3608"}],"version-history":[{"count":0,"href":"https:\/\/avtomatika.az\/en\/wp-json\/wp\/v2\/pages\/3608\/revisions"}],"wp:attachment":[{"href":"https:\/\/avtomatika.az\/en\/wp-json\/wp\/v2\/media?parent=3608"}],"curies":[{"name":"wp","href":"https:\/\/api.w.org\/{rel}","templated":true}]}}