{"id":3610,"date":"2024-10-14T12:27:39","date_gmt":"2024-10-14T12:27:39","guid":{"rendered":"https:\/\/avtomatika.az\/?page_id=3610"},"modified":"2025-01-09T11:15:05","modified_gmt":"2025-01-09T11:15:05","slug":"bulud-helleri","status":"publish","type":"page","link":"https:\/\/avtomatika.az\/en\/bulud-helleri\/","title":{"rendered":"Cloud solutions"},"content":{"rendered":"<div data-elementor-type=\"wp-page\" data-elementor-id=\"3610\" class=\"elementor elementor-3610\" data-elementor-post-type=\"page\">\n\t\t\t\t<div class=\"elementor-element elementor-element-2b1cb41 e-flex e-con-boxed e-con e-parent\" data-id=\"2b1cb41\" data-element_type=\"container\" data-settings=\"{&quot;background_background&quot;:&quot;classic&quot;}\">\n\t\t\t\t\t<div class=\"e-con-inner\">\n\t\t<div class=\"elementor-element elementor-element-05bbf7a e-con-full e-flex e-con e-child\" data-id=\"05bbf7a\" data-element_type=\"container\">\n\t\t\t\t<div class=\"elementor-element elementor-element-da9141a elementor-widget elementor-widget-image\" data-id=\"da9141a\" data-element_type=\"widget\" data-widget_type=\"image.default\">\n\t\t\t\t<div class=\"elementor-widget-container\">\n\t\t\t\t\t\t\t\t\t\t\t\t\t\t\t<img fetchpriority=\"high\" decoding=\"async\" width=\"1024\" height=\"684\" src=\"https:\/\/avtomatika.az\/wp-content\/uploads\/2024\/12\/avtm222-1-1024x684.jpg\" class=\"attachment-large size-large wp-image-3723\" alt=\"\" srcset=\"https:\/\/avtomatika.az\/wp-content\/uploads\/2024\/12\/avtm222-1-1024x684.jpg 1024w, https:\/\/avtomatika.az\/wp-content\/uploads\/2024\/12\/avtm222-1-300x200.jpg 300w, https:\/\/avtomatika.az\/wp-content\/uploads\/2024\/12\/avtm222-1-768x513.jpg 768w, https:\/\/avtomatika.az\/wp-content\/uploads\/2024\/12\/avtm222-1.jpg 1200w\" sizes=\"(max-width: 1024px) 100vw, 1024px\" \/>\t\t\t\t\t\t\t\t\t\t\t\t\t\t\t<\/div>\n\t\t\t\t<\/div>\n\t\t\t\t<div class=\"elementor-element elementor-element-92fd5b5 elementor-widget elementor-widget-heading\" data-id=\"92fd5b5\" data-element_type=\"widget\" data-widget_type=\"heading.default\">\n\t\t\t\t<div class=\"elementor-widget-container\">\n\t\t\t\t\t<h2 class=\"elementor-heading-title elementor-size-default\">Cloud solutions<\/h2>\t\t\t\t<\/div>\n\t\t\t\t<\/div>\n\t\t\t\t<div class=\"elementor-element elementor-element-0b0df55 elementor-widget elementor-widget-text-editor\" data-id=\"0b0df55\" data-element_type=\"widget\" data-widget_type=\"text-editor.default\">\n\t\t\t\t<div class=\"elementor-widget-container\">\n\t\t\t\t\t\t\t\t\t<p>Bug\u00fcnk\u00fc i\u015f m\u00fchitind\u0259 bulud texnologiyalar\u0131 \u015firk\u0259tl\u0259r \u00fc\u00e7\u00fcn b\u00f6y\u00fck imkanlar a\u00e7\u0131r. AvtomatikaAz MMC olaraq, biz m\u00fc\u015ft\u0259ril\u0259rimiz\u0259 y\u00fcks\u0259k performansl\u0131 v\u0259 t\u0259hl\u00fck\u0259siz bulud h\u0259ll\u0259ri t\u0259qdim edirik. Bu h\u0259ll\u0259r i\u015f prosesl\u0259rinin s\u00fcr\u0259tini art\u0131r\u0131r, resurslardan daha s\u0259m\u0259r\u0259li istifad\u0259ni t\u0259min edir v\u0259 informasiya m\u00fcbadil\u0259sini daha rahat v\u0259 etibarl\u0131 edir.<\/p>\t\t\t\t\t\t\t\t<\/div>\n\t\t\t\t<\/div>\n\t\t<div class=\"elementor-element elementor-element-af7997e e-con-full e-flex e-con e-child\" data-id=\"af7997e\" data-element_type=\"container\">\n\t\t<div class=\"elementor-element elementor-element-7ebcb22 e-con-full e-flex e-con e-child\" data-id=\"7ebcb22\" data-element_type=\"container\">\n\t\t\t\t<div class=\"elementor-element elementor-element-99781aa elementor-widget elementor-widget-image\" data-id=\"99781aa\" data-element_type=\"widget\" data-widget_type=\"image.default\">\n\t\t\t\t<div class=\"elementor-widget-container\">\n\t\t\t\t\t\t\t\t\t\t\t\t\t\t\t<img decoding=\"async\" width=\"1024\" height=\"684\" src=\"https:\/\/avtomatika.az\/wp-content\/uploads\/2024\/12\/atom-8-1024x684.jpg\" class=\"attachment-large size-large wp-image-3717\" alt=\"\" srcset=\"https:\/\/avtomatika.az\/wp-content\/uploads\/2024\/12\/atom-8-1024x684.jpg 1024w, https:\/\/avtomatika.az\/wp-content\/uploads\/2024\/12\/atom-8-300x200.jpg 300w, https:\/\/avtomatika.az\/wp-content\/uploads\/2024\/12\/atom-8-768x513.jpg 768w, https:\/\/avtomatika.az\/wp-content\/uploads\/2024\/12\/atom-8.jpg 1200w\" sizes=\"(max-width: 1024px) 100vw, 1024px\" \/>\t\t\t\t\t\t\t\t\t\t\t\t\t\t\t<\/div>\n\t\t\t\t<\/div>\n\t\t\t\t<div class=\"elementor-element elementor-element-1a180e1 elementor-widget elementor-widget-image\" data-id=\"1a180e1\" data-element_type=\"widget\" data-widget_type=\"image.default\">\n\t\t\t\t<div class=\"elementor-widget-container\">\n\t\t\t\t\t\t\t\t\t\t\t\t\t\t\t<img fetchpriority=\"high\" decoding=\"async\" width=\"1024\" height=\"684\" src=\"https:\/\/avtomatika.az\/wp-content\/uploads\/2024\/12\/avtm222-1-1024x684.jpg\" class=\"attachment-large size-large wp-image-3723\" alt=\"\" srcset=\"https:\/\/avtomatika.az\/wp-content\/uploads\/2024\/12\/avtm222-1-1024x684.jpg 1024w, https:\/\/avtomatika.az\/wp-content\/uploads\/2024\/12\/avtm222-1-300x200.jpg 300w, https:\/\/avtomatika.az\/wp-content\/uploads\/2024\/12\/avtm222-1-768x513.jpg 768w, https:\/\/avtomatika.az\/wp-content\/uploads\/2024\/12\/avtm222-1.jpg 1200w\" sizes=\"(max-width: 1024px) 100vw, 1024px\" \/>\t\t\t\t\t\t\t\t\t\t\t\t\t\t\t<\/div>\n\t\t\t\t<\/div>\n\t\t\t\t<\/div>\n\t\t<div class=\"elementor-element elementor-element-52a32f4 e-con-full e-flex e-con e-child\" data-id=\"52a32f4\" data-element_type=\"container\">\n\t\t\t\t<div class=\"elementor-element elementor-element-16f0aa0 elementor-widget elementor-widget-heading\" data-id=\"16f0aa0\" data-element_type=\"widget\" data-widget_type=\"heading.default\">\n\t\t\t\t<div class=\"elementor-widget-container\">\n\t\t\t\t\t<h3 class=\"elementor-heading-title elementor-size-default\">Xidm\u0259tl\u0259rimiz\u0259 daxildir:<\/h3>\t\t\t\t<\/div>\n\t\t\t\t<\/div>\n\t\t\t\t<div class=\"elementor-element elementor-element-b1456b3 elementor-widget elementor-widget-text-editor\" data-id=\"b1456b3\" data-element_type=\"widget\" data-widget_type=\"text-editor.default\">\n\t\t\t\t<div class=\"elementor-widget-container\">\n\t\t\t\t\t\t\t\t\t<ol><li><strong>Bulud M\u00fchitinin Qurulmas\u0131 v\u0259 Konfiqurasiyas\u0131:<\/strong><ul><li>M\u00fc\u015ft\u0259rinin ehtiyaclar\u0131na uy\u011fun olaraq bulud infrastrukturu qurulmas\u0131 v\u0259 optimalla\u015fd\u0131r\u0131lmas\u0131.<\/li><li>F\u0259rqli s\u0259naye sah\u0259l\u0259rin\u0259 uy\u011fun bulud m\u00fchitinin haz\u0131rlanmas\u0131 v\u0259 istifad\u0259y\u0259 verilm\u0259si.<\/li><\/ul><\/li><li><strong>M\u0259lumatlar\u0131n Buluda K\u00f6\u00e7\u00fcr\u00fclm\u0259si (Miqrasiya):<\/strong><ul><li>M\u00f6vcud sisteml\u0259rd\u0259n bulud m\u00fchitin\u0259 m\u0259lumatlar\u0131n t\u0259hl\u00fck\u0259siz \u015f\u0259kild\u0259 k\u00f6\u00e7\u00fcr\u00fclm\u0259si.<\/li><li>Veril\u0259nl\u0259rin tam qorunmas\u0131 v\u0259 he\u00e7 bir m\u0259lumat itkisin\u0259 yol verilm\u0259m\u0259si \u00fc\u00e7\u00fcn miqrasiya xidm\u0259tl\u0259ri.<\/li><\/ul><\/li><li><strong>Bulud Yadda\u015f\u0131 v\u0259 Saxlama H\u0259ll\u0259ri:<\/strong><ul><li>M\u00fcxt\u0259lif \u00f6l\u00e7\u00fcl\u00fc v\u0259 h\u0259cmli m\u0259lumatlar\u0131n t\u0259hl\u00fck\u0259siz \u015f\u0259kild\u0259 bulud m\u00fchitind\u0259 saxlanmas\u0131.<\/li><li>Yadda\u015f geni\u015fl\u0259ndirm\u0259 v\u0259 optimalla\u015fd\u0131rma xidm\u0259tl\u0259ri il\u0259 bulud saxlama h\u0259ll\u0259rinin t\u0259kmill\u0259\u015fdirilm\u0259si<\/li><\/ul><\/li><\/ol>\t\t\t\t\t\t\t\t<\/div>\n\t\t\t\t<\/div>\n\t\t\t\t<\/div>\n\t\t\t\t<\/div>\n\t\t\t\t<\/div>\n\t\t\t\t\t<\/div>\n\t\t\t\t<\/div>\n\t\t\t\t<\/div>","protected":false},"excerpt":{"rendered":"<p>Bulud h\u0259ll\u0259ri Bug\u00fcnk\u00fc i\u015f m\u00fchitind\u0259 bulud texnologiyalar\u0131 \u015firk\u0259tl\u0259r \u00fc\u00e7\u00fcn b\u00f6y\u00fck imkanlar a\u00e7\u0131r. AvtomatikaAz MMC olaraq, biz m\u00fc\u015ft\u0259ril\u0259rimiz\u0259 y\u00fcks\u0259k performansl\u0131 v\u0259 t\u0259hl\u00fck\u0259siz bulud h\u0259ll\u0259ri t\u0259qdim edirik. Bu h\u0259ll\u0259r i\u015f prosesl\u0259rinin s\u00fcr\u0259tini art\u0131r\u0131r, resurslardan daha s\u0259m\u0259r\u0259li istifad\u0259ni t\u0259min edir v\u0259 informasiya m\u00fcbadil\u0259sini daha rahat v\u0259 etibarl\u0131 edir. Xidm\u0259tl\u0259rimiz\u0259 daxildir: Bulud M\u00fchitinin Qurulmas\u0131 v\u0259 Konfiqurasiyas\u0131: M\u00fc\u015ft\u0259rinin ehtiyaclar\u0131na uy\u011fun<span class=\"more-dots\">&#8230;<\/span> <span class=\"more-tag\"><a class=\"more-link\" href=\"https:\/\/avtomatika.az\/en\/bulud-helleri\/\">More details<span class=\"screen-reader-text\"> \"Bulud h\u0259ll\u0259ri\"<\/span><\/a><\/span><!-- .more-tag --><\/p>","protected":false},"author":1,"featured_media":0,"parent":0,"menu_order":0,"comment_status":"closed","ping_status":"closed","template":"page-templates\/full-width.php","meta":{"footnotes":""},"class_list":["post-3610","page","type-page","status-publish","hentry"],"_links":{"self":[{"href":"https:\/\/avtomatika.az\/en\/wp-json\/wp\/v2\/pages\/3610","targetHints":{"allow":["GET"]}}],"collection":[{"href":"https:\/\/avtomatika.az\/en\/wp-json\/wp\/v2\/pages"}],"about":[{"href":"https:\/\/avtomatika.az\/en\/wp-json\/wp\/v2\/types\/page"}],"author":[{"embeddable":true,"href":"https:\/\/avtomatika.az\/en\/wp-json\/wp\/v2\/users\/1"}],"replies":[{"embeddable":true,"href":"https:\/\/avtomatika.az\/en\/wp-json\/wp\/v2\/comments?post=3610"}],"version-history":[{"count":0,"href":"https:\/\/avtomatika.az\/en\/wp-json\/wp\/v2\/pages\/3610\/revisions"}],"wp:attachment":[{"href":"https:\/\/avtomatika.az\/en\/wp-json\/wp\/v2\/media?parent=3610"}],"curies":[{"name":"wp","href":"https:\/\/api.w.org\/{rel}","templated":true}]}}