{"id":3612,"date":"2024-10-14T12:28:12","date_gmt":"2024-10-14T12:28:12","guid":{"rendered":"https:\/\/avtomatika.az\/?page_id=3612"},"modified":"2025-01-09T11:17:43","modified_gmt":"2025-01-09T11:17:43","slug":"iot-heller-tehlukesizlik","status":"publish","type":"page","link":"https:\/\/avtomatika.az\/en\/iot-heller-tehlukesizlik\/","title":{"rendered":"IoT solutions\/Security"},"content":{"rendered":"<div data-elementor-type=\"wp-page\" data-elementor-id=\"3612\" class=\"elementor elementor-3612\" data-elementor-post-type=\"page\">\n\t\t\t\t<div class=\"elementor-element elementor-element-2b1cb41 e-flex e-con-boxed e-con e-parent\" data-id=\"2b1cb41\" data-element_type=\"container\" data-settings=\"{&quot;background_background&quot;:&quot;classic&quot;}\">\n\t\t\t\t\t<div class=\"e-con-inner\">\n\t\t<div class=\"elementor-element elementor-element-05bbf7a e-con-full e-flex e-con e-child\" data-id=\"05bbf7a\" data-element_type=\"container\">\n\t\t\t\t<div class=\"elementor-element elementor-element-da9141a elementor-widget elementor-widget-image\" data-id=\"da9141a\" data-element_type=\"widget\" data-widget_type=\"image.default\">\n\t\t\t\t<div class=\"elementor-widget-container\">\n\t\t\t\t\t\t\t\t\t\t\t\t\t\t\t<img fetchpriority=\"high\" decoding=\"async\" width=\"1024\" height=\"427\" src=\"https:\/\/avtomatika.az\/wp-content\/uploads\/2024\/03\/post-01-1-1024x427.jpg\" class=\"attachment-large size-large wp-image-3392\" alt=\"\" srcset=\"https:\/\/avtomatika.az\/wp-content\/uploads\/2024\/03\/post-01-1-1024x427.jpg 1024w, https:\/\/avtomatika.az\/wp-content\/uploads\/2024\/03\/post-01-1-300x125.jpg 300w, https:\/\/avtomatika.az\/wp-content\/uploads\/2024\/03\/post-01-1-768x320.jpg 768w, https:\/\/avtomatika.az\/wp-content\/uploads\/2024\/03\/post-01-1-600x250.jpg 600w, https:\/\/avtomatika.az\/wp-content\/uploads\/2024\/03\/post-01-1.jpg 1200w\" sizes=\"(max-width: 1024px) 100vw, 1024px\" \/>\t\t\t\t\t\t\t\t\t\t\t\t\t\t\t<\/div>\n\t\t\t\t<\/div>\n\t\t\t\t<div class=\"elementor-element elementor-element-92fd5b5 elementor-widget elementor-widget-heading\" data-id=\"92fd5b5\" data-element_type=\"widget\" data-widget_type=\"heading.default\">\n\t\t\t\t<div class=\"elementor-widget-container\">\n\t\t\t\t\t<h2 class=\"elementor-heading-title elementor-size-default\">IoT solutions\/Security<\/h2>\t\t\t\t<\/div>\n\t\t\t\t<\/div>\n\t\t\t\t<div class=\"elementor-element elementor-element-0b0df55 elementor-widget elementor-widget-text-editor\" data-id=\"0b0df55\" data-element_type=\"widget\" data-widget_type=\"text-editor.default\">\n\t\t\t\t<div class=\"elementor-widget-container\">\n\t\t\t\t\t\t\t\t\t<p>AvtomatikaAz MMC, m\u00fcasir texnologiyalar\u0131n t\u0259klif etdiyi geni\u015f imkanlardan istifad\u0259 ed\u0259r\u0259k m\u00fc\u015ft\u0259ril\u0259rin\u0259 \u0130nternet \u018f\u015fyalar\u0131 (IoT) h\u0259ll\u0259ri v\u0259 t\u0259hl\u00fck\u0259sizlik xidm\u0259tl\u0259ri t\u0259qdim edir. IoT texnologiyalar\u0131, fiziki obyektl\u0259ri internet vasit\u0259sil\u0259 bir-birin\u0259 ba\u011flayaraq daha a\u011f\u0131ll\u0131, t\u0259hl\u00fck\u0259siz v\u0259 effektiv i\u015f m\u00fchitl\u0259ri yarad\u0131r. Bizim t\u0259klif etdiyimiz IoT h\u0259ll\u0259ri, h\u0259m\u00e7inin, m\u00fc\u015ft\u0259ril\u0259rimizin i\u015fl\u0259rini daha \u00e7evik, monitorinqi asan v\u0259 t\u0259hl\u00fck\u0259siz bir \u015f\u0259kild\u0259 idar\u0259 etm\u0259l\u0259rin\u0259 imkan verir.<\/p>\t\t\t\t\t\t\t\t<\/div>\n\t\t\t\t<\/div>\n\t\t<div class=\"elementor-element elementor-element-af7997e e-con-full e-flex e-con e-child\" data-id=\"af7997e\" data-element_type=\"container\">\n\t\t<div class=\"elementor-element elementor-element-52a32f4 e-con-full e-flex e-con e-child\" data-id=\"52a32f4\" data-element_type=\"container\">\n\t\t\t\t<div class=\"elementor-element elementor-element-16f0aa0 elementor-widget elementor-widget-heading\" data-id=\"16f0aa0\" data-element_type=\"widget\" data-widget_type=\"heading.default\">\n\t\t\t\t<div class=\"elementor-widget-container\">\n\t\t\t\t\t<h3 class=\"elementor-heading-title elementor-size-default\">Xidm\u0259tl\u0259rimiz\u0259 daxildir<\/h3>\t\t\t\t<\/div>\n\t\t\t\t<\/div>\n\t\t\t\t<div class=\"elementor-element elementor-element-b1456b3 elementor-widget elementor-widget-text-editor\" data-id=\"b1456b3\" data-element_type=\"widget\" data-widget_type=\"text-editor.default\">\n\t\t\t\t<div class=\"elementor-widget-container\">\n\t\t\t\t\t\t\t\t\t<ul><li><p><strong>IoT Cihazlar\u0131n\u0131n Qurulmas\u0131 v\u0259 \u0130nteqrasiyas\u0131:<\/strong><\/p><ul><li>M\u00fcxt\u0259lif n\u00f6v cihazlar\u0131n (sensorlar, kameralar, sensorlu qur\u011fular v\u0259 s.) IoT \u015f\u0259b\u0259k\u0259sin\u0259 qo\u015fulmas\u0131.<\/li><li>\u0130nteqrasiya olunmu\u015f IoT h\u0259ll\u0259ri il\u0259 sistemin idar\u0259 edilm\u0259si v\u0259 optimalla\u015fd\u0131r\u0131lmas\u0131.<\/li><li>Yeni texnologiyalar\u0131n m\u00fc\u015ft\u0259rinin t\u0259l\u0259bl\u0259rin\u0259 uy\u011fun olaraq IoT \u015f\u0259b\u0259k\u0259sin\u0259 \u0259lav\u0259 edilm\u0259si.<\/li><\/ul><\/li><li><p><strong>IoT Platformalar\u0131n\u0131n \u0130nki\u015faf\u0131:<\/strong><\/p><ul><li>M\u00fc\u015ft\u0259rinin spesifik t\u0259l\u0259bl\u0259rin\u0259 uy\u011fun x\u00fcsusi IoT idar\u0259etm\u0259 platformalar\u0131n\u0131n haz\u0131rlanmas\u0131.<\/li><li>Veril\u0259nl\u0259rin toplanmas\u0131, t\u0259hlil edilm\u0259si v\u0259 m\u0259lumatlar\u0131n vizualizasiyas\u0131 \u00fc\u00e7\u00fcn \u00f6zelle\u015fdirilmi\u015f idar\u0259etm\u0259 paneli v\u0259 interfeys dizayn\u0131.<\/li><\/ul><\/li><li><p><strong>IoT il\u0259 T\u0259hl\u00fck\u0259sizlik Sisteml\u0259ri:<\/strong><\/p><ul><li>Fiziki t\u0259hl\u00fck\u0259sizliyin art\u0131r\u0131lmas\u0131 \u00fc\u00e7\u00fcn IoT texnologiyalar\u0131ndan istifad\u0259 (m\u0259s\u0259l\u0259n, a\u011f\u0131ll\u0131 kameralar, siqnalizasiya sisteml\u0259ri, t\u0259hl\u00fck\u0259sizlik sensorlar\u0131).<\/li><li>M\u0259lumatlar\u0131n t\u0259hl\u00fck\u0259sizliyi v\u0259 sistemin qorunmas\u0131 \u00fc\u00e7\u00fcn qabaqc\u0131l \u015fifr\u0259l\u0259m\u0259 v\u0259 autentifikasiya metodlar\u0131.<\/li><li>IoT cihazlar\u0131ndan \u0259ld\u0259 edil\u0259n m\u0259lumatlar\u0131n t\u0259hl\u00fck\u0259siz v\u0259 m\u00fchafiz\u0259 edil\u0259n m\u00fchitd\u0259 saxlanmas\u0131.<\/li><\/ul><\/li><li><p><strong>\u018f\u015fyalararas\u0131 Rabit\u0259 v\u0259 Avtomatla\u015fd\u0131rma:<\/strong><\/p><ul><li>IoT cihazlar\u0131 aras\u0131nda avtomatik \u0259laq\u0259nin qurulmas\u0131 v\u0259 i\u015f prosesl\u0259rinin optimalla\u015fd\u0131r\u0131lmas\u0131.<\/li><li>A\u011f\u0131ll\u0131 binalar, zavodlar, ofisl\u0259r v\u0259 dig\u0259r obyektl\u0259rd\u0259 IoT sisteml\u0259ri il\u0259 avtomatla\u015fd\u0131r\u0131lm\u0131\u015f prosesl\u0259rin idar\u0259 edilm\u0259si.<\/li><\/ul><\/li><li><p><strong>Real-Time Monitorinq v\u0259 \u0130dar\u0259etm\u0259:<\/strong><\/p><ul><li>IoT cihazlar\u0131n\u0131n real zamanl\u0131 izl\u0259nm\u0259si v\u0259 hadis\u0259l\u0259rin avtomatik idar\u0259 olunmas\u0131.<\/li><li>\u0130stifad\u0259\u00e7il\u0259r \u00fc\u00e7\u00fcn mobil v\u0259 masa\u00fcst\u00fc t\u0259tbiql\u0259r vasit\u0259sil\u0259 IoT cihazlar\u0131n\u0131n monitorinqi v\u0259 idar\u0259 edilm\u0259si.<\/li><\/ul><\/li><li><p><strong>\u0130oT T\u0259hl\u00fck\u0259sizlik H\u0259ll\u0259ri v\u0259 Xidm\u0259tl\u0259ri:<\/strong><\/p><ul><li>IoT \u015f\u0259b\u0259k\u0259l\u0259rind\u0259 m\u0259lumatlar\u0131n qorunmas\u0131 \u00fc\u00e7\u00fcn t\u0259hl\u00fck\u0259sizlik protokollar\u0131n\u0131n t\u0259tbiqi.<\/li><li>\u0130oT sisteml\u0259rinin z\u0259if t\u0259r\u0259fl\u0259rinin t\u0259hlili v\u0259 bu sah\u0259l\u0259rd\u0259 z\u0259man\u0259tli t\u0259hl\u00fck\u0259sizlik h\u0259ll\u0259rinin t\u0259qdim edilm\u0259si.<\/li><li>H\u0259r hans\u0131 bir t\u0259hl\u00fck\u0259sizlik pozuntusunun qar\u015f\u0131s\u0131n\u0131 almaq v\u0259 IoT \u015f\u0259b\u0259k\u0259l\u0259rini davaml\u0131 izl\u0259m\u0259k \u00fc\u00e7\u00fcn 24\/7 t\u0259hl\u00fck\u0259sizlik monitorinqi xidm\u0259tl\u0259ri.<\/li><\/ul><\/li><\/ul>\t\t\t\t\t\t\t\t<\/div>\n\t\t\t\t<\/div>\n\t\t\t\t<div class=\"elementor-element elementor-element-f0b1b8f elementor-widget elementor-widget-image\" data-id=\"f0b1b8f\" data-element_type=\"widget\" data-widget_type=\"image.default\">\n\t\t\t\t<div class=\"elementor-widget-container\">\n\t\t\t\t\t\t\t\t\t\t\t\t\t\t\t<img fetchpriority=\"high\" decoding=\"async\" width=\"1024\" height=\"427\" src=\"https:\/\/avtomatika.az\/wp-content\/uploads\/2024\/03\/post-01-1-1024x427.jpg\" class=\"attachment-large size-large wp-image-3392\" alt=\"\" srcset=\"https:\/\/avtomatika.az\/wp-content\/uploads\/2024\/03\/post-01-1-1024x427.jpg 1024w, https:\/\/avtomatika.az\/wp-content\/uploads\/2024\/03\/post-01-1-300x125.jpg 300w, https:\/\/avtomatika.az\/wp-content\/uploads\/2024\/03\/post-01-1-768x320.jpg 768w, https:\/\/avtomatika.az\/wp-content\/uploads\/2024\/03\/post-01-1-600x250.jpg 600w, https:\/\/avtomatika.az\/wp-content\/uploads\/2024\/03\/post-01-1.jpg 1200w\" sizes=\"(max-width: 1024px) 100vw, 1024px\" \/>\t\t\t\t\t\t\t\t\t\t\t\t\t\t\t<\/div>\n\t\t\t\t<\/div>\n\t\t\t\t<div class=\"elementor-element elementor-element-6e4799c elementor-widget elementor-widget-text-editor\" data-id=\"6e4799c\" data-element_type=\"widget\" data-widget_type=\"text-editor.default\">\n\t\t\t\t<div class=\"elementor-widget-container\">\n\t\t\t\t\t\t\t\t\t<h4><strong>IoT v\u0259 T\u0259hl\u00fck\u0259sizliyin Faydalar\u0131<\/strong><\/h4><ul><li><strong>Effektivlik v\u0259 Avtomatla\u015fd\u0131rma:<\/strong> \u0130\u015f prosesl\u0259rinin avtomatla\u015fd\u0131r\u0131lmas\u0131 v\u0259 idar\u0259 edilm\u0259sinin sad\u0259l\u0259\u015fdirilm\u0259si.<\/li><li><strong>\u018ftrafl\u0131 Monitorinq:<\/strong> Cihazlar v\u0259 sisteml\u0259r \u00fcz\u0259rind\u0259 davaml\u0131 monitorinq imkan\u0131, h\u0259r hans\u0131 bir problem v\u0259 ya nasazl\u0131q bar\u0259d\u0259 d\u0259rhal x\u0259b\u0259rdar olma.<\/li><li><strong>T\u0259hl\u00fck\u0259sizlik:<\/strong> Fiziki v\u0259 \u015f\u0259b\u0259k\u0259 t\u0259hl\u00fck\u0259sizliyinin \u0259n y\u00fcks\u0259k s\u0259viyy\u0259d\u0259 t\u0259min edilm\u0259si, h\u0259m\u00e7inin IoT cihazlar\u0131n\u0131n t\u0259hl\u00fck\u0259sizliyi.<\/li><li><strong>Uy\u011funla\u015fma:<\/strong> IoT sisteml\u0259rinin d\u0259yi\u015f\u0259n \u015f\u0259rtl\u0259r\u0259 v\u0259 t\u0259l\u0259bl\u0259r\u0259 asan uy\u011funla\u015fa bilm\u0259si.<\/li><li><strong>Veril\u0259nl\u0259rin T\u0259hlili:<\/strong> IoT cihazlar\u0131ndan toplanan m\u0259lumatlar\u0131n t\u0259hlil edilm\u0259si il\u0259 daha a\u011f\u0131ll\u0131 v\u0259 m\u0259lumatl\u0131 q\u0259rarlar\u0131n q\u0259bul edilm\u0259si.<\/li><\/ul>\t\t\t\t\t\t\t\t<\/div>\n\t\t\t\t<\/div>\n\t\t\t\t<\/div>\n\t\t\t\t<\/div>\n\t\t\t\t<\/div>\n\t\t\t\t\t<\/div>\n\t\t\t\t<\/div>\n\t\t\t\t<\/div>","protected":false},"excerpt":{"rendered":"<p>\u0130OT h\u0259ll\u0259r\/T\u0259hl\u00fck\u0259sizlik AvtomatikaAz MMC, m\u00fcasir texnologiyalar\u0131n t\u0259klif etdiyi geni\u015f imkanlardan istifad\u0259 ed\u0259r\u0259k m\u00fc\u015ft\u0259ril\u0259rin\u0259 \u0130nternet \u018f\u015fyalar\u0131 (IoT) h\u0259ll\u0259ri v\u0259 t\u0259hl\u00fck\u0259sizlik xidm\u0259tl\u0259ri t\u0259qdim edir. IoT texnologiyalar\u0131, fiziki obyektl\u0259ri internet vasit\u0259sil\u0259 bir-birin\u0259 ba\u011flayaraq daha a\u011f\u0131ll\u0131, t\u0259hl\u00fck\u0259siz v\u0259 effektiv i\u015f m\u00fchitl\u0259ri yarad\u0131r. Bizim t\u0259klif etdiyimiz IoT h\u0259ll\u0259ri, h\u0259m\u00e7inin, m\u00fc\u015ft\u0259ril\u0259rimizin i\u015fl\u0259rini daha \u00e7evik, monitorinqi asan v\u0259 t\u0259hl\u00fck\u0259siz bir \u015f\u0259kild\u0259 idar\u0259<span class=\"more-dots\">&#8230;<\/span> <span class=\"more-tag\"><a class=\"more-link\" href=\"https:\/\/avtomatika.az\/en\/iot-heller-tehlukesizlik\/\">More details<span class=\"screen-reader-text\"> \"\u0130OT h\u0259ll\u0259r\/T\u0259hl\u00fck\u0259sizlik\"<\/span><\/a><\/span><!-- .more-tag --><\/p>","protected":false},"author":1,"featured_media":0,"parent":0,"menu_order":0,"comment_status":"closed","ping_status":"closed","template":"page-templates\/full-width.php","meta":{"footnotes":""},"class_list":["post-3612","page","type-page","status-publish","hentry"],"_links":{"self":[{"href":"https:\/\/avtomatika.az\/en\/wp-json\/wp\/v2\/pages\/3612","targetHints":{"allow":["GET"]}}],"collection":[{"href":"https:\/\/avtomatika.az\/en\/wp-json\/wp\/v2\/pages"}],"about":[{"href":"https:\/\/avtomatika.az\/en\/wp-json\/wp\/v2\/types\/page"}],"author":[{"embeddable":true,"href":"https:\/\/avtomatika.az\/en\/wp-json\/wp\/v2\/users\/1"}],"replies":[{"embeddable":true,"href":"https:\/\/avtomatika.az\/en\/wp-json\/wp\/v2\/comments?post=3612"}],"version-history":[{"count":0,"href":"https:\/\/avtomatika.az\/en\/wp-json\/wp\/v2\/pages\/3612\/revisions"}],"wp:attachment":[{"href":"https:\/\/avtomatika.az\/en\/wp-json\/wp\/v2\/media?parent=3612"}],"curies":[{"name":"wp","href":"https:\/\/api.w.org\/{rel}","templated":true}]}}