{"id":3653,"date":"2024-10-14T17:30:49","date_gmt":"2024-10-14T17:30:49","guid":{"rendered":"https:\/\/avtomatika.az\/?page_id=3653"},"modified":"2025-08-03T22:12:48","modified_gmt":"2025-08-03T22:12:48","slug":"sertifikalarimiz","status":"publish","type":"page","link":"https:\/\/avtomatika.az\/en\/sertifikalarimiz\/","title":{"rendered":"Our certificates"},"content":{"rendered":"<div data-elementor-type=\"wp-page\" data-elementor-id=\"3653\" class=\"elementor elementor-3653\" data-elementor-post-type=\"page\">\n\t\t\t\t<div class=\"elementor-element elementor-element-2b1cb41 e-flex e-con-boxed e-con e-parent\" data-id=\"2b1cb41\" data-element_type=\"container\" data-settings=\"{&quot;background_background&quot;:&quot;classic&quot;}\">\n\t\t\t\t\t<div class=\"e-con-inner\">\n\t\t<div class=\"elementor-element elementor-element-05bbf7a e-con-full e-flex e-con e-child\" data-id=\"05bbf7a\" data-element_type=\"container\">\n\t\t\t\t<div class=\"elementor-element elementor-element-92fd5b5 elementor-widget elementor-widget-heading\" data-id=\"92fd5b5\" data-element_type=\"widget\" data-widget_type=\"heading.default\">\n\t\t\t\t<div class=\"elementor-widget-container\">\n\t\t\t\t\t<h2 class=\"elementor-heading-title elementor-size-default\">Our certificates<\/h2>\t\t\t\t<\/div>\n\t\t\t\t<\/div>\n\t\t\t\t<div class=\"elementor-element elementor-element-0b0df55 elementor-widget elementor-widget-text-editor\" data-id=\"0b0df55\" data-element_type=\"widget\" data-widget_type=\"text-editor.default\">\n\t\t\t\t<div class=\"elementor-widget-container\">\n\t\t\t\t\t\t\t\t\t<p>\"Shirin Su\", which fully meets the standards of the State Agency for Standardization, Metrology and Patents of the Republic of Azerbaijan, has a hygienic certificate from the Ministry of Health of the Republic of Azerbaijan, the Center for Hygiene and Epidemiology, and a Certificate of Conformity under the AZS National Certification System.<\/p>\t\t\t\t\t\t\t\t<\/div>\n\t\t\t\t<\/div>\n\t\t<div class=\"elementor-element elementor-element-af7997e e-con-full e-flex e-con e-child\" data-id=\"af7997e\" data-element_type=\"container\">\n\t\t<div class=\"elementor-element elementor-element-52a32f4 e-con-full e-flex e-con e-child\" data-id=\"52a32f4\" data-element_type=\"container\">\n\t\t\t\t<div class=\"elementor-element elementor-element-a8470e9 elementor-widget elementor-widget-image-gallery\" data-id=\"a8470e9\" data-element_type=\"widget\" data-widget_type=\"image-gallery.default\">\n\t\t\t\t<div class=\"elementor-widget-container\">\n\t\t\t\t\t\t\t<div class=\"elementor-image-gallery\">\n\t\t\t<div id='gallery-1' class='gallery galleryid-3653 gallery-columns-3 gallery-size-medium_large'><figure class='gallery-item'>\n\t\t\t<div class='gallery-icon portrait'>\n\t\t\t\t<a data-elementor-open-lightbox=\"yes\" data-elementor-lightbox-slideshow=\"a8470e9\" data-e-action-hash=\"#elementor-action%3Aaction%3Dlightbox%26settings%3DeyJpZCI6MzY4NSwidXJsIjoiaHR0cHM6XC9cL2F2dG9tYXRpa2EuYXpcL3dwLWNvbnRlbnRcL3VwbG9hZHNcLzIwMjRcLzEwXC9TZXJ0aWZpa2F0bGFyLUF2dG9tYXRpa2Fhei0zMS5qcGciLCJzbGlkZXNob3ciOiJhODQ3MGU5In0%3D\" href='https:\/\/avtomatika.az\/wp-content\/uploads\/2024\/10\/Sertifikatlar-Avtomatikaaz-31.jpg'><img fetchpriority=\"high\" decoding=\"async\" width=\"768\" height=\"1108\" src=\"https:\/\/avtomatika.az\/wp-content\/uploads\/2024\/10\/Sertifikatlar-Avtomatikaaz-31-768x1108.jpg\" class=\"attachment-medium_large size-medium_large\" alt=\"\" srcset=\"https:\/\/avtomatika.az\/wp-content\/uploads\/2024\/10\/Sertifikatlar-Avtomatikaaz-31-768x1108.jpg 768w, https:\/\/avtomatika.az\/wp-content\/uploads\/2024\/10\/Sertifikatlar-Avtomatikaaz-31-208x300.jpg 208w, https:\/\/avtomatika.az\/wp-content\/uploads\/2024\/10\/Sertifikatlar-Avtomatikaaz-31-710x1024.jpg 710w, https:\/\/avtomatika.az\/wp-content\/uploads\/2024\/10\/Sertifikatlar-Avtomatikaaz-31.jpg 800w\" sizes=\"(max-width: 768px) 100vw, 768px\" \/><\/a>\n\t\t\t<\/div><\/figure><figure class='gallery-item'>\n\t\t\t<div class='gallery-icon portrait'>\n\t\t\t\t<a data-elementor-open-lightbox=\"yes\" data-elementor-lightbox-slideshow=\"a8470e9\" data-e-action-hash=\"#elementor-action%3Aaction%3Dlightbox%26settings%3DeyJpZCI6MzY3NywidXJsIjoiaHR0cHM6XC9cL2F2dG9tYXRpa2EuYXpcL3dwLWNvbnRlbnRcL3VwbG9hZHNcLzIwMjRcLzEwXC9TZXJ0aWZpa2F0bGFyLUF2dG9tYXRpa2Fhei01LmpwZyIsInNsaWRlc2hvdyI6ImE4NDcwZTkifQ%3D%3D\" href='https:\/\/avtomatika.az\/wp-content\/uploads\/2024\/10\/Sertifikatlar-Avtomatikaaz-5.jpg'><img decoding=\"async\" width=\"768\" height=\"1108\" src=\"https:\/\/avtomatika.az\/wp-content\/uploads\/2024\/10\/Sertifikatlar-Avtomatikaaz-5-768x1108.jpg\" class=\"attachment-medium_large size-medium_large\" alt=\"\" srcset=\"https:\/\/avtomatika.az\/wp-content\/uploads\/2024\/10\/Sertifikatlar-Avtomatikaaz-5-768x1108.jpg 768w, https:\/\/avtomatika.az\/wp-content\/uploads\/2024\/10\/Sertifikatlar-Avtomatikaaz-5-208x300.jpg 208w, https:\/\/avtomatika.az\/wp-content\/uploads\/2024\/10\/Sertifikatlar-Avtomatikaaz-5-710x1024.jpg 710w, https:\/\/avtomatika.az\/wp-content\/uploads\/2024\/10\/Sertifikatlar-Avtomatikaaz-5.jpg 800w\" sizes=\"(max-width: 768px) 100vw, 768px\" \/><\/a>\n\t\t\t<\/div><\/figure><figure class='gallery-item'>\n\t\t\t<div class='gallery-icon portrait'>\n\t\t\t\t<a data-elementor-open-lightbox=\"yes\" data-elementor-lightbox-slideshow=\"a8470e9\" data-e-action-hash=\"#elementor-action%3Aaction%3Dlightbox%26settings%3DeyJpZCI6MzY3MywidXJsIjoiaHR0cHM6XC9cL2F2dG9tYXRpa2EuYXpcL3dwLWNvbnRlbnRcL3VwbG9hZHNcLzIwMjRcLzEwXC9TZXJ0aWZpa2F0bGFyLUF2dG9tYXRpa2Fhei0xLmpwZyIsInNsaWRlc2hvdyI6ImE4NDcwZTkifQ%3D%3D\" href='https:\/\/avtomatika.az\/wp-content\/uploads\/2024\/10\/Sertifikatlar-Avtomatikaaz-1.jpg'><img decoding=\"async\" width=\"768\" height=\"1108\" src=\"https:\/\/avtomatika.az\/wp-content\/uploads\/2024\/10\/Sertifikatlar-Avtomatikaaz-1-768x1108.jpg\" class=\"attachment-medium_large size-medium_large\" alt=\"\" srcset=\"https:\/\/avtomatika.az\/wp-content\/uploads\/2024\/10\/Sertifikatlar-Avtomatikaaz-1-768x1108.jpg 768w, https:\/\/avtomatika.az\/wp-content\/uploads\/2024\/10\/Sertifikatlar-Avtomatikaaz-1-208x300.jpg 208w, https:\/\/avtomatika.az\/wp-content\/uploads\/2024\/10\/Sertifikatlar-Avtomatikaaz-1-710x1024.jpg 710w, https:\/\/avtomatika.az\/wp-content\/uploads\/2024\/10\/Sertifikatlar-Avtomatikaaz-1.jpg 800w\" sizes=\"(max-width: 768px) 100vw, 768px\" \/><\/a>\n\t\t\t<\/div><\/figure><figure class='gallery-item'>\n\t\t\t<div class='gallery-icon portrait'>\n\t\t\t\t<a data-elementor-open-lightbox=\"yes\" data-elementor-lightbox-slideshow=\"a8470e9\" data-e-action-hash=\"#elementor-action%3Aaction%3Dlightbox%26settings%3DeyJpZCI6MzY3NiwidXJsIjoiaHR0cHM6XC9cL2F2dG9tYXRpa2EuYXpcL3dwLWNvbnRlbnRcL3VwbG9hZHNcLzIwMjRcLzEwXC9TZXJ0aWZpa2F0bGFyLUF2dG9tYXRpa2Fhei00LmpwZyIsInNsaWRlc2hvdyI6ImE4NDcwZTkifQ%3D%3D\" href='https:\/\/avtomatika.az\/wp-content\/uploads\/2024\/10\/Sertifikatlar-Avtomatikaaz-4.jpg'><img loading=\"lazy\" decoding=\"async\" width=\"768\" height=\"1108\" src=\"https:\/\/avtomatika.az\/wp-content\/uploads\/2024\/10\/Sertifikatlar-Avtomatikaaz-4-768x1108.jpg\" class=\"attachment-medium_large size-medium_large\" alt=\"\" srcset=\"https:\/\/avtomatika.az\/wp-content\/uploads\/2024\/10\/Sertifikatlar-Avtomatikaaz-4-768x1108.jpg 768w, https:\/\/avtomatika.az\/wp-content\/uploads\/2024\/10\/Sertifikatlar-Avtomatikaaz-4-208x300.jpg 208w, https:\/\/avtomatika.az\/wp-content\/uploads\/2024\/10\/Sertifikatlar-Avtomatikaaz-4-710x1024.jpg 710w, https:\/\/avtomatika.az\/wp-content\/uploads\/2024\/10\/Sertifikatlar-Avtomatikaaz-4.jpg 800w\" sizes=\"(max-width: 768px) 100vw, 768px\" \/><\/a>\n\t\t\t<\/div><\/figure><figure class='gallery-item'>\n\t\t\t<div class='gallery-icon portrait'>\n\t\t\t\t<a data-elementor-open-lightbox=\"yes\" data-elementor-lightbox-slideshow=\"a8470e9\" data-e-action-hash=\"#elementor-action%3Aaction%3Dlightbox%26settings%3DeyJpZCI6MzY3NCwidXJsIjoiaHR0cHM6XC9cL2F2dG9tYXRpa2EuYXpcL3dwLWNvbnRlbnRcL3VwbG9hZHNcLzIwMjRcLzEwXC9TZXJ0aWZpa2F0bGFyLUF2dG9tYXRpa2Fhei0yLmpwZyIsInNsaWRlc2hvdyI6ImE4NDcwZTkifQ%3D%3D\" href='https:\/\/avtomatika.az\/wp-content\/uploads\/2024\/10\/Sertifikatlar-Avtomatikaaz-2.jpg'><img loading=\"lazy\" decoding=\"async\" width=\"768\" height=\"1108\" src=\"https:\/\/avtomatika.az\/wp-content\/uploads\/2024\/10\/Sertifikatlar-Avtomatikaaz-2-768x1108.jpg\" class=\"attachment-medium_large size-medium_large\" alt=\"\" srcset=\"https:\/\/avtomatika.az\/wp-content\/uploads\/2024\/10\/Sertifikatlar-Avtomatikaaz-2-768x1108.jpg 768w, https:\/\/avtomatika.az\/wp-content\/uploads\/2024\/10\/Sertifikatlar-Avtomatikaaz-2-208x300.jpg 208w, https:\/\/avtomatika.az\/wp-content\/uploads\/2024\/10\/Sertifikatlar-Avtomatikaaz-2-710x1024.jpg 710w, https:\/\/avtomatika.az\/wp-content\/uploads\/2024\/10\/Sertifikatlar-Avtomatikaaz-2.jpg 800w\" sizes=\"(max-width: 768px) 100vw, 768px\" \/><\/a>\n\t\t\t<\/div><\/figure>\n\t\t<\/div>\n\t\t<\/div>\n\t\t\t\t\t\t<\/div>\n\t\t\t\t<\/div>\n\t\t\t\t<\/div>\n\t\t\t\t<\/div>\n\t\t\t\t<\/div>\n\t\t\t\t\t<\/div>\n\t\t\t\t<\/div>\n\t\t\t\t<\/div>","protected":false},"excerpt":{"rendered":"<p>Sertifikatlar\u0131m\u0131z Az\u0259rbaycan Respublikas\u0131 Standartla\u015fd\u0131rma, Metrologiya v\u0259 Patent \u00fczr\u0259 D\u00f6vl\u0259t Agentliyinin standartlar\u0131na tam cavab ver\u0259n \u201c\u015eirin Su\u201d, Az\u0259rbaycan Respublikas\u0131 S\u0259hiyy\u0259 Nazirliyi, Gigiyena v\u0259 Epidemiologiya m\u0259rk\u0259zinin gigiyenik sertifikat\u0131na v\u0259 AZS Milli Sertifikatla\u015fd\u0131rma Sistemi \u00fczr\u0259 Uy\u011funluq Sertifikat\u0131na malikdir. <span class=\"more-tag\"><a class=\"more-link\" href=\"https:\/\/avtomatika.az\/en\/sertifikalarimiz\/\">More details<span class=\"screen-reader-text\"> \"Sertifikatlar\u0131m\u0131z\"<\/span><\/a><\/span><!-- .more-tag --><\/p>","protected":false},"author":1,"featured_media":0,"parent":0,"menu_order":0,"comment_status":"closed","ping_status":"closed","template":"page-templates\/full-width.php","meta":{"footnotes":""},"class_list":["post-3653","page","type-page","status-publish","hentry"],"_links":{"self":[{"href":"https:\/\/avtomatika.az\/en\/wp-json\/wp\/v2\/pages\/3653","targetHints":{"allow":["GET"]}}],"collection":[{"href":"https:\/\/avtomatika.az\/en\/wp-json\/wp\/v2\/pages"}],"about":[{"href":"https:\/\/avtomatika.az\/en\/wp-json\/wp\/v2\/types\/page"}],"author":[{"embeddable":true,"href":"https:\/\/avtomatika.az\/en\/wp-json\/wp\/v2\/users\/1"}],"replies":[{"embeddable":true,"href":"https:\/\/avtomatika.az\/en\/wp-json\/wp\/v2\/comments?post=3653"}],"version-history":[{"count":0,"href":"https:\/\/avtomatika.az\/en\/wp-json\/wp\/v2\/pages\/3653\/revisions"}],"wp:attachment":[{"href":"https:\/\/avtomatika.az\/en\/wp-json\/wp\/v2\/media?parent=3653"}],"curies":[{"name":"wp","href":"https:\/\/api.w.org\/{rel}","templated":true}]}}