{"id":4691,"date":"2025-08-25T02:41:21","date_gmt":"2025-08-25T02:41:21","guid":{"rendered":"https:\/\/avtomatika.az\/?page_id=4691"},"modified":"2025-09-06T20:34:21","modified_gmt":"2025-09-06T20:34:21","slug":"kobastar","status":"publish","type":"page","link":"https:\/\/avtomatika.az\/en\/kobastar\/","title":{"rendered":"Cobastar"},"content":{"rendered":"<div data-elementor-type=\"wp-page\" data-elementor-id=\"4691\" class=\"elementor elementor-4691\" data-elementor-post-type=\"page\">\n\t\t\t\t<div class=\"elementor-element elementor-element-8001620 e-flex e-con-boxed e-con e-parent\" data-id=\"8001620\" data-element_type=\"container\">\n\t\t\t\t\t<div class=\"e-con-inner\">\n\t\t<div class=\"elementor-element elementor-element-87de92e e-con-full e-flex e-con e-child\" data-id=\"87de92e\" data-element_type=\"container\">\n\t\t\t\t<div class=\"elementor-element elementor-element-9b12273 elementor-widget elementor-widget-image\" data-id=\"9b12273\" data-element_type=\"widget\" data-widget_type=\"image.default\">\n\t\t\t\t<div class=\"elementor-widget-container\">\n\t\t\t\t\t\t\t\t\t\t\t\t\t\t\t<img fetchpriority=\"high\" decoding=\"async\" width=\"1024\" height=\"683\" src=\"https:\/\/avtomatika.az\/wp-content\/uploads\/2025\/08\/terefdaslar-1-1-1024x683.jpg\" class=\"attachment-large size-large wp-image-4679\" alt=\"\" srcset=\"https:\/\/avtomatika.az\/wp-content\/uploads\/2025\/08\/terefdaslar-1-1-1024x683.jpg 1024w, https:\/\/avtomatika.az\/wp-content\/uploads\/2025\/08\/terefdaslar-1-1-300x200.jpg 300w, https:\/\/avtomatika.az\/wp-content\/uploads\/2025\/08\/terefdaslar-1-1-768x512.jpg 768w, https:\/\/avtomatika.az\/wp-content\/uploads\/2025\/08\/terefdaslar-1-1.jpg 1200w\" sizes=\"(max-width: 1024px) 100vw, 1024px\" \/>\t\t\t\t\t\t\t\t\t\t\t\t\t\t\t<\/div>\n\t\t\t\t<\/div>\n\t\t\t\t<\/div>\n\t\t<div class=\"elementor-element elementor-element-5c87c28 e-con-full e-flex e-con e-child\" data-id=\"5c87c28\" data-element_type=\"container\">\n\t\t\t\t<div class=\"elementor-element elementor-element-c7850a0 elementor-widget elementor-widget-heading\" data-id=\"c7850a0\" data-element_type=\"widget\" data-widget_type=\"heading.default\">\n\t\t\t\t<div class=\"elementor-widget-container\">\n\t\t\t\t\t<h2 class=\"elementor-heading-title elementor-size-default\">Cobastar company<\/h2>\t\t\t\t<\/div>\n\t\t\t\t<\/div>\n\t\t\t\t<div class=\"elementor-element elementor-element-18079d0 elementor-widget elementor-widget-text-editor\" data-id=\"18079d0\" data-element_type=\"widget\" data-widget_type=\"text-editor.default\">\n\t\t\t\t<div class=\"elementor-widget-container\">\n\t\t\t\t\t\t\t\t\t<p><strong>Cobastar<\/strong> \u2014 Founded in 2000 in Turkey, it is a manufacturer of high-precision weighing systems. The company manufactures load cells, scale indicators, dynamometers, balances and chassis scales, as well as other weighing accessories in its own factory. Kobastar products are manufactured in accordance with international certificates such as OIML, CE, ISO and ATEX and are known in the industry under the brand name \u201cMaster of Gravity\u201d.<\/p>\t\t\t\t\t\t\t\t<\/div>\n\t\t\t\t<\/div>\n\t\t\t\t<div class=\"elementor-element elementor-element-bc1ca38 elementor-widget elementor-widget-text-editor\" data-id=\"bc1ca38\" data-element_type=\"widget\" data-widget_type=\"text-editor.default\">\n\t\t\t\t<div class=\"elementor-widget-container\">\n\t\t\t\t\t\t\t\t\t<p><strong>Main Advantages<\/strong><\/p>\t\t\t\t\t\t\t\t<\/div>\n\t\t\t\t<\/div>\n\t\t\t\t<div class=\"elementor-element elementor-element-6cf4af6 elementor-widescreen-align-left elementor-icon-list--layout-traditional elementor-list-item-link-full_width elementor-widget elementor-widget-icon-list\" data-id=\"6cf4af6\" data-element_type=\"widget\" data-widget_type=\"icon-list.default\">\n\t\t\t\t<div class=\"elementor-widget-container\">\n\t\t\t\t\t\t\t<ul class=\"elementor-icon-list-items\">\n\t\t\t\t\t\t\t<li class=\"elementor-icon-list-item\">\n\t\t\t\t\t\t\t\t\t\t<span class=\"elementor-icon-list-text\">\u2705 Accurate and reliable measurements<\/span>\n\t\t\t\t\t\t\t\t\t<\/li>\n\t\t\t\t\t\t\t\t<li class=\"elementor-icon-list-item\">\n\t\t\t\t\t\t\t\t\t\t<span class=\"elementor-icon-list-text\">\u2705  Local support and prompt service<\/span>\n\t\t\t\t\t\t\t\t\t<\/li>\n\t\t\t\t\t\t\t\t<li class=\"elementor-icon-list-item\">\n\t\t\t\t\t\t\t\t\t\t<span class=\"elementor-icon-list-text\">\u2705 Modern and innovative equipment<\/span>\n\t\t\t\t\t\t\t\t\t<\/li>\n\t\t\t\t\t\t<\/ul>\n\t\t\t\t\t\t<\/div>\n\t\t\t\t<\/div>\n\t\t\t\t<div class=\"elementor-element elementor-element-009692e elementor-widget elementor-widget-button\" data-id=\"009692e\" data-element_type=\"widget\" data-widget_type=\"button.default\">\n\t\t\t\t<div class=\"elementor-widget-container\">\n\t\t\t\t\t\t\t\t\t<div class=\"elementor-button-wrapper\">\n\t\t\t\t\t<a class=\"elementor-button elementor-button-link elementor-size-sm\" href=\"https:\/\/kobastar.com\/\" target=\"_blank\">\n\t\t\t\t\t\t<span class=\"elementor-button-content-wrapper\">\n\t\t\t\t\t\t\t\t\t<span class=\"elementor-button-text\">More details<\/span>\n\t\t\t\t\t<\/span>\n\t\t\t\t\t<\/a>\n\t\t\t\t<\/div>\n\t\t\t\t\t\t\t\t<\/div>\n\t\t\t\t<\/div>\n\t\t\t\t<\/div>\n\t\t\t\t\t<\/div>\n\t\t\t\t<\/div>\n\t\t<div class=\"elementor-element elementor-element-61f9c2e e-flex e-con-boxed e-con e-parent\" data-id=\"61f9c2e\" data-element_type=\"container\">\n\t\t\t\t\t<div class=\"e-con-inner\">\n\t\t\t\t<div class=\"elementor-element elementor-element-2376fe2 elementor-widget elementor-widget-heading\" data-id=\"2376fe2\" data-element_type=\"widget\" data-widget_type=\"heading.default\">\n\t\t\t\t<div class=\"elementor-widget-container\">\n\t\t\t\t\t<h2 class=\"elementor-heading-title elementor-size-default\">Cobastar products<\/h2>\t\t\t\t<\/div>\n\t\t\t\t<\/div>\n\t\t\t\t\t<\/div>\n\t\t\t\t<\/div>\n\t\t<div class=\"elementor-element elementor-element-c841713 e-flex e-con-boxed e-con e-parent\" data-id=\"c841713\" data-element_type=\"container\">\n\t\t\t\t\t<div class=\"e-con-inner\">\n\t\t\t\t<div class=\"elementor-element elementor-element-4fd77be elementor-widget elementor-widget-gallery\" data-id=\"4fd77be\" data-element_type=\"widget\" data-settings=\"{&quot;lazyload&quot;:&quot;yes&quot;,&quot;gallery_layout&quot;:&quot;grid&quot;,&quot;columns&quot;:4,&quot;columns_tablet&quot;:2,&quot;columns_mobile&quot;:1,&quot;gap&quot;:{&quot;unit&quot;:&quot;px&quot;,&quot;size&quot;:10,&quot;sizes&quot;:[]},&quot;gap_widescreen&quot;:{&quot;unit&quot;:&quot;px&quot;,&quot;size&quot;:&quot;&quot;,&quot;sizes&quot;:[]},&quot;gap_tablet_extra&quot;:{&quot;unit&quot;:&quot;px&quot;,&quot;size&quot;:10,&quot;sizes&quot;:[]},&quot;gap_tablet&quot;:{&quot;unit&quot;:&quot;px&quot;,&quot;size&quot;:10,&quot;sizes&quot;:[]},&quot;gap_mobile&quot;:{&quot;unit&quot;:&quot;px&quot;,&quot;size&quot;:10,&quot;sizes&quot;:[]},&quot;link_to&quot;:&quot;file&quot;,&quot;aspect_ratio&quot;:&quot;3:2&quot;,&quot;overlay_background&quot;:&quot;yes&quot;,&quot;content_hover_animation&quot;:&quot;fade-in&quot;}\" data-widget_type=\"gallery.default\">\n\t\t\t\t<div class=\"elementor-widget-container\">\n\t\t\t\t\t\t\t<div class=\"elementor-gallery__container\">\r\n\t\t\t\t\t\t\t<a class=\"e-gallery-item elementor-gallery-item elementor-animated-content\" href=\"https:\/\/avtomatika.az\/wp-content\/uploads\/2025\/08\/0406_EMI_FILTERS_M.jpg\" data-elementor-open-lightbox=\"yes\" data-elementor-lightbox-slideshow=\"4fd77be\" data-e-action-hash=\"#elementor-action%3Aaction%3Dlightbox%26settings%3DeyJpZCI6NDY1NSwidXJsIjoiaHR0cHM6XC9cL2F2dG9tYXRpa2EuYXpcL3dwLWNvbnRlbnRcL3VwbG9hZHNcLzIwMjVcLzA4XC8wNDA2X0VNSV9GSUxURVJTX00uanBnIiwic2xpZGVzaG93IjoiNGZkNzdiZSJ9\">\r\n\t\t\t\t\t<div class=\"e-gallery-image elementor-gallery-item__image\" data-thumbnail=\"https:\/\/avtomatika.az\/wp-content\/uploads\/2025\/08\/0406_EMI_FILTERS_M.jpg\" data-width=\"287\" data-height=\"206\" aria-label=\"\" role=\"img\" ><\/div>\r\n\t\t\t\t\t\t\t\t\t\t\t<div class=\"elementor-gallery-item__overlay\"><\/div>\r\n\t\t\t\t\t\t\t\t\t\t\t\t\t\t<\/a>\r\n\t\t\t\t\t\t\t<a class=\"e-gallery-item elementor-gallery-item elementor-animated-content\" href=\"https:\/\/avtomatika.az\/wp-content\/uploads\/2025\/08\/202202171217510488001-1.jpg\" data-elementor-open-lightbox=\"yes\" data-elementor-lightbox-slideshow=\"4fd77be\" data-e-action-hash=\"#elementor-action%3Aaction%3Dlightbox%26settings%3DeyJpZCI6NDY1NiwidXJsIjoiaHR0cHM6XC9cL2F2dG9tYXRpa2EuYXpcL3dwLWNvbnRlbnRcL3VwbG9hZHNcLzIwMjVcLzA4XC8yMDIyMDIxNzEyMTc1MTA0ODgwMDEtMS5qcGciLCJzbGlkZXNob3ciOiI0ZmQ3N2JlIn0%3D\">\r\n\t\t\t\t\t<div class=\"e-gallery-image elementor-gallery-item__image\" data-thumbnail=\"https:\/\/avtomatika.az\/wp-content\/uploads\/2025\/08\/202202171217510488001-1-300x200.jpg\" data-width=\"300\" data-height=\"200\" aria-label=\"\" role=\"img\" ><\/div>\r\n\t\t\t\t\t\t\t\t\t\t\t<div class=\"elementor-gallery-item__overlay\"><\/div>\r\n\t\t\t\t\t\t\t\t\t\t\t\t\t\t<\/a>\r\n\t\t\t\t\t\t\t<a class=\"e-gallery-item elementor-gallery-item elementor-animated-content\" href=\"https:\/\/avtomatika.az\/wp-content\/uploads\/2025\/08\/202202171217510488001.jpg\" data-elementor-open-lightbox=\"yes\" data-elementor-lightbox-slideshow=\"4fd77be\" data-e-action-hash=\"#elementor-action%3Aaction%3Dlightbox%26settings%3DeyJpZCI6NDY1NywidXJsIjoiaHR0cHM6XC9cL2F2dG9tYXRpa2EuYXpcL3dwLWNvbnRlbnRcL3VwbG9hZHNcLzIwMjVcLzA4XC8yMDIyMDIxNzEyMTc1MTA0ODgwMDEuanBnIiwic2xpZGVzaG93IjoiNGZkNzdiZSJ9\">\r\n\t\t\t\t\t<div class=\"e-gallery-image elementor-gallery-item__image\" data-thumbnail=\"https:\/\/avtomatika.az\/wp-content\/uploads\/2025\/08\/202202171217510488001-300x200.jpg\" data-width=\"300\" data-height=\"200\" aria-label=\"\" role=\"img\" ><\/div>\r\n\t\t\t\t\t\t\t\t\t\t\t<div class=\"elementor-gallery-item__overlay\"><\/div>\r\n\t\t\t\t\t\t\t\t\t\t\t\t\t\t<\/a>\r\n\t\t\t\t\t\t\t<a class=\"e-gallery-item elementor-gallery-item elementor-animated-content\" href=\"https:\/\/avtomatika.az\/wp-content\/uploads\/2025\/08\/202306201144494375001.jpg\" data-elementor-open-lightbox=\"yes\" data-elementor-lightbox-slideshow=\"4fd77be\" data-e-action-hash=\"#elementor-action%3Aaction%3Dlightbox%26settings%3DeyJpZCI6NDY1OCwidXJsIjoiaHR0cHM6XC9cL2F2dG9tYXRpa2EuYXpcL3dwLWNvbnRlbnRcL3VwbG9hZHNcLzIwMjVcLzA4XC8yMDIzMDYyMDExNDQ0OTQzNzUwMDEuanBnIiwic2xpZGVzaG93IjoiNGZkNzdiZSJ9\">\r\n\t\t\t\t\t<div class=\"e-gallery-image elementor-gallery-item__image\" data-thumbnail=\"https:\/\/avtomatika.az\/wp-content\/uploads\/2025\/08\/202306201144494375001-300x200.jpg\" data-width=\"300\" data-height=\"200\" aria-label=\"\" role=\"img\" ><\/div>\r\n\t\t\t\t\t\t\t\t\t\t\t<div class=\"elementor-gallery-item__overlay\"><\/div>\r\n\t\t\t\t\t\t\t\t\t\t\t\t\t\t<\/a>\r\n\t\t\t\t\t\t\t<a class=\"e-gallery-item elementor-gallery-item elementor-animated-content\" href=\"https:\/\/avtomatika.az\/wp-content\/uploads\/2025\/08\/CATEGORY_M.jpg\" data-elementor-open-lightbox=\"yes\" data-elementor-lightbox-slideshow=\"4fd77be\" data-e-action-hash=\"#elementor-action%3Aaction%3Dlightbox%26settings%3DeyJpZCI6NDY1OSwidXJsIjoiaHR0cHM6XC9cL2F2dG9tYXRpa2EuYXpcL3dwLWNvbnRlbnRcL3VwbG9hZHNcLzIwMjVcLzA4XC9DQVRFR09SWV9NLmpwZyIsInNsaWRlc2hvdyI6IjRmZDc3YmUifQ%3D%3D\">\r\n\t\t\t\t\t<div class=\"e-gallery-image elementor-gallery-item__image\" data-thumbnail=\"https:\/\/avtomatika.az\/wp-content\/uploads\/2025\/08\/CATEGORY_M.jpg\" data-width=\"287\" data-height=\"206\" aria-label=\"\" role=\"img\" ><\/div>\r\n\t\t\t\t\t\t\t\t\t\t\t<div class=\"elementor-gallery-item__overlay\"><\/div>\r\n\t\t\t\t\t\t\t\t\t\t\t\t\t\t<\/a>\r\n\t\t\t\t\t\t\t<a class=\"e-gallery-item elementor-gallery-item elementor-animated-content\" href=\"https:\/\/avtomatika.az\/wp-content\/uploads\/2025\/08\/SMT_POWER_INDUCTORS_M.jpg\" data-elementor-open-lightbox=\"yes\" data-elementor-lightbox-slideshow=\"4fd77be\" data-e-action-hash=\"#elementor-action%3Aaction%3Dlightbox%26settings%3DeyJpZCI6NDY2MCwidXJsIjoiaHR0cHM6XC9cL2F2dG9tYXRpa2EuYXpcL3dwLWNvbnRlbnRcL3VwbG9hZHNcLzIwMjVcLzA4XC9TTVRfUE9XRVJfSU5EVUNUT1JTX00uanBnIiwic2xpZGVzaG93IjoiNGZkNzdiZSJ9\">\r\n\t\t\t\t\t<div class=\"e-gallery-image elementor-gallery-item__image\" data-thumbnail=\"https:\/\/avtomatika.az\/wp-content\/uploads\/2025\/08\/SMT_POWER_INDUCTORS_M.jpg\" data-width=\"287\" data-height=\"206\" aria-label=\"\" role=\"img\" ><\/div>\r\n\t\t\t\t\t\t\t\t\t\t\t<div class=\"elementor-gallery-item__overlay\"><\/div>\r\n\t\t\t\t\t\t\t\t\t\t\t\t\t\t<\/a>\r\n\t\t\t\t\t\t\t<a class=\"e-gallery-item elementor-gallery-item elementor-animated-content\" href=\"https:\/\/avtomatika.az\/wp-content\/uploads\/2025\/08\/VFD-EL_M.jpg\" data-elementor-open-lightbox=\"yes\" data-elementor-lightbox-slideshow=\"4fd77be\" data-e-action-hash=\"#elementor-action%3Aaction%3Dlightbox%26settings%3DeyJpZCI6NDY2MSwidXJsIjoiaHR0cHM6XC9cL2F2dG9tYXRpa2EuYXpcL3dwLWNvbnRlbnRcL3VwbG9hZHNcLzIwMjVcLzA4XC9WRkQtRUxfTS5qcGciLCJzbGlkZXNob3ciOiI0ZmQ3N2JlIn0%3D\">\r\n\t\t\t\t\t<div class=\"e-gallery-image elementor-gallery-item__image\" data-thumbnail=\"https:\/\/avtomatika.az\/wp-content\/uploads\/2025\/08\/VFD-EL_M.jpg\" data-width=\"287\" data-height=\"206\" aria-label=\"\" role=\"img\" ><\/div>\r\n\t\t\t\t\t\t\t\t\t\t\t<div class=\"elementor-gallery-item__overlay\"><\/div>\r\n\t\t\t\t\t\t\t\t\t\t\t\t\t\t<\/a>\r\n\t\t\t\t\t\t\t<a class=\"e-gallery-item elementor-gallery-item elementor-animated-content\" href=\"https:\/\/avtomatika.az\/wp-content\/uploads\/2025\/08\/VFD-VE_M.jpg\" data-elementor-open-lightbox=\"yes\" data-elementor-lightbox-slideshow=\"4fd77be\" data-e-action-hash=\"#elementor-action%3Aaction%3Dlightbox%26settings%3DeyJpZCI6NDY2MywidXJsIjoiaHR0cHM6XC9cL2F2dG9tYXRpa2EuYXpcL3dwLWNvbnRlbnRcL3VwbG9hZHNcLzIwMjVcLzA4XC9WRkQtVkVfTS5qcGciLCJzbGlkZXNob3ciOiI0ZmQ3N2JlIn0%3D\">\r\n\t\t\t\t\t<div class=\"e-gallery-image elementor-gallery-item__image\" data-thumbnail=\"https:\/\/avtomatika.az\/wp-content\/uploads\/2025\/08\/VFD-VE_M.jpg\" data-width=\"287\" data-height=\"206\" aria-label=\"\" role=\"img\" ><\/div>\r\n\t\t\t\t\t\t\t\t\t\t\t<div class=\"elementor-gallery-item__overlay\"><\/div>\r\n\t\t\t\t\t\t\t\t\t\t\t\t\t\t<\/a>\r\n\t\t\t\t\t<\/div>\r\n\t\t\t\t\t<\/div>\n\t\t\t\t<\/div>\n\t\t\t\t\t<\/div>\n\t\t\t\t<\/div>\n\t\t\t\t<\/div>","protected":false},"excerpt":{"rendered":"<p>Kobastar \u015firk\u0259ti Kobastar \u2014 2000-ci ild\u0259 T\u00fcrkiy\u0259d\u0259 qurulmu\u015f, y\u00fcks\u0259k d\u0259qiqlikli t\u0259r\u0259zi sisteml\u0259ri istehsal\u00e7\u0131s\u0131d\u0131r. \u015eirk\u0259t \u00f6z fabrikind\u0259 y\u00fckl\u0259m\u0259 h\u00fcceyr\u0259l\u0259ri (load cell), t\u0259r\u0259zi indikatorlar\u0131, dinamometrl\u0259r, tumarl\u0131 v\u0259 g\u00f6vde t\u0259r\u0259zil\u0259r, h\u0259m\u00e7inin dig\u0259r tart\u0131m aksesuarlar\u0131n\u0131 istehsal edir. Kobastar m\u0259hsullar\u0131 OIML, CE, ISO v\u0259 ATEX kimi beyn\u0259lxalq sertifikatlara uy\u011fun haz\u0131rlan\u0131r v\u0259 \u201cMaster of Gravity\u201d brendi il\u0259 s\u0259nayed\u0259 tan\u0131n\u0131r. \u018fsas \u00fcst\u00fcnl\u00fckl\u0259ri:<span class=\"more-dots\">&#8230;<\/span> <span class=\"more-tag\"><a class=\"more-link\" href=\"https:\/\/avtomatika.az\/en\/kobastar\/\">More details<span class=\"screen-reader-text\"> \"Kobastar\"<\/span><\/a><\/span><!-- .more-tag --><\/p>","protected":false},"author":1,"featured_media":0,"parent":0,"menu_order":0,"comment_status":"closed","ping_status":"closed","template":"page-templates\/full-width.php","meta":{"footnotes":""},"class_list":["post-4691","page","type-page","status-publish","hentry"],"_links":{"self":[{"href":"https:\/\/avtomatika.az\/en\/wp-json\/wp\/v2\/pages\/4691","targetHints":{"allow":["GET"]}}],"collection":[{"href":"https:\/\/avtomatika.az\/en\/wp-json\/wp\/v2\/pages"}],"about":[{"href":"https:\/\/avtomatika.az\/en\/wp-json\/wp\/v2\/types\/page"}],"author":[{"embeddable":true,"href":"https:\/\/avtomatika.az\/en\/wp-json\/wp\/v2\/users\/1"}],"replies":[{"embeddable":true,"href":"https:\/\/avtomatika.az\/en\/wp-json\/wp\/v2\/comments?post=4691"}],"version-history":[{"count":0,"href":"https:\/\/avtomatika.az\/en\/wp-json\/wp\/v2\/pages\/4691\/revisions"}],"wp:attachment":[{"href":"https:\/\/avtomatika.az\/en\/wp-json\/wp\/v2\/media?parent=4691"}],"curies":[{"name":"wp","href":"https:\/\/api.w.org\/{rel}","templated":true}]}}