{"id":4693,"date":"2025-08-25T02:41:21","date_gmt":"2025-08-25T02:41:21","guid":{"rendered":"https:\/\/avtomatika.az\/?page_id=4693"},"modified":"2025-09-06T20:33:33","modified_gmt":"2025-09-06T20:33:33","slug":"akmk-sirketi","status":"publish","type":"page","link":"https:\/\/avtomatika.az\/en\/akmk-sirketi\/","title":{"rendered":"AKMK Company"},"content":{"rendered":"<div data-elementor-type=\"wp-page\" data-elementor-id=\"4693\" class=\"elementor elementor-4693\" data-elementor-post-type=\"page\">\n\t\t\t\t<div class=\"elementor-element elementor-element-8001620 e-flex e-con-boxed e-con e-parent\" data-id=\"8001620\" data-element_type=\"container\">\n\t\t\t\t\t<div class=\"e-con-inner\">\n\t\t<div class=\"elementor-element elementor-element-87de92e e-con-full e-flex e-con e-child\" data-id=\"87de92e\" data-element_type=\"container\">\n\t\t\t\t<div class=\"elementor-element elementor-element-9b12273 elementor-widget elementor-widget-image\" data-id=\"9b12273\" data-element_type=\"widget\" data-widget_type=\"image.default\">\n\t\t\t\t<div class=\"elementor-widget-container\">\n\t\t\t\t\t\t\t\t\t\t\t\t\t\t\t<img fetchpriority=\"high\" decoding=\"async\" width=\"1024\" height=\"683\" src=\"https:\/\/avtomatika.az\/wp-content\/uploads\/2025\/08\/terefdaslar-1-9-1024x683.jpg\" class=\"attachment-large size-large wp-image-4683\" alt=\"\" srcset=\"https:\/\/avtomatika.az\/wp-content\/uploads\/2025\/08\/terefdaslar-1-9-1024x683.jpg 1024w, https:\/\/avtomatika.az\/wp-content\/uploads\/2025\/08\/terefdaslar-1-9-300x200.jpg 300w, https:\/\/avtomatika.az\/wp-content\/uploads\/2025\/08\/terefdaslar-1-9-768x512.jpg 768w, https:\/\/avtomatika.az\/wp-content\/uploads\/2025\/08\/terefdaslar-1-9.jpg 1200w\" sizes=\"(max-width: 1024px) 100vw, 1024px\" \/>\t\t\t\t\t\t\t\t\t\t\t\t\t\t\t<\/div>\n\t\t\t\t<\/div>\n\t\t\t\t<\/div>\n\t\t<div class=\"elementor-element elementor-element-5c87c28 e-con-full e-flex e-con e-child\" data-id=\"5c87c28\" data-element_type=\"container\">\n\t\t\t\t<div class=\"elementor-element elementor-element-c7850a0 elementor-widget elementor-widget-heading\" data-id=\"c7850a0\" data-element_type=\"widget\" data-widget_type=\"heading.default\">\n\t\t\t\t<div class=\"elementor-widget-container\">\n\t\t\t\t\t<h2 class=\"elementor-heading-title elementor-size-default\">AKMK Company<\/h2>\t\t\t\t<\/div>\n\t\t\t\t<\/div>\n\t\t\t\t<div class=\"elementor-element elementor-element-18079d0 elementor-widget elementor-widget-text-editor\" data-id=\"18079d0\" data-element_type=\"widget\" data-widget_type=\"text-editor.default\">\n\t\t\t\t<div class=\"elementor-widget-container\">\n\t\t\t\t\t\t\t\t\t<p><strong>AKMK,<\/strong> Founded in 2010 in Zhejiang Province, China, the company is engaged in the development, production, and sales of high-quality dust control systems, electric and pneumatic valves, actuators, and other industrial equipment. Its products are widely used in water treatment systems, concrete mixing systems, as well as in the chemical, paper, energy, food, and beverage industries.<\/p>\t\t\t\t\t\t\t\t<\/div>\n\t\t\t\t<\/div>\n\t\t\t\t<div class=\"elementor-element elementor-element-b8bdbcc elementor-widget elementor-widget-text-editor\" data-id=\"b8bdbcc\" data-element_type=\"widget\" data-widget_type=\"text-editor.default\">\n\t\t\t\t<div class=\"elementor-widget-container\">\n\t\t\t\t\t\t\t\t\t<p><strong>AvtomatikaAz v\u0259 AKMK<\/strong><\/p><p>We, AvtomatikaAz, are the official representative of AKMK in Azerbaijan. Among the products offered by our company are AKMK\u2019s high-quality equipment. We provide our customers with installation, calibration, and technical support services for AKMK products.<\/p>\t\t\t\t\t\t\t\t<\/div>\n\t\t\t\t<\/div>\n\t\t\t\t<div class=\"elementor-element elementor-element-df64c1c elementor-widget elementor-widget-text-editor\" data-id=\"df64c1c\" data-element_type=\"widget\" data-widget_type=\"text-editor.default\">\n\t\t\t\t<div class=\"elementor-widget-container\">\n\t\t\t\t\t\t\t\t\t<p><strong>Main Advantages<\/strong><\/p>\t\t\t\t\t\t\t\t<\/div>\n\t\t\t\t<\/div>\n\t\t\t\t<div class=\"elementor-element elementor-element-6cf4af6 elementor-widescreen-align-left elementor-icon-list--layout-traditional elementor-list-item-link-full_width elementor-widget elementor-widget-icon-list\" data-id=\"6cf4af6\" data-element_type=\"widget\" data-widget_type=\"icon-list.default\">\n\t\t\t\t<div class=\"elementor-widget-container\">\n\t\t\t\t\t\t\t<ul class=\"elementor-icon-list-items\">\n\t\t\t\t\t\t\t<li class=\"elementor-icon-list-item\">\n\t\t\t\t\t\t\t\t\t\t<span class=\"elementor-icon-list-text\">\u2705 Accurate and reliable measurements<\/span>\n\t\t\t\t\t\t\t\t\t<\/li>\n\t\t\t\t\t\t\t\t<li class=\"elementor-icon-list-item\">\n\t\t\t\t\t\t\t\t\t\t<span class=\"elementor-icon-list-text\">\u2705  Local support and prompt service<\/span>\n\t\t\t\t\t\t\t\t\t<\/li>\n\t\t\t\t\t\t\t\t<li class=\"elementor-icon-list-item\">\n\t\t\t\t\t\t\t\t\t\t<span class=\"elementor-icon-list-text\">\u2705 Modern and innovative equipment<\/span>\n\t\t\t\t\t\t\t\t\t<\/li>\n\t\t\t\t\t\t<\/ul>\n\t\t\t\t\t\t<\/div>\n\t\t\t\t<\/div>\n\t\t\t\t<div class=\"elementor-element elementor-element-009692e elementor-widget elementor-widget-button\" data-id=\"009692e\" data-element_type=\"widget\" data-widget_type=\"button.default\">\n\t\t\t\t<div class=\"elementor-widget-container\">\n\t\t\t\t\t\t\t\t\t<div class=\"elementor-button-wrapper\">\n\t\t\t\t\t<a class=\"elementor-button elementor-button-link elementor-size-sm\" href=\"https:\/\/akmkgroup.com\/\" target=\"_blank\">\n\t\t\t\t\t\t<span class=\"elementor-button-content-wrapper\">\n\t\t\t\t\t\t\t\t\t<span class=\"elementor-button-text\">More details<\/span>\n\t\t\t\t\t<\/span>\n\t\t\t\t\t<\/a>\n\t\t\t\t<\/div>\n\t\t\t\t\t\t\t\t<\/div>\n\t\t\t\t<\/div>\n\t\t\t\t<\/div>\n\t\t\t\t\t<\/div>\n\t\t\t\t<\/div>\n\t\t<div class=\"elementor-element elementor-element-61f9c2e e-flex e-con-boxed e-con e-parent\" data-id=\"61f9c2e\" data-element_type=\"container\">\n\t\t\t\t\t<div class=\"e-con-inner\">\n\t\t\t\t<div class=\"elementor-element elementor-element-2376fe2 elementor-widget elementor-widget-heading\" data-id=\"2376fe2\" data-element_type=\"widget\" data-widget_type=\"heading.default\">\n\t\t\t\t<div class=\"elementor-widget-container\">\n\t\t\t\t\t<h2 class=\"elementor-heading-title elementor-size-default\">AKMK Company products<\/h2>\t\t\t\t<\/div>\n\t\t\t\t<\/div>\n\t\t\t\t\t<\/div>\n\t\t\t\t<\/div>\n\t\t<div class=\"elementor-element elementor-element-c841713 e-flex e-con-boxed e-con e-parent\" data-id=\"c841713\" data-element_type=\"container\">\n\t\t\t\t\t<div class=\"e-con-inner\">\n\t\t\t\t<div class=\"elementor-element elementor-element-4fd77be elementor-widget elementor-widget-gallery\" data-id=\"4fd77be\" data-element_type=\"widget\" data-settings=\"{&quot;lazyload&quot;:&quot;yes&quot;,&quot;gallery_layout&quot;:&quot;grid&quot;,&quot;columns&quot;:4,&quot;columns_tablet&quot;:2,&quot;columns_mobile&quot;:1,&quot;gap&quot;:{&quot;unit&quot;:&quot;px&quot;,&quot;size&quot;:10,&quot;sizes&quot;:[]},&quot;gap_widescreen&quot;:{&quot;unit&quot;:&quot;px&quot;,&quot;size&quot;:&quot;&quot;,&quot;sizes&quot;:[]},&quot;gap_tablet_extra&quot;:{&quot;unit&quot;:&quot;px&quot;,&quot;size&quot;:10,&quot;sizes&quot;:[]},&quot;gap_tablet&quot;:{&quot;unit&quot;:&quot;px&quot;,&quot;size&quot;:10,&quot;sizes&quot;:[]},&quot;gap_mobile&quot;:{&quot;unit&quot;:&quot;px&quot;,&quot;size&quot;:10,&quot;sizes&quot;:[]},&quot;link_to&quot;:&quot;file&quot;,&quot;aspect_ratio&quot;:&quot;3:2&quot;,&quot;overlay_background&quot;:&quot;yes&quot;,&quot;content_hover_animation&quot;:&quot;fade-in&quot;}\" data-widget_type=\"gallery.default\">\n\t\t\t\t<div class=\"elementor-widget-container\">\n\t\t\t\t\t\t\t<div class=\"elementor-gallery__container\">\r\n\t\t\t\t\t\t\t<a class=\"e-gallery-item elementor-gallery-item elementor-animated-content\" href=\"https:\/\/avtomatika.az\/wp-content\/uploads\/2025\/08\/0406_EMI_FILTERS_M.jpg\" data-elementor-open-lightbox=\"yes\" data-elementor-lightbox-slideshow=\"4fd77be\" data-e-action-hash=\"#elementor-action%3Aaction%3Dlightbox%26settings%3DeyJpZCI6NDY1NSwidXJsIjoiaHR0cHM6XC9cL2F2dG9tYXRpa2EuYXpcL3dwLWNvbnRlbnRcL3VwbG9hZHNcLzIwMjVcLzA4XC8wNDA2X0VNSV9GSUxURVJTX00uanBnIiwic2xpZGVzaG93IjoiNGZkNzdiZSJ9\">\r\n\t\t\t\t\t<div class=\"e-gallery-image elementor-gallery-item__image\" data-thumbnail=\"https:\/\/avtomatika.az\/wp-content\/uploads\/2025\/08\/0406_EMI_FILTERS_M.jpg\" data-width=\"287\" data-height=\"206\" aria-label=\"\" role=\"img\" ><\/div>\r\n\t\t\t\t\t\t\t\t\t\t\t<div class=\"elementor-gallery-item__overlay\"><\/div>\r\n\t\t\t\t\t\t\t\t\t\t\t\t\t\t<\/a>\r\n\t\t\t\t\t\t\t<a class=\"e-gallery-item elementor-gallery-item elementor-animated-content\" href=\"https:\/\/avtomatika.az\/wp-content\/uploads\/2025\/08\/202202171217510488001-1.jpg\" data-elementor-open-lightbox=\"yes\" data-elementor-lightbox-slideshow=\"4fd77be\" data-e-action-hash=\"#elementor-action%3Aaction%3Dlightbox%26settings%3DeyJpZCI6NDY1NiwidXJsIjoiaHR0cHM6XC9cL2F2dG9tYXRpa2EuYXpcL3dwLWNvbnRlbnRcL3VwbG9hZHNcLzIwMjVcLzA4XC8yMDIyMDIxNzEyMTc1MTA0ODgwMDEtMS5qcGciLCJzbGlkZXNob3ciOiI0ZmQ3N2JlIn0%3D\">\r\n\t\t\t\t\t<div class=\"e-gallery-image elementor-gallery-item__image\" data-thumbnail=\"https:\/\/avtomatika.az\/wp-content\/uploads\/2025\/08\/202202171217510488001-1-300x200.jpg\" data-width=\"300\" data-height=\"200\" aria-label=\"\" role=\"img\" ><\/div>\r\n\t\t\t\t\t\t\t\t\t\t\t<div class=\"elementor-gallery-item__overlay\"><\/div>\r\n\t\t\t\t\t\t\t\t\t\t\t\t\t\t<\/a>\r\n\t\t\t\t\t\t\t<a class=\"e-gallery-item elementor-gallery-item elementor-animated-content\" href=\"https:\/\/avtomatika.az\/wp-content\/uploads\/2025\/08\/202202171217510488001.jpg\" data-elementor-open-lightbox=\"yes\" data-elementor-lightbox-slideshow=\"4fd77be\" data-e-action-hash=\"#elementor-action%3Aaction%3Dlightbox%26settings%3DeyJpZCI6NDY1NywidXJsIjoiaHR0cHM6XC9cL2F2dG9tYXRpa2EuYXpcL3dwLWNvbnRlbnRcL3VwbG9hZHNcLzIwMjVcLzA4XC8yMDIyMDIxNzEyMTc1MTA0ODgwMDEuanBnIiwic2xpZGVzaG93IjoiNGZkNzdiZSJ9\">\r\n\t\t\t\t\t<div class=\"e-gallery-image elementor-gallery-item__image\" data-thumbnail=\"https:\/\/avtomatika.az\/wp-content\/uploads\/2025\/08\/202202171217510488001-300x200.jpg\" data-width=\"300\" data-height=\"200\" aria-label=\"\" role=\"img\" ><\/div>\r\n\t\t\t\t\t\t\t\t\t\t\t<div class=\"elementor-gallery-item__overlay\"><\/div>\r\n\t\t\t\t\t\t\t\t\t\t\t\t\t\t<\/a>\r\n\t\t\t\t\t\t\t<a class=\"e-gallery-item elementor-gallery-item elementor-animated-content\" href=\"https:\/\/avtomatika.az\/wp-content\/uploads\/2025\/08\/202306201144494375001.jpg\" data-elementor-open-lightbox=\"yes\" data-elementor-lightbox-slideshow=\"4fd77be\" data-e-action-hash=\"#elementor-action%3Aaction%3Dlightbox%26settings%3DeyJpZCI6NDY1OCwidXJsIjoiaHR0cHM6XC9cL2F2dG9tYXRpa2EuYXpcL3dwLWNvbnRlbnRcL3VwbG9hZHNcLzIwMjVcLzA4XC8yMDIzMDYyMDExNDQ0OTQzNzUwMDEuanBnIiwic2xpZGVzaG93IjoiNGZkNzdiZSJ9\">\r\n\t\t\t\t\t<div class=\"e-gallery-image elementor-gallery-item__image\" data-thumbnail=\"https:\/\/avtomatika.az\/wp-content\/uploads\/2025\/08\/202306201144494375001-300x200.jpg\" data-width=\"300\" data-height=\"200\" aria-label=\"\" role=\"img\" ><\/div>\r\n\t\t\t\t\t\t\t\t\t\t\t<div class=\"elementor-gallery-item__overlay\"><\/div>\r\n\t\t\t\t\t\t\t\t\t\t\t\t\t\t<\/a>\r\n\t\t\t\t\t\t\t<a class=\"e-gallery-item elementor-gallery-item elementor-animated-content\" href=\"https:\/\/avtomatika.az\/wp-content\/uploads\/2025\/08\/CATEGORY_M.jpg\" data-elementor-open-lightbox=\"yes\" data-elementor-lightbox-slideshow=\"4fd77be\" data-e-action-hash=\"#elementor-action%3Aaction%3Dlightbox%26settings%3DeyJpZCI6NDY1OSwidXJsIjoiaHR0cHM6XC9cL2F2dG9tYXRpa2EuYXpcL3dwLWNvbnRlbnRcL3VwbG9hZHNcLzIwMjVcLzA4XC9DQVRFR09SWV9NLmpwZyIsInNsaWRlc2hvdyI6IjRmZDc3YmUifQ%3D%3D\">\r\n\t\t\t\t\t<div class=\"e-gallery-image elementor-gallery-item__image\" data-thumbnail=\"https:\/\/avtomatika.az\/wp-content\/uploads\/2025\/08\/CATEGORY_M.jpg\" data-width=\"287\" data-height=\"206\" aria-label=\"\" role=\"img\" ><\/div>\r\n\t\t\t\t\t\t\t\t\t\t\t<div class=\"elementor-gallery-item__overlay\"><\/div>\r\n\t\t\t\t\t\t\t\t\t\t\t\t\t\t<\/a>\r\n\t\t\t\t\t\t\t<a class=\"e-gallery-item elementor-gallery-item elementor-animated-content\" href=\"https:\/\/avtomatika.az\/wp-content\/uploads\/2025\/08\/SMT_POWER_INDUCTORS_M.jpg\" data-elementor-open-lightbox=\"yes\" data-elementor-lightbox-slideshow=\"4fd77be\" data-e-action-hash=\"#elementor-action%3Aaction%3Dlightbox%26settings%3DeyJpZCI6NDY2MCwidXJsIjoiaHR0cHM6XC9cL2F2dG9tYXRpa2EuYXpcL3dwLWNvbnRlbnRcL3VwbG9hZHNcLzIwMjVcLzA4XC9TTVRfUE9XRVJfSU5EVUNUT1JTX00uanBnIiwic2xpZGVzaG93IjoiNGZkNzdiZSJ9\">\r\n\t\t\t\t\t<div class=\"e-gallery-image elementor-gallery-item__image\" data-thumbnail=\"https:\/\/avtomatika.az\/wp-content\/uploads\/2025\/08\/SMT_POWER_INDUCTORS_M.jpg\" data-width=\"287\" data-height=\"206\" aria-label=\"\" role=\"img\" ><\/div>\r\n\t\t\t\t\t\t\t\t\t\t\t<div class=\"elementor-gallery-item__overlay\"><\/div>\r\n\t\t\t\t\t\t\t\t\t\t\t\t\t\t<\/a>\r\n\t\t\t\t\t\t\t<a class=\"e-gallery-item elementor-gallery-item elementor-animated-content\" href=\"https:\/\/avtomatika.az\/wp-content\/uploads\/2025\/08\/VFD-EL_M.jpg\" data-elementor-open-lightbox=\"yes\" data-elementor-lightbox-slideshow=\"4fd77be\" data-e-action-hash=\"#elementor-action%3Aaction%3Dlightbox%26settings%3DeyJpZCI6NDY2MSwidXJsIjoiaHR0cHM6XC9cL2F2dG9tYXRpa2EuYXpcL3dwLWNvbnRlbnRcL3VwbG9hZHNcLzIwMjVcLzA4XC9WRkQtRUxfTS5qcGciLCJzbGlkZXNob3ciOiI0ZmQ3N2JlIn0%3D\">\r\n\t\t\t\t\t<div class=\"e-gallery-image elementor-gallery-item__image\" data-thumbnail=\"https:\/\/avtomatika.az\/wp-content\/uploads\/2025\/08\/VFD-EL_M.jpg\" data-width=\"287\" data-height=\"206\" aria-label=\"\" role=\"img\" ><\/div>\r\n\t\t\t\t\t\t\t\t\t\t\t<div class=\"elementor-gallery-item__overlay\"><\/div>\r\n\t\t\t\t\t\t\t\t\t\t\t\t\t\t<\/a>\r\n\t\t\t\t\t\t\t<a class=\"e-gallery-item elementor-gallery-item elementor-animated-content\" href=\"https:\/\/avtomatika.az\/wp-content\/uploads\/2025\/08\/VFD-VE_M.jpg\" data-elementor-open-lightbox=\"yes\" data-elementor-lightbox-slideshow=\"4fd77be\" data-e-action-hash=\"#elementor-action%3Aaction%3Dlightbox%26settings%3DeyJpZCI6NDY2MywidXJsIjoiaHR0cHM6XC9cL2F2dG9tYXRpa2EuYXpcL3dwLWNvbnRlbnRcL3VwbG9hZHNcLzIwMjVcLzA4XC9WRkQtVkVfTS5qcGciLCJzbGlkZXNob3ciOiI0ZmQ3N2JlIn0%3D\">\r\n\t\t\t\t\t<div class=\"e-gallery-image elementor-gallery-item__image\" data-thumbnail=\"https:\/\/avtomatika.az\/wp-content\/uploads\/2025\/08\/VFD-VE_M.jpg\" data-width=\"287\" data-height=\"206\" aria-label=\"\" role=\"img\" ><\/div>\r\n\t\t\t\t\t\t\t\t\t\t\t<div class=\"elementor-gallery-item__overlay\"><\/div>\r\n\t\t\t\t\t\t\t\t\t\t\t\t\t\t<\/a>\r\n\t\t\t\t\t<\/div>\r\n\t\t\t\t\t<\/div>\n\t\t\t\t<\/div>\n\t\t\t\t\t<\/div>\n\t\t\t\t<\/div>\n\t\t\t\t<\/div>","protected":false},"excerpt":{"rendered":"<p>AKMK \u015eirk\u0259ti AKMK, 2010-cu ild\u0259 \u00c7in&#8217;in Zhejiang \u0259yal\u0259tind\u0259 t\u0259sis edilmi\u015fdir. \u015eirk\u0259t, y\u00fcks\u0259k keyfiyy\u0259tli toz idar\u0259etm\u0259 sisteml\u0259ri, elektrik v\u0259 pnevmatik klapanlar, aktuatorlar v\u0259 dig\u0259r s\u0259naye avadanl\u0131qlar\u0131n\u0131n inki\u015faf\u0131, istehsal\u0131 v\u0259 sat\u0131\u015f\u0131 il\u0259 m\u0259\u015f\u011fuldur. M\u0259hsullar\u0131 su t\u0259mizl\u0259m\u0259 sisteml\u0259ri, beton qar\u0131\u015fd\u0131rma sisteml\u0259ri, kimya, ka\u011f\u0131z, enerji, qida v\u0259 i\u00e7ki s\u0259nayesi kimi sah\u0259l\u0259rd\u0259 geni\u015f istifad\u0259 olunur. AvtomatikaAz v\u0259 AKMK Biz, AvtomatikaAz,<span class=\"more-dots\">&#8230;<\/span> <span class=\"more-tag\"><a class=\"more-link\" href=\"https:\/\/avtomatika.az\/en\/akmk-sirketi\/\">More details<span class=\"screen-reader-text\"> \"AKMK \u015eirk\u0259ti\"<\/span><\/a><\/span><!-- .more-tag --><\/p>","protected":false},"author":1,"featured_media":0,"parent":0,"menu_order":0,"comment_status":"closed","ping_status":"closed","template":"page-templates\/full-width.php","meta":{"footnotes":""},"class_list":["post-4693","page","type-page","status-publish","hentry"],"_links":{"self":[{"href":"https:\/\/avtomatika.az\/en\/wp-json\/wp\/v2\/pages\/4693","targetHints":{"allow":["GET"]}}],"collection":[{"href":"https:\/\/avtomatika.az\/en\/wp-json\/wp\/v2\/pages"}],"about":[{"href":"https:\/\/avtomatika.az\/en\/wp-json\/wp\/v2\/types\/page"}],"author":[{"embeddable":true,"href":"https:\/\/avtomatika.az\/en\/wp-json\/wp\/v2\/users\/1"}],"replies":[{"embeddable":true,"href":"https:\/\/avtomatika.az\/en\/wp-json\/wp\/v2\/comments?post=4693"}],"version-history":[{"count":0,"href":"https:\/\/avtomatika.az\/en\/wp-json\/wp\/v2\/pages\/4693\/revisions"}],"wp:attachment":[{"href":"https:\/\/avtomatika.az\/en\/wp-json\/wp\/v2\/media?parent=4693"}],"curies":[{"name":"wp","href":"https:\/\/api.w.org\/{rel}","templated":true}]}}