{"id":4988,"date":"2025-09-04T07:34:37","date_gmt":"2025-09-04T07:34:37","guid":{"rendered":"https:\/\/avtomatika.az\/?page_id=4988"},"modified":"2025-09-04T07:55:44","modified_gmt":"2025-09-04T07:55:44","slug":"qurgu-ve-avadanliqlar","status":"publish","type":"page","link":"https:\/\/avtomatika.az\/en\/qurgu-ve-avadanliqlar\/","title":{"rendered":"Equipment and facilities"},"content":{"rendered":"<div data-elementor-type=\"wp-page\" data-elementor-id=\"4988\" class=\"elementor elementor-4988\" data-elementor-post-type=\"page\">\n\t\t\t\t<div class=\"elementor-element elementor-element-0c8a819 e-flex e-con-boxed e-con e-parent\" data-id=\"0c8a819\" data-element_type=\"container\" data-settings=\"{&quot;background_background&quot;:&quot;classic&quot;}\">\n\t\t\t\t\t<div class=\"e-con-inner\">\n\t\t\t\t<div class=\"elementor-element elementor-element-0078227 elementor-filters-gradient elementor-widget elementor-widget-mwt-gallery-grid\" data-id=\"0078227\" data-element_type=\"widget\" data-settings=\"{&quot;items_per_row&quot;:3,&quot;layout_gap&quot;:&quot;30&quot;}\" data-widget_type=\"mwt-gallery-grid.default\">\n\t\t\t\t<div class=\"elementor-widget-container\">\n\t\t\t\t\t\n\t\t<div class=\"mwt-gallery-grid\">\n\t\t\t\t\t\t\t\t\t\t<div class=\"filters grid_filters-69f2d25cbc918\">\n\t\t\t\t\t<a href=\"#\" class=\"category selected active\" data-filter=\"*\">\n\t\t\t\t\t\tAll of them\t\t\t\t\t<\/a>\n\t\t\t\t\t\t\t\t\t\t\t\t<a href=\"#\" class=\"category\" data-filter=\"beton-zavodlar\">\n\t\t\t\t\t\t\t\tConcrete plants\t\t\t\t\t\t\t<\/a>\n\t\t\t\t\t\t\t\t\t\t\t\t<a href=\"#\" class=\"category\" data-filter=\"a\u011f\u0131r-tonnajli-t\u0259r\u0259zil\u0259r\">\n\t\t\t\t\t\t\t\tA\u011f\u0131r tonnajli t\u0259r\u0259zil\u0259r\t\t\t\t\t\t\t<\/a>\n\t\t\t\t\t\t\t\t\t\t\t\t<a href=\"#\" class=\"category\" data-filter=\"dig\u0259r-qur\u011fular\">\n\t\t\t\t\t\t\t\tOther devices\t\t\t\t\t\t\t<\/a>\n\t\t\t\t\t\t\t\t\t<\/div>\n\t\t\t\t\t\t\t\t\t<div class=\"layout-cols layout-cols-3 layout-gap-30\">\n\t\t\t\t<div class=\"grid-columns-wrapper\">\n\t\t\t\t\t<div id=\"widget_portfolio_grid_69f2d25cbc918\" class=\"masonry\" data-filters=\".grid_filters-69f2d25cbc918\" data-order=\"\">\n\t\t\t\t\t\t<div class=\"grid-sizer\"><\/div>\n\t\t\t\t\t\t\t\t\t\t\t\t\t\t\t\t\t\t\t\t\t\t\t\t<div class=\"grid-item beton-zavodlar\">\n\t\t\t\t\t\t\t\t\t\t<div class=\"grid-item-wrap\">\n\t\t\t\t\t\t\t\t\t\t\t<div class=\"mwt-gallery-grid-image-wrap\">\n\t\t\t\t\t\t\t\t\t\t\t\t\t\t\t\t\t\t\t\t\t\t\t\t\t<div class=\"links-wrap\">\n\t\t\t\t\t\t\t\t\t\t\t\t\t\t<div class=\"links-inner-wrap\">\n\t\t\t\t\t\t\t\t\t\t\t\t\t\t\t\t\t\t\t\t\t\t\t\t\t\t\t\t\t\t\t\t\t\t\t\t\t\t\t\t\t\t\t\t\t\t<a class=\"mwt-gallery-grid-links-icon\" href=\"https:\/\/avtomatika.az\/en\/project\/\">\n\t\t\t\t\t\t\t\t\t\t\t\t\t\t\t\t\t<span><svg aria-hidden=\"true\" class=\"icon-links e-font-icon-svg e-fas-long-arrow-alt-right\" viewbox=\"0 0 448 512\" xmlns=\"http:\/\/www.w3.org\/2000\/svg\"><path d=\"M313.941 216H12c-6.627 0-12 5.373-12 12v56c0 6.627 5.373 12 12 12h301.941v46.059c0 21.382 25.851 32.09 40.971 16.971l86.059-86.059c9.373-9.373 9.373-24.569 0-33.941l-86.059-86.059c-15.119-15.119-40.971-4.411-40.971 16.971V216z\"><\/path><\/svg><\/span>\n\t\t\t\t\t\t\t\t\t\t\t\t\t\t\t\t<\/a>\n\t\t\t\t\t\t\t\t\t\t\t\t\t\t\t\t\t\t\t\t\t\t\t\t\t\t\t\t\t<\/div>\n\t\t\t\t\t\t\t\t\t\t\t\t\t<\/div>\n\t\t\t\t\t\t\t\t\t\t\t\t<img decoding=\"async\" class=\"slide-image\" src=\"https:\/\/avtomatika.az\/wp-content\/uploads\/2024\/03\/09-1110x750.jpg\" alt=\"Layih\u0259 1\" \/>\t\t\t\t\t\t\t\t\t\t\t<\/div>\n\t\t\t\t\t\t\t\t\t\t\t\t\t\t\t\t\t\t\t\t\t\t<div class=\"mwt-gallery-grid-content-wrap\">\n\t\t\t\t\t\t\t\t\t\t\t\t\t\t\t\t\t\t\t\t\t\t\t\t\t\t<a href=\"https:\/\/avtomatika.az\/en\/project\/\" class=\"mwt-gallery-grid-title\">\n\t\t\t\t\t\t\t\t\t\t\t\t\t\t\tLayih\u0259 1\t\t\t\t\t\t\t\t\t\t\t\t\t\t<\/a>\n\t\t\t\t\t\t\t\t\t\t\t\t\t\t\t\t\t\t\t\t\t\t\t\t\t<div class=\"mwt-gallery-grid-description\">\n\t\t\t\t\t\t\t\t\t\t\t\t\tLorem ipsum dolor sit amet, consectetur adipisicing elit. Accusamus accusantium aliquam atque beatae, fugit iste\n\n\t\t\t\t\t\t\t\t\t\t\t\t<\/div>\n\t\t\t\t\t\t\t\t\t\t\t<\/div>\n\t\t\t\t\t\t\t\t\t\t<\/div>\n\t\t\t\t\t\t\t\t\t<\/div>\n\t\t\t\t\t\t\t\t\t\t\t\t\t\t\t\t\t\t\t\t\t\t\t\t\t\t\t\t\t\t\t\t<div class=\"grid-item beton-zavodlar\">\n\t\t\t\t\t\t\t\t\t\t<div class=\"grid-item-wrap\">\n\t\t\t\t\t\t\t\t\t\t\t<div class=\"mwt-gallery-grid-image-wrap\">\n\t\t\t\t\t\t\t\t\t\t\t\t\t\t\t\t\t\t\t\t\t\t\t\t\t<div class=\"links-wrap\">\n\t\t\t\t\t\t\t\t\t\t\t\t\t\t<div class=\"links-inner-wrap\">\n\t\t\t\t\t\t\t\t\t\t\t\t\t\t\t\t\t\t\t\t\t\t\t\t\t\t\t\t\t\t\t\t\t\t\t\t\t\t\t\t\t\t\t\t\t\t<a class=\"mwt-gallery-grid-links-icon\" href=\"https:\/\/avtomatika.az\/en\/project\/\">\n\t\t\t\t\t\t\t\t\t\t\t\t\t\t\t\t\t<span><svg aria-hidden=\"true\" class=\"icon-links e-font-icon-svg e-fas-long-arrow-alt-right\" viewbox=\"0 0 448 512\" xmlns=\"http:\/\/www.w3.org\/2000\/svg\"><path d=\"M313.941 216H12c-6.627 0-12 5.373-12 12v56c0 6.627 5.373 12 12 12h301.941v46.059c0 21.382 25.851 32.09 40.971 16.971l86.059-86.059c9.373-9.373 9.373-24.569 0-33.941l-86.059-86.059c-15.119-15.119-40.971-4.411-40.971 16.971V216z\"><\/path><\/svg><\/span>\n\t\t\t\t\t\t\t\t\t\t\t\t\t\t\t\t<\/a>\n\t\t\t\t\t\t\t\t\t\t\t\t\t\t\t\t\t\t\t\t\t\t\t\t\t\t\t\t\t<\/div>\n\t\t\t\t\t\t\t\t\t\t\t\t\t<\/div>\n\t\t\t\t\t\t\t\t\t\t\t\t<img decoding=\"async\" class=\"slide-image\" src=\"https:\/\/avtomatika.az\/wp-content\/uploads\/2024\/03\/08-1110x750.jpg\" alt=\"Layih\u0259 2\" \/>\t\t\t\t\t\t\t\t\t\t\t<\/div>\n\t\t\t\t\t\t\t\t\t\t\t\t\t\t\t\t\t\t\t\t\t\t<div class=\"mwt-gallery-grid-content-wrap\">\n\t\t\t\t\t\t\t\t\t\t\t\t\t\t\t\t\t\t\t\t\t\t\t\t\t\t<a href=\"https:\/\/avtomatika.az\/en\/project\/\" class=\"mwt-gallery-grid-title\">\n\t\t\t\t\t\t\t\t\t\t\t\t\t\t\tLayih\u0259 2\t\t\t\t\t\t\t\t\t\t\t\t\t\t<\/a>\n\t\t\t\t\t\t\t\t\t\t\t\t\t\t\t\t\t\t\t\t\t\t\t\t\t<div class=\"mwt-gallery-grid-description\">\n\t\t\t\t\t\t\t\t\t\t\t\t\tLorem ipsum dolor sit amet, consectetur adipisicing elit. Accusamus accusantium aliquam atque beatae, fugit iste\n\n\t\t\t\t\t\t\t\t\t\t\t\t<\/div>\n\t\t\t\t\t\t\t\t\t\t\t<\/div>\n\t\t\t\t\t\t\t\t\t\t<\/div>\n\t\t\t\t\t\t\t\t\t<\/div>\n\t\t\t\t\t\t\t\t\t\t\t\t\t\t\t\t\t\t\t\t\t\t\t\t\t\t\t\t\t\t\t\t<div class=\"grid-item a\u011f\u0131r-tonnajl\u0131-t\u0259r\u0259zil\u0259r\">\n\t\t\t\t\t\t\t\t\t\t<div class=\"grid-item-wrap\">\n\t\t\t\t\t\t\t\t\t\t\t<div class=\"mwt-gallery-grid-image-wrap\">\n\t\t\t\t\t\t\t\t\t\t\t\t\t\t\t\t\t\t\t\t\t\t\t\t\t<div class=\"links-wrap\">\n\t\t\t\t\t\t\t\t\t\t\t\t\t\t<div class=\"links-inner-wrap\">\n\t\t\t\t\t\t\t\t\t\t\t\t\t\t\t\t\t\t\t\t\t\t\t\t\t\t\t\t\t\t\t\t\t\t\t\t\t\t\t\t\t\t\t\t\t\t<a class=\"mwt-gallery-grid-links-icon\" href=\"https:\/\/avtomatika.az\/en\/project\/\">\n\t\t\t\t\t\t\t\t\t\t\t\t\t\t\t\t\t<span><svg aria-hidden=\"true\" class=\"icon-links e-font-icon-svg e-fas-long-arrow-alt-right\" viewbox=\"0 0 448 512\" xmlns=\"http:\/\/www.w3.org\/2000\/svg\"><path d=\"M313.941 216H12c-6.627 0-12 5.373-12 12v56c0 6.627 5.373 12 12 12h301.941v46.059c0 21.382 25.851 32.09 40.971 16.971l86.059-86.059c9.373-9.373 9.373-24.569 0-33.941l-86.059-86.059c-15.119-15.119-40.971-4.411-40.971 16.971V216z\"><\/path><\/svg><\/span>\n\t\t\t\t\t\t\t\t\t\t\t\t\t\t\t\t<\/a>\n\t\t\t\t\t\t\t\t\t\t\t\t\t\t\t\t\t\t\t\t\t\t\t\t\t\t\t\t\t<\/div>\n\t\t\t\t\t\t\t\t\t\t\t\t\t<\/div>\n\t\t\t\t\t\t\t\t\t\t\t\t<img decoding=\"async\" class=\"slide-image\" src=\"https:\/\/avtomatika.az\/wp-content\/uploads\/2024\/03\/07-1110x750.jpg\" alt=\"Layih\u0259 3\" \/>\t\t\t\t\t\t\t\t\t\t\t<\/div>\n\t\t\t\t\t\t\t\t\t\t\t\t\t\t\t\t\t\t\t\t\t\t<div class=\"mwt-gallery-grid-content-wrap\">\n\t\t\t\t\t\t\t\t\t\t\t\t\t\t\t\t\t\t\t\t\t\t\t\t\t\t<a href=\"https:\/\/avtomatika.az\/en\/project\/\" class=\"mwt-gallery-grid-title\">\n\t\t\t\t\t\t\t\t\t\t\t\t\t\t\tLayih\u0259 3\t\t\t\t\t\t\t\t\t\t\t\t\t\t<\/a>\n\t\t\t\t\t\t\t\t\t\t\t\t\t\t\t\t\t\t\t\t\t\t\t\t\t<div class=\"mwt-gallery-grid-description\">\n\t\t\t\t\t\t\t\t\t\t\t\t\tLorem ipsum dolor sit amet, consectetur adipisicing elit. Accusamus accusantium aliquam atque beatae, fugit iste\n\n\t\t\t\t\t\t\t\t\t\t\t\t<\/div>\n\t\t\t\t\t\t\t\t\t\t\t<\/div>\n\t\t\t\t\t\t\t\t\t\t<\/div>\n\t\t\t\t\t\t\t\t\t<\/div>\n\t\t\t\t\t\t\t\t\t\t\t\t\t\t\t\t\t\t\t\t\t\t\t\t\t\t\t\t\t\t\t\t<div class=\"grid-item a\u011f\u0131r-tonnajl\u0131-t\u0259r\u0259zil\u0259r\">\n\t\t\t\t\t\t\t\t\t\t<div class=\"grid-item-wrap\">\n\t\t\t\t\t\t\t\t\t\t\t<div class=\"mwt-gallery-grid-image-wrap\">\n\t\t\t\t\t\t\t\t\t\t\t\t\t\t\t\t\t\t\t\t\t\t\t\t\t<div class=\"links-wrap\">\n\t\t\t\t\t\t\t\t\t\t\t\t\t\t<div class=\"links-inner-wrap\">\n\t\t\t\t\t\t\t\t\t\t\t\t\t\t\t\t\t\t\t\t\t\t\t\t\t\t\t\t\t\t\t\t\t\t\t\t\t\t\t\t\t\t\t\t\t\t<a class=\"mwt-gallery-grid-links-icon\" href=\"https:\/\/avtomatika.az\/en\/project\/\">\n\t\t\t\t\t\t\t\t\t\t\t\t\t\t\t\t\t<span><svg aria-hidden=\"true\" class=\"icon-links e-font-icon-svg e-fas-long-arrow-alt-right\" viewbox=\"0 0 448 512\" xmlns=\"http:\/\/www.w3.org\/2000\/svg\"><path d=\"M313.941 216H12c-6.627 0-12 5.373-12 12v56c0 6.627 5.373 12 12 12h301.941v46.059c0 21.382 25.851 32.09 40.971 16.971l86.059-86.059c9.373-9.373 9.373-24.569 0-33.941l-86.059-86.059c-15.119-15.119-40.971-4.411-40.971 16.971V216z\"><\/path><\/svg><\/span>\n\t\t\t\t\t\t\t\t\t\t\t\t\t\t\t\t<\/a>\n\t\t\t\t\t\t\t\t\t\t\t\t\t\t\t\t\t\t\t\t\t\t\t\t\t\t\t\t\t<\/div>\n\t\t\t\t\t\t\t\t\t\t\t\t\t<\/div>\n\t\t\t\t\t\t\t\t\t\t\t\t<img decoding=\"async\" class=\"slide-image\" src=\"https:\/\/avtomatika.az\/wp-content\/uploads\/2024\/03\/06-2-1110x750.jpg\" alt=\"Layih\u0259 4\" \/>\t\t\t\t\t\t\t\t\t\t\t<\/div>\n\t\t\t\t\t\t\t\t\t\t\t\t\t\t\t\t\t\t\t\t\t\t<div class=\"mwt-gallery-grid-content-wrap\">\n\t\t\t\t\t\t\t\t\t\t\t\t\t\t\t\t\t\t\t\t\t\t\t\t\t\t<a href=\"https:\/\/avtomatika.az\/en\/project\/\" class=\"mwt-gallery-grid-title\">\n\t\t\t\t\t\t\t\t\t\t\t\t\t\t\tLayih\u0259 4\t\t\t\t\t\t\t\t\t\t\t\t\t\t<\/a>\n\t\t\t\t\t\t\t\t\t\t\t\t\t\t\t\t\t\t\t\t\t\t\t\t\t<div class=\"mwt-gallery-grid-description\">\n\t\t\t\t\t\t\t\t\t\t\t\t\tLorem ipsum dolor sit amet, consectetur adipisicing elit. Accusamus accusantium aliquam atque beatae, fugit iste\n\n\t\t\t\t\t\t\t\t\t\t\t\t<\/div>\n\t\t\t\t\t\t\t\t\t\t\t<\/div>\n\t\t\t\t\t\t\t\t\t\t<\/div>\n\t\t\t\t\t\t\t\t\t<\/div>\n\t\t\t\t\t\t\t\t\t\t\t\t\t\t\t\t\t\t\t\t\t\t\t\t\t\t\t\t\t\t\t\t<div class=\"grid-item dig\u0259r-qur\u011fular\">\n\t\t\t\t\t\t\t\t\t\t<div class=\"grid-item-wrap\">\n\t\t\t\t\t\t\t\t\t\t\t<div class=\"mwt-gallery-grid-image-wrap\">\n\t\t\t\t\t\t\t\t\t\t\t\t\t\t\t\t\t\t\t\t\t\t\t\t\t<div class=\"links-wrap\">\n\t\t\t\t\t\t\t\t\t\t\t\t\t\t<div class=\"links-inner-wrap\">\n\t\t\t\t\t\t\t\t\t\t\t\t\t\t\t\t\t\t\t\t\t\t\t\t\t\t\t\t\t\t\t\t\t\t\t\t\t\t\t\t\t\t\t\t\t\t<a class=\"mwt-gallery-grid-links-icon\" href=\"https:\/\/avtomatika.az\/en\/project\/\">\n\t\t\t\t\t\t\t\t\t\t\t\t\t\t\t\t\t<span><svg aria-hidden=\"true\" class=\"icon-links e-font-icon-svg e-fas-long-arrow-alt-right\" viewbox=\"0 0 448 512\" xmlns=\"http:\/\/www.w3.org\/2000\/svg\"><path d=\"M313.941 216H12c-6.627 0-12 5.373-12 12v56c0 6.627 5.373 12 12 12h301.941v46.059c0 21.382 25.851 32.09 40.971 16.971l86.059-86.059c9.373-9.373 9.373-24.569 0-33.941l-86.059-86.059c-15.119-15.119-40.971-4.411-40.971 16.971V216z\"><\/path><\/svg><\/span>\n\t\t\t\t\t\t\t\t\t\t\t\t\t\t\t\t<\/a>\n\t\t\t\t\t\t\t\t\t\t\t\t\t\t\t\t\t\t\t\t\t\t\t\t\t\t\t\t\t<\/div>\n\t\t\t\t\t\t\t\t\t\t\t\t\t<\/div>\n\t\t\t\t\t\t\t\t\t\t\t\t<img decoding=\"async\" class=\"slide-image\" src=\"https:\/\/avtomatika.az\/wp-content\/uploads\/2024\/03\/05-2-1110x750.jpg\" alt=\"Layih\u0259 5\" \/>\t\t\t\t\t\t\t\t\t\t\t<\/div>\n\t\t\t\t\t\t\t\t\t\t\t\t\t\t\t\t\t\t\t\t\t\t<div class=\"mwt-gallery-grid-content-wrap\">\n\t\t\t\t\t\t\t\t\t\t\t\t\t\t\t\t\t\t\t\t\t\t\t\t\t\t<a href=\"https:\/\/avtomatika.az\/en\/project\/\" class=\"mwt-gallery-grid-title\">\n\t\t\t\t\t\t\t\t\t\t\t\t\t\t\tLayih\u0259 5\t\t\t\t\t\t\t\t\t\t\t\t\t\t<\/a>\n\t\t\t\t\t\t\t\t\t\t\t\t\t\t\t\t\t\t\t\t\t\t\t\t\t<div class=\"mwt-gallery-grid-description\">\n\t\t\t\t\t\t\t\t\t\t\t\t\tLorem ipsum dolor sit amet, consectetur adipisicing elit. Accusamus accusantium aliquam atque beatae, fugit iste\n\n\t\t\t\t\t\t\t\t\t\t\t\t<\/div>\n\t\t\t\t\t\t\t\t\t\t\t<\/div>\n\t\t\t\t\t\t\t\t\t\t<\/div>\n\t\t\t\t\t\t\t\t\t<\/div>\n\t\t\t\t\t\t\t\t\t\t\t\t\t\t\t\t\t\t\t\t\t\t\t\t\t\t\t\t\t\t\t\t<div class=\"grid-item dig\u0259r-qur\u011fular\">\n\t\t\t\t\t\t\t\t\t\t<div class=\"grid-item-wrap\">\n\t\t\t\t\t\t\t\t\t\t\t<div class=\"mwt-gallery-grid-image-wrap\">\n\t\t\t\t\t\t\t\t\t\t\t\t\t\t\t\t\t\t\t\t\t\t\t\t\t<div class=\"links-wrap\">\n\t\t\t\t\t\t\t\t\t\t\t\t\t\t<div class=\"links-inner-wrap\">\n\t\t\t\t\t\t\t\t\t\t\t\t\t\t\t\t\t\t\t\t\t\t\t\t\t\t\t\t\t\t\t\t\t\t\t\t\t\t\t\t\t\t\t\t\t\t<a class=\"mwt-gallery-grid-links-icon\" href=\"https:\/\/avtomatika.az\/en\/project\/\">\n\t\t\t\t\t\t\t\t\t\t\t\t\t\t\t\t\t<span><svg aria-hidden=\"true\" class=\"icon-links e-font-icon-svg e-fas-long-arrow-alt-right\" viewbox=\"0 0 448 512\" xmlns=\"http:\/\/www.w3.org\/2000\/svg\"><path d=\"M313.941 216H12c-6.627 0-12 5.373-12 12v56c0 6.627 5.373 12 12 12h301.941v46.059c0 21.382 25.851 32.09 40.971 16.971l86.059-86.059c9.373-9.373 9.373-24.569 0-33.941l-86.059-86.059c-15.119-15.119-40.971-4.411-40.971 16.971V216z\"><\/path><\/svg><\/span>\n\t\t\t\t\t\t\t\t\t\t\t\t\t\t\t\t<\/a>\n\t\t\t\t\t\t\t\t\t\t\t\t\t\t\t\t\t\t\t\t\t\t\t\t\t\t\t\t\t<\/div>\n\t\t\t\t\t\t\t\t\t\t\t\t\t<\/div>\n\t\t\t\t\t\t\t\t\t\t\t\t<img decoding=\"async\" class=\"slide-image\" src=\"https:\/\/avtomatika.az\/wp-content\/uploads\/2019\/08\/04-2-1110x750.jpg\" alt=\"Layih\u0259 6\" \/>\t\t\t\t\t\t\t\t\t\t\t<\/div>\n\t\t\t\t\t\t\t\t\t\t\t\t\t\t\t\t\t\t\t\t\t\t<div class=\"mwt-gallery-grid-content-wrap\">\n\t\t\t\t\t\t\t\t\t\t\t\t\t\t\t\t\t\t\t\t\t\t\t\t\t\t<a href=\"https:\/\/avtomatika.az\/en\/project\/\" class=\"mwt-gallery-grid-title\">\n\t\t\t\t\t\t\t\t\t\t\t\t\t\t\tLayih\u0259 6\t\t\t\t\t\t\t\t\t\t\t\t\t\t<\/a>\n\t\t\t\t\t\t\t\t\t\t\t\t\t\t\t\t\t\t\t\t\t\t\t\t\t<div class=\"mwt-gallery-grid-description\">\n\t\t\t\t\t\t\t\t\t\t\t\t\tLorem ipsum dolor sit amet, consectetur adipisicing elit. Accusamus accusantium aliquam atque beatae, fugit iste\n\n\t\t\t\t\t\t\t\t\t\t\t\t<\/div>\n\t\t\t\t\t\t\t\t\t\t\t<\/div>\n\t\t\t\t\t\t\t\t\t\t<\/div>\n\t\t\t\t\t\t\t\t\t<\/div>\n\t\t\t\t\t\t\t\t\t\t\t\t\t\t\t\t\t\t\t<\/div>\n\t\t\t\t<\/div>\n\t\t\t<\/div>\n\t\t<\/div>\n\t\t\t\t<\/div>\n\t\t\t\t<\/div>\n\t\t\t\t\t<\/div>\n\t\t\t\t<\/div>\n\t\t\t\t<\/div>","protected":false},"excerpt":{"rendered":"<p>Ham\u0131s\u0131 Beton zavodlar A\u011f\u0131r tonnajli t\u0259r\u0259zil\u0259r Dig\u0259r qur\u011fular Layih\u0259 1 Lorem ipsum dolor sit amet, consectetur adipisicing elit. Accusamus accusantium aliquam atque beatae, fugit iste Layih\u0259 2 Lorem ipsum dolor sit amet, consectetur adipisicing elit. Accusamus accusantium aliquam atque beatae, fugit iste Layih\u0259 3 Lorem ipsum dolor sit amet, consectetur adipisicing elit. Accusamus accusantium aliquam<span class=\"more-dots\">&#8230;<\/span> <span class=\"more-tag\"><a class=\"more-link\" href=\"https:\/\/avtomatika.az\/en\/qurgu-ve-avadanliqlar\/\">More details<span class=\"screen-reader-text\"> \"Qur\u011fu v\u0259 avadanl\u0131qlar\"<\/span><\/a><\/span><!-- .more-tag --><\/p>","protected":false},"author":1,"featured_media":0,"parent":0,"menu_order":0,"comment_status":"closed","ping_status":"closed","template":"page-templates\/full-width.php","meta":{"footnotes":""},"class_list":["post-4988","page","type-page","status-publish","hentry"],"_links":{"self":[{"href":"https:\/\/avtomatika.az\/en\/wp-json\/wp\/v2\/pages\/4988","targetHints":{"allow":["GET"]}}],"collection":[{"href":"https:\/\/avtomatika.az\/en\/wp-json\/wp\/v2\/pages"}],"about":[{"href":"https:\/\/avtomatika.az\/en\/wp-json\/wp\/v2\/types\/page"}],"author":[{"embeddable":true,"href":"https:\/\/avtomatika.az\/en\/wp-json\/wp\/v2\/users\/1"}],"replies":[{"embeddable":true,"href":"https:\/\/avtomatika.az\/en\/wp-json\/wp\/v2\/comments?post=4988"}],"version-history":[{"count":0,"href":"https:\/\/avtomatika.az\/en\/wp-json\/wp\/v2\/pages\/4988\/revisions"}],"wp:attachment":[{"href":"https:\/\/avtomatika.az\/en\/wp-json\/wp\/v2\/media?parent=4988"}],"curies":[{"name":"wp","href":"https:\/\/api.w.org\/{rel}","templated":true}]}}