{"id":5244,"date":"2025-09-06T12:23:06","date_gmt":"2025-09-06T12:23:06","guid":{"rendered":"https:\/\/avtomatika.az\/?page_id=5244"},"modified":"2025-09-16T00:13:46","modified_gmt":"2025-09-16T00:13:46","slug":"ora-inshaat","status":"publish","type":"page","link":"https:\/\/avtomatika.az\/en\/ora-inshaat\/","title":{"rendered":"Truck Scale System for Ora Construction"},"content":{"rendered":"<div data-elementor-type=\"wp-page\" data-elementor-id=\"5244\" class=\"elementor elementor-5244\" data-elementor-post-type=\"page\">\n\t\t\t\t<div class=\"elementor-element elementor-element-8001620 e-flex e-con-boxed e-con e-parent\" data-id=\"8001620\" data-element_type=\"container\">\n\t\t\t\t\t<div class=\"e-con-inner\">\n\t\t<div class=\"elementor-element elementor-element-87de92e e-con-full e-flex e-con e-child\" data-id=\"87de92e\" data-element_type=\"container\">\n\t\t<div class=\"elementor-element elementor-element-9b3ce1e e-grid e-con-full e-con e-child\" data-id=\"9b3ce1e\" data-element_type=\"container\">\n\t\t\t\t<div class=\"elementor-element elementor-element-c7850a0 elementor-widget elementor-widget-heading\" data-id=\"c7850a0\" data-element_type=\"widget\" data-widget_type=\"heading.default\">\n\t\t\t\t<div class=\"elementor-widget-container\">\n\t\t\t\t\t<h2 class=\"elementor-heading-title elementor-size-default\">Project Name: Truck Scale System for Ora Construction<\/h2>\t\t\t\t<\/div>\n\t\t\t\t<\/div>\n\t\t\t\t<\/div>\n\t\t\t\t<div class=\"elementor-element elementor-element-63d9bf0 elementor-widget elementor-widget-text-editor\" data-id=\"63d9bf0\" data-element_type=\"widget\" data-widget_type=\"text-editor.default\">\n\t\t\t\t<div class=\"elementor-widget-container\">\n\t\t\t\t\t\t\t\t\t<p><b>Description:<\/b><\/p>\t\t\t\t\t\t\t\t<\/div>\n\t\t\t\t<\/div>\n\t\t\t\t<div class=\"elementor-element elementor-element-18079d0 elementor-widget elementor-widget-text-editor\" data-id=\"18079d0\" data-element_type=\"widget\" data-widget_type=\"text-editor.default\">\n\t\t\t\t<div class=\"elementor-widget-container\">\n\t\t\t\t\t\t\t\t\t<p>A 3\u00d718 m truck scale with a carrying capacity of 60 tons was provided for Ora Construction. The equipment was purchased and the foundation was prepared within the scope of the project, but since the assembly and adjustment works on site have not been finalized, the project has not yet been handed over to the customer.<\/p>\t\t\t\t\t\t\t\t<\/div>\n\t\t\t\t<\/div>\n\t\t\t\t<div class=\"elementor-element elementor-element-2465da7 elementor-widget elementor-widget-text-editor\" data-id=\"2465da7\" data-element_type=\"widget\" data-widget_type=\"text-editor.default\">\n\t\t\t\t<div class=\"elementor-widget-container\">\n\t\t\t\t\t\t\t\t\t<p><strong>Work done \u2013 Scale Equipment:<\/strong><\/p>\t\t\t\t\t\t\t\t<\/div>\n\t\t\t\t<\/div>\n\t\t\t\t<div class=\"elementor-element elementor-element-bb1ee80 elementor-icon-list--layout-traditional elementor-list-item-link-full_width elementor-widget elementor-widget-icon-list\" data-id=\"bb1ee80\" data-element_type=\"widget\" data-widget_type=\"icon-list.default\">\n\t\t\t\t<div class=\"elementor-widget-container\">\n\t\t\t\t\t\t\t<ul class=\"elementor-icon-list-items\">\n\t\t\t\t\t\t\t<li class=\"elementor-icon-list-item\">\n\t\t\t\t\t\t\t\t\t\t\t<span class=\"elementor-icon-list-icon\">\n\t\t\t\t\t\t\t<svg aria-hidden=\"true\" class=\"e-font-icon-svg e-fas-check\" viewbox=\"0 0 512 512\" xmlns=\"http:\/\/www.w3.org\/2000\/svg\"><path d=\"M173.898 439.404l-166.4-166.4c-9.997-9.997-9.997-26.206 0-36.204l36.203-36.204c9.997-9.998 26.207-9.998 36.204 0L192 312.69 432.095 72.596c9.997-9.997 26.207-9.997 36.204 0l36.203 36.204c9.997 9.997 9.997 26.206 0 36.204l-294.4 294.401c-9.998 9.997-26.207 9.997-36.204-.001z\"><\/path><\/svg>\t\t\t\t\t\t<\/span>\n\t\t\t\t\t\t\t\t\t\t<span class=\"elementor-icon-list-text\">Purchase and provision of weighing equipment with a carrying capacity of 60 tons<\/span>\n\t\t\t\t\t\t\t\t\t<\/li>\n\t\t\t\t\t\t\t\t<li class=\"elementor-icon-list-item\">\n\t\t\t\t\t\t\t\t\t\t\t<span class=\"elementor-icon-list-icon\">\n\t\t\t\t\t\t\t<svg aria-hidden=\"true\" class=\"e-font-icon-svg e-fas-check\" viewbox=\"0 0 512 512\" xmlns=\"http:\/\/www.w3.org\/2000\/svg\"><path d=\"M173.898 439.404l-166.4-166.4c-9.997-9.997-9.997-26.206 0-36.204l36.203-36.204c9.997-9.998 26.207-9.998 36.204 0L192 312.69 432.095 72.596c9.997-9.997 26.207-9.997 36.204 0l36.203 36.204c9.997 9.997 9.997 26.206 0 36.204l-294.4 294.401c-9.998 9.997-26.207 9.997-36.204-.001z\"><\/path><\/svg>\t\t\t\t\t\t<\/span>\n\t\t\t\t\t\t\t\t\t\t<span class=\"elementor-icon-list-text\">Carrying out foundation preparation work for the scales<\/span>\n\t\t\t\t\t\t\t\t\t<\/li>\n\t\t\t\t\t\t\t\t<li class=\"elementor-icon-list-item\">\n\t\t\t\t\t\t\t\t\t\t\t<span class=\"elementor-icon-list-icon\">\n\t\t\t\t\t\t\t<svg aria-hidden=\"true\" class=\"e-font-icon-svg e-fas-check\" viewbox=\"0 0 512 512\" xmlns=\"http:\/\/www.w3.org\/2000\/svg\"><path d=\"M173.898 439.404l-166.4-166.4c-9.997-9.997-9.997-26.206 0-36.204l36.203-36.204c9.997-9.998 26.207-9.998 36.204 0L192 312.69 432.095 72.596c9.997-9.997 26.207-9.997 36.204 0l36.203 36.204c9.997 9.997 9.997 26.206 0 36.204l-294.4 294.401c-9.998 9.997-26.207 9.997-36.204-.001z\"><\/path><\/svg>\t\t\t\t\t\t<\/span>\n\t\t\t\t\t\t\t\t\t\t<span class=\"elementor-icon-list-text\">Start of initial assembly work on site<\/span>\n\t\t\t\t\t\t\t\t\t<\/li>\n\t\t\t\t\t\t\t\t<li class=\"elementor-icon-list-item\">\n\t\t\t\t\t\t\t\t\t\t\t<span class=\"elementor-icon-list-icon\">\n\t\t\t\t\t\t\t<svg aria-hidden=\"true\" class=\"e-font-icon-svg e-fas-check\" viewbox=\"0 0 512 512\" xmlns=\"http:\/\/www.w3.org\/2000\/svg\"><path d=\"M173.898 439.404l-166.4-166.4c-9.997-9.997-9.997-26.206 0-36.204l36.203-36.204c9.997-9.998 26.207-9.998 36.204 0L192 312.69 432.095 72.596c9.997-9.997 26.207-9.997 36.204 0l36.203 36.204c9.997 9.997 9.997 26.206 0 36.204l-294.4 294.401c-9.998 9.997-26.207 9.997-36.204-.001z\"><\/path><\/svg>\t\t\t\t\t\t<\/span>\n\t\t\t\t\t\t\t\t\t\t<span class=\"elementor-icon-list-text\">Calibration and full installation are in progress.<\/span>\n\t\t\t\t\t\t\t\t\t<\/li>\n\t\t\t\t\t\t<\/ul>\n\t\t\t\t\t\t<\/div>\n\t\t\t\t<\/div>\n\t\t\t\t<div class=\"elementor-element elementor-element-009692e elementor-widget elementor-widget-button\" data-id=\"009692e\" data-element_type=\"widget\" data-widget_type=\"button.default\">\n\t\t\t\t<div class=\"elementor-widget-container\">\n\t\t\t\t\t\t\t\t\t<div class=\"elementor-button-wrapper\">\n\t\t\t\t\t<a class=\"elementor-button elementor-button-link elementor-size-sm\" href=\"mailto:info@avtomatika.az\" target=\"_blank\">\n\t\t\t\t\t\t<span class=\"elementor-button-content-wrapper\">\n\t\t\t\t\t\t\t\t\t<span class=\"elementor-button-text\">Send a request for a similar project order<\/span>\n\t\t\t\t\t<\/span>\n\t\t\t\t\t<\/a>\n\t\t\t\t<\/div>\n\t\t\t\t\t\t\t\t<\/div>\n\t\t\t\t<\/div>\n\t\t\t\t<\/div>\n\t\t<div class=\"elementor-element elementor-element-5c87c28 e-con-full e-flex e-con e-child\" data-id=\"5c87c28\" data-element_type=\"container\">\n\t\t\t\t<div class=\"elementor-element elementor-element-9b12273 elementor-widget elementor-widget-image\" data-id=\"9b12273\" data-element_type=\"widget\" data-widget_type=\"image.default\">\n\t\t\t\t<div class=\"elementor-widget-container\">\n\t\t\t\t\t\t\t\t\t\t\t\t\t\t\t<img fetchpriority=\"high\" decoding=\"async\" width=\"1024\" height=\"683\" src=\"https:\/\/avtomatika.az\/wp-content\/uploads\/2025\/09\/ora-insaat-images-5-1024x683.jpg\" class=\"attachment-large size-large wp-image-5810\" alt=\"\" srcset=\"https:\/\/avtomatika.az\/wp-content\/uploads\/2025\/09\/ora-insaat-images-5-1024x683.jpg 1024w, https:\/\/avtomatika.az\/wp-content\/uploads\/2025\/09\/ora-insaat-images-5-300x200.jpg 300w, https:\/\/avtomatika.az\/wp-content\/uploads\/2025\/09\/ora-insaat-images-5-768x512.jpg 768w, https:\/\/avtomatika.az\/wp-content\/uploads\/2025\/09\/ora-insaat-images-5-18x12.jpg 18w, https:\/\/avtomatika.az\/wp-content\/uploads\/2025\/09\/ora-insaat-images-5.jpg 1200w\" sizes=\"(max-width: 1024px) 100vw, 1024px\" \/>\t\t\t\t\t\t\t\t\t\t\t\t\t\t\t<\/div>\n\t\t\t\t<\/div>\n\t\t\t\t<div class=\"elementor-element elementor-element-f0d53cb elementor-widget elementor-widget-text-editor\" data-id=\"f0d53cb\" data-element_type=\"widget\" data-widget_type=\"text-editor.default\">\n\t\t\t\t<div class=\"elementor-widget-container\">\n\t\t\t\t\t\t\t\t\t<p><b>Result:<\/b><\/p>\t\t\t\t\t\t\t\t<\/div>\n\t\t\t\t<\/div>\n\t\t\t\t<div class=\"elementor-element elementor-element-ca48ef6 elementor-widget elementor-widget-text-editor\" data-id=\"ca48ef6\" data-element_type=\"widget\" data-widget_type=\"text-editor.default\">\n\t\t\t\t<div class=\"elementor-widget-container\">\n\t\t\t\t\t\t\t\t\t<p data-start=\"1077\" data-end=\"1271\">The project is ongoing. After the installation of the weighing system, Ora Construction will have a reliable infrastructure for accurate measurement and control of cargo in its logistics operations.<\/p>\t\t\t\t\t\t\t\t<\/div>\n\t\t\t\t<\/div>\n\t\t\t\t<\/div>\n\t\t\t\t\t<\/div>\n\t\t\t\t<\/div>\n\t\t<div class=\"elementor-element elementor-element-61f9c2e e-flex e-con-boxed e-con e-parent\" data-id=\"61f9c2e\" data-element_type=\"container\">\n\t\t\t\t\t<div class=\"e-con-inner\">\n\t\t\t\t<div class=\"elementor-element elementor-element-2376fe2 elementor-widget elementor-widget-heading\" data-id=\"2376fe2\" data-element_type=\"widget\" data-widget_type=\"heading.default\">\n\t\t\t\t<div class=\"elementor-widget-container\">\n\t\t\t\t\t<h2 class=\"elementor-heading-title elementor-size-default\">Photos from the project<\/h2>\t\t\t\t<\/div>\n\t\t\t\t<\/div>\n\t\t\t\t\t<\/div>\n\t\t\t\t<\/div>\n\t\t<div class=\"elementor-element elementor-element-c841713 e-flex e-con-boxed e-con e-parent\" data-id=\"c841713\" data-element_type=\"container\">\n\t\t\t\t\t<div class=\"e-con-inner\">\n\t\t\t\t<div class=\"elementor-element elementor-element-4fd77be elementor-widget elementor-widget-gallery\" data-id=\"4fd77be\" data-element_type=\"widget\" data-settings=\"{&quot;image_hover_animation&quot;:&quot;grow&quot;,&quot;lazyload&quot;:&quot;yes&quot;,&quot;gallery_layout&quot;:&quot;grid&quot;,&quot;columns&quot;:4,&quot;columns_tablet&quot;:2,&quot;columns_mobile&quot;:1,&quot;gap&quot;:{&quot;unit&quot;:&quot;px&quot;,&quot;size&quot;:10,&quot;sizes&quot;:[]},&quot;gap_widescreen&quot;:{&quot;unit&quot;:&quot;px&quot;,&quot;size&quot;:&quot;&quot;,&quot;sizes&quot;:[]},&quot;gap_tablet_extra&quot;:{&quot;unit&quot;:&quot;px&quot;,&quot;size&quot;:10,&quot;sizes&quot;:[]},&quot;gap_tablet&quot;:{&quot;unit&quot;:&quot;px&quot;,&quot;size&quot;:10,&quot;sizes&quot;:[]},&quot;gap_mobile&quot;:{&quot;unit&quot;:&quot;px&quot;,&quot;size&quot;:10,&quot;sizes&quot;:[]},&quot;link_to&quot;:&quot;file&quot;,&quot;aspect_ratio&quot;:&quot;3:2&quot;,&quot;content_hover_animation&quot;:&quot;fade-in&quot;}\" data-widget_type=\"gallery.default\">\n\t\t\t\t<div class=\"elementor-widget-container\">\n\t\t\t\t\t\t\t<div class=\"elementor-gallery__container\">\r\n\t\t\t\t\t\t\t<a class=\"e-gallery-item elementor-gallery-item elementor-animated-content\" href=\"https:\/\/avtomatika.az\/wp-content\/uploads\/2025\/09\/ora-insaat-images-2.jpg\" data-elementor-open-lightbox=\"yes\" data-elementor-lightbox-slideshow=\"4fd77be\" data-e-action-hash=\"#elementor-action%3Aaction%3Dlightbox%26settings%3DeyJpZCI6NTgwNywidXJsIjoiaHR0cHM6XC9cL2F2dG9tYXRpa2EuYXpcL3dwLWNvbnRlbnRcL3VwbG9hZHNcLzIwMjVcLzA5XC9vcmEtaW5zYWF0LWltYWdlcy0yLmpwZyIsInNsaWRlc2hvdyI6IjRmZDc3YmUifQ%3D%3D\">\r\n\t\t\t\t\t<div class=\"e-gallery-image elementor-gallery-item__image\" data-thumbnail=\"https:\/\/avtomatika.az\/wp-content\/uploads\/2025\/09\/ora-insaat-images-2-300x200.jpg\" data-width=\"300\" data-height=\"200\" aria-label=\"\" role=\"img\" ><\/div>\r\n\t\t\t\t\t\t\t\t\t\t\t\t\t\t<\/a>\r\n\t\t\t\t\t\t\t<a class=\"e-gallery-item elementor-gallery-item elementor-animated-content\" href=\"https:\/\/avtomatika.az\/wp-content\/uploads\/2025\/09\/ora-insaat-images-3.jpg\" data-elementor-open-lightbox=\"yes\" data-elementor-lightbox-slideshow=\"4fd77be\" data-e-action-hash=\"#elementor-action%3Aaction%3Dlightbox%26settings%3DeyJpZCI6NTgwOCwidXJsIjoiaHR0cHM6XC9cL2F2dG9tYXRpa2EuYXpcL3dwLWNvbnRlbnRcL3VwbG9hZHNcLzIwMjVcLzA5XC9vcmEtaW5zYWF0LWltYWdlcy0zLmpwZyIsInNsaWRlc2hvdyI6IjRmZDc3YmUifQ%3D%3D\">\r\n\t\t\t\t\t<div class=\"e-gallery-image elementor-gallery-item__image\" data-thumbnail=\"https:\/\/avtomatika.az\/wp-content\/uploads\/2025\/09\/ora-insaat-images-3-300x200.jpg\" data-width=\"300\" data-height=\"200\" aria-label=\"\" role=\"img\" ><\/div>\r\n\t\t\t\t\t\t\t\t\t\t\t\t\t\t<\/a>\r\n\t\t\t\t\t\t\t<a class=\"e-gallery-item elementor-gallery-item elementor-animated-content\" href=\"https:\/\/avtomatika.az\/wp-content\/uploads\/2025\/09\/ora-insaat-images-4.jpg\" data-elementor-open-lightbox=\"yes\" data-elementor-lightbox-slideshow=\"4fd77be\" data-e-action-hash=\"#elementor-action%3Aaction%3Dlightbox%26settings%3DeyJpZCI6NTgwOSwidXJsIjoiaHR0cHM6XC9cL2F2dG9tYXRpa2EuYXpcL3dwLWNvbnRlbnRcL3VwbG9hZHNcLzIwMjVcLzA5XC9vcmEtaW5zYWF0LWltYWdlcy00LmpwZyIsInNsaWRlc2hvdyI6IjRmZDc3YmUifQ%3D%3D\">\r\n\t\t\t\t\t<div class=\"e-gallery-image elementor-gallery-item__image\" data-thumbnail=\"https:\/\/avtomatika.az\/wp-content\/uploads\/2025\/09\/ora-insaat-images-4-300x200.jpg\" data-width=\"300\" data-height=\"200\" aria-label=\"\" role=\"img\" ><\/div>\r\n\t\t\t\t\t\t\t\t\t\t\t\t\t\t<\/a>\r\n\t\t\t\t\t\t\t<a class=\"e-gallery-item elementor-gallery-item elementor-animated-content\" href=\"https:\/\/avtomatika.az\/wp-content\/uploads\/2025\/09\/ora-insaat-images-5.jpg\" data-elementor-open-lightbox=\"yes\" data-elementor-lightbox-slideshow=\"4fd77be\" data-e-action-hash=\"#elementor-action%3Aaction%3Dlightbox%26settings%3DeyJpZCI6NTgxMCwidXJsIjoiaHR0cHM6XC9cL2F2dG9tYXRpa2EuYXpcL3dwLWNvbnRlbnRcL3VwbG9hZHNcLzIwMjVcLzA5XC9vcmEtaW5zYWF0LWltYWdlcy01LmpwZyIsInNsaWRlc2hvdyI6IjRmZDc3YmUifQ%3D%3D\">\r\n\t\t\t\t\t<div class=\"e-gallery-image elementor-gallery-item__image\" data-thumbnail=\"https:\/\/avtomatika.az\/wp-content\/uploads\/2025\/09\/ora-insaat-images-5-300x200.jpg\" data-width=\"300\" data-height=\"200\" aria-label=\"\" role=\"img\" ><\/div>\r\n\t\t\t\t\t\t\t\t\t\t\t\t\t\t<\/a>\r\n\t\t\t\t\t\t\t<a class=\"e-gallery-item elementor-gallery-item elementor-animated-content\" href=\"https:\/\/avtomatika.az\/wp-content\/uploads\/2025\/09\/ora-insaat-images-6.jpg\" data-elementor-open-lightbox=\"yes\" data-elementor-lightbox-slideshow=\"4fd77be\" data-e-action-hash=\"#elementor-action%3Aaction%3Dlightbox%26settings%3DeyJpZCI6NTgxMSwidXJsIjoiaHR0cHM6XC9cL2F2dG9tYXRpa2EuYXpcL3dwLWNvbnRlbnRcL3VwbG9hZHNcLzIwMjVcLzA5XC9vcmEtaW5zYWF0LWltYWdlcy02LmpwZyIsInNsaWRlc2hvdyI6IjRmZDc3YmUifQ%3D%3D\">\r\n\t\t\t\t\t<div class=\"e-gallery-image elementor-gallery-item__image\" data-thumbnail=\"https:\/\/avtomatika.az\/wp-content\/uploads\/2025\/09\/ora-insaat-images-6-300x200.jpg\" data-width=\"300\" data-height=\"200\" aria-label=\"\" role=\"img\" ><\/div>\r\n\t\t\t\t\t\t\t\t\t\t\t\t\t\t<\/a>\r\n\t\t\t\t\t\t\t<a class=\"e-gallery-item elementor-gallery-item elementor-animated-content\" href=\"https:\/\/avtomatika.az\/wp-content\/uploads\/2025\/09\/ora-insaat-images-7.jpg\" data-elementor-open-lightbox=\"yes\" data-elementor-lightbox-slideshow=\"4fd77be\" data-e-action-hash=\"#elementor-action%3Aaction%3Dlightbox%26settings%3DeyJpZCI6NTgxMiwidXJsIjoiaHR0cHM6XC9cL2F2dG9tYXRpa2EuYXpcL3dwLWNvbnRlbnRcL3VwbG9hZHNcLzIwMjVcLzA5XC9vcmEtaW5zYWF0LWltYWdlcy03LmpwZyIsInNsaWRlc2hvdyI6IjRmZDc3YmUifQ%3D%3D\">\r\n\t\t\t\t\t<div class=\"e-gallery-image elementor-gallery-item__image\" data-thumbnail=\"https:\/\/avtomatika.az\/wp-content\/uploads\/2025\/09\/ora-insaat-images-7-300x200.jpg\" data-width=\"300\" data-height=\"200\" aria-label=\"\" role=\"img\" ><\/div>\r\n\t\t\t\t\t\t\t\t\t\t\t\t\t\t<\/a>\r\n\t\t\t\t\t\t\t<a class=\"e-gallery-item elementor-gallery-item elementor-animated-content\" href=\"https:\/\/avtomatika.az\/wp-content\/uploads\/2025\/09\/ora-insaat-images-8.jpg\" data-elementor-open-lightbox=\"yes\" data-elementor-lightbox-slideshow=\"4fd77be\" data-e-action-hash=\"#elementor-action%3Aaction%3Dlightbox%26settings%3DeyJpZCI6NTgxMywidXJsIjoiaHR0cHM6XC9cL2F2dG9tYXRpa2EuYXpcL3dwLWNvbnRlbnRcL3VwbG9hZHNcLzIwMjVcLzA5XC9vcmEtaW5zYWF0LWltYWdlcy04LmpwZyIsInNsaWRlc2hvdyI6IjRmZDc3YmUifQ%3D%3D\">\r\n\t\t\t\t\t<div class=\"e-gallery-image elementor-gallery-item__image\" data-thumbnail=\"https:\/\/avtomatika.az\/wp-content\/uploads\/2025\/09\/ora-insaat-images-8-300x200.jpg\" data-width=\"300\" data-height=\"200\" aria-label=\"\" role=\"img\" ><\/div>\r\n\t\t\t\t\t\t\t\t\t\t\t\t\t\t<\/a>\r\n\t\t\t\t\t\t\t<a class=\"e-gallery-item elementor-gallery-item elementor-animated-content\" href=\"https:\/\/avtomatika.az\/wp-content\/uploads\/2025\/09\/ora-insaat-images-9.jpg\" data-elementor-open-lightbox=\"yes\" data-elementor-lightbox-slideshow=\"4fd77be\" data-e-action-hash=\"#elementor-action%3Aaction%3Dlightbox%26settings%3DeyJpZCI6NTgxNSwidXJsIjoiaHR0cHM6XC9cL2F2dG9tYXRpa2EuYXpcL3dwLWNvbnRlbnRcL3VwbG9hZHNcLzIwMjVcLzA5XC9vcmEtaW5zYWF0LWltYWdlcy05LmpwZyIsInNsaWRlc2hvdyI6IjRmZDc3YmUifQ%3D%3D\">\r\n\t\t\t\t\t<div class=\"e-gallery-image elementor-gallery-item__image\" data-thumbnail=\"https:\/\/avtomatika.az\/wp-content\/uploads\/2025\/09\/ora-insaat-images-9-300x200.jpg\" data-width=\"300\" data-height=\"200\" aria-label=\"\" role=\"img\" ><\/div>\r\n\t\t\t\t\t\t\t\t\t\t\t\t\t\t<\/a>\r\n\t\t\t\t\t\t\t<a class=\"e-gallery-item elementor-gallery-item elementor-animated-content\" href=\"https:\/\/avtomatika.az\/wp-content\/uploads\/2025\/09\/ora-insaat-images-10.jpg\" data-elementor-open-lightbox=\"yes\" data-elementor-lightbox-slideshow=\"4fd77be\" data-e-action-hash=\"#elementor-action%3Aaction%3Dlightbox%26settings%3DeyJpZCI6NTgxNiwidXJsIjoiaHR0cHM6XC9cL2F2dG9tYXRpa2EuYXpcL3dwLWNvbnRlbnRcL3VwbG9hZHNcLzIwMjVcLzA5XC9vcmEtaW5zYWF0LWltYWdlcy0xMC5qcGciLCJzbGlkZXNob3ciOiI0ZmQ3N2JlIn0%3D\">\r\n\t\t\t\t\t<div class=\"e-gallery-image elementor-gallery-item__image\" data-thumbnail=\"https:\/\/avtomatika.az\/wp-content\/uploads\/2025\/09\/ora-insaat-images-10-300x200.jpg\" data-width=\"300\" data-height=\"200\" aria-label=\"\" role=\"img\" ><\/div>\r\n\t\t\t\t\t\t\t\t\t\t\t\t\t\t<\/a>\r\n\t\t\t\t\t<\/div>\r\n\t\t\t\t\t<\/div>\n\t\t\t\t<\/div>\n\t\t\t\t\t<\/div>\n\t\t\t\t<\/div>\n\t\t\t\t<\/div>","protected":false},"excerpt":{"rendered":"<p>Layih\u0259nin ad\u0131: Ora \u0130n\u015faat \u00fc\u00e7\u00fcn Y\u00fck Avtomobili T\u0259r\u0259zi Sistemi T\u0259sviri: Ora \u0130n\u015faat m\u00fc\u0259ssis\u0259si \u00fc\u00e7\u00fcn 3&#215;18 m \u00f6l\u00e7\u00fcd\u0259, 60 ton da\u015f\u0131ma g\u00fcc\u00fcn\u0259 malik y\u00fck avtomobili t\u0259r\u0259zisi t\u0259min edilmi\u015fdir. Layih\u0259 \u00e7\u0259r\u00e7iv\u0259sind\u0259 avadanl\u0131\u011f\u0131n al\u0131nmas\u0131 v\u0259 t\u0259m\u0259l haz\u0131rl\u0131\u011f\u0131 icra olunmu\u015f, lakin sah\u0259d\u0259 montaj v\u0259 sazlama i\u015fl\u0259ri yekunla\u015fd\u0131r\u0131lmad\u0131\u011f\u0131ndan layih\u0259 h\u0259l\u0259 sifari\u015f\u00e7iy\u0259 t\u0259hvil verilm\u0259mi\u015fdir. G\u00f6r\u00fcl\u0259n i\u015fl\u0259r \u2013 T\u0259r\u0259zi Avadanl\u0131\u011f\u0131: 60 ton<span class=\"more-dots\">&#8230;<\/span> <span class=\"more-tag\"><a class=\"more-link\" href=\"https:\/\/avtomatika.az\/en\/ora-inshaat\/\">More details<span class=\"screen-reader-text\"> \"Ora \u0130n\u015faat \u00fc\u00e7\u00fcn Y\u00fck Avtomobili T\u0259r\u0259zi Sistemi\"<\/span><\/a><\/span><!-- .more-tag --><\/p>","protected":false},"author":1,"featured_media":0,"parent":0,"menu_order":0,"comment_status":"closed","ping_status":"closed","template":"page-templates\/full-width.php","meta":{"footnotes":""},"class_list":["post-5244","page","type-page","status-publish","hentry"],"_links":{"self":[{"href":"https:\/\/avtomatika.az\/en\/wp-json\/wp\/v2\/pages\/5244","targetHints":{"allow":["GET"]}}],"collection":[{"href":"https:\/\/avtomatika.az\/en\/wp-json\/wp\/v2\/pages"}],"about":[{"href":"https:\/\/avtomatika.az\/en\/wp-json\/wp\/v2\/types\/page"}],"author":[{"embeddable":true,"href":"https:\/\/avtomatika.az\/en\/wp-json\/wp\/v2\/users\/1"}],"replies":[{"embeddable":true,"href":"https:\/\/avtomatika.az\/en\/wp-json\/wp\/v2\/comments?post=5244"}],"version-history":[{"count":0,"href":"https:\/\/avtomatika.az\/en\/wp-json\/wp\/v2\/pages\/5244\/revisions"}],"wp:attachment":[{"href":"https:\/\/avtomatika.az\/en\/wp-json\/wp\/v2\/media?parent=5244"}],"curies":[{"name":"wp","href":"https:\/\/api.w.org\/{rel}","templated":true}]}}