{"id":5332,"date":"2025-09-06T13:16:08","date_gmt":"2025-09-06T13:16:08","guid":{"rendered":"https:\/\/avtomatika.az\/?page_id=5332"},"modified":"2025-09-06T13:36:03","modified_gmt":"2025-09-06T13:36:03","slug":"beton-zavodlar-avtomatika","status":"publish","type":"page","link":"https:\/\/avtomatika.az\/en\/beton-zavodlar-avtomatika\/","title":{"rendered":"Concrete plants"},"content":{"rendered":"<div data-elementor-type=\"wp-page\" data-elementor-id=\"5332\" class=\"elementor elementor-5332\" data-elementor-post-type=\"page\">\n\t\t\t\t<div class=\"elementor-element elementor-element-0310223 e-flex e-con-boxed e-con e-parent\" data-id=\"0310223\" data-element_type=\"container\" data-settings=\"{&quot;background_background&quot;:&quot;classic&quot;}\">\n\t\t\t\t\t<div class=\"e-con-inner\">\n\t\t\t\t<div class=\"elementor-element elementor-element-6759dca elementor-filters-gradient elementor-widget elementor-widget-mwt-gallery-grid\" data-id=\"6759dca\" data-element_type=\"widget\" data-settings=\"{&quot;items_per_row&quot;:3,&quot;layout_gap&quot;:&quot;30&quot;}\" data-widget_type=\"mwt-gallery-grid.default\">\n\t\t\t\t<div class=\"elementor-widget-container\">\n\t\t\t\t\t\n\t\t<div class=\"mwt-gallery-grid\">\n\t\t\t\t\t\t\t\t\t\t\t\t<div class=\"layout-cols layout-cols-3 layout-gap-30\">\n\t\t\t\t<div class=\"grid-columns-wrapper\">\n\t\t\t\t\t<div id=\"widget_portfolio_grid_6a046e01ccfe6\" class=\"masonry\" data-filters=\".grid_filters-6a046e01ccfe6\" data-order=\"\">\n\t\t\t\t\t\t<div class=\"grid-sizer\"><\/div>\n\t\t\t\t\t\t\t\t\t\t\t\t\t\t\t\t\t\t\t\t\t\t\t\t<div class=\"grid-item beton-zavodlar\">\n\t\t\t\t\t\t\t\t\t\t<div class=\"grid-item-wrap\">\n\t\t\t\t\t\t\t\t\t\t\t<div class=\"mwt-gallery-grid-image-wrap\">\n\t\t\t\t\t\t\t\t\t\t\t\t\t\t\t\t\t\t\t\t\t\t\t\t\t<div class=\"links-wrap\">\n\t\t\t\t\t\t\t\t\t\t\t\t\t\t<div class=\"links-inner-wrap\">\n\t\t\t\t\t\t\t\t\t\t\t\t\t\t\t\t\t\t\t\t\t\t\t\t\t\t\t\t\t\t\t\t\t\t\t\t\t\t\t\t\t\t\t\t\t\t<a class=\"mwt-gallery-grid-links-icon\" href=\"https:\/\/avtomatika.az\/en\/holcim-cebrayil\/\">\n\t\t\t\t\t\t\t\t\t\t\t\t\t\t\t\t\t<span><svg aria-hidden=\"true\" class=\"icon-links e-font-icon-svg e-fas-arrow-right\" viewbox=\"0 0 448 512\" xmlns=\"http:\/\/www.w3.org\/2000\/svg\"><path d=\"M190.5 66.9l22.2-22.2c9.4-9.4 24.6-9.4 33.9 0L441 239c9.4 9.4 9.4 24.6 0 33.9L246.6 467.3c-9.4 9.4-24.6 9.4-33.9 0l-22.2-22.2c-9.5-9.5-9.3-25 .4-34.3L311.4 296H24c-13.3 0-24-10.7-24-24v-32c0-13.3 10.7-24 24-24h287.4L190.9 101.2c-9.8-9.3-10-24.8-.4-34.3z\"><\/path><\/svg><\/span>\n\t\t\t\t\t\t\t\t\t\t\t\t\t\t\t\t<\/a>\n\t\t\t\t\t\t\t\t\t\t\t\t\t\t\t\t\t\t\t\t\t\t\t\t\t\t\t\t\t<\/div>\n\t\t\t\t\t\t\t\t\t\t\t\t\t<\/div>\n\t\t\t\t\t\t\t\t\t\t\t\t<img decoding=\"async\" class=\"slide-image\" src=\"https:\/\/avtomatika.az\/wp-content\/uploads\/2025\/09\/holcim-cebrayil-4-1110x750.jpg\" alt=\"Holcim C\u0259bray\u0131l\" \/>\t\t\t\t\t\t\t\t\t\t\t<\/div>\n\t\t\t\t\t\t\t\t\t\t\t\t\t\t\t\t\t\t\t\t\t\t<div class=\"mwt-gallery-grid-content-wrap\">\n\t\t\t\t\t\t\t\t\t\t\t\t\t\t\t\t\t\t\t\t\t\t\t\t\t\t<a href=\"https:\/\/avtomatika.az\/en\/holcim-cebrayil\/\" class=\"mwt-gallery-grid-title\">\n\t\t\t\t\t\t\t\t\t\t\t\t\t\t\tHolcim Jabrail\t\t\t\t\t\t\t\t\t\t\t\t\t\t<\/a>\n\t\t\t\t\t\t\t\t\t\t\t\t\t\t\t\t\t\t\t\t\t\t\t\t\t<div class=\"mwt-gallery-grid-description\">\n\t\t\t\t\t\t\t\t\t\t\t\t\tThe Holcim Jabrayil project was launched on April 28, 2024, and the work was successfully completed on July 15, 2024.\n\t\t\t\t\t\t\t\t\t\t\t\t<\/div>\n\t\t\t\t\t\t\t\t\t\t\t<\/div>\n\t\t\t\t\t\t\t\t\t\t<\/div>\n\t\t\t\t\t\t\t\t\t<\/div>\n\t\t\t\t\t\t\t\t\t\t\t\t\t\t\t\t\t\t\t\t\t\t\t\t\t\t\t\t\t\t\t\t<div class=\"grid-item beton-zavodlar\">\n\t\t\t\t\t\t\t\t\t\t<div class=\"grid-item-wrap\">\n\t\t\t\t\t\t\t\t\t\t\t<div class=\"mwt-gallery-grid-image-wrap\">\n\t\t\t\t\t\t\t\t\t\t\t\t\t\t\t\t\t\t\t\t\t\t\t\t\t<div class=\"links-wrap\">\n\t\t\t\t\t\t\t\t\t\t\t\t\t\t<div class=\"links-inner-wrap\">\n\t\t\t\t\t\t\t\t\t\t\t\t\t\t\t\t\t\t\t\t\t\t\t\t\t\t\t\t\t\t\t\t\t\t\t\t\t\t\t\t\t\t\t\t\t\t<a class=\"mwt-gallery-grid-links-icon\" href=\"https:\/\/avtomatika.az\/en\/natural-beton-yuk-avtomobiliiterezi-sistemi\/\">\n\t\t\t\t\t\t\t\t\t\t\t\t\t\t\t\t\t<span><svg aria-hidden=\"true\" class=\"icon-links e-font-icon-svg e-fas-arrow-right\" viewbox=\"0 0 448 512\" xmlns=\"http:\/\/www.w3.org\/2000\/svg\"><path d=\"M190.5 66.9l22.2-22.2c9.4-9.4 24.6-9.4 33.9 0L441 239c9.4 9.4 9.4 24.6 0 33.9L246.6 467.3c-9.4 9.4-24.6 9.4-33.9 0l-22.2-22.2c-9.5-9.5-9.3-25 .4-34.3L311.4 296H24c-13.3 0-24-10.7-24-24v-32c0-13.3 10.7-24 24-24h287.4L190.9 101.2c-9.8-9.3-10-24.8-.4-34.3z\"><\/path><\/svg><\/span>\n\t\t\t\t\t\t\t\t\t\t\t\t\t\t\t\t<\/a>\n\t\t\t\t\t\t\t\t\t\t\t\t\t\t\t\t\t\t\t\t\t\t\t\t\t\t\t\t\t<\/div>\n\t\t\t\t\t\t\t\t\t\t\t\t\t<\/div>\n\t\t\t\t\t\t\t\t\t\t\t\t<img decoding=\"async\" class=\"slide-image\" src=\"https:\/\/avtomatika.az\/wp-content\/uploads\/2025\/09\/natural-beton-images-2-1110x750.jpg\" alt=\"Natural Beton\" \/>\t\t\t\t\t\t\t\t\t\t\t<\/div>\n\t\t\t\t\t\t\t\t\t\t\t\t\t\t\t\t\t\t\t\t\t\t<div class=\"mwt-gallery-grid-content-wrap\">\n\t\t\t\t\t\t\t\t\t\t\t\t\t\t\t\t\t\t\t\t\t\t\t\t\t\t<a href=\"https:\/\/avtomatika.az\/en\/natural-beton-yuk-avtomobiliiterezi-sistemi\/\" class=\"mwt-gallery-grid-title\">\n\t\t\t\t\t\t\t\t\t\t\t\t\t\t\tNatural Beton\t\t\t\t\t\t\t\t\t\t\t\t\t\t<\/a>\n\t\t\t\t\t\t\t\t\t\t\t\t\t\t\t\t\t\t\t\t\t\t\t\t\t<div class=\"mwt-gallery-grid-description\">\n\t\t\t\t\t\t\t\t\t\t\t\t\tA modern truck scale system was installed for the Natural Beton company. The scale equipment was fully installed within the scope of the project,..\t\t\t\t\t\t\t\t\t\t\t\t<\/div>\n\t\t\t\t\t\t\t\t\t\t\t<\/div>\n\t\t\t\t\t\t\t\t\t\t<\/div>\n\t\t\t\t\t\t\t\t\t<\/div>\n\t\t\t\t\t\t\t\t\t\t\t\t\t\t\t\t\t\t\t\t\t\t\t\t\t\t\t\t\t\t\t\t<div class=\"grid-item beton-zavodlar\">\n\t\t\t\t\t\t\t\t\t\t<div class=\"grid-item-wrap\">\n\t\t\t\t\t\t\t\t\t\t\t<div class=\"mwt-gallery-grid-image-wrap\">\n\t\t\t\t\t\t\t\t\t\t\t\t\t\t\t\t\t\t\t\t\t\t\t\t\t<div class=\"links-wrap\">\n\t\t\t\t\t\t\t\t\t\t\t\t\t\t<div class=\"links-inner-wrap\">\n\t\t\t\t\t\t\t\t\t\t\t\t\t\t\t\t\t\t\t\t\t\t\t\t\t\t\t\t\t\t\t\t\t\t\t\t\t\t\t\t\t\t\t\t\t\t<a class=\"mwt-gallery-grid-links-icon\" href=\"https:\/\/avtomatika.az\/en\/brend-beton-avtomatika-sistemi-ve-zavod-nezareti\/\">\n\t\t\t\t\t\t\t\t\t\t\t\t\t\t\t\t\t<span><svg aria-hidden=\"true\" class=\"icon-links e-font-icon-svg e-fas-arrow-right\" viewbox=\"0 0 448 512\" xmlns=\"http:\/\/www.w3.org\/2000\/svg\"><path d=\"M190.5 66.9l22.2-22.2c9.4-9.4 24.6-9.4 33.9 0L441 239c9.4 9.4 9.4 24.6 0 33.9L246.6 467.3c-9.4 9.4-24.6 9.4-33.9 0l-22.2-22.2c-9.5-9.5-9.3-25 .4-34.3L311.4 296H24c-13.3 0-24-10.7-24-24v-32c0-13.3 10.7-24 24-24h287.4L190.9 101.2c-9.8-9.3-10-24.8-.4-34.3z\"><\/path><\/svg><\/span>\n\t\t\t\t\t\t\t\t\t\t\t\t\t\t\t\t<\/a>\n\t\t\t\t\t\t\t\t\t\t\t\t\t\t\t\t\t\t\t\t\t\t\t\t\t\t\t\t\t<\/div>\n\t\t\t\t\t\t\t\t\t\t\t\t\t<\/div>\n\t\t\t\t\t\t\t\t\t\t\t\t<img decoding=\"async\" class=\"slide-image\" src=\"https:\/\/avtomatika.az\/wp-content\/uploads\/2025\/09\/natural-beton-images-1-1110x750.jpg\" alt=\"Brend Beton\" \/>\t\t\t\t\t\t\t\t\t\t\t<\/div>\n\t\t\t\t\t\t\t\t\t\t\t\t\t\t\t\t\t\t\t\t\t\t<div class=\"mwt-gallery-grid-content-wrap\">\n\t\t\t\t\t\t\t\t\t\t\t\t\t\t\t\t\t\t\t\t\t\t\t\t\t\t<a href=\"https:\/\/avtomatika.az\/en\/brend-beton-avtomatika-sistemi-ve-zavod-nezareti\/\" class=\"mwt-gallery-grid-title\">\n\t\t\t\t\t\t\t\t\t\t\t\t\t\t\tBrand Concrete\t\t\t\t\t\t\t\t\t\t\t\t\t\t<\/a>\n\t\t\t\t\t\t\t\t\t\t\t\t\t\t\t\t\t\t\t\t\t\t\t\t\t<div class=\"mwt-gallery-grid-description\">\n\t\t\t\t\t\t\t\t\t\t\t\t\tThe existing automation system for the Brand Concrete company was updated, and a technical inspection was also conducted at the company's concrete plants.\t\t\t\t\t\t\t\t\t\t\t\t<\/div>\n\t\t\t\t\t\t\t\t\t\t\t<\/div>\n\t\t\t\t\t\t\t\t\t\t<\/div>\n\t\t\t\t\t\t\t\t\t<\/div>\n\t\t\t\t\t\t\t\t\t\t\t\t\t\t\t\t\t\t\t<\/div>\n\t\t\t\t<\/div>\n\t\t\t<\/div>\n\t\t<\/div>\n\t\t\t\t<\/div>\n\t\t\t\t<\/div>\n\t\t\t\t\t<\/div>\n\t\t\t\t<\/div>\n\t\t\t\t<\/div>","protected":false},"excerpt":{"rendered":"<p>Holcim C\u0259bray\u0131l Holcim C\u0259bray\u0131l layih\u0259sin\u0259 28 aprel 2024-c\u00fc ild\u0259 start verilmi\u015f v\u0259 i\u015fl\u0259r u\u011furla 15 iyul 2024-c\u00fc ild\u0259 ba\u015fa \u00e7atd\u0131r\u0131lm\u0131\u015fd\u0131r. Natural Beton Natural Beton \u015firk\u0259ti \u00fc\u00e7\u00fcn m\u00fcasir y\u00fck avtomobili t\u0259r\u0259zi sistemi qurulmu\u015fdur. Layih\u0259 \u00e7\u0259r\u00e7iv\u0259sind\u0259 t\u0259r\u0259zi avadanl\u0131\u011f\u0131 tam \u015f\u0259kild\u0259 qura\u015fd\u0131r\u0131lm\u0131\u015f,.. Brend Beton Brend Beton \u015firk\u0259ti \u00fc\u00e7\u00fcn m\u00f6vcud avtomatika sistemi yenil\u0259nmi\u015f, h\u0259m\u00e7inin m\u00fc\u0259ssis\u0259y\u0259 aid beton zavodlar\u0131nda texniki<span class=\"more-dots\">&#8230;<\/span> <span class=\"more-tag\"><a class=\"more-link\" href=\"https:\/\/avtomatika.az\/en\/beton-zavodlar-avtomatika\/\">More details<span class=\"screen-reader-text\"> \"Beton zavodlar\"<\/span><\/a><\/span><!-- .more-tag --><\/p>","protected":false},"author":1,"featured_media":0,"parent":0,"menu_order":0,"comment_status":"closed","ping_status":"closed","template":"page-templates\/full-width.php","meta":{"footnotes":""},"class_list":["post-5332","page","type-page","status-publish","hentry"],"_links":{"self":[{"href":"https:\/\/avtomatika.az\/en\/wp-json\/wp\/v2\/pages\/5332","targetHints":{"allow":["GET"]}}],"collection":[{"href":"https:\/\/avtomatika.az\/en\/wp-json\/wp\/v2\/pages"}],"about":[{"href":"https:\/\/avtomatika.az\/en\/wp-json\/wp\/v2\/types\/page"}],"author":[{"embeddable":true,"href":"https:\/\/avtomatika.az\/en\/wp-json\/wp\/v2\/users\/1"}],"replies":[{"embeddable":true,"href":"https:\/\/avtomatika.az\/en\/wp-json\/wp\/v2\/comments?post=5332"}],"version-history":[{"count":0,"href":"https:\/\/avtomatika.az\/en\/wp-json\/wp\/v2\/pages\/5332\/revisions"}],"wp:attachment":[{"href":"https:\/\/avtomatika.az\/en\/wp-json\/wp\/v2\/media?parent=5332"}],"curies":[{"name":"wp","href":"https:\/\/api.w.org\/{rel}","templated":true}]}}