{"id":5369,"date":"2025-09-06T13:24:47","date_gmt":"2025-09-06T13:24:47","guid":{"rendered":"https:\/\/avtomatika.az\/?page_id=5369"},"modified":"2025-09-11T10:32:53","modified_gmt":"2025-09-11T10:32:53","slug":"agir-tonnajli-tereziler","status":"publish","type":"page","link":"https:\/\/avtomatika.az\/en\/agir-tonnajli-tereziler\/","title":{"rendered":"Agir tonnajl\u0131 t\u0259r\u0259zil\u0259r"},"content":{"rendered":"<div data-elementor-type=\"wp-page\" data-elementor-id=\"5369\" class=\"elementor elementor-5369\" data-elementor-post-type=\"page\">\n\t\t\t\t<div class=\"elementor-element elementor-element-0310223 e-flex e-con-boxed e-con e-parent\" data-id=\"0310223\" data-element_type=\"container\" data-settings=\"{&quot;background_background&quot;:&quot;classic&quot;}\">\n\t\t\t\t\t<div class=\"e-con-inner\">\n\t\t\t\t<div class=\"elementor-element elementor-element-6759dca elementor-filters-gradient elementor-widget elementor-widget-mwt-gallery-grid\" data-id=\"6759dca\" data-element_type=\"widget\" data-settings=\"{&quot;items_per_row&quot;:3,&quot;layout_gap&quot;:&quot;30&quot;}\" data-widget_type=\"mwt-gallery-grid.default\">\n\t\t\t\t<div class=\"elementor-widget-container\">\n\t\t\t\t\t\n\t\t<div class=\"mwt-gallery-grid\">\n\t\t\t\t\t\t\t\t\t\t\t\t<div class=\"layout-cols layout-cols-3 layout-gap-30\">\n\t\t\t\t<div class=\"grid-columns-wrapper\">\n\t\t\t\t\t<div id=\"widget_portfolio_grid_6a046e2b76bde\" class=\"masonry\" data-filters=\".grid_filters-6a046e2b76bde\" data-order=\"\">\n\t\t\t\t\t\t<div class=\"grid-sizer\"><\/div>\n\t\t\t\t\t\t\t\t\t\t\t\t\t\t\t\t\t\t\t\t\t\t\t\t<div class=\"grid-item a\u011f\u0131r-tonnajl\u0131-t\u0259r\u0259zil\u0259r\">\n\t\t\t\t\t\t\t\t\t\t<div class=\"grid-item-wrap\">\n\t\t\t\t\t\t\t\t\t\t\t<div class=\"mwt-gallery-grid-image-wrap\">\n\t\t\t\t\t\t\t\t\t\t\t\t\t\t\t\t\t\t\t\t\t\t\t\t\t<div class=\"links-wrap\">\n\t\t\t\t\t\t\t\t\t\t\t\t\t\t<div class=\"links-inner-wrap\">\n\t\t\t\t\t\t\t\t\t\t\t\t\t\t\t\t\t\t\t\t\t\t\t\t\t\t\t\t\t\t\t\t\t\t\t\t\t\t\t\t\t\t\t\t\t\t<a class=\"mwt-gallery-grid-links-icon\" href=\"https:\/\/avtomatika.az\/en\/azvirt-sirk%c9%99ti-ucun-yuk-avtomobili-t%c9%99r%c9%99zi-sistemi\/\">\n\t\t\t\t\t\t\t\t\t\t\t\t\t\t\t\t\t<span><svg aria-hidden=\"true\" class=\"icon-links e-font-icon-svg e-fas-arrow-right\" viewbox=\"0 0 448 512\" xmlns=\"http:\/\/www.w3.org\/2000\/svg\"><path d=\"M190.5 66.9l22.2-22.2c9.4-9.4 24.6-9.4 33.9 0L441 239c9.4 9.4 9.4 24.6 0 33.9L246.6 467.3c-9.4 9.4-24.6 9.4-33.9 0l-22.2-22.2c-9.5-9.5-9.3-25 .4-34.3L311.4 296H24c-13.3 0-24-10.7-24-24v-32c0-13.3 10.7-24 24-24h287.4L190.9 101.2c-9.8-9.3-10-24.8-.4-34.3z\"><\/path><\/svg><\/span>\n\t\t\t\t\t\t\t\t\t\t\t\t\t\t\t\t<\/a>\n\t\t\t\t\t\t\t\t\t\t\t\t\t\t\t\t\t\t\t\t\t\t\t\t\t\t\t\t\t<\/div>\n\t\t\t\t\t\t\t\t\t\t\t\t\t<\/div>\n\t\t\t\t\t\t\t\t\t\t\t\t<img decoding=\"async\" class=\"slide-image\" src=\"https:\/\/avtomatika.az\/wp-content\/uploads\/2025\/09\/azvirt-1-1-1110x750.jpg\" alt=\"Azvirt\" \/>\t\t\t\t\t\t\t\t\t\t\t<\/div>\n\t\t\t\t\t\t\t\t\t\t\t\t\t\t\t\t\t\t\t\t\t\t<div class=\"mwt-gallery-grid-content-wrap\">\n\t\t\t\t\t\t\t\t\t\t\t\t\t\t\t\t\t\t\t\t\t\t\t\t\t\t<a href=\"https:\/\/avtomatika.az\/en\/azvirt-sirk%c9%99ti-ucun-yuk-avtomobili-t%c9%99r%c9%99zi-sistemi\/\" class=\"mwt-gallery-grid-title\">\n\t\t\t\t\t\t\t\t\t\t\t\t\t\t\tAzvirt\t\t\t\t\t\t\t\t\t\t\t\t\t\t<\/a>\n\t\t\t\t\t\t\t\t\t\t\t\t\t\t\t\t\t\t\t\t\t\t\t\t\t<div class=\"mwt-gallery-grid-description\">\n\t\t\t\t\t\t\t\t\t\t\t\t\tA 16\u00d73 m, 80-ton truck scale was provided for Azvirt, supporting modern measurement and logistics processes. \t\t\t\t\t\t\t\t\t\t\t\t<\/div>\n\t\t\t\t\t\t\t\t\t\t\t<\/div>\n\t\t\t\t\t\t\t\t\t\t<\/div>\n\t\t\t\t\t\t\t\t\t<\/div>\n\t\t\t\t\t\t\t\t\t\t\t\t\t\t\t\t\t\t\t\t\t\t\t\t\t\t\t\t\t\t\t\t<div class=\"grid-item a\u011f\u0131r-tonnajl\u0131-t\u0259r\u0259zil\u0259r\">\n\t\t\t\t\t\t\t\t\t\t<div class=\"grid-item-wrap\">\n\t\t\t\t\t\t\t\t\t\t\t<div class=\"mwt-gallery-grid-image-wrap\">\n\t\t\t\t\t\t\t\t\t\t\t\t\t\t\t\t\t\t\t\t\t\t\t\t\t<div class=\"links-wrap\">\n\t\t\t\t\t\t\t\t\t\t\t\t\t\t<div class=\"links-inner-wrap\">\n\t\t\t\t\t\t\t\t\t\t\t\t\t\t\t\t\t\t\t\t\t\t\t\t\t\t\t\t\t\t\t\t\t\t\t\t\t\t\t\t\t\t\t\t\t\t<a class=\"mwt-gallery-grid-links-icon\" href=\"https:\/\/avtomatika.az\/en\/layih%c9%99nin-adi-coca-cola-yuk-avtomobili-t%c9%99r%c9%99zi-sistemi\/\">\n\t\t\t\t\t\t\t\t\t\t\t\t\t\t\t\t\t<span><svg aria-hidden=\"true\" class=\"icon-links e-font-icon-svg e-fas-arrow-right\" viewbox=\"0 0 448 512\" xmlns=\"http:\/\/www.w3.org\/2000\/svg\"><path d=\"M190.5 66.9l22.2-22.2c9.4-9.4 24.6-9.4 33.9 0L441 239c9.4 9.4 9.4 24.6 0 33.9L246.6 467.3c-9.4 9.4-24.6 9.4-33.9 0l-22.2-22.2c-9.5-9.5-9.3-25 .4-34.3L311.4 296H24c-13.3 0-24-10.7-24-24v-32c0-13.3 10.7-24 24-24h287.4L190.9 101.2c-9.8-9.3-10-24.8-.4-34.3z\"><\/path><\/svg><\/span>\n\t\t\t\t\t\t\t\t\t\t\t\t\t\t\t\t<\/a>\n\t\t\t\t\t\t\t\t\t\t\t\t\t\t\t\t\t\t\t\t\t\t\t\t\t\t\t\t\t<\/div>\n\t\t\t\t\t\t\t\t\t\t\t\t\t<\/div>\n\t\t\t\t\t\t\t\t\t\t\t\t<img decoding=\"async\" class=\"slide-image\" src=\"https:\/\/avtomatika.az\/wp-content\/uploads\/2025\/09\/coca-cola-images-2-1110x750.jpg\" alt=\"Coca-Cola\" \/>\t\t\t\t\t\t\t\t\t\t\t<\/div>\n\t\t\t\t\t\t\t\t\t\t\t\t\t\t\t\t\t\t\t\t\t\t<div class=\"mwt-gallery-grid-content-wrap\">\n\t\t\t\t\t\t\t\t\t\t\t\t\t\t\t\t\t\t\t\t\t\t\t\t\t\t<a href=\"https:\/\/avtomatika.az\/en\/layih%c9%99nin-adi-coca-cola-yuk-avtomobili-t%c9%99r%c9%99zi-sistemi\/\" class=\"mwt-gallery-grid-title\">\n\t\t\t\t\t\t\t\t\t\t\t\t\t\t\tCoca-Cola\t\t\t\t\t\t\t\t\t\t\t\t\t\t<\/a>\n\t\t\t\t\t\t\t\t\t\t\t\t\t\t\t\t\t\t\t\t\t\t\t\t\t<div class=\"mwt-gallery-grid-description\">\n\t\t\t\t\t\t\t\t\t\t\t\t\tAn 18\u00d73 m, 60-ton truck scale was installed for the Coca Cola company in order to establish a modern measurement and control infrastructure. \t\t\t\t\t\t\t\t\t\t\t\t<\/div>\n\t\t\t\t\t\t\t\t\t\t\t<\/div>\n\t\t\t\t\t\t\t\t\t\t<\/div>\n\t\t\t\t\t\t\t\t\t<\/div>\n\t\t\t\t\t\t\t\t\t\t\t\t\t\t\t\t\t\t\t\t\t\t\t\t\t\t\t\t\t\t\t\t<div class=\"grid-item a\u011f\u0131r-tonnajl\u0131-t\u0259r\u0259zil\u0259r\">\n\t\t\t\t\t\t\t\t\t\t<div class=\"grid-item-wrap\">\n\t\t\t\t\t\t\t\t\t\t\t<div class=\"mwt-gallery-grid-image-wrap\">\n\t\t\t\t\t\t\t\t\t\t\t\t\t\t\t\t\t\t\t\t\t\t\t\t\t<div class=\"links-wrap\">\n\t\t\t\t\t\t\t\t\t\t\t\t\t\t<div class=\"links-inner-wrap\">\n\t\t\t\t\t\t\t\t\t\t\t\t\t\t\t\t\t\t\t\t\t\t\t\t\t\t\t\t\t\t\t\t\t\t\t\t\t\t\t\t\t\t\t\t\t\t<a class=\"mwt-gallery-grid-links-icon\" href=\"https:\/\/avtomatika.az\/en\/himalay-beton-sea-breeze-yuk-avtomobili-t%c9%99r%c9%99zi-sistemi\/\">\n\t\t\t\t\t\t\t\t\t\t\t\t\t\t\t\t\t<span><svg aria-hidden=\"true\" class=\"icon-links e-font-icon-svg e-fas-arrow-right\" viewbox=\"0 0 448 512\" xmlns=\"http:\/\/www.w3.org\/2000\/svg\"><path d=\"M190.5 66.9l22.2-22.2c9.4-9.4 24.6-9.4 33.9 0L441 239c9.4 9.4 9.4 24.6 0 33.9L246.6 467.3c-9.4 9.4-24.6 9.4-33.9 0l-22.2-22.2c-9.5-9.5-9.3-25 .4-34.3L311.4 296H24c-13.3 0-24-10.7-24-24v-32c0-13.3 10.7-24 24-24h287.4L190.9 101.2c-9.8-9.3-10-24.8-.4-34.3z\"><\/path><\/svg><\/span>\n\t\t\t\t\t\t\t\t\t\t\t\t\t\t\t\t<\/a>\n\t\t\t\t\t\t\t\t\t\t\t\t\t\t\t\t\t\t\t\t\t\t\t\t\t\t\t\t\t<\/div>\n\t\t\t\t\t\t\t\t\t\t\t\t\t<\/div>\n\t\t\t\t\t\t\t\t\t\t\t\t<img decoding=\"async\" class=\"slide-image\" src=\"https:\/\/avtomatika.az\/wp-content\/uploads\/2025\/09\/Himalay-Beton-Sea-Breeze-1110x750.jpeg\" alt=\"Himalay Beton Sea Breeze\" \/>\t\t\t\t\t\t\t\t\t\t\t<\/div>\n\t\t\t\t\t\t\t\t\t\t\t\t\t\t\t\t\t\t\t\t\t\t<div class=\"mwt-gallery-grid-content-wrap\">\n\t\t\t\t\t\t\t\t\t\t\t\t\t\t\t\t\t\t\t\t\t\t\t\t\t\t<a href=\"https:\/\/avtomatika.az\/en\/himalay-beton-sea-breeze-yuk-avtomobili-t%c9%99r%c9%99zi-sistemi\/\" class=\"mwt-gallery-grid-title\">\n\t\t\t\t\t\t\t\t\t\t\t\t\t\t\tHimalaya Concrete Sea Breeze\t\t\t\t\t\t\t\t\t\t\t\t\t\t<\/a>\n\t\t\t\t\t\t\t\t\t\t\t\t\t\t\t\t\t\t\t\t\t\t\t\t\t<div class=\"mwt-gallery-grid-description\">\n\t\t\t\t\t\t\t\t\t\t\t\t\tHimalay Beton Sea Breeze layih\u0259si \u00e7\u0259r\u00e7iv\u0259sind\u0259 m\u00fcasir \u00f6l\u00e7m\u0259 v\u0259 n\u0259zar\u0259t sisteminin qurulmas\u0131 m\u0259qs\u0259dil\u0259 16\u00d73 m \u00f6l\u00e7\u00fcd\u0259 t\u0259r\u0259zi t\u0259min edilmi\u015fdir.\t\t\t\t\t\t\t\t\t\t\t\t<\/div>\n\t\t\t\t\t\t\t\t\t\t\t<\/div>\n\t\t\t\t\t\t\t\t\t\t<\/div>\n\t\t\t\t\t\t\t\t\t<\/div>\n\t\t\t\t\t\t\t\t\t\t\t\t\t\t\t\t\t\t\t\t\t\t\t\t\t\t\t\t\t\t\t\t<div class=\"grid-item a\u011f\u0131r-tonnajl\u0131-t\u0259r\u0259zil\u0259r\">\n\t\t\t\t\t\t\t\t\t\t<div class=\"grid-item-wrap\">\n\t\t\t\t\t\t\t\t\t\t\t<div class=\"mwt-gallery-grid-image-wrap\">\n\t\t\t\t\t\t\t\t\t\t\t\t\t\t\t\t\t\t\t\t\t\t\t\t\t<div class=\"links-wrap\">\n\t\t\t\t\t\t\t\t\t\t\t\t\t\t<div class=\"links-inner-wrap\">\n\t\t\t\t\t\t\t\t\t\t\t\t\t\t\t\t\t\t\t\t\t\t\t\t\t\t\t\t\t\t\t\t\t\t\t\t\t\t\t\t\t\t\t\t\t\t<a class=\"mwt-gallery-grid-links-icon\" href=\"https:\/\/avtomatika.az\/en\/ora-inshaat\/\">\n\t\t\t\t\t\t\t\t\t\t\t\t\t\t\t\t\t<span><svg aria-hidden=\"true\" class=\"icon-links e-font-icon-svg e-fas-arrow-right\" viewbox=\"0 0 448 512\" xmlns=\"http:\/\/www.w3.org\/2000\/svg\"><path d=\"M190.5 66.9l22.2-22.2c9.4-9.4 24.6-9.4 33.9 0L441 239c9.4 9.4 9.4 24.6 0 33.9L246.6 467.3c-9.4 9.4-24.6 9.4-33.9 0l-22.2-22.2c-9.5-9.5-9.3-25 .4-34.3L311.4 296H24c-13.3 0-24-10.7-24-24v-32c0-13.3 10.7-24 24-24h287.4L190.9 101.2c-9.8-9.3-10-24.8-.4-34.3z\"><\/path><\/svg><\/span>\n\t\t\t\t\t\t\t\t\t\t\t\t\t\t\t\t<\/a>\n\t\t\t\t\t\t\t\t\t\t\t\t\t\t\t\t\t\t\t\t\t\t\t\t\t\t\t\t\t<\/div>\n\t\t\t\t\t\t\t\t\t\t\t\t\t<\/div>\n\t\t\t\t\t\t\t\t\t\t\t\t<img decoding=\"async\" class=\"slide-image\" src=\"https:\/\/avtomatika.az\/wp-content\/uploads\/2025\/09\/ora-insaat-image-6-1110x750.jpg\" alt=\"Ora \u0130n\u015faat\" \/>\t\t\t\t\t\t\t\t\t\t\t<\/div>\n\t\t\t\t\t\t\t\t\t\t\t\t\t\t\t\t\t\t\t\t\t\t<div class=\"mwt-gallery-grid-content-wrap\">\n\t\t\t\t\t\t\t\t\t\t\t\t\t\t\t\t\t\t\t\t\t\t\t\t\t\t<a href=\"https:\/\/avtomatika.az\/en\/ora-inshaat\/\" class=\"mwt-gallery-grid-title\">\n\t\t\t\t\t\t\t\t\t\t\t\t\t\t\tOra Construction\t\t\t\t\t\t\t\t\t\t\t\t\t\t<\/a>\n\t\t\t\t\t\t\t\t\t\t\t\t\t\t\t\t\t\t\t\t\t\t\t\t\t<div class=\"mwt-gallery-grid-description\">\n\t\t\t\t\t\t\t\t\t\t\t\t\tA 3\u00d718 m truck scale with a carrying capacity of 60 tons was provided for the Ora Construction enterprise. \t\t\t\t\t\t\t\t\t\t\t\t<\/div>\n\t\t\t\t\t\t\t\t\t\t\t<\/div>\n\t\t\t\t\t\t\t\t\t\t<\/div>\n\t\t\t\t\t\t\t\t\t<\/div>\n\t\t\t\t\t\t\t\t\t\t\t\t\t\t\t\t\t\t\t\t\t\t\t\t\t\t\t\t\t\t\t\t<div class=\"grid-item a\u011f\u0131r-tonnajl\u0131-t\u0259r\u0259zil\u0259r\">\n\t\t\t\t\t\t\t\t\t\t<div class=\"grid-item-wrap\">\n\t\t\t\t\t\t\t\t\t\t\t<div class=\"mwt-gallery-grid-image-wrap\">\n\t\t\t\t\t\t\t\t\t\t\t\t\t\t\t\t\t\t\t\t\t\t\t\t\t<div class=\"links-wrap\">\n\t\t\t\t\t\t\t\t\t\t\t\t\t\t<div class=\"links-inner-wrap\">\n\t\t\t\t\t\t\t\t\t\t\t\t\t\t\t\t\t\t\t\t\t\t\t\t\t\t\t\t\t\t\t\t\t\t\t\t\t\t\t\t\t\t\t\t\t\t<a class=\"mwt-gallery-grid-links-icon\" href=\"https:\/\/avtomatika.az\/en\/natural-beton-yuk-avtomobiliiterezi-sistemi\/\">\n\t\t\t\t\t\t\t\t\t\t\t\t\t\t\t\t\t<span><svg aria-hidden=\"true\" class=\"icon-links e-font-icon-svg e-fas-arrow-right\" viewbox=\"0 0 448 512\" xmlns=\"http:\/\/www.w3.org\/2000\/svg\"><path d=\"M190.5 66.9l22.2-22.2c9.4-9.4 24.6-9.4 33.9 0L441 239c9.4 9.4 9.4 24.6 0 33.9L246.6 467.3c-9.4 9.4-24.6 9.4-33.9 0l-22.2-22.2c-9.5-9.5-9.3-25 .4-34.3L311.4 296H24c-13.3 0-24-10.7-24-24v-32c0-13.3 10.7-24 24-24h287.4L190.9 101.2c-9.8-9.3-10-24.8-.4-34.3z\"><\/path><\/svg><\/span>\n\t\t\t\t\t\t\t\t\t\t\t\t\t\t\t\t<\/a>\n\t\t\t\t\t\t\t\t\t\t\t\t\t\t\t\t\t\t\t\t\t\t\t\t\t\t\t\t\t<\/div>\n\t\t\t\t\t\t\t\t\t\t\t\t\t<\/div>\n\t\t\t\t\t\t\t\t\t\t\t\t<img decoding=\"async\" class=\"slide-image\" src=\"https:\/\/avtomatika.az\/wp-content\/uploads\/2025\/09\/natural-beton-images-2-1110x750.jpg\" alt=\"Natural Beton\" \/>\t\t\t\t\t\t\t\t\t\t\t<\/div>\n\t\t\t\t\t\t\t\t\t\t\t\t\t\t\t\t\t\t\t\t\t\t<div class=\"mwt-gallery-grid-content-wrap\">\n\t\t\t\t\t\t\t\t\t\t\t\t\t\t\t\t\t\t\t\t\t\t\t\t\t\t<a href=\"https:\/\/avtomatika.az\/en\/natural-beton-yuk-avtomobiliiterezi-sistemi\/\" class=\"mwt-gallery-grid-title\">\n\t\t\t\t\t\t\t\t\t\t\t\t\t\t\tNatural Beton\t\t\t\t\t\t\t\t\t\t\t\t\t\t<\/a>\n\t\t\t\t\t\t\t\t\t\t\t\t\t\t\t\t\t\t\t\t\t\t\t\t\t<div class=\"mwt-gallery-grid-description\">\n\t\t\t\t\t\t\t\t\t\t\t\t\tNatural Beton \u015firk\u0259ti \u00fc\u00e7\u00fcn m\u00fcasir y\u00fck avtomobili t\u0259r\u0259zi sistemi qurulmu\u015fdur. Layih\u0259 \u00e7\u0259r\u00e7iv\u0259sind\u0259 t\u0259r\u0259zi avadanl\u0131\u011f\u0131 tam \u015f\u0259kild\u0259 qura\u015fd\u0131r\u0131lm\u0131\u015fd\u0131r.\t\t\t\t\t\t\t\t\t\t\t\t<\/div>\n\t\t\t\t\t\t\t\t\t\t\t<\/div>\n\t\t\t\t\t\t\t\t\t\t<\/div>\n\t\t\t\t\t\t\t\t\t<\/div>\n\t\t\t\t\t\t\t\t\t\t\t\t\t\t\t\t\t\t\t\t\t\t\t\t\t\t\t\t\t\t\t\t<div class=\"grid-item a\u011f\u0131r-tonnajl\u0131-t\u0259r\u0259zil\u0259r\">\n\t\t\t\t\t\t\t\t\t\t<div class=\"grid-item-wrap\">\n\t\t\t\t\t\t\t\t\t\t\t<div class=\"mwt-gallery-grid-image-wrap\">\n\t\t\t\t\t\t\t\t\t\t\t\t\t\t\t\t\t\t\t\t\t\t\t\t\t<div class=\"links-wrap\">\n\t\t\t\t\t\t\t\t\t\t\t\t\t\t<div class=\"links-inner-wrap\">\n\t\t\t\t\t\t\t\t\t\t\t\t\t\t\t\t\t\t\t\t\t\t\t\t\t\t\t\t\t\t\t\t\t\t\t\t\t\t\t\t\t\t\t\t\t\t<a class=\"mwt-gallery-grid-links-icon\" href=\"https:\/\/avtomatika.az\/en\/brend-beton-avtomatika-sistemi-ve-zavod-nezareti\/\">\n\t\t\t\t\t\t\t\t\t\t\t\t\t\t\t\t\t<span><svg aria-hidden=\"true\" class=\"icon-links e-font-icon-svg e-fas-arrow-right\" viewbox=\"0 0 448 512\" xmlns=\"http:\/\/www.w3.org\/2000\/svg\"><path d=\"M190.5 66.9l22.2-22.2c9.4-9.4 24.6-9.4 33.9 0L441 239c9.4 9.4 9.4 24.6 0 33.9L246.6 467.3c-9.4 9.4-24.6 9.4-33.9 0l-22.2-22.2c-9.5-9.5-9.3-25 .4-34.3L311.4 296H24c-13.3 0-24-10.7-24-24v-32c0-13.3 10.7-24 24-24h287.4L190.9 101.2c-9.8-9.3-10-24.8-.4-34.3z\"><\/path><\/svg><\/span>\n\t\t\t\t\t\t\t\t\t\t\t\t\t\t\t\t<\/a>\n\t\t\t\t\t\t\t\t\t\t\t\t\t\t\t\t\t\t\t\t\t\t\t\t\t\t\t\t\t<\/div>\n\t\t\t\t\t\t\t\t\t\t\t\t\t<\/div>\n\t\t\t\t\t\t\t\t\t\t\t\t<img decoding=\"async\" class=\"slide-image\" src=\"https:\/\/avtomatika.az\/wp-content\/uploads\/2025\/09\/natural-beton-images-2-1110x750.jpg\" alt=\"Brend Beton\" \/>\t\t\t\t\t\t\t\t\t\t\t<\/div>\n\t\t\t\t\t\t\t\t\t\t\t\t\t\t\t\t\t\t\t\t\t\t<div class=\"mwt-gallery-grid-content-wrap\">\n\t\t\t\t\t\t\t\t\t\t\t\t\t\t\t\t\t\t\t\t\t\t\t\t\t\t<a href=\"https:\/\/avtomatika.az\/en\/brend-beton-avtomatika-sistemi-ve-zavod-nezareti\/\" class=\"mwt-gallery-grid-title\">\n\t\t\t\t\t\t\t\t\t\t\t\t\t\t\tBrand Concrete\t\t\t\t\t\t\t\t\t\t\t\t\t\t<\/a>\n\t\t\t\t\t\t\t\t\t\t\t\t\t\t\t\t\t\t\t\t\t\t\t\t\t<div class=\"mwt-gallery-grid-description\">\n\t\t\t\t\t\t\t\t\t\t\t\t\tThe existing automation system for the Brand Concrete company was updated, and a technical inspection was also conducted at the company's concrete plants.\t\t\t\t\t\t\t\t\t\t\t\t<\/div>\n\t\t\t\t\t\t\t\t\t\t\t<\/div>\n\t\t\t\t\t\t\t\t\t\t<\/div>\n\t\t\t\t\t\t\t\t\t<\/div>\n\t\t\t\t\t\t\t\t\t\t\t\t\t\t\t\t\t\t\t<\/div>\n\t\t\t\t<\/div>\n\t\t\t<\/div>\n\t\t<\/div>\n\t\t\t\t<\/div>\n\t\t\t\t<\/div>\n\t\t\t\t\t<\/div>\n\t\t\t\t<\/div>\n\t\t\t\t<\/div>","protected":false},"excerpt":{"rendered":"<p>Azvirt Azvirt \u015firk\u0259ti \u00fc\u00e7\u00fcn m\u00fcasir \u00f6l\u00e7m\u0259 v\u0259 logistika prosesl\u0259rini d\u0259st\u0259kl\u0259y\u0259n 16\u00d73 m \u00f6l\u00e7\u00fcd\u0259, 80 tonluq y\u00fck avtomobili t\u0259r\u0259zisi t\u0259min edilmi\u015fdir. Coca-Cola Coca Cola \u015firk\u0259ti \u00fc\u00e7\u00fcn m\u00fcasir \u00f6l\u00e7m\u0259 v\u0259 n\u0259zar\u0259t infrastrukturunun qurulmas\u0131 m\u0259qs\u0259dil\u0259 18\u00d73 m \u00f6l\u00e7\u00fcd\u0259, 60 tonluq y\u00fck avtomobili t\u0259r\u0259zisi qura\u015fd\u0131r\u0131lm\u0131\u015fd\u0131r. Himalay Beton Sea Breeze Himalay Beton Sea Breeze layih\u0259si \u00e7\u0259r\u00e7iv\u0259sind\u0259 m\u00fcasir \u00f6l\u00e7m\u0259 v\u0259 n\u0259zar\u0259t<span class=\"more-dots\">&#8230;<\/span> <span class=\"more-tag\"><a class=\"more-link\" href=\"https:\/\/avtomatika.az\/en\/agir-tonnajli-tereziler\/\">More details<span class=\"screen-reader-text\"> \"Agir tonnajl\u0131 t\u0259r\u0259zil\u0259r\"<\/span><\/a><\/span><!-- .more-tag --><\/p>","protected":false},"author":1,"featured_media":0,"parent":0,"menu_order":0,"comment_status":"closed","ping_status":"closed","template":"page-templates\/full-width.php","meta":{"footnotes":""},"class_list":["post-5369","page","type-page","status-publish","hentry"],"_links":{"self":[{"href":"https:\/\/avtomatika.az\/en\/wp-json\/wp\/v2\/pages\/5369","targetHints":{"allow":["GET"]}}],"collection":[{"href":"https:\/\/avtomatika.az\/en\/wp-json\/wp\/v2\/pages"}],"about":[{"href":"https:\/\/avtomatika.az\/en\/wp-json\/wp\/v2\/types\/page"}],"author":[{"embeddable":true,"href":"https:\/\/avtomatika.az\/en\/wp-json\/wp\/v2\/users\/1"}],"replies":[{"embeddable":true,"href":"https:\/\/avtomatika.az\/en\/wp-json\/wp\/v2\/comments?post=5369"}],"version-history":[{"count":0,"href":"https:\/\/avtomatika.az\/en\/wp-json\/wp\/v2\/pages\/5369\/revisions"}],"wp:attachment":[{"href":"https:\/\/avtomatika.az\/en\/wp-json\/wp\/v2\/media?parent=5369"}],"curies":[{"name":"wp","href":"https:\/\/api.w.org\/{rel}","templated":true}]}}