{"id":5410,"date":"2025-09-06T13:32:38","date_gmt":"2025-09-06T13:32:38","guid":{"rendered":"https:\/\/avtomatika.az\/?page_id=5410"},"modified":"2025-09-06T13:35:13","modified_gmt":"2025-09-06T13:35:13","slug":"dig%c9%99r-qurgular","status":"publish","type":"page","link":"https:\/\/avtomatika.az\/en\/dig%c9%99r-qurgular\/","title":{"rendered":"Other devices"},"content":{"rendered":"<div data-elementor-type=\"wp-page\" data-elementor-id=\"5410\" class=\"elementor elementor-5410\" data-elementor-post-type=\"page\">\n\t\t\t\t<div class=\"elementor-element elementor-element-0310223 e-flex e-con-boxed e-con e-parent\" data-id=\"0310223\" data-element_type=\"container\" data-settings=\"{&quot;background_background&quot;:&quot;classic&quot;}\">\n\t\t\t\t\t<div class=\"e-con-inner\">\n\t\t\t\t<div class=\"elementor-element elementor-element-6759dca elementor-filters-gradient elementor-widget elementor-widget-mwt-gallery-grid\" data-id=\"6759dca\" data-element_type=\"widget\" data-settings=\"{&quot;items_per_row&quot;:3,&quot;layout_gap&quot;:&quot;30&quot;}\" data-widget_type=\"mwt-gallery-grid.default\">\n\t\t\t\t<div class=\"elementor-widget-container\">\n\t\t\t\t\t\n\t\t<div class=\"mwt-gallery-grid\">\n\t\t\t\t\t\t\t\t\t\t\t\t<div class=\"layout-cols layout-cols-3 layout-gap-30\">\n\t\t\t\t<div class=\"grid-columns-wrapper\">\n\t\t\t\t\t<div id=\"widget_portfolio_grid_6a0474b22aafa\" class=\"masonry\" data-filters=\".grid_filters-6a0474b22aafa\" data-order=\"\">\n\t\t\t\t\t\t<div class=\"grid-sizer\"><\/div>\n\t\t\t\t\t\t\t\t\t\t\t\t\t\t\t\t\t\t\t\t\t\t\t\t<div class=\"grid-item dig\u0259r-qur\u011fular\">\n\t\t\t\t\t\t\t\t\t\t<div class=\"grid-item-wrap\">\n\t\t\t\t\t\t\t\t\t\t\t<div class=\"mwt-gallery-grid-image-wrap\">\n\t\t\t\t\t\t\t\t\t\t\t\t\t\t\t\t\t\t\t\t\t\t\t\t\t<div class=\"links-wrap\">\n\t\t\t\t\t\t\t\t\t\t\t\t\t\t<div class=\"links-inner-wrap\">\n\t\t\t\t\t\t\t\t\t\t\t\t\t\t\t\t\t\t\t\t\t\t\t\t\t\t\t\t\t\t\t\t\t\t\t\t\t\t\t\t\t\t\t\t\t\t<a class=\"mwt-gallery-grid-links-icon\" href=\"https:\/\/avtomatika.az\/en\/az%c9%99rpambiq-avadanliq-v%c9%99-scada-izl%c9%99m%c9%99-sistemi\/\">\n\t\t\t\t\t\t\t\t\t\t\t\t\t\t\t\t\t<span><svg aria-hidden=\"true\" class=\"icon-links e-font-icon-svg e-fas-arrow-right\" viewbox=\"0 0 448 512\" xmlns=\"http:\/\/www.w3.org\/2000\/svg\"><path d=\"M190.5 66.9l22.2-22.2c9.4-9.4 24.6-9.4 33.9 0L441 239c9.4 9.4 9.4 24.6 0 33.9L246.6 467.3c-9.4 9.4-24.6 9.4-33.9 0l-22.2-22.2c-9.5-9.5-9.3-25 .4-34.3L311.4 296H24c-13.3 0-24-10.7-24-24v-32c0-13.3 10.7-24 24-24h287.4L190.9 101.2c-9.8-9.3-10-24.8-.4-34.3z\"><\/path><\/svg><\/span>\n\t\t\t\t\t\t\t\t\t\t\t\t\t\t\t\t<\/a>\n\t\t\t\t\t\t\t\t\t\t\t\t\t\t\t\t\t\t\t\t\t\t\t\t\t\t\t\t\t<\/div>\n\t\t\t\t\t\t\t\t\t\t\t\t\t<\/div>\n\t\t\t\t\t\t\t\t\t\t\t\t<img decoding=\"async\" class=\"slide-image\" src=\"https:\/\/avtomatika.az\/wp-content\/uploads\/2025\/09\/azerpamb-3-1110x750.jpg\" alt=\"Az\u0259rpamb\u0131q\" \/>\t\t\t\t\t\t\t\t\t\t\t<\/div>\n\t\t\t\t\t\t\t\t\t\t\t\t\t\t\t\t\t\t\t\t\t\t<div class=\"mwt-gallery-grid-content-wrap\">\n\t\t\t\t\t\t\t\t\t\t\t\t\t\t\t\t\t\t\t\t\t\t\t\t\t\t<a href=\"https:\/\/avtomatika.az\/en\/az%c9%99rpambiq-avadanliq-v%c9%99-scada-izl%c9%99m%c9%99-sistemi\/\" class=\"mwt-gallery-grid-title\">\n\t\t\t\t\t\t\t\t\t\t\t\t\t\t\tAzerpambyk\t\t\t\t\t\t\t\t\t\t\t\t\t\t<\/a>\n\t\t\t\t\t\t\t\t\t\t\t\t\t\t\t\t\t\t\t\t\t\t\t\t\t<div class=\"mwt-gallery-grid-description\">\n\t\t\t\t\t\t\t\t\t\t\t\t\tA two-stage project was implemented for Azerpambiq Company to optimize production processes and monitor quality. \t\t\t\t\t\t\t\t\t\t\t\t<\/div>\n\t\t\t\t\t\t\t\t\t\t\t<\/div>\n\t\t\t\t\t\t\t\t\t\t<\/div>\n\t\t\t\t\t\t\t\t\t<\/div>\n\t\t\t\t\t\t\t\t\t\t\t\t\t\t\t\t\t\t\t\t\t\t\t\t\t\t\t\t\t\t\t\t<div class=\"grid-item dig\u0259r-qur\u011fular\">\n\t\t\t\t\t\t\t\t\t\t<div class=\"grid-item-wrap\">\n\t\t\t\t\t\t\t\t\t\t\t<div class=\"mwt-gallery-grid-image-wrap\">\n\t\t\t\t\t\t\t\t\t\t\t\t\t\t\t\t\t\t\t\t\t\t\t\t\t<div class=\"links-wrap\">\n\t\t\t\t\t\t\t\t\t\t\t\t\t\t<div class=\"links-inner-wrap\">\n\t\t\t\t\t\t\t\t\t\t\t\t\t\t\t\t\t\t\t\t\t\t\t\t\t\t\t\t\t\t\t\t\t\t\t\t\t\t\t\t\t\t\t\t\t\t<a class=\"mwt-gallery-grid-links-icon\" href=\"https:\/\/avtomatika.az\/en\/cpc-yuk-avtomobil-terezi-sistemi\/\">\n\t\t\t\t\t\t\t\t\t\t\t\t\t\t\t\t\t<span><svg aria-hidden=\"true\" class=\"icon-links e-font-icon-svg e-fas-arrow-right\" viewbox=\"0 0 448 512\" xmlns=\"http:\/\/www.w3.org\/2000\/svg\"><path d=\"M190.5 66.9l22.2-22.2c9.4-9.4 24.6-9.4 33.9 0L441 239c9.4 9.4 9.4 24.6 0 33.9L246.6 467.3c-9.4 9.4-24.6 9.4-33.9 0l-22.2-22.2c-9.5-9.5-9.3-25 .4-34.3L311.4 296H24c-13.3 0-24-10.7-24-24v-32c0-13.3 10.7-24 24-24h287.4L190.9 101.2c-9.8-9.3-10-24.8-.4-34.3z\"><\/path><\/svg><\/span>\n\t\t\t\t\t\t\t\t\t\t\t\t\t\t\t\t<\/a>\n\t\t\t\t\t\t\t\t\t\t\t\t\t\t\t\t\t\t\t\t\t\t\t\t\t\t\t\t\t<\/div>\n\t\t\t\t\t\t\t\t\t\t\t\t\t<\/div>\n\t\t\t\t\t\t\t\t\t\t\t\t<img decoding=\"async\" class=\"slide-image\" src=\"https:\/\/avtomatika.az\/wp-content\/uploads\/2025\/09\/azvirt-1-4-1110x750.jpg\" alt=\"CPC\" \/>\t\t\t\t\t\t\t\t\t\t\t<\/div>\n\t\t\t\t\t\t\t\t\t\t\t\t\t\t\t\t\t\t\t\t\t\t<div class=\"mwt-gallery-grid-content-wrap\">\n\t\t\t\t\t\t\t\t\t\t\t\t\t\t\t\t\t\t\t\t\t\t\t\t\t\t<a href=\"https:\/\/avtomatika.az\/en\/cpc-yuk-avtomobil-terezi-sistemi\/\" class=\"mwt-gallery-grid-title\">\n\t\t\t\t\t\t\t\t\t\t\t\t\t\t\tCPC\t\t\t\t\t\t\t\t\t\t\t\t\t\t<\/a>\n\t\t\t\t\t\t\t\t\t\t\t\t\t\t\t\t\t\t\t\t\t\t\t\t\t<div class=\"mwt-gallery-grid-description\">\n\t\t\t\t\t\t\t\t\t\t\t\t\tWork was carried out to update and modernize existing weighing systems for CPC company\t\t\t\t\t\t\t\t\t\t\t\t<\/div>\n\t\t\t\t\t\t\t\t\t\t\t<\/div>\n\t\t\t\t\t\t\t\t\t\t<\/div>\n\t\t\t\t\t\t\t\t\t<\/div>\n\t\t\t\t\t\t\t\t\t\t\t\t\t\t\t\t\t\t\t<\/div>\n\t\t\t\t<\/div>\n\t\t\t<\/div>\n\t\t<\/div>\n\t\t\t\t<\/div>\n\t\t\t\t<\/div>\n\t\t\t\t\t<\/div>\n\t\t\t\t<\/div>\n\t\t\t\t<\/div>","protected":false},"excerpt":{"rendered":"<p>Az\u0259rpamb\u0131q Az\u0259rpamb\u0131q \u015firk\u0259ti \u00fc\u00e7\u00fcn h\u0259m istehsal prosesl\u0259rinin optimalla\u015fd\u0131r\u0131lmas\u0131, h\u0259m d\u0259 keyfiyy\u0259tin izl\u0259nm\u0259si m\u0259qs\u0259dil\u0259 iki m\u0259rh\u0259l\u0259li layih\u0259 h\u0259yata ke\u00e7irilmi\u015fdir. CPC CPC \u015firk\u0259ti \u00fc\u00e7\u00fcn m\u00f6vcud t\u0259r\u0259zi sisteml\u0259rinin yenil\u0259nm\u0259si v\u0259 m\u00fcasirl\u0259\u015fdirilm\u0259si i\u015fl\u0259ri h\u0259yata ke\u00e7irilmi\u015fdir <span class=\"more-tag\"><a class=\"more-link\" href=\"https:\/\/avtomatika.az\/en\/dig%c9%99r-qurgular\/\">More details<span class=\"screen-reader-text\"> \"Dig\u0259r qur\u011fular\"<\/span><\/a><\/span><!-- .more-tag --><\/p>","protected":false},"author":1,"featured_media":0,"parent":0,"menu_order":0,"comment_status":"closed","ping_status":"closed","template":"page-templates\/full-width.php","meta":{"footnotes":""},"class_list":["post-5410","page","type-page","status-publish","hentry"],"_links":{"self":[{"href":"https:\/\/avtomatika.az\/en\/wp-json\/wp\/v2\/pages\/5410","targetHints":{"allow":["GET"]}}],"collection":[{"href":"https:\/\/avtomatika.az\/en\/wp-json\/wp\/v2\/pages"}],"about":[{"href":"https:\/\/avtomatika.az\/en\/wp-json\/wp\/v2\/types\/page"}],"author":[{"embeddable":true,"href":"https:\/\/avtomatika.az\/en\/wp-json\/wp\/v2\/users\/1"}],"replies":[{"embeddable":true,"href":"https:\/\/avtomatika.az\/en\/wp-json\/wp\/v2\/comments?post=5410"}],"version-history":[{"count":0,"href":"https:\/\/avtomatika.az\/en\/wp-json\/wp\/v2\/pages\/5410\/revisions"}],"wp:attachment":[{"href":"https:\/\/avtomatika.az\/en\/wp-json\/wp\/v2\/media?parent=5410"}],"curies":[{"name":"wp","href":"https:\/\/api.w.org\/{rel}","templated":true}]}}